{"id":23401,"date":"2025-12-22T21:30:13","date_gmt":"2025-12-22T20:30:13","guid":{"rendered":"https:\/\/home-goods.cz\/?product=ultimate-speedstojan-na-pneumatiky"},"modified":"2026-03-02T16:12:30","modified_gmt":"2026-03-02T15:12:30","slug":"ultimate-speedstojan-na-pneumatiky","status":"publish","type":"product","link":"https:\/\/home-goods.cz\/produkt\/ultimate-speedstojan-na-pneumatiky\/","title":{"rendered":"ULTIMATE SPEED\u00ae\nStojan na pneumatiky"},"content":{"rendered":"<div style=\"font-family: LidlFontPro, sans-serif;font-size: 16px;font-style: normal;font-weight: 500;letter-spacing: normal;text-align: start;text-indent: 0px;text-transform: none;text-decoration: none\">\n<p style=\"margin: 0px 0px 0.5rem;font-size: 1.125rem;line-height: 1\">Na 4 kompletn\u00ed kola pro osobn\u00ed vozidla do cca 43 cm (17&#8243;) a se \u0161\u00ed\u0159kou pneumatiky 225 mm (225\/55 R18)<\/p>\n<\/div>\n<div style=\"font-family: LidlFontPro, sans-serif;font-size: 16px;font-style: normal;font-weight: 500;letter-spacing: normal;text-align: start;text-indent: 0px;text-transform: none;text-decoration: none\">\n<h3 style=\"font-family: LidlFontPro, sans-serif;font-size: 1rem;font-weight: 600;letter-spacing: 0px;line-height: 1.25rem;margin: 0px 0px 0.5rem\">ULTIMATE SPEED\u00ae Stojan na pneumatiky \/ Sada dr\u017e\u00e1k\u016f na pneumatiky<\/h3>\n<p style=\"margin: 0px 0px 0.5rem;font-size: 1.125rem;line-height: 1\"><strong style=\"font-weight: 700\">Vlastnosti<\/strong><\/p>\n<ul style=\"margin-bottom: 1rem;margin-top: 0px;padding-left: 1.5rem\">\n<li><strong style=\"font-weight: 700\">Stojan na pneumatiky<\/strong>\n<ul style=\"margin-bottom: 0px;margin-top: 0px;padding-left: 1.5rem\">\n<li>Optim\u00e1ln\u00ed ochrana p\u0159i uskladn\u011bn\u00ed \u2013 i p\u0159i poklesu tlaku<\/li>\n<li>Na 4 kompletn\u00ed kola pro osobn\u00ed vozidla do cca 43 cm (17&#8243;) a se \u0161\u00ed\u0159kou pneumatiky 225 mm (225\/55 R18)<\/li>\n<li>Voln\u00fd meziprostor sni\u017euje pravd\u011bpodobnost vzniku \u0161kodliv\u00e9 kondenzace na pneumatik\u00e1ch a disc\u00edch<\/li>\n<li>Podlo\u017eky \u0161etrn\u00e9 k disk\u016fm<\/li>\n<li>Voln\u011b stoj\u00edc\u00ed, stabiln\u00ed konstrukce<\/li>\n<li>V\u010detn\u011b mont\u00e1\u017en\u00edho p\u0159\u00edslu\u0161enstv\u00ed a n\u00e1vodu<\/li>\n<\/ul>\n<\/li>\n<li><strong style=\"font-weight: 700\">Sada dr\u017e\u00e1k\u016f na pneumatiky<\/strong>\n<ul style=\"margin-bottom: 0px;margin-top: 0px;padding-left: 1.5rem\">\n<li>Pro uskladn\u011bn\u00ed na st\u011bn\u011b<\/li>\n<li>4 n\u00e1st\u011bnn\u00e9 dr\u017e\u00e1ky s 26 cm dlouh\u00fdm z\u00e1v\u011bsem<\/li>\n<li>Vhodn\u00e9 pro b\u011b\u017en\u00e9 automobilov\u00e9 pneumatiky<\/li>\n<li>Protiskluzov\u00e9 ulo\u017een\u00ed d\u00edky gumov\u00e9mu povrchu chr\u00e1n\u00edc\u00edmu disky<\/li>\n<li>V\u010detn\u011b mont\u00e1\u017en\u00edho materi\u00e1lu a n\u00e1\u0159ad\u00ed<\/li>\n<li>Max. nosnost ka\u017ed\u00e9ho dr\u017e\u00e1ku: 30 kg<\/li>\n<\/ul>\n<\/li>\n<\/ul>\n<p style=\"margin: 0px 0px 0.5rem;font-size: 1.125rem;line-height: 1\">\n<strong style=\"font-weight: 700\">Charakteristika produktu<\/strong><\/p>\n<div>\n<div class=\"hybris_custom_container_1280\" style=\"max-width: 1280px;margin-bottom: 1.5rem;margin-left: auto;margin-right: auto;padding-left: 0rem;padding-right: 0rem;font-size: 1rem\">\n<table cellpadding=\"0\" cellspacing=\"0\" style=\"width: 398px;font-family: LidlFontCondPro,\">\n<tbody>\n<tr>\n<th style=\"border-bottom-width: 0.125rem;border-bottom-style: solid;font-weight: 700;padding: 0.5rem 1rem 0.375rem\">Materi\u00e1l:<\/th>\n<td style=\"padding: 0.5rem 1rem 0.4375rem;border-bottom-width: 0.0625rem;border-bottom-style: solid\"><span>ocel, plast<\/span><\/td>\n<\/tr>\n<tr>\n<th style=\"border-bottom-width: 0.125rem;border-bottom-style: solid;font-weight: 700;padding: 0.5rem 1rem 0.375rem\">Rozm\u011bry:<\/th>\n<td style=\"padding: 0.5rem 1rem 0.4375rem;border-bottom-width: 0.0625rem;border-bottom-style: solid\"><span>Stojan na pneumatiky: celkem: cca 109 x 75 x 75 cm; nohy: cca 3 x 3 x 35 cm<br \/>Sada dr\u017e\u00e1k\u016f na pneumatiky: cca 26 x 5 x 9 cm (D x \u0160 x V)<\/span><\/td>\n<\/tr>\n<tr>\n<th style=\"border-bottom-width: 0.125rem;border-bottom-style: solid;font-weight: 700;padding: 0.5rem 1rem 0.375rem\">Hmotnost:<\/th>\n<td style=\"padding: 0.5rem 1rem 0.4375rem;border-bottom-width: medium;border-bottom-style: none;border-bottom-color: currentcolor\"><span>Stojan na pneumatiky: cca 3,25 kg<br \/>Sada dr\u017e\u00e1k\u016f na pneumatiky: cca 1,31 kg<span class=\"Apple-converted-space\">&nbsp;<\/span><\/span><\/td>\n<\/tr>\n<\/tbody>\n<\/table>\n<\/div>\n<\/div>\n<\/div>\n","protected":false},"excerpt":{"rendered":"<p>Na 4 kompletn\u00ed kola pro osobn\u00ed vozidla do cca 43 cm (17&#8243;) a se \u0161\u00ed\u0159kou pneumatiky 225 mm (225\/55 R18) [&hellip;]<\/p>\n","protected":false},"featured_media":23399,"comment_status":"open","ping_status":"closed","template":"","meta":{"_uag_custom_page_level_css":"","site-sidebar-layout":"default","site-content-layout":"","ast-site-content-layout":"","site-content-style":"default","site-sidebar-style":"default","ast-global-header-display":"","ast-banner-title-visibility":"","ast-main-header-display":"","ast-hfb-above-header-display":"","ast-hfb-below-header-display":"","ast-hfb-mobile-header-display":"","site-post-title":"","ast-breadcrumbs-content":"","ast-featured-img":"","footer-sml-layout":"","theme-transparent-header-meta":"","adv-header-id-meta":"","stick-header-meta":"","header-above-stick-meta":"","header-main-stick-meta":"","header-below-stick-meta":"","astra-migrate-meta-layouts":"default","ast-page-background-enabled":"default","ast-page-background-meta":{"desktop":{"background-color":"var(--ast-global-color-4)","background-image":"","background-repeat":"repeat","background-position":"center center","background-size":"auto","background-attachment":"scroll","background-type":"","background-media":"","overlay-type":"","overlay-color":"","overlay-opacity":"","overlay-gradient":""},"tablet":{"background-color":"","background-image":"","background-repeat":"repeat","background-position":"center center","background-size":"auto","background-attachment":"scroll","background-type":"","background-media":"","overlay-type":"","overlay-color":"","overlay-opacity":"","overlay-gradient":""},"mobile":{"background-color":"","background-image":"","background-repeat":"repeat","background-position":"center center","background-size":"auto","background-attachment":"scroll","background-type":"","background-media":"","overlay-type":"","overlay-color":"","overlay-opacity":"","overlay-gradient":""}},"ast-content-background-meta":{"desktop":{"background-color":"var(--ast-global-color-5)","background-image":"","background-repeat":"repeat","background-position":"center center","background-size":"auto","background-attachment":"scroll","background-type":"","background-media":"","overlay-type":"","overlay-color":"","overlay-opacity":"","overlay-gradient":""},"tablet":{"background-color":"var(--ast-global-color-5)","background-image":"","background-repeat":"repeat","background-position":"center center","background-size":"auto","background-attachment":"scroll","background-type":"","background-media":"","overlay-type":"","overlay-color":"","overlay-opacity":"","overlay-gradient":""},"mobile":{"background-color":"var(--ast-global-color-5)","background-image":"","background-repeat":"repeat","background-position":"center center","background-size":"auto","background-attachment":"scroll","background-type":"","background-media":"","overlay-type":"","overlay-color":"","overlay-opacity":"","overlay-gradient":""}}},"product_brand":[],"product_cat":[82],"product_tag":[],"class_list":{"0":"post-23401","1":"product","2":"type-product","3":"status-publish","4":"has-post-thumbnail","6":"product_cat-auto-moto","7":"desktop-align-left","8":"tablet-align-left","9":"mobile-align-left","11":"first","12":"outofstock","13":"sale","14":"shipping-taxable","15":"purchasable","16":"product-type-simple"},"uagb_featured_image_src":{"full":["https:\/\/home-goods.cz\/wp-content\/uploads\/2025\/12\/img_9133.png",772,579,false],"thumbnail":["https:\/\/home-goods.cz\/wp-content\/uploads\/2025\/12\/img_9133-150x150.png",150,150,true],"medium":["https:\/\/home-goods.cz\/wp-content\/uploads\/2025\/12\/img_9133-400x300.png",400,300,true],"medium_large":["https:\/\/home-goods.cz\/wp-content\/uploads\/2025\/12\/img_9133-768x576.png",768,576,true],"large":["https:\/\/home-goods.cz\/wp-content\/uploads\/2025\/12\/img_9133.png",772,579,false],"1536x1536":["https:\/\/home-goods.cz\/wp-content\/uploads\/2025\/12\/img_9133.png",772,579,false],"2048x2048":["https:\/\/home-goods.cz\/wp-content\/uploads\/2025\/12\/img_9133.png",772,579,false],"woocommerce_thumbnail":["https:\/\/home-goods.cz\/wp-content\/uploads\/2025\/12\/img_9133-600x450.png",600,450,true],"woocommerce_single":["https:\/\/home-goods.cz\/wp-content\/uploads\/2025\/12\/img_9133-700x525.png",700,525,true],"woocommerce_gallery_thumbnail":["https:\/\/home-goods.cz\/wp-content\/uploads\/2025\/12\/img_9133-100x100.png",100,100,true]},"uagb_author_info":{"display_name":"Nahorniuk Vladyslav","author_link":"https:\/\/home-goods.cz\/author\/"},"uagb_comment_info":0,"uagb_excerpt":"Na 4 kompletn\u00ed kola pro osobn\u00ed vozidla do cca 43 cm (17&#8243;) a se \u0161\u00ed\u0159kou pneumatiky 225 mm (225\/55 R18) [&hellip;]","_links":{"self":[{"href":"https:\/\/home-goods.cz\/wp-json\/wp\/v2\/product\/23401","targetHints":{"allow":["GET"]}}],"collection":[{"href":"https:\/\/home-goods.cz\/wp-json\/wp\/v2\/product"}],"about":[{"href":"https:\/\/home-goods.cz\/wp-json\/wp\/v2\/types\/product"}],"replies":[{"embeddable":true,"href":"https:\/\/home-goods.cz\/wp-json\/wp\/v2\/comments?post=23401"}],"wp:featuredmedia":[{"embeddable":true,"href":"https:\/\/home-goods.cz\/wp-json\/wp\/v2\/media\/23399"}],"wp:attachment":[{"href":"https:\/\/home-goods.cz\/wp-json\/wp\/v2\/media?parent=23401"}],"wp:term":[{"taxonomy":"product_brand","embeddable":true,"href":"https:\/\/home-goods.cz\/wp-json\/wp\/v2\/product_brand?post=23401"},{"taxonomy":"product_cat","embeddable":true,"href":"https:\/\/home-goods.cz\/wp-json\/wp\/v2\/product_cat?post=23401"},{"taxonomy":"product_tag","embeddable":true,"href":"https:\/\/home-goods.cz\/wp-json\/wp\/v2\/product_tag?post=23401"}],"curies":[{"name":"wp","href":"https:\/\/api.w.org\/{rel}","templated":true}]}}