{"id":22607,"date":"2025-08-16T10:26:07","date_gmt":"2025-08-16T08:26:07","guid":{"rendered":"https:\/\/home-goods.cz\/produkt\/parkside-aku-sekacka-na-travu-prma-40-li-b3-bez-akumulatoru-a-nabijecky\/"},"modified":"2026-03-01T23:37:49","modified_gmt":"2026-03-01T22:37:49","slug":"parkside-aku-sekacka-na-travu-prma-40-li-b3-bez-akumulatoru-a-nabijecky","status":"publish","type":"product","link":"https:\/\/home-goods.cz\/produkt\/parkside-aku-sekacka-na-travu-prma-40-li-b3-bez-akumulatoru-a-nabijecky\/","title":{"rendered":"PARKSIDE\u00ae Aku seka\u010dka na tr\u00e1vu PRMA 40-Li B3 \u2013 bez akumul\u00e1toru a nab\u00edje\u010dky"},"content":{"rendered":"<p>Popis produktu<\/p>\n<p>Aku seka\u010dka na tr\u00e1vu PRMA 40\u2011Li B3<\/p>\n<p>Technick\u00e9 \u00fadaje:<\/p>\n<p>\u2022 Volnob\u011b\u017en\u00e9 ot\u00e1\u010dky: 2900\u20133300 ot.\/min<\/p>\n<p>\u2022 Typ nap\u00e1jen\u00ed: akumul\u00e1tor<\/p>\n<p>\u2022 V\u00fdkon: 900\u202fW<\/p>\n<p>\u2022 Nap\u011bt\u00ed akumul\u00e1toru: 40\u202fV<\/p>\n<p>\u2022 \u0160\u00ed\u0159ka se\u010den\u00ed: 40\u202fcm<\/p>\n<p>\u2022 V\u00fd\u0161ka se\u010den\u00ed: 25\u201375\u202fmm<\/p>\n<p>\u2022 Regulace v\u00fd\u0161ky se\u010den\u00ed: 7\u202fstup\u0148\u016f<\/p>\n<p>\u2022 Velikost ko\u0161e: cca 50\u202fl<\/p>\n<p>\u2022 Materi\u00e1l: ocel, plast<\/p>\n<p>\u2022 Rozm\u011bry: cca\u202f142\u202f\u00d7\u202f48\u202f\u00d7\u202f103\u202fcm<\/p>\n<p>\u2022 Hmotnost: cca\u202f15\u202fkg<\/p>\n<p>Popis<\/p>\n<p>\u2022 Bezkart\u00e1\u010dov\u00fd motor \u2013 mimo\u0159\u00e1dn\u011b dlouh\u00e1 \u017eivotnost d\u00edky ni\u017e\u0161\u00edmu opot\u0159eben\u00ed<\/p>\n<p>\u2022 A\u017e o\u202f30\u202f% del\u0161\u00ed doba provozu ve srovn\u00e1n\u00ed s konven\u010dn\u00edmi motory<\/p>\n<p>\u2022 Siln\u00fd a plynul\u00fd chod<\/p>\n<p>\u2022 Dva re\u017eimy se\u010den\u00ed na v\u00fdb\u011br: automatick\u00fd re\u017eim zaji\u0161\u0165uj\u00edc\u00ed maxim\u00e1ln\u00ed v\u00fdkon a efektivitu \u0159ez\u00e1n\u00ed a re\u017eim ECO pro lehk\u00e9 dodate\u010dn\u00e9 se\u010den\u00ed<\/p>\n<p>\u2022 Centr\u00e1ln\u00ed 7\u2011stup\u0148ov\u00e1 regulace v\u00fd\u0161ky se\u010den\u00ed<\/p>\n<p>\u2022 Oboustrann\u00fd bo\u010dn\u00ed doraz zaji\u0161\u0165uje p\u0159esn\u00e9 a rovnom\u011brn\u00e9 sek\u00e1n\u00ed okraj\u016f<\/p>\n<p>\u2022 V\u00fdklopn\u00fd slot pro akumul\u00e1tor s bezpe\u010dnostn\u00edm kl\u00ed\u010dem a krytem<\/p>\n<p>\u2022 Ergonomick\u00e1, v\u00fd\u0161kov\u011b nastaviteln\u00e1 rukoje\u0165 s m\u011bkk\u00fdm \u00fachopem<\/p>\n<p>\u2022 Brou\u0161en\u00fd n\u016f\u017e vyroben\u00fd ze speci\u00e1ln\u00ed oceli<\/p>\n<p>\u2022 Praktick\u00fd mul\u010dovac\u00ed n\u00e1stavec umo\u017e\u0148uj\u00edc\u00ed optim\u00e1ln\u00ed vyu\u017eit\u00ed pose\u010den\u00e9 tr\u00e1vy jako hnojiva<\/p>\n<p>\u2022 Z\u00e1chytn\u00fd box s plastov\u00fdm v\u00edkem, ukazatelem stavu napln\u011bn\u00ed a dr\u017eadlem pro p\u0159en\u00e1\u0161en\u00ed<\/p>\n<p>\u2022 Robustn\u00ed konstrukce s praktick\u00fdm dr\u017eadlem pro p\u0159en\u00e1\u0161en\u00ed<\/p>\n<p>\u2022 Funkce sklopen\u00ed s rychlouz\u00e1v\u011brem pro snadn\u00e9 uskladn\u011bn\u00ed<\/p>\n<p>Upozorn\u011bn\u00ed:<\/p>\n<p>Nap\u00e1jena dv\u011bma bateriemi (prod\u00e1vaj\u00ed se zvl\u00e1\u0161\u0165); baterie a nab\u00edje\u010dka nejsou sou\u010d\u00e1st\u00ed balen\u00ed.<\/p>\n","protected":false},"excerpt":{"rendered":"<p>Popis produktu Aku seka\u010dka na tr\u00e1vu PRMA 40\u2011Li B3 Technick\u00e9 \u00fadaje: \u2022 Volnob\u011b\u017en\u00e9 ot\u00e1\u010dky: 2900\u20133300 ot.\/min \u2022 Typ nap\u00e1jen\u00ed: akumul\u00e1tor [&hellip;]<\/p>\n","protected":false},"featured_media":22603,"comment_status":"open","ping_status":"closed","template":"","meta":{"_uag_custom_page_level_css":"","site-sidebar-layout":"default","site-content-layout":"","ast-site-content-layout":"","site-content-style":"default","site-sidebar-style":"default","ast-global-header-display":"","ast-banner-title-visibility":"","ast-main-header-display":"","ast-hfb-above-header-display":"","ast-hfb-below-header-display":"","ast-hfb-mobile-header-display":"","site-post-title":"","ast-breadcrumbs-content":"","ast-featured-img":"","footer-sml-layout":"","theme-transparent-header-meta":"","adv-header-id-meta":"","stick-header-meta":"","header-above-stick-meta":"","header-main-stick-meta":"","header-below-stick-meta":"","astra-migrate-meta-layouts":"default","ast-page-background-enabled":"default","ast-page-background-meta":{"desktop":{"background-color":"var(--ast-global-color-4)","background-image":"","background-repeat":"repeat","background-position":"center center","background-size":"auto","background-attachment":"scroll","background-type":"","background-media":"","overlay-type":"","overlay-color":"","overlay-opacity":"","overlay-gradient":""},"tablet":{"background-color":"","background-image":"","background-repeat":"repeat","background-position":"center center","background-size":"auto","background-attachment":"scroll","background-type":"","background-media":"","overlay-type":"","overlay-color":"","overlay-opacity":"","overlay-gradient":""},"mobile":{"background-color":"","background-image":"","background-repeat":"repeat","background-position":"center center","background-size":"auto","background-attachment":"scroll","background-type":"","background-media":"","overlay-type":"","overlay-color":"","overlay-opacity":"","overlay-gradient":""}},"ast-content-background-meta":{"desktop":{"background-color":"var(--ast-global-color-5)","background-image":"","background-repeat":"repeat","background-position":"center center","background-size":"auto","background-attachment":"scroll","background-type":"","background-media":"","overlay-type":"","overlay-color":"","overlay-opacity":"","overlay-gradient":""},"tablet":{"background-color":"var(--ast-global-color-5)","background-image":"","background-repeat":"repeat","background-position":"center center","background-size":"auto","background-attachment":"scroll","background-type":"","background-media":"","overlay-type":"","overlay-color":"","overlay-opacity":"","overlay-gradient":""},"mobile":{"background-color":"var(--ast-global-color-5)","background-image":"","background-repeat":"repeat","background-position":"center center","background-size":"auto","background-attachment":"scroll","background-type":"","background-media":"","overlay-type":"","overlay-color":"","overlay-opacity":"","overlay-gradient":""}}},"product_brand":[],"product_cat":[71,101],"product_tag":[],"class_list":{"0":"post-22607","1":"product","2":"type-product","3":"status-publish","4":"has-post-thumbnail","6":"product_cat-dilna-a-zahrada","7":"product_cat-zahrada","8":"desktop-align-left","9":"tablet-align-left","10":"mobile-align-left","12":"first","13":"outofstock","14":"sale","15":"shipping-taxable","16":"purchasable","17":"product-type-simple"},"uagb_featured_image_src":{"full":["https:\/\/home-goods.cz\/wp-content\/uploads\/2025\/08\/img_5313.jpeg",1200,1200,false],"thumbnail":["https:\/\/home-goods.cz\/wp-content\/uploads\/2025\/08\/img_5313-150x150.jpeg",150,150,true],"medium":["https:\/\/home-goods.cz\/wp-content\/uploads\/2025\/08\/img_5313-300x300.jpeg",300,300,true],"medium_large":["https:\/\/home-goods.cz\/wp-content\/uploads\/2025\/08\/img_5313-768x768.jpeg",768,768,true],"large":["https:\/\/home-goods.cz\/wp-content\/uploads\/2025\/08\/img_5313-800x800.jpeg",800,800,true],"1536x1536":["https:\/\/home-goods.cz\/wp-content\/uploads\/2025\/08\/img_5313.jpeg",1200,1200,false],"2048x2048":["https:\/\/home-goods.cz\/wp-content\/uploads\/2025\/08\/img_5313.jpeg",1200,1200,false],"woocommerce_thumbnail":["https:\/\/home-goods.cz\/wp-content\/uploads\/2025\/08\/img_5313-600x600.jpeg",600,600,true],"woocommerce_single":["https:\/\/home-goods.cz\/wp-content\/uploads\/2025\/08\/img_5313-700x700.jpeg",700,700,true],"woocommerce_gallery_thumbnail":["https:\/\/home-goods.cz\/wp-content\/uploads\/2025\/08\/img_5313-100x100.jpeg",100,100,true]},"uagb_author_info":{"display_name":"Nahorniuk Vladyslav","author_link":"https:\/\/home-goods.cz\/author\/"},"uagb_comment_info":0,"uagb_excerpt":"Popis produktu Aku seka\u010dka na tr\u00e1vu PRMA 40\u2011Li B3 Technick\u00e9 \u00fadaje: \u2022 Volnob\u011b\u017en\u00e9 ot\u00e1\u010dky: 2900\u20133300 ot.\/min \u2022 Typ nap\u00e1jen\u00ed: akumul\u00e1tor [&hellip;]","_links":{"self":[{"href":"https:\/\/home-goods.cz\/wp-json\/wp\/v2\/product\/22607","targetHints":{"allow":["GET"]}}],"collection":[{"href":"https:\/\/home-goods.cz\/wp-json\/wp\/v2\/product"}],"about":[{"href":"https:\/\/home-goods.cz\/wp-json\/wp\/v2\/types\/product"}],"replies":[{"embeddable":true,"href":"https:\/\/home-goods.cz\/wp-json\/wp\/v2\/comments?post=22607"}],"wp:featuredmedia":[{"embeddable":true,"href":"https:\/\/home-goods.cz\/wp-json\/wp\/v2\/media\/22603"}],"wp:attachment":[{"href":"https:\/\/home-goods.cz\/wp-json\/wp\/v2\/media?parent=22607"}],"wp:term":[{"taxonomy":"product_brand","embeddable":true,"href":"https:\/\/home-goods.cz\/wp-json\/wp\/v2\/product_brand?post=22607"},{"taxonomy":"product_cat","embeddable":true,"href":"https:\/\/home-goods.cz\/wp-json\/wp\/v2\/product_cat?post=22607"},{"taxonomy":"product_tag","embeddable":true,"href":"https:\/\/home-goods.cz\/wp-json\/wp\/v2\/product_tag?post=22607"}],"curies":[{"name":"wp","href":"https:\/\/api.w.org\/{rel}","templated":true}]}}