{"id":21932,"date":"2025-07-09T17:33:34","date_gmt":"2025-07-09T15:33:34","guid":{"rendered":"https:\/\/home-goods.cz\/?post_type=product&#038;p=21932"},"modified":"2025-08-12T10:52:06","modified_gmt":"2025-08-12T08:52:06","slug":"grillmeister-grilovaci-teplomer-radio-gfgt-433-b2","status":"publish","type":"product","link":"https:\/\/home-goods.cz\/produkt\/grillmeister-grilovaci-teplomer-radio-gfgt-433-b2\/","title":{"rendered":"GRILLMEISTER Grilovac\u00ed teplom\u011br r\u00e1dio gfgt 433 b2"},"content":{"rendered":"<h3>GRILLMEISTER Grilovac\u00ed teplom\u011br<\/h3>\n<div id=\"detailtab1\" class=\"product-detail-container\">\n<div class=\"r no-m\">\n<div class=\"c-2\">\n<div class=\"space p-r p-tb\"><b>Popis<\/b><\/div>\n<\/div>\n<div class=\"c-8\">\n<div class=\"space p-tb\">\n<ul>\n<li>Pro perfektn\u00ed v\u00fdsledky grilov\u00e1n\u00ed<\/li>\n<li>Teplotn\u00ed sondy jsou nastaviteln\u00e9 samostatn\u011b<\/li>\n<li>5 stup\u0148\u016f va\u0159en\u00ed<\/li>\n<li>8 program\u016f va\u0159en\u00ed<\/li>\n<\/ul>\n<p>&nbsp;<\/p>\n<p><strong>R\u00e1dio GFGT 433 B2<\/strong><\/p>\n<ul>\n<li>8 p\u0159edsnastaven\u00fdch program va\u0159en\u00ed a 5 stup\u0148\u016f va\u0159en\u00ed pro perfektn\u00ed v\u00fdsledky<\/li>\n<li>Praktick\u00e1 funkce \u010dasova\u010de<\/li>\n<li>Sv\u011bteln\u00fd a zvukov\u00fd sign\u00e1l p\u0159i dosa\u017een\u00ed stupn\u011b va\u0159en\u00ed<\/li>\n<li>Snadn\u00fd datov\u00fd p\u0159enos d\u00edky bezdr\u00e1tov\u00e9mu sign\u00e1lu na mobiln\u00ed p\u0159ij\u00edma\u010d<\/li>\n<li>Se sponou na opasek a integrovan\u00fdmi magnety<\/li>\n<li>Bezdr\u00e1tov\u00fd dosah: cca 50 m (na otev\u0159en\u00e9m prostranstv\u00ed)<\/li>\n<li>V\u010detn\u011b bateri\u00ed (4 x 1,5 V, typ AAA), dr\u017e\u00e1ku z u\u0161lechtil\u00e9 oceli a n\u00e1vodu<\/li>\n<\/ul>\n<p>&nbsp;<\/p>\n<p><strong>Bluetooth GTGT 2.4 A2<\/strong><\/p>\n<ul>\n<li>Perfektn\u00ed v\u00fdsledky d\u00edky 8 program\u016fm va\u0159en\u00ed, 5 stup\u0148\u016fm va\u0159en\u00ed a funkc\u00ed \u010dasova\u010de \u2013 pohodln\u00e9 ovl\u00e1d\u00e1n\u00ed prost\u0159ednictv\u00edm aplikace LIDL Home<\/li>\n<li>Upozorn\u011bn\u00ed p\u0159i dosa\u017een\u00ed stupn\u011b va\u0159en\u00ed<\/li>\n<li>Praktick\u00e9 magnety pro uchycen\u00ed<\/li>\n<li>Rychl\u00fd datov\u00fd p\u0159enos prost\u0159ednictv\u00edm Bluetooth\u00ae na mobiln\u00ed p\u0159ij\u00edma\u010d<\/li>\n<li>Dosah Bluetooth<sup>\u00ae<\/sup>: cca 50 m (na otev\u0159en\u00e9m prostranstv\u00ed)<\/li>\n<li>V\u010detn\u011b bateri\u00ed (2 x 1,5 V, typ AAA), dr\u017e\u00e1ku z u\u0161lechtil\u00e9 oceli a n\u00e1vodu<\/li>\n<li>Aplikace Lidl Home podporuje opera\u010dn\u00ed syst\u00e9my: iOS 9.0, Android\u2122 5.0 Lollipop nebo vy\u0161\u0161\u00ed<\/li>\n<\/ul>\n<\/div>\n<\/div>\n<hr \/>\n<div class=\"c-2\">\n<div class=\"space p-r p-tb\"><b>Technick\u00e9 \u00fadaje<\/b><\/div>\n<\/div>\n<div class=\"c-8\">\n<div class=\"space p-tb\">\n<ul>\n<li>Rozsah m\u011b\u0159en\u00ed: -10 \u00b0C a\u017e 300 \u00b0C<\/li>\n<li>P\u0159esnost m\u011b\u0159en\u00ed: \u00b11 \u00b0C a\u017e 100 \u00b0C<\/li>\n<li>Baterie AAA<\/li>\n<li>D\u00e9lka s\u00ed\u0165ov\u00e9ho kabelu: cca 1,2 m<\/li>\n<\/ul>\n<\/div>\n<\/div>\n<hr \/>\n<div class=\"c-2\">\n<div class=\"space p-r p-tb\"><b>Obsah balen\u00ed<\/b><\/div>\n<\/div>\n<div class=\"c-8\">\n<div class=\"space p-tb\">\n<ul>\n<li>V\u010detn\u011b bateri\u00ed (1,5 V\u2393 \/ AAA)<\/li>\n<\/ul>\n<\/div>\n<\/div>\n<\/div>\n<\/div>\n<div id=\"detailtab1\" class=\"product-detail-container\">\n<div class=\"r no-m\">\n<hr \/>\n<div class=\"c-2\">\n<div class=\"space p-r p-tb\"><b>Materi\u00e1l<\/b><\/div>\n<\/div>\n<div class=\"c-8\">\n<div class=\"space p-tb\">\n<ul>\n<li>R\u00e1dio GFGT 433 B2: ABS, nerezov\u00e1 ocel (S30408), silikon<\/li>\n<li>Bluetooth GTGT 2.4 A2: ABS, nerezov\u00e1 ocel (S30408)<\/li>\n<\/ul>\n<\/div>\n<\/div>\n<\/div>\n<\/div>\n<div id=\"detailtab1\" class=\"product-detail-container\">\n<div class=\"r no-m\">\n<hr \/>\n<div class=\"c-2\">\n<div class=\"space p-r p-tb\"><b>Rozm\u011bry<\/b><\/div>\n<\/div>\n<div class=\"c-8\">\n<div class=\"space p-tb\">\n<ul>\n<li>R\u00e1dio GFGT 433 B2:\n<ul>\n<li>Vys\u00edla\u010d: cca 74 x 74 x 29 mm<\/li>\n<li>P\u0159ij\u00edma\u010d: cca 60 x 125 x 35 mm<\/li>\n<\/ul>\n<\/li>\n<li>Bluetooth GTGT 2.4 A2: cca 74 x 74 x 32 mm<\/li>\n<\/ul>\n<\/div>\n<\/div>\n<hr \/>\n<div class=\"c-2\">\n<div class=\"space p-r p-tb\"><b>Hmotnost<\/b><\/div>\n<\/div>\n<div class=\"c-8\">\n<div class=\"space p-tb\">\n<ul>\n<li>R\u00e1dio GFGT 433 B2: cca 214 g<br \/>\nBluetooth GTGT 2.4 A2: cca 134 g<\/li>\n<\/ul>\n<\/div>\n<\/div>\n<\/div>\n<\/div>\n","protected":false},"excerpt":{"rendered":"<p>GRILLMEISTER Grilovac\u00ed teplom\u011br Popis Pro perfektn\u00ed v\u00fdsledky grilov\u00e1n\u00ed Teplotn\u00ed sondy jsou nastaviteln\u00e9 samostatn\u011b 5 stup\u0148\u016f va\u0159en\u00ed 8 program\u016f va\u0159en\u00ed &nbsp; [&hellip;]<\/p>\n","protected":false},"featured_media":21938,"comment_status":"open","ping_status":"closed","template":"","meta":{"_uag_custom_page_level_css":"","site-sidebar-layout":"default","site-content-layout":"","ast-site-content-layout":"","site-content-style":"default","site-sidebar-style":"default","ast-global-header-display":"","ast-banner-title-visibility":"","ast-main-header-display":"","ast-hfb-above-header-display":"","ast-hfb-below-header-display":"","ast-hfb-mobile-header-display":"","site-post-title":"","ast-breadcrumbs-content":"","ast-featured-img":"","footer-sml-layout":"","theme-transparent-header-meta":"","adv-header-id-meta":"","stick-header-meta":"","header-above-stick-meta":"","header-main-stick-meta":"","header-below-stick-meta":"","astra-migrate-meta-layouts":"default","ast-page-background-enabled":"default","ast-page-background-meta":{"desktop":{"background-color":"var(--ast-global-color-4)","background-image":"","background-repeat":"repeat","background-position":"center center","background-size":"auto","background-attachment":"scroll","background-type":"","background-media":"","overlay-type":"","overlay-color":"","overlay-opacity":"","overlay-gradient":""},"tablet":{"background-color":"","background-image":"","background-repeat":"repeat","background-position":"center center","background-size":"auto","background-attachment":"scroll","background-type":"","background-media":"","overlay-type":"","overlay-color":"","overlay-opacity":"","overlay-gradient":""},"mobile":{"background-color":"","background-image":"","background-repeat":"repeat","background-position":"center center","background-size":"auto","background-attachment":"scroll","background-type":"","background-media":"","overlay-type":"","overlay-color":"","overlay-opacity":"","overlay-gradient":""}},"ast-content-background-meta":{"desktop":{"background-color":"var(--ast-global-color-5)","background-image":"","background-repeat":"repeat","background-position":"center center","background-size":"auto","background-attachment":"scroll","background-type":"","background-media":"","overlay-type":"","overlay-color":"","overlay-opacity":"","overlay-gradient":""},"tablet":{"background-color":"var(--ast-global-color-5)","background-image":"","background-repeat":"repeat","background-position":"center center","background-size":"auto","background-attachment":"scroll","background-type":"","background-media":"","overlay-type":"","overlay-color":"","overlay-opacity":"","overlay-gradient":""},"mobile":{"background-color":"var(--ast-global-color-5)","background-image":"","background-repeat":"repeat","background-position":"center center","background-size":"auto","background-attachment":"scroll","background-type":"","background-media":"","overlay-type":"","overlay-color":"","overlay-opacity":"","overlay-gradient":""}}},"product_brand":[],"product_cat":[73],"product_tag":[],"class_list":{"0":"post-21932","1":"product","2":"type-product","3":"status-publish","4":"has-post-thumbnail","6":"product_cat-kuchyne","7":"desktop-align-left","8":"tablet-align-left","9":"mobile-align-left","11":"first","12":"outofstock","13":"sale","14":"shipping-taxable","15":"purchasable","16":"product-type-simple"},"uagb_featured_image_src":{"full":["https:\/\/home-goods.cz\/wp-content\/uploads\/2025\/07\/gcp04d8700102fb452b88280ae53e23eff6.webp",1500,1125,false],"thumbnail":["https:\/\/home-goods.cz\/wp-content\/uploads\/2025\/07\/gcp04d8700102fb452b88280ae53e23eff6-150x150.webp",150,150,true],"medium":["https:\/\/home-goods.cz\/wp-content\/uploads\/2025\/07\/gcp04d8700102fb452b88280ae53e23eff6-400x300.webp",400,300,true],"medium_large":["https:\/\/home-goods.cz\/wp-content\/uploads\/2025\/07\/gcp04d8700102fb452b88280ae53e23eff6-768x576.webp",768,576,true],"large":["https:\/\/home-goods.cz\/wp-content\/uploads\/2025\/07\/gcp04d8700102fb452b88280ae53e23eff6-1067x800.webp",1067,800,true],"1536x1536":["https:\/\/home-goods.cz\/wp-content\/uploads\/2025\/07\/gcp04d8700102fb452b88280ae53e23eff6.webp",1500,1125,false],"2048x2048":["https:\/\/home-goods.cz\/wp-content\/uploads\/2025\/07\/gcp04d8700102fb452b88280ae53e23eff6.webp",1500,1125,false],"woocommerce_thumbnail":["https:\/\/home-goods.cz\/wp-content\/uploads\/2025\/07\/gcp04d8700102fb452b88280ae53e23eff6-600x450.webp",600,450,true],"woocommerce_single":["https:\/\/home-goods.cz\/wp-content\/uploads\/2025\/07\/gcp04d8700102fb452b88280ae53e23eff6-700x525.webp",700,525,true],"woocommerce_gallery_thumbnail":["https:\/\/home-goods.cz\/wp-content\/uploads\/2025\/07\/gcp04d8700102fb452b88280ae53e23eff6-100x100.webp",100,100,true]},"uagb_author_info":{"display_name":"Nahorniuk Vladyslav","author_link":"https:\/\/home-goods.cz\/author\/"},"uagb_comment_info":0,"uagb_excerpt":"GRILLMEISTER Grilovac\u00ed teplom\u011br Popis Pro perfektn\u00ed v\u00fdsledky grilov\u00e1n\u00ed Teplotn\u00ed sondy jsou nastaviteln\u00e9 samostatn\u011b 5 stup\u0148\u016f va\u0159en\u00ed 8 program\u016f va\u0159en\u00ed &nbsp; [&hellip;]","_links":{"self":[{"href":"https:\/\/home-goods.cz\/wp-json\/wp\/v2\/product\/21932","targetHints":{"allow":["GET"]}}],"collection":[{"href":"https:\/\/home-goods.cz\/wp-json\/wp\/v2\/product"}],"about":[{"href":"https:\/\/home-goods.cz\/wp-json\/wp\/v2\/types\/product"}],"replies":[{"embeddable":true,"href":"https:\/\/home-goods.cz\/wp-json\/wp\/v2\/comments?post=21932"}],"wp:featuredmedia":[{"embeddable":true,"href":"https:\/\/home-goods.cz\/wp-json\/wp\/v2\/media\/21938"}],"wp:attachment":[{"href":"https:\/\/home-goods.cz\/wp-json\/wp\/v2\/media?parent=21932"}],"wp:term":[{"taxonomy":"product_brand","embeddable":true,"href":"https:\/\/home-goods.cz\/wp-json\/wp\/v2\/product_brand?post=21932"},{"taxonomy":"product_cat","embeddable":true,"href":"https:\/\/home-goods.cz\/wp-json\/wp\/v2\/product_cat?post=21932"},{"taxonomy":"product_tag","embeddable":true,"href":"https:\/\/home-goods.cz\/wp-json\/wp\/v2\/product_tag?post=21932"}],"curies":[{"name":"wp","href":"https:\/\/api.w.org\/{rel}","templated":true}]}}