{"id":21831,"date":"2025-07-09T00:40:00","date_gmt":"2025-07-08T22:40:00","guid":{"rendered":"https:\/\/home-goods.cz\/?post_type=product&#038;p=21831"},"modified":"2025-07-09T00:40:00","modified_gmt":"2025-07-08T22:40:00","slug":"crivit-zamek-na-jizdni-kolo","status":"publish","type":"product","link":"https:\/\/home-goods.cz\/produkt\/crivit-zamek-na-jizdni-kolo\/","title":{"rendered":"CRIVIT Z\u00e1mek na j\u00edzdn\u00ed kolo"},"content":{"rendered":"<h2>CRIVIT Z\u00e1mek na j\u00edzdn\u00ed kolo<\/h2>\n<p><strong>Popis<\/strong><\/p>\n<p><strong>\u0158et\u011bzov\u00fd z\u00e1mek, 120 cm<\/strong><\/p>\n<ul>\n<li>Odoln\u00e9 \u0159et\u011bzov\u00e9 \u010dl\u00e1nky (cca 8 mm)<\/li>\n<li>Textiln\u00ed opl\u00e1\u0161t\u011bn\u00ed<\/li>\n<li>V\u010detn\u011b 2 kl\u00ed\u010d\u016f<\/li>\n<\/ul>\n<p><strong>\u201eU\u201c z\u00e1mek<\/strong><\/p>\n<ul>\n<li>Robustn\u00ed konstrukce v\u010detn\u011b robustn\u00edho t\u0159menu (cca 14 mm)<\/li>\n<li>Praktick\u00e1 krytka proti prachu<\/li>\n<li>V\u010detn\u011b dr\u017e\u00e1ku na r\u00e1m<\/li>\n<li>V\u010detn\u011b 2 kl\u00ed\u010d\u016f<\/li>\n<\/ul>\n<p><strong>Panc\u00e9\u0159ov\u00fd kabelov\u00fd z\u00e1mek<\/strong><\/p>\n<ul>\n<li>Odoln\u00e9 \u0159et\u011bzov\u00e9 \u010dl\u00e1nky (cca 22 mm)<\/li>\n<\/ul>\n<hr \/>\n<p><strong>Rozm\u011bry<\/strong><\/p>\n<ul>\n<li>\u0158et\u011bzov\u00fd z\u00e1mek, 120 cm: cca 120 cm<\/li>\n<li>\u201eU\u201c z\u00e1mek: cca 165 x 245 mm<\/li>\n<li>Panc\u00e9\u0159ov\u00fd kabelov\u00fd z\u00e1mek: cca 85 cm<\/li>\n<\/ul>\n<hr \/>\n<p><strong>Hmotnost<\/strong><\/p>\n<ul>\n<li>\u0158et\u011bzov\u00fd z\u00e1mek, 120 cm: cca 1,55 kg<\/li>\n<li>\u201eU\u201c z\u00e1mek: cca 840 g<\/li>\n<li>Panc\u00e9\u0159ov\u00fd kabelov\u00fd z\u00e1mek: cca 740 g<\/li>\n<\/ul>\n","protected":false},"excerpt":{"rendered":"<p>CRIVIT Z\u00e1mek na j\u00edzdn\u00ed kolo Popis \u0158et\u011bzov\u00fd z\u00e1mek, 120 cm Odoln\u00e9 \u0159et\u011bzov\u00e9 \u010dl\u00e1nky (cca 8 mm) Textiln\u00ed opl\u00e1\u0161t\u011bn\u00ed V\u010detn\u011b 2 [&hellip;]<\/p>\n","protected":false},"featured_media":21832,"comment_status":"open","ping_status":"closed","template":"","meta":{"_uag_custom_page_level_css":"","site-sidebar-layout":"default","site-content-layout":"","ast-site-content-layout":"","site-content-style":"default","site-sidebar-style":"default","ast-global-header-display":"","ast-banner-title-visibility":"","ast-main-header-display":"","ast-hfb-above-header-display":"","ast-hfb-below-header-display":"","ast-hfb-mobile-header-display":"","site-post-title":"","ast-breadcrumbs-content":"","ast-featured-img":"","footer-sml-layout":"","theme-transparent-header-meta":"","adv-header-id-meta":"","stick-header-meta":"","header-above-stick-meta":"","header-main-stick-meta":"","header-below-stick-meta":"","astra-migrate-meta-layouts":"default","ast-page-background-enabled":"default","ast-page-background-meta":{"desktop":{"background-color":"var(--ast-global-color-4)","background-image":"","background-repeat":"repeat","background-position":"center center","background-size":"auto","background-attachment":"scroll","background-type":"","background-media":"","overlay-type":"","overlay-color":"","overlay-opacity":"","overlay-gradient":""},"tablet":{"background-color":"","background-image":"","background-repeat":"repeat","background-position":"center center","background-size":"auto","background-attachment":"scroll","background-type":"","background-media":"","overlay-type":"","overlay-color":"","overlay-opacity":"","overlay-gradient":""},"mobile":{"background-color":"","background-image":"","background-repeat":"repeat","background-position":"center center","background-size":"auto","background-attachment":"scroll","background-type":"","background-media":"","overlay-type":"","overlay-color":"","overlay-opacity":"","overlay-gradient":""}},"ast-content-background-meta":{"desktop":{"background-color":"var(--ast-global-color-5)","background-image":"","background-repeat":"repeat","background-position":"center center","background-size":"auto","background-attachment":"scroll","background-type":"","background-media":"","overlay-type":"","overlay-color":"","overlay-opacity":"","overlay-gradient":""},"tablet":{"background-color":"var(--ast-global-color-5)","background-image":"","background-repeat":"repeat","background-position":"center center","background-size":"auto","background-attachment":"scroll","background-type":"","background-media":"","overlay-type":"","overlay-color":"","overlay-opacity":"","overlay-gradient":""},"mobile":{"background-color":"var(--ast-global-color-5)","background-image":"","background-repeat":"repeat","background-position":"center center","background-size":"auto","background-attachment":"scroll","background-type":"","background-media":"","overlay-type":"","overlay-color":"","overlay-opacity":"","overlay-gradient":""}}},"product_brand":[],"product_cat":[79],"product_tag":[],"class_list":{"0":"post-21831","1":"product","2":"type-product","3":"status-publish","4":"has-post-thumbnail","6":"product_cat-sport-a-hobby","7":"desktop-align-left","8":"tablet-align-left","9":"mobile-align-left","11":"first","12":"instock","13":"shipping-taxable","14":"purchasable","15":"product-type-simple"},"uagb_featured_image_src":{"full":["https:\/\/home-goods.cz\/wp-content\/uploads\/2025\/07\/gcpa639a8b4ebea406a83765cdd0fc8aa00.webp",1500,1125,false],"thumbnail":["https:\/\/home-goods.cz\/wp-content\/uploads\/2025\/07\/gcpa639a8b4ebea406a83765cdd0fc8aa00-150x150.webp",150,150,true],"medium":["https:\/\/home-goods.cz\/wp-content\/uploads\/2025\/07\/gcpa639a8b4ebea406a83765cdd0fc8aa00-400x300.webp",400,300,true],"medium_large":["https:\/\/home-goods.cz\/wp-content\/uploads\/2025\/07\/gcpa639a8b4ebea406a83765cdd0fc8aa00-768x576.webp",768,576,true],"large":["https:\/\/home-goods.cz\/wp-content\/uploads\/2025\/07\/gcpa639a8b4ebea406a83765cdd0fc8aa00-1067x800.webp",1067,800,true],"1536x1536":["https:\/\/home-goods.cz\/wp-content\/uploads\/2025\/07\/gcpa639a8b4ebea406a83765cdd0fc8aa00.webp",1500,1125,false],"2048x2048":["https:\/\/home-goods.cz\/wp-content\/uploads\/2025\/07\/gcpa639a8b4ebea406a83765cdd0fc8aa00.webp",1500,1125,false],"woocommerce_thumbnail":["https:\/\/home-goods.cz\/wp-content\/uploads\/2025\/07\/gcpa639a8b4ebea406a83765cdd0fc8aa00-600x450.webp",600,450,true],"woocommerce_single":["https:\/\/home-goods.cz\/wp-content\/uploads\/2025\/07\/gcpa639a8b4ebea406a83765cdd0fc8aa00-700x525.webp",700,525,true],"woocommerce_gallery_thumbnail":["https:\/\/home-goods.cz\/wp-content\/uploads\/2025\/07\/gcpa639a8b4ebea406a83765cdd0fc8aa00-100x100.webp",100,100,true]},"uagb_author_info":{"display_name":"Nahorniuk Vladyslav","author_link":"https:\/\/home-goods.cz\/author\/"},"uagb_comment_info":0,"uagb_excerpt":"CRIVIT Z\u00e1mek na j\u00edzdn\u00ed kolo Popis \u0158et\u011bzov\u00fd z\u00e1mek, 120 cm Odoln\u00e9 \u0159et\u011bzov\u00e9 \u010dl\u00e1nky (cca 8 mm) Textiln\u00ed opl\u00e1\u0161t\u011bn\u00ed V\u010detn\u011b 2 [&hellip;]","_links":{"self":[{"href":"https:\/\/home-goods.cz\/wp-json\/wp\/v2\/product\/21831","targetHints":{"allow":["GET"]}}],"collection":[{"href":"https:\/\/home-goods.cz\/wp-json\/wp\/v2\/product"}],"about":[{"href":"https:\/\/home-goods.cz\/wp-json\/wp\/v2\/types\/product"}],"replies":[{"embeddable":true,"href":"https:\/\/home-goods.cz\/wp-json\/wp\/v2\/comments?post=21831"}],"wp:featuredmedia":[{"embeddable":true,"href":"https:\/\/home-goods.cz\/wp-json\/wp\/v2\/media\/21832"}],"wp:attachment":[{"href":"https:\/\/home-goods.cz\/wp-json\/wp\/v2\/media?parent=21831"}],"wp:term":[{"taxonomy":"product_brand","embeddable":true,"href":"https:\/\/home-goods.cz\/wp-json\/wp\/v2\/product_brand?post=21831"},{"taxonomy":"product_cat","embeddable":true,"href":"https:\/\/home-goods.cz\/wp-json\/wp\/v2\/product_cat?post=21831"},{"taxonomy":"product_tag","embeddable":true,"href":"https:\/\/home-goods.cz\/wp-json\/wp\/v2\/product_tag?post=21831"}],"curies":[{"name":"wp","href":"https:\/\/api.w.org\/{rel}","templated":true}]}}