{"id":21825,"date":"2025-07-09T00:38:58","date_gmt":"2025-07-08T22:38:58","guid":{"rendered":"https:\/\/home-goods.cz\/?post_type=product&#038;p=21825"},"modified":"2025-07-09T00:38:58","modified_gmt":"2025-07-08T22:38:58","slug":"topmove-skladaci-destnik","status":"publish","type":"product","link":"https:\/\/home-goods.cz\/produkt\/topmove-skladaci-destnik\/","title":{"rendered":"TOPMOVE\u00ae Skl\u00e1dac\u00ed de\u0161tn\u00edk"},"content":{"rendered":"<h2>TOPMOVE\u00ae Skl\u00e1dac\u00ed de\u0161tn\u00edk<\/h2>\n<p><strong>Popis<\/strong><\/p>\n<ul>\n<li>Jednoru\u010dn\u00ed automatika: pohodln\u00e9 otev\u00edr\u00e1n\u00ed a zav\u00edr\u00e1n\u00ed stiskem knofl\u00edku<\/li>\n<li>Praktick\u00e9 rozm\u011bry ve slo\u017een\u00e9m stavu \u2013 vejde se do batoh\u016f a ta\u0161ek<\/li>\n<li>Rychleschnouc\u00ed polyesterov\u00fd potah odpuzuje d\u00e9\u0161\u0165 a \u0161p\u00ednu<\/li>\n<li>Sklolamin\u00e1tov\u00e1 konstrukce odoln\u00e1 proti v\u011btru udr\u017euje tvar de\u0161tn\u00edku<\/li>\n<li>Ergonomick\u00e9 dr\u017eadlo pro p\u0159\u00edjemn\u00e9 dr\u017een\u00ed<\/li>\n<li>Poutko pro praktick\u00e9 upevn\u011bn\u00ed k z\u00e1p\u011bst\u00ed<\/li>\n<li>Reflexn\u00ed dekorativn\u00ed prvky<\/li>\n<\/ul>\n<hr \/>\n<p><strong>Materi\u00e1l<\/strong><\/p>\n<ul>\n<li>100 % polyester<\/li>\n<\/ul>\n<hr \/>\n<p><strong>Rozm\u011bry<\/strong><\/p>\n<ul>\n<li>Celkov\u00e1 d\u00e9lka: cca 28,5 cm<\/li>\n<li>Pr\u016fm\u011br (v otev\u0159en\u00e9m stavu): cca 95 cm<\/li>\n<\/ul>\n<hr \/>\n<p><strong>Hmotnost<\/strong><\/p>\n<ul>\n<li>cca 365 g<\/li>\n<\/ul>\n","protected":false},"excerpt":{"rendered":"<p>TOPMOVE\u00ae Skl\u00e1dac\u00ed de\u0161tn\u00edk Popis Jednoru\u010dn\u00ed automatika: pohodln\u00e9 otev\u00edr\u00e1n\u00ed a zav\u00edr\u00e1n\u00ed stiskem knofl\u00edku Praktick\u00e9 rozm\u011bry ve slo\u017een\u00e9m stavu \u2013 vejde se [&hellip;]<\/p>\n","protected":false},"featured_media":21829,"comment_status":"open","ping_status":"closed","template":"","meta":{"_uag_custom_page_level_css":"","site-sidebar-layout":"default","site-content-layout":"","ast-site-content-layout":"","site-content-style":"default","site-sidebar-style":"default","ast-global-header-display":"","ast-banner-title-visibility":"","ast-main-header-display":"","ast-hfb-above-header-display":"","ast-hfb-below-header-display":"","ast-hfb-mobile-header-display":"","site-post-title":"","ast-breadcrumbs-content":"","ast-featured-img":"","footer-sml-layout":"","theme-transparent-header-meta":"","adv-header-id-meta":"","stick-header-meta":"","header-above-stick-meta":"","header-main-stick-meta":"","header-below-stick-meta":"","astra-migrate-meta-layouts":"default","ast-page-background-enabled":"default","ast-page-background-meta":{"desktop":{"background-color":"var(--ast-global-color-4)","background-image":"","background-repeat":"repeat","background-position":"center center","background-size":"auto","background-attachment":"scroll","background-type":"","background-media":"","overlay-type":"","overlay-color":"","overlay-opacity":"","overlay-gradient":""},"tablet":{"background-color":"","background-image":"","background-repeat":"repeat","background-position":"center center","background-size":"auto","background-attachment":"scroll","background-type":"","background-media":"","overlay-type":"","overlay-color":"","overlay-opacity":"","overlay-gradient":""},"mobile":{"background-color":"","background-image":"","background-repeat":"repeat","background-position":"center center","background-size":"auto","background-attachment":"scroll","background-type":"","background-media":"","overlay-type":"","overlay-color":"","overlay-opacity":"","overlay-gradient":""}},"ast-content-background-meta":{"desktop":{"background-color":"var(--ast-global-color-5)","background-image":"","background-repeat":"repeat","background-position":"center center","background-size":"auto","background-attachment":"scroll","background-type":"","background-media":"","overlay-type":"","overlay-color":"","overlay-opacity":"","overlay-gradient":""},"tablet":{"background-color":"var(--ast-global-color-5)","background-image":"","background-repeat":"repeat","background-position":"center center","background-size":"auto","background-attachment":"scroll","background-type":"","background-media":"","overlay-type":"","overlay-color":"","overlay-opacity":"","overlay-gradient":""},"mobile":{"background-color":"var(--ast-global-color-5)","background-image":"","background-repeat":"repeat","background-position":"center center","background-size":"auto","background-attachment":"scroll","background-type":"","background-media":"","overlay-type":"","overlay-color":"","overlay-opacity":"","overlay-gradient":""}}},"product_brand":[],"product_cat":[72],"product_tag":[],"class_list":{"0":"post-21825","1":"product","2":"type-product","3":"status-publish","4":"has-post-thumbnail","6":"product_cat-doplnky","7":"desktop-align-left","8":"tablet-align-left","9":"mobile-align-left","11":"first","12":"instock","13":"shipping-taxable","14":"purchasable","15":"product-type-simple"},"uagb_featured_image_src":{"full":["https:\/\/home-goods.cz\/wp-content\/uploads\/2025\/07\/gcpf2ec87f96b46423486189a8d967ffd96.webp",1500,1125,false],"thumbnail":["https:\/\/home-goods.cz\/wp-content\/uploads\/2025\/07\/gcpf2ec87f96b46423486189a8d967ffd96-150x150.webp",150,150,true],"medium":["https:\/\/home-goods.cz\/wp-content\/uploads\/2025\/07\/gcpf2ec87f96b46423486189a8d967ffd96-400x300.webp",400,300,true],"medium_large":["https:\/\/home-goods.cz\/wp-content\/uploads\/2025\/07\/gcpf2ec87f96b46423486189a8d967ffd96-768x576.webp",768,576,true],"large":["https:\/\/home-goods.cz\/wp-content\/uploads\/2025\/07\/gcpf2ec87f96b46423486189a8d967ffd96-1067x800.webp",1067,800,true],"1536x1536":["https:\/\/home-goods.cz\/wp-content\/uploads\/2025\/07\/gcpf2ec87f96b46423486189a8d967ffd96.webp",1500,1125,false],"2048x2048":["https:\/\/home-goods.cz\/wp-content\/uploads\/2025\/07\/gcpf2ec87f96b46423486189a8d967ffd96.webp",1500,1125,false],"woocommerce_thumbnail":["https:\/\/home-goods.cz\/wp-content\/uploads\/2025\/07\/gcpf2ec87f96b46423486189a8d967ffd96-600x450.webp",600,450,true],"woocommerce_single":["https:\/\/home-goods.cz\/wp-content\/uploads\/2025\/07\/gcpf2ec87f96b46423486189a8d967ffd96-700x525.webp",700,525,true],"woocommerce_gallery_thumbnail":["https:\/\/home-goods.cz\/wp-content\/uploads\/2025\/07\/gcpf2ec87f96b46423486189a8d967ffd96-100x100.webp",100,100,true]},"uagb_author_info":{"display_name":"Nahorniuk Vladyslav","author_link":"https:\/\/home-goods.cz\/author\/"},"uagb_comment_info":0,"uagb_excerpt":"TOPMOVE\u00ae Skl\u00e1dac\u00ed de\u0161tn\u00edk Popis Jednoru\u010dn\u00ed automatika: pohodln\u00e9 otev\u00edr\u00e1n\u00ed a zav\u00edr\u00e1n\u00ed stiskem knofl\u00edku Praktick\u00e9 rozm\u011bry ve slo\u017een\u00e9m stavu \u2013 vejde se [&hellip;]","_links":{"self":[{"href":"https:\/\/home-goods.cz\/wp-json\/wp\/v2\/product\/21825","targetHints":{"allow":["GET"]}}],"collection":[{"href":"https:\/\/home-goods.cz\/wp-json\/wp\/v2\/product"}],"about":[{"href":"https:\/\/home-goods.cz\/wp-json\/wp\/v2\/types\/product"}],"replies":[{"embeddable":true,"href":"https:\/\/home-goods.cz\/wp-json\/wp\/v2\/comments?post=21825"}],"wp:featuredmedia":[{"embeddable":true,"href":"https:\/\/home-goods.cz\/wp-json\/wp\/v2\/media\/21829"}],"wp:attachment":[{"href":"https:\/\/home-goods.cz\/wp-json\/wp\/v2\/media?parent=21825"}],"wp:term":[{"taxonomy":"product_brand","embeddable":true,"href":"https:\/\/home-goods.cz\/wp-json\/wp\/v2\/product_brand?post=21825"},{"taxonomy":"product_cat","embeddable":true,"href":"https:\/\/home-goods.cz\/wp-json\/wp\/v2\/product_cat?post=21825"},{"taxonomy":"product_tag","embeddable":true,"href":"https:\/\/home-goods.cz\/wp-json\/wp\/v2\/product_tag?post=21825"}],"curies":[{"name":"wp","href":"https:\/\/api.w.org\/{rel}","templated":true}]}}