{"id":21777,"date":"2025-07-09T00:29:43","date_gmt":"2025-07-08T22:29:43","guid":{"rendered":"https:\/\/home-goods.cz\/?post_type=product&#038;p=21777"},"modified":"2025-07-09T00:29:43","modified_gmt":"2025-07-08T22:29:43","slug":"parkside-cistici-postrikovac-s-rotacni-tryskou-prr-a1","status":"publish","type":"product","link":"https:\/\/home-goods.cz\/produkt\/parkside-cistici-postrikovac-s-rotacni-tryskou-prr-a1\/","title":{"rendered":"PARKSIDE\u00ae \u010cistic\u00ed post\u0159ikova\u010d s rota\u010dn\u00ed tryskou PRR A1"},"content":{"rendered":"<h3>PARKSIDE\u00ae \u010cistic\u00ed post\u0159ikova\u010d s rota\u010dn\u00ed tryskou PRR A1<\/h3>\n<div id=\"detailtab1\" class=\"product-detail-container\">\n<div class=\"r no-m\">\n<div class=\"c-2\">\n<div class=\"space p-r p-tb\"><b>Popis<\/b><\/div>\n<\/div>\n<div class=\"c-8\">\n<div class=\"space p-tb\">\n<ul>\n<li>Pro v\u00fdkonn\u00e9 \u010di\u0161t\u011bn\u00ed s p\u0159esn\u00fdm pln\u00fdm paprskem nebo p\u0159ep\u00ednateln\u00fdm rota\u010dn\u00edm paprskem<\/li>\n<li>Rota\u010dn\u00ed tryska na baterie \u2013 zv\u00fd\u0161en\u00e1 \u010distic\u00ed s\u00edla d\u00edky osciluj\u00edc\u00edmu vodn\u00edmu paprsku<\/li>\n<li>Ergonomick\u00fd tvar s aretovac\u00ed spou\u0161t\u00ed \u2013 okam\u017eit\u00e9 uvoln\u011bn\u00ed lehk\u00fdm stisknut\u00edm<\/li>\n<li>Rukoje\u0165 s protiskluzov\u00fdm povrchem<\/li>\n<li>Kvalitn\u00ed p\u0159esn\u00e1 kovov\u00e1 tryska s dlouhou \u017eivotnost\u00ed<\/li>\n<li>Odoln\u00fd v\u016f\u010di vliv\u016fm po\u010das\u00ed a UV z\u00e1\u0159en\u00ed<\/li>\n<li>Nacvak\u00e1vac\u00ed syst\u00e9m Parkside: vhodn\u00fd pro b\u011b\u017en\u00e9 hadicov\u00e9 syst\u00e9my<\/li>\n<li>V\u010detn\u011b baterie 2x 1,5 V (LR6, AA)<\/li>\n<\/ul>\n<\/div>\n<\/div>\n<hr \/>\n<div class=\"c-2\">\n<div class=\"space p-r p-tb\"><b>Technick\u00e9 \u00fadaje<\/b><\/div>\n<\/div>\n<div class=\"c-8\">\n<div class=\"space p-tb\">\n<ul>\n<li>2 re\u017eimy: bodov\u00fd paprsek \/ rota\u010dn\u00ed paprsek<\/li>\n<li>Max. pracovn\u00ed tlak: 4 bar<\/li>\n<\/ul>\n<\/div>\n<\/div>\n<hr \/>\n<div class=\"c-2\">\n<div class=\"space p-r p-tb\"><b>Materi\u00e1l<\/b><\/div>\n<\/div>\n<div class=\"c-8\">\n<div class=\"space p-tb\">\n<ul>\n<li>Ocel, plast<\/li>\n<\/ul>\n<\/div>\n<\/div>\n<hr \/>\n<div class=\"c-2\">\n<div class=\"space p-r p-tb\"><b>Rozm\u011bry<\/b><\/div>\n<\/div>\n<div class=\"c-8\">\n<div class=\"space p-tb\">\n<ul>\n<li>cca 16,5 x 6 x 20,3 cm<\/li>\n<\/ul>\n<\/div>\n<\/div>\n<hr \/>\n<div class=\"c-2\">\n<div class=\"space p-r p-tb\"><b>Hmotnost<\/b><\/div>\n<\/div>\n<div class=\"c-8\">\n<div class=\"space p-tb\">\n<ul>\n<li>cca 300 g (v\u010detn\u011b bateri\u00ed)<\/li>\n<\/ul>\n<\/div>\n<\/div>\n<\/div>\n<\/div>\n","protected":false},"excerpt":{"rendered":"<p>PARKSIDE\u00ae \u010cistic\u00ed post\u0159ikova\u010d s rota\u010dn\u00ed tryskou PRR A1 Popis Pro v\u00fdkonn\u00e9 \u010di\u0161t\u011bn\u00ed s p\u0159esn\u00fdm pln\u00fdm paprskem nebo p\u0159ep\u00ednateln\u00fdm rota\u010dn\u00edm paprskem [&hellip;]<\/p>\n","protected":false},"featured_media":21782,"comment_status":"open","ping_status":"closed","template":"","meta":{"_uag_custom_page_level_css":"","site-sidebar-layout":"default","site-content-layout":"","ast-site-content-layout":"","site-content-style":"default","site-sidebar-style":"default","ast-global-header-display":"","ast-banner-title-visibility":"","ast-main-header-display":"","ast-hfb-above-header-display":"","ast-hfb-below-header-display":"","ast-hfb-mobile-header-display":"","site-post-title":"","ast-breadcrumbs-content":"","ast-featured-img":"","footer-sml-layout":"","theme-transparent-header-meta":"","adv-header-id-meta":"","stick-header-meta":"","header-above-stick-meta":"","header-main-stick-meta":"","header-below-stick-meta":"","astra-migrate-meta-layouts":"default","ast-page-background-enabled":"default","ast-page-background-meta":{"desktop":{"background-color":"var(--ast-global-color-4)","background-image":"","background-repeat":"repeat","background-position":"center center","background-size":"auto","background-attachment":"scroll","background-type":"","background-media":"","overlay-type":"","overlay-color":"","overlay-opacity":"","overlay-gradient":""},"tablet":{"background-color":"","background-image":"","background-repeat":"repeat","background-position":"center center","background-size":"auto","background-attachment":"scroll","background-type":"","background-media":"","overlay-type":"","overlay-color":"","overlay-opacity":"","overlay-gradient":""},"mobile":{"background-color":"","background-image":"","background-repeat":"repeat","background-position":"center center","background-size":"auto","background-attachment":"scroll","background-type":"","background-media":"","overlay-type":"","overlay-color":"","overlay-opacity":"","overlay-gradient":""}},"ast-content-background-meta":{"desktop":{"background-color":"var(--ast-global-color-5)","background-image":"","background-repeat":"repeat","background-position":"center center","background-size":"auto","background-attachment":"scroll","background-type":"","background-media":"","overlay-type":"","overlay-color":"","overlay-opacity":"","overlay-gradient":""},"tablet":{"background-color":"var(--ast-global-color-5)","background-image":"","background-repeat":"repeat","background-position":"center center","background-size":"auto","background-attachment":"scroll","background-type":"","background-media":"","overlay-type":"","overlay-color":"","overlay-opacity":"","overlay-gradient":""},"mobile":{"background-color":"var(--ast-global-color-5)","background-image":"","background-repeat":"repeat","background-position":"center center","background-size":"auto","background-attachment":"scroll","background-type":"","background-media":"","overlay-type":"","overlay-color":"","overlay-opacity":"","overlay-gradient":""}}},"product_brand":[],"product_cat":[71,101],"product_tag":[],"class_list":{"0":"post-21777","1":"product","2":"type-product","3":"status-publish","4":"has-post-thumbnail","6":"product_cat-dilna-a-zahrada","7":"product_cat-zahrada","8":"desktop-align-left","9":"tablet-align-left","10":"mobile-align-left","12":"first","13":"instock","14":"sale","15":"shipping-taxable","16":"purchasable","17":"product-type-simple"},"uagb_featured_image_src":{"full":["https:\/\/home-goods.cz\/wp-content\/uploads\/2025\/07\/gcp281d7e85724541639a2b0da4bd374142.webp",1500,1125,false],"thumbnail":["https:\/\/home-goods.cz\/wp-content\/uploads\/2025\/07\/gcp281d7e85724541639a2b0da4bd374142-150x150.webp",150,150,true],"medium":["https:\/\/home-goods.cz\/wp-content\/uploads\/2025\/07\/gcp281d7e85724541639a2b0da4bd374142-400x300.webp",400,300,true],"medium_large":["https:\/\/home-goods.cz\/wp-content\/uploads\/2025\/07\/gcp281d7e85724541639a2b0da4bd374142-768x576.webp",768,576,true],"large":["https:\/\/home-goods.cz\/wp-content\/uploads\/2025\/07\/gcp281d7e85724541639a2b0da4bd374142-1067x800.webp",1067,800,true],"1536x1536":["https:\/\/home-goods.cz\/wp-content\/uploads\/2025\/07\/gcp281d7e85724541639a2b0da4bd374142.webp",1500,1125,false],"2048x2048":["https:\/\/home-goods.cz\/wp-content\/uploads\/2025\/07\/gcp281d7e85724541639a2b0da4bd374142.webp",1500,1125,false],"woocommerce_thumbnail":["https:\/\/home-goods.cz\/wp-content\/uploads\/2025\/07\/gcp281d7e85724541639a2b0da4bd374142-600x450.webp",600,450,true],"woocommerce_single":["https:\/\/home-goods.cz\/wp-content\/uploads\/2025\/07\/gcp281d7e85724541639a2b0da4bd374142-700x525.webp",700,525,true],"woocommerce_gallery_thumbnail":["https:\/\/home-goods.cz\/wp-content\/uploads\/2025\/07\/gcp281d7e85724541639a2b0da4bd374142-100x100.webp",100,100,true]},"uagb_author_info":{"display_name":"Nahorniuk Vladyslav","author_link":"https:\/\/home-goods.cz\/author\/"},"uagb_comment_info":0,"uagb_excerpt":"PARKSIDE\u00ae \u010cistic\u00ed post\u0159ikova\u010d s rota\u010dn\u00ed tryskou PRR A1 Popis Pro v\u00fdkonn\u00e9 \u010di\u0161t\u011bn\u00ed s p\u0159esn\u00fdm pln\u00fdm paprskem nebo p\u0159ep\u00ednateln\u00fdm rota\u010dn\u00edm paprskem [&hellip;]","_links":{"self":[{"href":"https:\/\/home-goods.cz\/wp-json\/wp\/v2\/product\/21777","targetHints":{"allow":["GET"]}}],"collection":[{"href":"https:\/\/home-goods.cz\/wp-json\/wp\/v2\/product"}],"about":[{"href":"https:\/\/home-goods.cz\/wp-json\/wp\/v2\/types\/product"}],"replies":[{"embeddable":true,"href":"https:\/\/home-goods.cz\/wp-json\/wp\/v2\/comments?post=21777"}],"wp:featuredmedia":[{"embeddable":true,"href":"https:\/\/home-goods.cz\/wp-json\/wp\/v2\/media\/21782"}],"wp:attachment":[{"href":"https:\/\/home-goods.cz\/wp-json\/wp\/v2\/media?parent=21777"}],"wp:term":[{"taxonomy":"product_brand","embeddable":true,"href":"https:\/\/home-goods.cz\/wp-json\/wp\/v2\/product_brand?post=21777"},{"taxonomy":"product_cat","embeddable":true,"href":"https:\/\/home-goods.cz\/wp-json\/wp\/v2\/product_cat?post=21777"},{"taxonomy":"product_tag","embeddable":true,"href":"https:\/\/home-goods.cz\/wp-json\/wp\/v2\/product_tag?post=21777"}],"curies":[{"name":"wp","href":"https:\/\/api.w.org\/{rel}","templated":true}]}}