{"id":21704,"date":"2025-07-09T00:16:57","date_gmt":"2025-07-08T22:16:57","guid":{"rendered":"https:\/\/home-goods.cz\/?post_type=product&#038;p=21704"},"modified":"2025-12-03T20:27:35","modified_gmt":"2025-12-03T19:27:35","slug":"parkside-hadicova-vodovaha","status":"publish","type":"product","link":"https:\/\/home-goods.cz\/produkt\/parkside-hadicova-vodovaha\/","title":{"rendered":"PARKSIDE\u00ae Hadicov\u00e1 vodov\u00e1ha"},"content":{"rendered":"<p><strong>Hadicov\u00e1 vodov\u00e1ha<\/strong><\/p>\n<ul>\n<li>Na jednoduch\u00fd a rychl\u00fd p\u0159enos v\u00fd\u0161ek i na velk\u00e9 vzd\u00e1lenosti<\/li>\n<li>Levn\u00e1 alternativa k laserov\u00fdm nivela\u010dn\u00edm p\u0159\u00edstroj\u016fm<\/li>\n<li>Jednoduch\u00e1 manipulace a mnohostrann\u00e9 pou\u017eit\u00ed<\/li>\n<li>Obsah: 1 um\u011blohmotn\u00e1 hadi\u010dka 15 m (pr\u016fhledn\u00e1) a 2 um\u011blohmotn\u00e9 trubi\u010dky se stupnic\u00ed<\/li>\n<\/ul>\n","protected":false},"excerpt":{"rendered":"<p>Hadicov\u00e1 vodov\u00e1ha Na jednoduch\u00fd a rychl\u00fd p\u0159enos v\u00fd\u0161ek i na velk\u00e9 vzd\u00e1lenosti Levn\u00e1 alternativa k laserov\u00fdm nivela\u010dn\u00edm p\u0159\u00edstroj\u016fm Jednoduch\u00e1 manipulace [&hellip;]<\/p>\n","protected":false},"featured_media":21706,"comment_status":"open","ping_status":"closed","template":"","meta":{"_uag_custom_page_level_css":"","site-sidebar-layout":"default","site-content-layout":"","ast-site-content-layout":"","site-content-style":"default","site-sidebar-style":"default","ast-global-header-display":"","ast-banner-title-visibility":"","ast-main-header-display":"","ast-hfb-above-header-display":"","ast-hfb-below-header-display":"","ast-hfb-mobile-header-display":"","site-post-title":"","ast-breadcrumbs-content":"","ast-featured-img":"","footer-sml-layout":"","theme-transparent-header-meta":"","adv-header-id-meta":"","stick-header-meta":"","header-above-stick-meta":"","header-main-stick-meta":"","header-below-stick-meta":"","astra-migrate-meta-layouts":"default","ast-page-background-enabled":"default","ast-page-background-meta":{"desktop":{"background-color":"var(--ast-global-color-4)","background-image":"","background-repeat":"repeat","background-position":"center center","background-size":"auto","background-attachment":"scroll","background-type":"","background-media":"","overlay-type":"","overlay-color":"","overlay-opacity":"","overlay-gradient":""},"tablet":{"background-color":"","background-image":"","background-repeat":"repeat","background-position":"center center","background-size":"auto","background-attachment":"scroll","background-type":"","background-media":"","overlay-type":"","overlay-color":"","overlay-opacity":"","overlay-gradient":""},"mobile":{"background-color":"","background-image":"","background-repeat":"repeat","background-position":"center center","background-size":"auto","background-attachment":"scroll","background-type":"","background-media":"","overlay-type":"","overlay-color":"","overlay-opacity":"","overlay-gradient":""}},"ast-content-background-meta":{"desktop":{"background-color":"var(--ast-global-color-5)","background-image":"","background-repeat":"repeat","background-position":"center center","background-size":"auto","background-attachment":"scroll","background-type":"","background-media":"","overlay-type":"","overlay-color":"","overlay-opacity":"","overlay-gradient":""},"tablet":{"background-color":"var(--ast-global-color-5)","background-image":"","background-repeat":"repeat","background-position":"center center","background-size":"auto","background-attachment":"scroll","background-type":"","background-media":"","overlay-type":"","overlay-color":"","overlay-opacity":"","overlay-gradient":""},"mobile":{"background-color":"var(--ast-global-color-5)","background-image":"","background-repeat":"repeat","background-position":"center center","background-size":"auto","background-attachment":"scroll","background-type":"","background-media":"","overlay-type":"","overlay-color":"","overlay-opacity":"","overlay-gradient":""}}},"product_brand":[],"product_cat":[100,71],"product_tag":[],"class_list":{"0":"post-21704","1":"product","2":"type-product","3":"status-publish","4":"has-post-thumbnail","6":"product_cat-dilna","7":"product_cat-dilna-a-zahrada","8":"desktop-align-left","9":"tablet-align-left","10":"mobile-align-left","12":"first","13":"outofstock","14":"sale","15":"shipping-taxable","16":"purchasable","17":"product-type-simple"},"uagb_featured_image_src":{"full":["https:\/\/home-goods.cz\/wp-content\/uploads\/2025\/07\/848723d5af31f417d581bbfab1f618ba.webp",1500,1125,false],"thumbnail":["https:\/\/home-goods.cz\/wp-content\/uploads\/2025\/07\/848723d5af31f417d581bbfab1f618ba-150x150.webp",150,150,true],"medium":["https:\/\/home-goods.cz\/wp-content\/uploads\/2025\/07\/848723d5af31f417d581bbfab1f618ba-400x300.webp",400,300,true],"medium_large":["https:\/\/home-goods.cz\/wp-content\/uploads\/2025\/07\/848723d5af31f417d581bbfab1f618ba-768x576.webp",768,576,true],"large":["https:\/\/home-goods.cz\/wp-content\/uploads\/2025\/07\/848723d5af31f417d581bbfab1f618ba-1067x800.webp",1067,800,true],"1536x1536":["https:\/\/home-goods.cz\/wp-content\/uploads\/2025\/07\/848723d5af31f417d581bbfab1f618ba.webp",1500,1125,false],"2048x2048":["https:\/\/home-goods.cz\/wp-content\/uploads\/2025\/07\/848723d5af31f417d581bbfab1f618ba.webp",1500,1125,false],"woocommerce_thumbnail":["https:\/\/home-goods.cz\/wp-content\/uploads\/2025\/07\/848723d5af31f417d581bbfab1f618ba-600x450.webp",600,450,true],"woocommerce_single":["https:\/\/home-goods.cz\/wp-content\/uploads\/2025\/07\/848723d5af31f417d581bbfab1f618ba-700x525.webp",700,525,true],"woocommerce_gallery_thumbnail":["https:\/\/home-goods.cz\/wp-content\/uploads\/2025\/07\/848723d5af31f417d581bbfab1f618ba-100x100.webp",100,100,true]},"uagb_author_info":{"display_name":"Nahorniuk Vladyslav","author_link":"https:\/\/home-goods.cz\/author\/"},"uagb_comment_info":0,"uagb_excerpt":"Hadicov\u00e1 vodov\u00e1ha Na jednoduch\u00fd a rychl\u00fd p\u0159enos v\u00fd\u0161ek i na velk\u00e9 vzd\u00e1lenosti Levn\u00e1 alternativa k laserov\u00fdm nivela\u010dn\u00edm p\u0159\u00edstroj\u016fm Jednoduch\u00e1 manipulace [&hellip;]","_links":{"self":[{"href":"https:\/\/home-goods.cz\/wp-json\/wp\/v2\/product\/21704","targetHints":{"allow":["GET"]}}],"collection":[{"href":"https:\/\/home-goods.cz\/wp-json\/wp\/v2\/product"}],"about":[{"href":"https:\/\/home-goods.cz\/wp-json\/wp\/v2\/types\/product"}],"replies":[{"embeddable":true,"href":"https:\/\/home-goods.cz\/wp-json\/wp\/v2\/comments?post=21704"}],"wp:featuredmedia":[{"embeddable":true,"href":"https:\/\/home-goods.cz\/wp-json\/wp\/v2\/media\/21706"}],"wp:attachment":[{"href":"https:\/\/home-goods.cz\/wp-json\/wp\/v2\/media?parent=21704"}],"wp:term":[{"taxonomy":"product_brand","embeddable":true,"href":"https:\/\/home-goods.cz\/wp-json\/wp\/v2\/product_brand?post=21704"},{"taxonomy":"product_cat","embeddable":true,"href":"https:\/\/home-goods.cz\/wp-json\/wp\/v2\/product_cat?post=21704"},{"taxonomy":"product_tag","embeddable":true,"href":"https:\/\/home-goods.cz\/wp-json\/wp\/v2\/product_tag?post=21704"}],"curies":[{"name":"wp","href":"https:\/\/api.w.org\/{rel}","templated":true}]}}