{"id":21616,"date":"2025-07-05T19:12:27","date_gmt":"2025-07-05T17:12:27","guid":{"rendered":"https:\/\/home-goods.cz\/?post_type=product&#038;p=21616"},"modified":"2026-03-08T11:43:33","modified_gmt":"2026-03-08T10:43:33","slug":"parkside-performance-aku-kombinovane-kladivo-pkhap-20-li-c4-bez-akumulatoru-a-nabijecky","status":"publish","type":"product","link":"https:\/\/home-goods.cz\/produkt\/parkside-performance-aku-kombinovane-kladivo-pkhap-20-li-c4-bez-akumulatoru-a-nabijecky\/","title":{"rendered":"PARKSIDE PERFORMANCE\u00ae Aku kombinovan\u00e9 kladivo PKHAP 20-Li C4 \u2013 bez akumul\u00e1toru a nab\u00edje\u010dky"},"content":{"rendered":"<h3>PARKSIDE PERFORMANCE Aku kombinovan\u00e9 kladivo PKHAP 20-Li C4 \u2013 bez akumul\u00e1toru a nab\u00edje\u010dky<\/h3>\n<div id=\"detailtab1\" class=\"product-detail-container\">\n<div class=\"r no-m\">\n<div class=\"c-2\">\n<div class=\"space p-r p-tb\"><b>Popis<\/b><\/div>\n<\/div>\n<div class=\"c-8\">\n<div class=\"space p-tb\">\n<ul>\n<li>Bezkart\u00e1\u010dov\u00fd motor (brushless motor) \u2013 mimo\u0159\u00e1dn\u011b vysok\u00e1 \u017eivotnost d\u00edky n\u00edzk\u00e9mu opot\u0159eben\u00ed<\/li>\n<li>Na v\u00fdkonn\u00e9 opracov\u00e1v\u00e1n\u00ed betonu, kamene, kovu a d\u0159eva<\/li>\n<li>P\u0159i pou\u017eit\u00ed smart akumul\u00e1tor\u016f PARKSIDE X 20 V PAPS: optim\u00e1ln\u00ed v\u00fdkon d\u00edky individu\u00e1ln\u00ed konfiguraci v\u00fdrobku a monitorov\u00e1n\u00ed dat prost\u0159ednictv\u00edm aplikace PARKSIDE<\/li>\n<li>V\u00fdkonn\u00e9 za\u0159\u00edzen\u00ed se vstupem a ovl\u00e1dac\u00edm panelem: rychlostn\u00ed re\u017eimy pro vrt\u00e1n\u00ed a p\u0159\u00edklep, stav akumul\u00e1toru<\/li>\n<li>Centr\u00e1ln\u00ed p\u0159ep\u00edna\u010d pro v\u0161echny funkce:\n<ul>\n<li>vrt\u00e1n\u00ed \u2013 bez p\u0159\u00edklepu<\/li>\n<li>p\u0159\u00edklepov\u00e9 vrt\u00e1n\u00ed \u2013 se zapnut\u00fdm p\u0159\u00edklepov\u00fdm mechanismem<\/li>\n<li>sek\u00e1n\u00ed \u2013 zapnut\u00fd p\u0159\u00edklepov\u00fd mechanismus s oto\u010dn\u00fdm p\u0159ep\u00edna\u010dem<\/li>\n<li>nastaven\u00ed polohy sek\u00e1\u010de (plynul\u00e9)<\/li>\n<\/ul>\n<\/li>\n<li>Rychloup\u00ednac\u00ed skl\u00ed\u010didlo s upnut\u00edm podle syst\u00e9mu SDS plus<\/li>\n<li>Integrovan\u00e9 LED pracovn\u00ed sv\u011btlo<\/li>\n<li>Hloubkov\u00fd doraz z kovu<\/li>\n<li>Protiskluzov\u00e9 dr\u017eadlo s m\u011bkk\u00fdm povrchem<\/li>\n<li>P\u0159\u00eddavn\u00e9 dr\u017eadlo oto\u010dn\u00e9 o 360\u00b0<\/li>\n<li>V praktick\u00e9m kuf\u0159\u00edku<\/li>\n<li>Kompatibiln\u00ed s akumul\u00e1tory s\u00e9rie \u201ePARKSIDE X 20 V Team\u201c<\/li>\n<li>Doporu\u010den\u00fd akumul\u00e1tor: 20 V (8 Ah) Smart PAPS 208 A1<\/li>\n<li>Doporu\u010den\u00e1 nab\u00edje\u010dka: 12 A Smart PLGS 2012 A1<\/li>\n<li>Dodan\u00e9 p\u0159\u00edslu\u0161enstv\u00ed:\n<ul>\n<li>1x kovov\u00fd hloubkov\u00fd doraz<\/li>\n<li>1x p\u0159\u00eddavn\u00e9 dr\u017eadlo<\/li>\n<\/ul>\n<\/li>\n<li>Z\u00e1ruka: 5 let<\/li>\n<\/ul>\n<\/div>\n<\/div>\n<hr \/>\n<div class=\"c-2\">\n<div class=\"space p-r p-tb\"><b>Technick\u00e9 \u00fadaje<\/b><\/div>\n<\/div>\n<div class=\"c-8\">\n<div class=\"space p-tb\">\n<ul>\n<li>Energie \u00faderu: 3 J<\/li>\n<li>Po\u010det \u00fader\u016f (re\u017eim 1 \/ 2): 0\u20133 265 min<sup>-1<\/sup>\u00a0\/ 0\u20134 700 min<sup>-1<\/sup><\/li>\n<li>Ot\u00e1\u010dky napr\u00e1zdno: 0\u2013660 min<sup>-1\u00a0<\/sup>\/ 0\u2013950 min<sup>-1<\/sup><\/li>\n<li>Max. pr\u016fm\u011br vrt\u00e1n\u00ed: 24 mm do betonu a kamene \/ 13 mm do kovu \/ 27 mm do d\u0159eva<\/li>\n<\/ul>\n<\/div>\n<\/div>\n<hr \/>\n<div class=\"c-2\">\n<div class=\"space p-r p-tb\"><b>Materi\u00e1l<\/b><\/div>\n<\/div>\n<div class=\"c-8\">\n<div class=\"space p-tb\">\n<ul>\n<li>Plast, skeln\u00e9 vl\u00e1kno<\/li>\n<\/ul>\n<\/div>\n<\/div>\n<hr \/>\n<div class=\"c-2\">\n<div class=\"space p-r p-tb\"><b>Rozm\u011bry<\/b><\/div>\n<\/div>\n<div class=\"c-8\">\n<div class=\"space p-tb\">\n<ul>\n<li>cca 32,5 x 10,2 x 21,3 cm<\/li>\n<\/ul>\n<\/div>\n<\/div>\n<hr \/>\n<div class=\"c-2\">\n<div class=\"space p-r p-tb\"><b>Hmotnost<\/b><\/div>\n<\/div>\n<div class=\"c-8\">\n<div class=\"space p-tb\">\n<ul>\n<li>cca 2,837 kg<\/li>\n<\/ul>\n<\/div>\n<\/div>\n<\/div>\n<\/div>\n","protected":false},"excerpt":{"rendered":"<p>PARKSIDE PERFORMANCE Aku kombinovan\u00e9 kladivo PKHAP 20-Li C4 \u2013 bez akumul\u00e1toru a nab\u00edje\u010dky Popis Bezkart\u00e1\u010dov\u00fd motor (brushless motor) \u2013 mimo\u0159\u00e1dn\u011b [&hellip;]<\/p>\n","protected":false},"featured_media":21617,"comment_status":"open","ping_status":"closed","template":"","meta":{"_uag_custom_page_level_css":"","site-sidebar-layout":"default","site-content-layout":"","ast-site-content-layout":"","site-content-style":"default","site-sidebar-style":"default","ast-global-header-display":"","ast-banner-title-visibility":"","ast-main-header-display":"","ast-hfb-above-header-display":"","ast-hfb-below-header-display":"","ast-hfb-mobile-header-display":"","site-post-title":"","ast-breadcrumbs-content":"","ast-featured-img":"","footer-sml-layout":"","theme-transparent-header-meta":"","adv-header-id-meta":"","stick-header-meta":"","header-above-stick-meta":"","header-main-stick-meta":"","header-below-stick-meta":"","astra-migrate-meta-layouts":"default","ast-page-background-enabled":"default","ast-page-background-meta":{"desktop":{"background-color":"var(--ast-global-color-4)","background-image":"","background-repeat":"repeat","background-position":"center center","background-size":"auto","background-attachment":"scroll","background-type":"","background-media":"","overlay-type":"","overlay-color":"","overlay-opacity":"","overlay-gradient":""},"tablet":{"background-color":"","background-image":"","background-repeat":"repeat","background-position":"center center","background-size":"auto","background-attachment":"scroll","background-type":"","background-media":"","overlay-type":"","overlay-color":"","overlay-opacity":"","overlay-gradient":""},"mobile":{"background-color":"","background-image":"","background-repeat":"repeat","background-position":"center center","background-size":"auto","background-attachment":"scroll","background-type":"","background-media":"","overlay-type":"","overlay-color":"","overlay-opacity":"","overlay-gradient":""}},"ast-content-background-meta":{"desktop":{"background-color":"var(--ast-global-color-5)","background-image":"","background-repeat":"repeat","background-position":"center center","background-size":"auto","background-attachment":"scroll","background-type":"","background-media":"","overlay-type":"","overlay-color":"","overlay-opacity":"","overlay-gradient":""},"tablet":{"background-color":"var(--ast-global-color-5)","background-image":"","background-repeat":"repeat","background-position":"center center","background-size":"auto","background-attachment":"scroll","background-type":"","background-media":"","overlay-type":"","overlay-color":"","overlay-opacity":"","overlay-gradient":""},"mobile":{"background-color":"var(--ast-global-color-5)","background-image":"","background-repeat":"repeat","background-position":"center center","background-size":"auto","background-attachment":"scroll","background-type":"","background-media":"","overlay-type":"","overlay-color":"","overlay-opacity":"","overlay-gradient":""}}},"product_brand":[],"product_cat":[100,71],"product_tag":[],"class_list":{"0":"post-21616","1":"product","2":"type-product","3":"status-publish","4":"has-post-thumbnail","6":"product_cat-dilna","7":"product_cat-dilna-a-zahrada","8":"desktop-align-left","9":"tablet-align-left","10":"mobile-align-left","12":"first","13":"outofstock","14":"sale","15":"shipping-taxable","16":"purchasable","17":"product-type-simple"},"uagb_featured_image_src":{"full":["https:\/\/home-goods.cz\/wp-content\/uploads\/2025\/07\/gcp30b07b74b6ab4239b7c5e4fbe75fc300.webp",1500,1125,false],"thumbnail":["https:\/\/home-goods.cz\/wp-content\/uploads\/2025\/07\/gcp30b07b74b6ab4239b7c5e4fbe75fc300-150x150.webp",150,150,true],"medium":["https:\/\/home-goods.cz\/wp-content\/uploads\/2025\/07\/gcp30b07b74b6ab4239b7c5e4fbe75fc300-400x300.webp",400,300,true],"medium_large":["https:\/\/home-goods.cz\/wp-content\/uploads\/2025\/07\/gcp30b07b74b6ab4239b7c5e4fbe75fc300-768x576.webp",768,576,true],"large":["https:\/\/home-goods.cz\/wp-content\/uploads\/2025\/07\/gcp30b07b74b6ab4239b7c5e4fbe75fc300-1067x800.webp",1067,800,true],"1536x1536":["https:\/\/home-goods.cz\/wp-content\/uploads\/2025\/07\/gcp30b07b74b6ab4239b7c5e4fbe75fc300.webp",1500,1125,false],"2048x2048":["https:\/\/home-goods.cz\/wp-content\/uploads\/2025\/07\/gcp30b07b74b6ab4239b7c5e4fbe75fc300.webp",1500,1125,false],"woocommerce_thumbnail":["https:\/\/home-goods.cz\/wp-content\/uploads\/2025\/07\/gcp30b07b74b6ab4239b7c5e4fbe75fc300-600x450.webp",600,450,true],"woocommerce_single":["https:\/\/home-goods.cz\/wp-content\/uploads\/2025\/07\/gcp30b07b74b6ab4239b7c5e4fbe75fc300-700x525.webp",700,525,true],"woocommerce_gallery_thumbnail":["https:\/\/home-goods.cz\/wp-content\/uploads\/2025\/07\/gcp30b07b74b6ab4239b7c5e4fbe75fc300-100x100.webp",100,100,true]},"uagb_author_info":{"display_name":"Nahorniuk Vladyslav","author_link":"https:\/\/home-goods.cz\/author\/"},"uagb_comment_info":0,"uagb_excerpt":"PARKSIDE PERFORMANCE Aku kombinovan\u00e9 kladivo PKHAP 20-Li C4 \u2013 bez akumul\u00e1toru a nab\u00edje\u010dky Popis Bezkart\u00e1\u010dov\u00fd motor (brushless motor) \u2013 mimo\u0159\u00e1dn\u011b [&hellip;]","_links":{"self":[{"href":"https:\/\/home-goods.cz\/wp-json\/wp\/v2\/product\/21616","targetHints":{"allow":["GET"]}}],"collection":[{"href":"https:\/\/home-goods.cz\/wp-json\/wp\/v2\/product"}],"about":[{"href":"https:\/\/home-goods.cz\/wp-json\/wp\/v2\/types\/product"}],"replies":[{"embeddable":true,"href":"https:\/\/home-goods.cz\/wp-json\/wp\/v2\/comments?post=21616"}],"wp:featuredmedia":[{"embeddable":true,"href":"https:\/\/home-goods.cz\/wp-json\/wp\/v2\/media\/21617"}],"wp:attachment":[{"href":"https:\/\/home-goods.cz\/wp-json\/wp\/v2\/media?parent=21616"}],"wp:term":[{"taxonomy":"product_brand","embeddable":true,"href":"https:\/\/home-goods.cz\/wp-json\/wp\/v2\/product_brand?post=21616"},{"taxonomy":"product_cat","embeddable":true,"href":"https:\/\/home-goods.cz\/wp-json\/wp\/v2\/product_cat?post=21616"},{"taxonomy":"product_tag","embeddable":true,"href":"https:\/\/home-goods.cz\/wp-json\/wp\/v2\/product_tag?post=21616"}],"curies":[{"name":"wp","href":"https:\/\/api.w.org\/{rel}","templated":true}]}}