{"id":21607,"date":"2025-07-05T16:56:43","date_gmt":"2025-07-05T14:56:43","guid":{"rendered":"https:\/\/home-goods.cz\/?post_type=product&#038;p=21607"},"modified":"2026-03-11T10:07:58","modified_gmt":"2026-03-11T09:07:58","slug":"parkside-aku-pumpa-palp-20-li-b2-bez-akumulatoru-a-nabijecky","status":"publish","type":"product","link":"https:\/\/home-goods.cz\/produkt\/parkside-aku-pumpa-palp-20-li-b2-bez-akumulatoru-a-nabijecky\/","title":{"rendered":"PARKSIDE\u00ae Aku pumpa PALP 20-Li B2 \u2013 bez akumul\u00e1toru a nab\u00edje\u010dky"},"content":{"rendered":"<p><strong>Aku pumpa PALP 20-Li B2<\/strong><\/p>\n<ul>\n<li>Pro rychl\u00e9 hu\u0161t\u011bn\u00ed p\u0159i vysok\u00e9 pot\u0159eb\u011b objemu vzduchu<\/li>\n<li>Ide\u00e1ln\u00ed pro nafukovac\u00ed matrace, nafukovac\u00ed \u010dluny nebo nafukovac\u00ed pl\u00e1\u017eov\u00e9 p\u0159edm\u011bty<\/li>\n<li>Kompaktn\u00ed t\u011blo s pogumovan\u00fdm dr\u017eadlem a LED pracovn\u00edm sv\u011btlem<\/li>\n<li>Vhodn\u00e1 tak\u00e9 k vypou\u0161t\u011bn\u00ed vzduchu<\/li>\n<li>Praktick\u00fd kuf\u0159\u00edk na ulo\u017een\u00ed<\/li>\n<li>Dodan\u00e9 p\u0159\u00edslu\u0161enstv\u00ed: 3 univerz\u00e1ln\u00ed ventilov\u00e9 adapt\u00e9ry<\/li>\n<li>Kompatibiln\u00ed se v\u0161emi akumul\u00e1tory s\u00e9rie \u201eX 20 V Team\u201c<\/li>\n<li>Doporu\u010den\u00fd akumul\u00e1tor: 20 V (2 Ah)<\/li>\n<li>Akumul\u00e1tor a nab\u00edje\u010dka nejsou sou\u010d\u00e1st\u00ed balen\u00ed<\/li>\n<\/ul>\n<div class=\"c-2\">\n<div class=\"space p-r p-tb\"><b>Technick\u00e9 \u00fadaje<\/b><\/div>\n<\/div>\n<div class=\"c-8\">\n<div class=\"space p-tb\">\n<p><strong>Aku pumpa PALP 20-Li B2<\/strong><\/p>\n<ul>\n<li>Rychlost proud\u011bn\u00ed vzduchu: 70 m\u00b3\/h<\/li>\n<\/ul>\n<div class=\"c-2\">\n<div class=\"space p-r p-tb\"><b>Rozm\u011bry<\/b><\/div>\n<\/div>\n<div class=\"c-8\">\n<div class=\"space p-tb\">\n<ul>\n<li>Aku pumpa PALP 20-Li B2: 18,1 x 14,8 x 7 cm<\/li>\n<\/ul>\n<div class=\"c-2\">\n<div class=\"space p-r p-tb\"><b>Hmotnost<\/b><\/div>\n<\/div>\n<div class=\"c-8\">\n<div class=\"space p-tb\">\n<ul>\n<li>Aku pumpa PALP 20-Li B2: cca 435 g<\/li>\n<\/ul>\n<\/div>\n<\/div>\n<\/div>\n<\/div>\n<\/div>\n<\/div>\n","protected":false},"excerpt":{"rendered":"<p>Aku pumpa PALP 20-Li B2 Pro rychl\u00e9 hu\u0161t\u011bn\u00ed p\u0159i vysok\u00e9 pot\u0159eb\u011b objemu vzduchu Ide\u00e1ln\u00ed pro nafukovac\u00ed matrace, nafukovac\u00ed \u010dluny nebo [&hellip;]<\/p>\n","protected":false},"featured_media":21608,"comment_status":"open","ping_status":"closed","template":"","meta":{"_uag_custom_page_level_css":"","site-sidebar-layout":"default","site-content-layout":"","ast-site-content-layout":"","site-content-style":"default","site-sidebar-style":"default","ast-global-header-display":"","ast-banner-title-visibility":"","ast-main-header-display":"","ast-hfb-above-header-display":"","ast-hfb-below-header-display":"","ast-hfb-mobile-header-display":"","site-post-title":"","ast-breadcrumbs-content":"","ast-featured-img":"","footer-sml-layout":"","theme-transparent-header-meta":"","adv-header-id-meta":"","stick-header-meta":"","header-above-stick-meta":"","header-main-stick-meta":"","header-below-stick-meta":"","astra-migrate-meta-layouts":"default","ast-page-background-enabled":"default","ast-page-background-meta":{"desktop":{"background-color":"var(--ast-global-color-4)","background-image":"","background-repeat":"repeat","background-position":"center center","background-size":"auto","background-attachment":"scroll","background-type":"","background-media":"","overlay-type":"","overlay-color":"","overlay-opacity":"","overlay-gradient":""},"tablet":{"background-color":"","background-image":"","background-repeat":"repeat","background-position":"center center","background-size":"auto","background-attachment":"scroll","background-type":"","background-media":"","overlay-type":"","overlay-color":"","overlay-opacity":"","overlay-gradient":""},"mobile":{"background-color":"","background-image":"","background-repeat":"repeat","background-position":"center center","background-size":"auto","background-attachment":"scroll","background-type":"","background-media":"","overlay-type":"","overlay-color":"","overlay-opacity":"","overlay-gradient":""}},"ast-content-background-meta":{"desktop":{"background-color":"var(--ast-global-color-5)","background-image":"","background-repeat":"repeat","background-position":"center center","background-size":"auto","background-attachment":"scroll","background-type":"","background-media":"","overlay-type":"","overlay-color":"","overlay-opacity":"","overlay-gradient":""},"tablet":{"background-color":"var(--ast-global-color-5)","background-image":"","background-repeat":"repeat","background-position":"center center","background-size":"auto","background-attachment":"scroll","background-type":"","background-media":"","overlay-type":"","overlay-color":"","overlay-opacity":"","overlay-gradient":""},"mobile":{"background-color":"var(--ast-global-color-5)","background-image":"","background-repeat":"repeat","background-position":"center center","background-size":"auto","background-attachment":"scroll","background-type":"","background-media":"","overlay-type":"","overlay-color":"","overlay-opacity":"","overlay-gradient":""}}},"product_brand":[],"product_cat":[71],"product_tag":[],"class_list":{"0":"post-21607","1":"product","2":"type-product","3":"status-publish","4":"has-post-thumbnail","6":"product_cat-dilna-a-zahrada","7":"desktop-align-left","8":"tablet-align-left","9":"mobile-align-left","11":"first","12":"outofstock","13":"sale","14":"shipping-taxable","15":"purchasable","16":"product-type-simple"},"uagb_featured_image_src":{"full":["https:\/\/home-goods.cz\/wp-content\/uploads\/2025\/07\/gcp6bd94f7a51f5438cbb5c6214750c2ed9.webp",1500,1125,false],"thumbnail":["https:\/\/home-goods.cz\/wp-content\/uploads\/2025\/07\/gcp6bd94f7a51f5438cbb5c6214750c2ed9-150x150.webp",150,150,true],"medium":["https:\/\/home-goods.cz\/wp-content\/uploads\/2025\/07\/gcp6bd94f7a51f5438cbb5c6214750c2ed9-400x300.webp",400,300,true],"medium_large":["https:\/\/home-goods.cz\/wp-content\/uploads\/2025\/07\/gcp6bd94f7a51f5438cbb5c6214750c2ed9-768x576.webp",768,576,true],"large":["https:\/\/home-goods.cz\/wp-content\/uploads\/2025\/07\/gcp6bd94f7a51f5438cbb5c6214750c2ed9-1067x800.webp",1067,800,true],"1536x1536":["https:\/\/home-goods.cz\/wp-content\/uploads\/2025\/07\/gcp6bd94f7a51f5438cbb5c6214750c2ed9.webp",1500,1125,false],"2048x2048":["https:\/\/home-goods.cz\/wp-content\/uploads\/2025\/07\/gcp6bd94f7a51f5438cbb5c6214750c2ed9.webp",1500,1125,false],"woocommerce_thumbnail":["https:\/\/home-goods.cz\/wp-content\/uploads\/2025\/07\/gcp6bd94f7a51f5438cbb5c6214750c2ed9-600x450.webp",600,450,true],"woocommerce_single":["https:\/\/home-goods.cz\/wp-content\/uploads\/2025\/07\/gcp6bd94f7a51f5438cbb5c6214750c2ed9-700x525.webp",700,525,true],"woocommerce_gallery_thumbnail":["https:\/\/home-goods.cz\/wp-content\/uploads\/2025\/07\/gcp6bd94f7a51f5438cbb5c6214750c2ed9-100x100.webp",100,100,true]},"uagb_author_info":{"display_name":"Nahorniuk Vladyslav","author_link":"https:\/\/home-goods.cz\/author\/"},"uagb_comment_info":0,"uagb_excerpt":"Aku pumpa PALP 20-Li B2 Pro rychl\u00e9 hu\u0161t\u011bn\u00ed p\u0159i vysok\u00e9 pot\u0159eb\u011b objemu vzduchu Ide\u00e1ln\u00ed pro nafukovac\u00ed matrace, nafukovac\u00ed \u010dluny nebo [&hellip;]","_links":{"self":[{"href":"https:\/\/home-goods.cz\/wp-json\/wp\/v2\/product\/21607","targetHints":{"allow":["GET"]}}],"collection":[{"href":"https:\/\/home-goods.cz\/wp-json\/wp\/v2\/product"}],"about":[{"href":"https:\/\/home-goods.cz\/wp-json\/wp\/v2\/types\/product"}],"replies":[{"embeddable":true,"href":"https:\/\/home-goods.cz\/wp-json\/wp\/v2\/comments?post=21607"}],"wp:featuredmedia":[{"embeddable":true,"href":"https:\/\/home-goods.cz\/wp-json\/wp\/v2\/media\/21608"}],"wp:attachment":[{"href":"https:\/\/home-goods.cz\/wp-json\/wp\/v2\/media?parent=21607"}],"wp:term":[{"taxonomy":"product_brand","embeddable":true,"href":"https:\/\/home-goods.cz\/wp-json\/wp\/v2\/product_brand?post=21607"},{"taxonomy":"product_cat","embeddable":true,"href":"https:\/\/home-goods.cz\/wp-json\/wp\/v2\/product_cat?post=21607"},{"taxonomy":"product_tag","embeddable":true,"href":"https:\/\/home-goods.cz\/wp-json\/wp\/v2\/product_tag?post=21607"}],"curies":[{"name":"wp","href":"https:\/\/api.w.org\/{rel}","templated":true}]}}