{"id":21469,"date":"2025-07-03T11:16:00","date_gmt":"2025-07-03T09:16:00","guid":{"rendered":"https:\/\/home-goods.cz\/?product=parkside-stolni-vrtacka-s-elektronickou-regulaci-otacek-ptbmod-710-c3-2"},"modified":"2025-09-02T00:57:16","modified_gmt":"2025-09-01T22:57:16","slug":"parkside-stolni-vrtacka-s-elektronickou-regulaci-otacek-ptbmod-710-c3-2","status":"publish","type":"product","link":"https:\/\/home-goods.cz\/produkt\/parkside-stolni-vrtacka-s-elektronickou-regulaci-otacek-ptbmod-710-c3-2\/","title":{"rendered":"PARKSIDE\u00ae Stoln\u00ed vrta\u010dka s elektronickou regulac\u00ed ot\u00e1\u010dek PTBMOD 710 C3"},"content":{"rendered":"<h2 style=\"background-repeat: no-repeat;margin: 0px;padding: 0px;font-family: Roboto, sans-serif;font-style: normal;letter-spacing: 0.25px;text-align: start;text-indent: 0px;text-transform: none;text-decoration: none\">PARKSIDE\u00ae Stoln\u00ed vrta\u010dka s elektronickou regulac\u00ed ot\u00e1\u010dek PTBMOD 710 C3<\/h2>\n<p style=\"background-repeat: no-repeat;margin: 0px;padding: 0px;font-family: Roboto, sans-serif;font-size: 14px;font-style: normal;font-weight: 400;letter-spacing: 0.25px;text-align: start;text-indent: 0px;text-transform: none;text-decoration: none\"><strong style=\"background-repeat: no-repeat;margin: 0px;padding: 0px;font-weight: bolder\">Popis<\/strong><\/p>\n<ul style=\"background-repeat: no-repeat;margin: 0px;padding: 0px;font-family: Roboto, sans-serif;font-size: 14px;font-style: normal;font-weight: 400;letter-spacing: 0.25px;text-align: start;text-indent: 0px;text-transform: none;text-decoration: none\">\n<li style=\"background-repeat: no-repeat;margin: 0px;padding: 0px\">Na p\u0159esn\u00e9 vrt\u00e1n\u00ed do d\u0159eva, kovu a um\u011bl\u00e9 hmoty<\/li>\n<li style=\"background-repeat: no-repeat;margin: 0px;padding: 0px\">V\u00fdkonn\u00fd 710W motor s elektronickou regulac\u00ed ot\u00e1\u010dek<\/li>\n<li style=\"background-repeat: no-repeat;margin: 0px;padding: 0px\">Constant Speed Control \u2013 elektronick\u00e9 monitorov\u00e1n\u00ed ot\u00e1\u010dek pro konstantn\u00ed po\u010det ot\u00e1\u010dek ve v\u0161ech materi\u00e1lech<\/li>\n<li style=\"background-repeat: no-repeat;margin: 0px;padding: 0px\">Hloubkov\u00fd doraz a nastaven\u00ed nulov\u00e9ho bodu pro rovnom\u011brn\u011b hlubok\u00e9 vrt\u00e1n\u00ed<\/li>\n<li style=\"background-repeat: no-repeat;margin: 0px;padding: 0px\">Integrovan\u00fd laser pro voln\u011b nastavitelnou zna\u010dku vrt\u00e1n\u00ed<\/li>\n<li style=\"background-repeat: no-repeat;margin: 0px;padding: 0px\">Pohodln\u00e9 dr\u017eadlo s vratnou pru\u017einou<\/li>\n<li style=\"background-repeat: no-repeat;margin: 0px;padding: 0px\">Velk\u00e1 z\u00e1kladn\u00ed deska z litiny pro mont\u00e1\u017e k pracovn\u00edmu stolu (mont\u00e1\u017en\u00ed materi\u00e1l nen\u00ed sou\u010d\u00e1st\u00ed dod\u00e1vky)<\/li>\n<li style=\"background-repeat: no-repeat;margin: 0px;padding: 0px\">Rychloup\u00ednac\u00ed za\u0159\u00edzen\u00ed pro snadn\u00e9 a bezpe\u010dn\u00e9 upevn\u011bn\u00ed obrobku (vhodn\u00e9 tak\u00e9 pro kulat\u00e9 obrobky)<\/li>\n<li style=\"background-repeat: no-repeat;margin: 0px;padding: 0px\">Paraleln\u00ed doraz pro bezpe\u010dn\u00e9 polohov\u00e1n\u00ed obrobku<\/li>\n<li style=\"background-repeat: no-repeat;margin: 0px;padding: 0px\">P\u0159\u00edslu\u0161enstv\u00ed: 2 kl\u00ed\u010de s vnit\u0159n\u00edm \u0161estihranem, 1 kli\u010dka ke skl\u00ed\u010didlu,<span style=\"background-repeat: no-repeat;margin: 0px;padding: 0px\"> <\/span>1 paraleln\u00ed doraz<\/li>\n<\/ul>\n<hr style=\"background-repeat: no-repeat;margin: 0px;padding: 0px;height: 0px;overflow: visible;font-family: Roboto, sans-serif;font-size: 14px;font-style: normal;font-weight: 400;letter-spacing: 0.25px;text-align: start;text-indent: 0px;text-transform: none;text-decoration: none\">\n<p style=\"background-repeat: no-repeat;margin: 0px;padding: 0px;font-family: Roboto, sans-serif;font-size: 14px;font-style: normal;font-weight: 400;letter-spacing: 0.25px;text-align: start;text-indent: 0px;text-transform: none;text-decoration: none\"><strong style=\"background-repeat: no-repeat;margin: 0px;padding: 0px;font-weight: bolder\">Technick\u00e9 \u00fadaje<\/strong><\/p>\n<ul style=\"background-repeat: no-repeat;margin: 0px;padding: 0px;font-family: Roboto, sans-serif;font-size: 14px;font-style: normal;font-weight: 400;letter-spacing: 0.25px;text-align: start;text-indent: 0px;text-transform: none;text-decoration: none\">\n<li style=\"background-repeat: no-repeat;margin: 0px;padding: 0px\">P\u0159\u00edkon: 710 W<\/li>\n<li style=\"background-repeat: no-repeat;margin: 0px;padding: 0px\">Ot\u00e1\u010dky napr\u00e1zdno: 500-2600 min\u207b\u00b9<\/li>\n<li style=\"background-repeat: no-repeat;margin: 0px;padding: 0px\">Vrtac\u00ed zdvih: 0-80 mm<\/li>\n<li style=\"background-repeat: no-repeat;margin: 0px;padding: 0px\">Kapacita skl\u00ed\u010didla: 1,5-13 mm<\/li>\n<li style=\"background-repeat: no-repeat;margin: 0px;padding: 0px\">Max. pr\u016fm\u011br vrt\u00e1n\u00ed: 40 mm do d\u0159eva, 13 mm do oceli<\/li>\n<\/ul>\n<hr style=\"background-repeat: no-repeat;margin: 0px;padding: 0px;height: 0px;overflow: visible;font-family: Roboto, sans-serif;font-size: 14px;font-style: normal;font-weight: 400;letter-spacing: 0.25px;text-align: start;text-indent: 0px;text-transform: none;text-decoration: none\">\n<p style=\"background-repeat: no-repeat;margin: 0px;padding: 0px;font-family: Roboto, sans-serif;font-size: 14px;font-style: normal;font-weight: 400;letter-spacing: 0.25px;text-align: start;text-indent: 0px;text-transform: none;text-decoration: none\"><strong style=\"background-repeat: no-repeat;margin: 0px;padding: 0px;font-weight: bolder\">Rozm\u011bry<\/strong><\/p>\n<ul style=\"background-repeat: no-repeat;margin: 0px;padding: 0px;font-family: Roboto, sans-serif;font-size: 14px;font-style: normal;font-weight: 400;letter-spacing: 0.25px;text-align: start;text-indent: 0px;text-transform: none;text-decoration: none\">\n<li style=\"background-repeat: no-repeat;margin: 0px;padding: 0px\">D\u00e9lka s\u00ed\u0165ov\u00e9ho kabelu: cca 2 m<\/li>\n<li style=\"background-repeat: no-repeat;margin: 0px;padding: 0px\">Rozm\u011bry z\u00e1kladn\u00ed desky: 320 x 305 mm<\/li>\n<\/ul>\n","protected":false},"excerpt":{"rendered":"<p>PARKSIDE\u00ae Stoln\u00ed vrta\u010dka s elektronickou regulac\u00ed ot\u00e1\u010dek PTBMOD 710 C3 Popis Na p\u0159esn\u00e9 vrt\u00e1n\u00ed do d\u0159eva, kovu a um\u011bl\u00e9 hmoty [&hellip;]<\/p>\n","protected":false},"featured_media":21462,"comment_status":"open","ping_status":"closed","template":"","meta":{"_uag_custom_page_level_css":"","site-sidebar-layout":"default","site-content-layout":"","ast-site-content-layout":"","site-content-style":"default","site-sidebar-style":"default","ast-global-header-display":"","ast-banner-title-visibility":"","ast-main-header-display":"","ast-hfb-above-header-display":"","ast-hfb-below-header-display":"","ast-hfb-mobile-header-display":"","site-post-title":"","ast-breadcrumbs-content":"","ast-featured-img":"","footer-sml-layout":"","theme-transparent-header-meta":"","adv-header-id-meta":"","stick-header-meta":"","header-above-stick-meta":"","header-main-stick-meta":"","header-below-stick-meta":"","astra-migrate-meta-layouts":"default","ast-page-background-enabled":"default","ast-page-background-meta":{"desktop":{"background-color":"var(--ast-global-color-4)","background-image":"","background-repeat":"repeat","background-position":"center center","background-size":"auto","background-attachment":"scroll","background-type":"","background-media":"","overlay-type":"","overlay-color":"","overlay-opacity":"","overlay-gradient":""},"tablet":{"background-color":"","background-image":"","background-repeat":"repeat","background-position":"center center","background-size":"auto","background-attachment":"scroll","background-type":"","background-media":"","overlay-type":"","overlay-color":"","overlay-opacity":"","overlay-gradient":""},"mobile":{"background-color":"","background-image":"","background-repeat":"repeat","background-position":"center center","background-size":"auto","background-attachment":"scroll","background-type":"","background-media":"","overlay-type":"","overlay-color":"","overlay-opacity":"","overlay-gradient":""}},"ast-content-background-meta":{"desktop":{"background-color":"var(--ast-global-color-5)","background-image":"","background-repeat":"repeat","background-position":"center center","background-size":"auto","background-attachment":"scroll","background-type":"","background-media":"","overlay-type":"","overlay-color":"","overlay-opacity":"","overlay-gradient":""},"tablet":{"background-color":"var(--ast-global-color-5)","background-image":"","background-repeat":"repeat","background-position":"center center","background-size":"auto","background-attachment":"scroll","background-type":"","background-media":"","overlay-type":"","overlay-color":"","overlay-opacity":"","overlay-gradient":""},"mobile":{"background-color":"var(--ast-global-color-5)","background-image":"","background-repeat":"repeat","background-position":"center center","background-size":"auto","background-attachment":"scroll","background-type":"","background-media":"","overlay-type":"","overlay-color":"","overlay-opacity":"","overlay-gradient":""}}},"product_brand":[],"product_cat":[100,71],"product_tag":[],"class_list":{"0":"post-21469","1":"product","2":"type-product","3":"status-publish","4":"has-post-thumbnail","6":"product_cat-dilna","7":"product_cat-dilna-a-zahrada","8":"desktop-align-left","9":"tablet-align-left","10":"mobile-align-left","12":"first","13":"instock","14":"sale","15":"shipping-taxable","16":"purchasable","17":"product-type-simple"},"uagb_featured_image_src":{"full":["https:\/\/home-goods.cz\/wp-content\/uploads\/2025\/07\/img_4360.jpeg",1500,1125,false],"thumbnail":["https:\/\/home-goods.cz\/wp-content\/uploads\/2025\/07\/img_4360-150x150.jpeg",150,150,true],"medium":["https:\/\/home-goods.cz\/wp-content\/uploads\/2025\/07\/img_4360-400x300.jpeg",400,300,true],"medium_large":["https:\/\/home-goods.cz\/wp-content\/uploads\/2025\/07\/img_4360-768x576.jpeg",768,576,true],"large":["https:\/\/home-goods.cz\/wp-content\/uploads\/2025\/07\/img_4360-1067x800.jpeg",1067,800,true],"1536x1536":["https:\/\/home-goods.cz\/wp-content\/uploads\/2025\/07\/img_4360.jpeg",1500,1125,false],"2048x2048":["https:\/\/home-goods.cz\/wp-content\/uploads\/2025\/07\/img_4360.jpeg",1500,1125,false],"woocommerce_thumbnail":["https:\/\/home-goods.cz\/wp-content\/uploads\/2025\/07\/img_4360-600x450.jpeg",600,450,true],"woocommerce_single":["https:\/\/home-goods.cz\/wp-content\/uploads\/2025\/07\/img_4360-700x525.jpeg",700,525,true],"woocommerce_gallery_thumbnail":["https:\/\/home-goods.cz\/wp-content\/uploads\/2025\/07\/img_4360-100x100.jpeg",100,100,true]},"uagb_author_info":{"display_name":"Nahorniuk Vladyslav","author_link":"https:\/\/home-goods.cz\/author\/"},"uagb_comment_info":0,"uagb_excerpt":"PARKSIDE\u00ae Stoln\u00ed vrta\u010dka s elektronickou regulac\u00ed ot\u00e1\u010dek PTBMOD 710 C3 Popis Na p\u0159esn\u00e9 vrt\u00e1n\u00ed do d\u0159eva, kovu a um\u011bl\u00e9 hmoty [&hellip;]","_links":{"self":[{"href":"https:\/\/home-goods.cz\/wp-json\/wp\/v2\/product\/21469","targetHints":{"allow":["GET"]}}],"collection":[{"href":"https:\/\/home-goods.cz\/wp-json\/wp\/v2\/product"}],"about":[{"href":"https:\/\/home-goods.cz\/wp-json\/wp\/v2\/types\/product"}],"replies":[{"embeddable":true,"href":"https:\/\/home-goods.cz\/wp-json\/wp\/v2\/comments?post=21469"}],"wp:featuredmedia":[{"embeddable":true,"href":"https:\/\/home-goods.cz\/wp-json\/wp\/v2\/media\/21462"}],"wp:attachment":[{"href":"https:\/\/home-goods.cz\/wp-json\/wp\/v2\/media?parent=21469"}],"wp:term":[{"taxonomy":"product_brand","embeddable":true,"href":"https:\/\/home-goods.cz\/wp-json\/wp\/v2\/product_brand?post=21469"},{"taxonomy":"product_cat","embeddable":true,"href":"https:\/\/home-goods.cz\/wp-json\/wp\/v2\/product_cat?post=21469"},{"taxonomy":"product_tag","embeddable":true,"href":"https:\/\/home-goods.cz\/wp-json\/wp\/v2\/product_tag?post=21469"}],"curies":[{"name":"wp","href":"https:\/\/api.w.org\/{rel}","templated":true}]}}