{"id":21267,"date":"2025-06-11T18:36:11","date_gmt":"2025-06-11T16:36:11","guid":{"rendered":"https:\/\/home-goods.cz\/?post_type=product&#038;p=21267"},"modified":"2026-03-21T19:26:43","modified_gmt":"2026-03-21T18:26:43","slug":"rotacni-kulmofen-remington-blow-dry-style-as7580","status":"publish","type":"product","link":"https:\/\/home-goods.cz\/produkt\/rotacni-kulmofen-remington-blow-dry-style-as7580\/","title":{"rendered":"Rota\u010dn\u00ed kulmof\u00e9n Remington Blow Dry &#038; Style AS7580"},"content":{"rendered":"<h1 data-start=\"0\" data-end=\"72\"><strong data-start=\"0\" data-end=\"72\">Upozorn\u011bn\u00ed: Tento produkt je nov\u00fd, ale <em data-start=\"43\" data-end=\"67\">bez origin\u00e1ln\u00ed krabice<\/em>.<\/strong><\/h1>\n<h3 data-start=\"79\" data-end=\"172\"><strong data-start=\"83\" data-end=\"172\">Remington Blow Dry &amp; Style AS7580 \u2013 rota\u010dn\u00ed kulmof\u00e9n pro perfektn\u00ed ka\u017edodenn\u00ed styling<\/strong><\/h3>\n<p data-start=\"174\" data-end=\"454\">Stylujte sv\u00e9 vlasy snadno, rychle a \u0161etrn\u011b s profesion\u00e1ln\u00edm kulmof\u00e9nem <strong data-start=\"245\" data-end=\"282\">Remington Blow Dry &amp; Style AS7580<\/strong>. Tento v\u00fdkonn\u00fd p\u0159\u00edstroj je navr\u017een tak, aby va\u0161e vlasy z\u016fstaly <strong data-start=\"346\" data-end=\"380\">hladk\u00e9, leskl\u00e9 a bez krepat\u011bn\u00ed<\/strong>, a to d\u00edky siln\u00e9mu, ale jemn\u00e9mu proudu vzduchu a <strong data-start=\"430\" data-end=\"453\">keramick\u00e9mu kart\u00e1\u010di<\/strong>.<\/p>\n<h3 data-start=\"456\" data-end=\"480\">\u2705 Hlavn\u00ed vlastnosti:<\/h3>\n<ul data-start=\"481\" data-end=\"766\">\n<li data-start=\"481\" data-end=\"529\">\n<p data-start=\"483\" data-end=\"529\"><strong data-start=\"483\" data-end=\"501\">Rota\u010dn\u00ed funkce<\/strong> pro snadn\u00fd a rychl\u00fd styling<\/p>\n<\/li>\n<li data-start=\"530\" data-end=\"586\">\n<p data-start=\"532\" data-end=\"586\"><strong data-start=\"532\" data-end=\"555\">V\u00fdkonn\u00fd 1000W motor<\/strong> \u2013 efektivn\u00ed vysou\u0161en\u00ed i \u00faprava<\/p>\n<\/li>\n<li data-start=\"587\" data-end=\"616\">\n<p data-start=\"589\" data-end=\"616\"><strong data-start=\"589\" data-end=\"616\">2 teploty a 2 rychlosti<\/strong><\/p>\n<\/li>\n<li data-start=\"617\" data-end=\"668\">\n<p data-start=\"619\" data-end=\"668\"><strong data-start=\"619\" data-end=\"647\">Funkce studen\u00e9ho vzduchu<\/strong> pro zafixov\u00e1n\u00ed \u00fa\u010desu<\/p>\n<\/li>\n<li data-start=\"669\" data-end=\"717\">\n<p data-start=\"671\" data-end=\"717\"><strong data-start=\"671\" data-end=\"690\">Ioniza\u010dn\u00ed efekt<\/strong> \u2013 zamezuje krepat\u011bn\u00ed vlas\u016f<\/p>\n<\/li>\n<li data-start=\"718\" data-end=\"766\">\n<p data-start=\"720\" data-end=\"766\"><strong data-start=\"720\" data-end=\"736\">Oto\u010dn\u00fd kabel<\/strong>, z\u00e1v\u011bsn\u00e9 o\u010dko, snadn\u00e9 \u010di\u0161t\u011bn\u00ed<\/p>\n<\/li>\n<\/ul>\n<h3 data-start=\"768\" data-end=\"791\">\ud83c\udf81 Balen\u00ed obsahuje:<\/h3>\n<ul data-start=\"792\" data-end=\"947\">\n<li data-start=\"792\" data-end=\"819\">\n<p data-start=\"794\" data-end=\"819\">Kulmof\u00e9n Remington AS7580<\/p>\n<\/li>\n<li data-start=\"820\" data-end=\"868\">\n<p data-start=\"822\" data-end=\"868\"><strong data-start=\"822\" data-end=\"842\">Keramick\u00fd kart\u00e1\u010d<\/strong> 40 mm s m\u011bkk\u00fdmi \u0161t\u011btinami<\/p>\n<\/li>\n<li data-start=\"869\" data-end=\"907\">\n<p data-start=\"871\" data-end=\"907\"><strong data-start=\"871\" data-end=\"888\">Ploch\u00fd kart\u00e1\u010d<\/strong> pro uhlazen\u00ed vlas\u016f<\/p>\n<\/li>\n<li data-start=\"908\" data-end=\"947\">\n<p data-start=\"910\" data-end=\"947\"><strong data-start=\"910\" data-end=\"926\">Koncentr\u00e1tor<\/strong> pro p\u0159esn\u00e9 vysou\u0161en\u00ed<\/p>\n<\/li>\n<\/ul>\n<p data-start=\"949\" data-end=\"1127\">D\u00edky vym\u011bniteln\u00fdm n\u00e1stavc\u016fm a v\u00edce sm\u011br\u016fm rotace je tento kulmof\u00e9n <strong data-start=\"1016\" data-end=\"1058\">ide\u00e1ln\u00ed pro v\u0161echny typy a d\u00e9lky vlas\u016f<\/strong>. Praktick\u00fd design nav\u00edc umo\u017e\u0148uje jednoduch\u00e9 skladov\u00e1n\u00ed i manipulaci.<\/p>\n","protected":false},"excerpt":{"rendered":"<p data-start=\"0\" data-end=\"72\"><strong data-start=\"0\" data-end=\"72\">Upozorn\u011bn\u00ed: Tento produkt je nov\u00fd, ale <em data-start=\"43\" data-end=\"67\">bez origin\u00e1ln\u00ed krabice<\/em>.<\/strong><\/p>\n","protected":false},"featured_media":21268,"comment_status":"open","ping_status":"closed","template":"","meta":{"_uag_custom_page_level_css":"","site-sidebar-layout":"default","site-content-layout":"","ast-site-content-layout":"","site-content-style":"default","site-sidebar-style":"default","ast-global-header-display":"","ast-banner-title-visibility":"","ast-main-header-display":"","ast-hfb-above-header-display":"","ast-hfb-below-header-display":"","ast-hfb-mobile-header-display":"","site-post-title":"","ast-breadcrumbs-content":"","ast-featured-img":"","footer-sml-layout":"","theme-transparent-header-meta":"","adv-header-id-meta":"","stick-header-meta":"","header-above-stick-meta":"","header-main-stick-meta":"","header-below-stick-meta":"","astra-migrate-meta-layouts":"default","ast-page-background-enabled":"default","ast-page-background-meta":{"desktop":{"background-color":"var(--ast-global-color-4)","background-image":"","background-repeat":"repeat","background-position":"center center","background-size":"auto","background-attachment":"scroll","background-type":"","background-media":"","overlay-type":"","overlay-color":"","overlay-opacity":"","overlay-gradient":""},"tablet":{"background-color":"","background-image":"","background-repeat":"repeat","background-position":"center center","background-size":"auto","background-attachment":"scroll","background-type":"","background-media":"","overlay-type":"","overlay-color":"","overlay-opacity":"","overlay-gradient":""},"mobile":{"background-color":"","background-image":"","background-repeat":"repeat","background-position":"center center","background-size":"auto","background-attachment":"scroll","background-type":"","background-media":"","overlay-type":"","overlay-color":"","overlay-opacity":"","overlay-gradient":""}},"ast-content-background-meta":{"desktop":{"background-color":"var(--ast-global-color-5)","background-image":"","background-repeat":"repeat","background-position":"center center","background-size":"auto","background-attachment":"scroll","background-type":"","background-media":"","overlay-type":"","overlay-color":"","overlay-opacity":"","overlay-gradient":""},"tablet":{"background-color":"var(--ast-global-color-5)","background-image":"","background-repeat":"repeat","background-position":"center center","background-size":"auto","background-attachment":"scroll","background-type":"","background-media":"","overlay-type":"","overlay-color":"","overlay-opacity":"","overlay-gradient":""},"mobile":{"background-color":"var(--ast-global-color-5)","background-image":"","background-repeat":"repeat","background-position":"center center","background-size":"auto","background-attachment":"scroll","background-type":"","background-media":"","overlay-type":"","overlay-color":"","overlay-opacity":"","overlay-gradient":""}}},"product_brand":[],"product_cat":[75],"product_tag":[],"class_list":{"0":"post-21267","1":"product","2":"type-product","3":"status-publish","4":"has-post-thumbnail","6":"product_cat-pece-o-telo-a-zdravi","7":"desktop-align-left","8":"tablet-align-left","9":"mobile-align-left","11":"first","12":"instock","13":"sale","14":"shipping-taxable","15":"purchasable","16":"product-type-simple"},"uagb_featured_image_src":{"full":["https:\/\/home-goods.cz\/wp-content\/uploads\/2025\/06\/blow-dry-style-as7580___221018.jpg",1000,610,false],"thumbnail":["https:\/\/home-goods.cz\/wp-content\/uploads\/2025\/06\/blow-dry-style-as7580___221018-150x150.jpg",150,150,true],"medium":["https:\/\/home-goods.cz\/wp-content\/uploads\/2025\/06\/blow-dry-style-as7580___221018-400x244.jpg",400,244,true],"medium_large":["https:\/\/home-goods.cz\/wp-content\/uploads\/2025\/06\/blow-dry-style-as7580___221018-768x468.jpg",768,468,true],"large":["https:\/\/home-goods.cz\/wp-content\/uploads\/2025\/06\/blow-dry-style-as7580___221018.jpg",1000,610,false],"1536x1536":["https:\/\/home-goods.cz\/wp-content\/uploads\/2025\/06\/blow-dry-style-as7580___221018.jpg",1000,610,false],"2048x2048":["https:\/\/home-goods.cz\/wp-content\/uploads\/2025\/06\/blow-dry-style-as7580___221018.jpg",1000,610,false],"woocommerce_thumbnail":["https:\/\/home-goods.cz\/wp-content\/uploads\/2025\/06\/blow-dry-style-as7580___221018-600x366.jpg",600,366,true],"woocommerce_single":["https:\/\/home-goods.cz\/wp-content\/uploads\/2025\/06\/blow-dry-style-as7580___221018-700x427.jpg",700,427,true],"woocommerce_gallery_thumbnail":["https:\/\/home-goods.cz\/wp-content\/uploads\/2025\/06\/blow-dry-style-as7580___221018-100x100.jpg",100,100,true]},"uagb_author_info":{"display_name":"Nahorniuk Vladyslav","author_link":"https:\/\/home-goods.cz\/author\/"},"uagb_comment_info":0,"uagb_excerpt":"Upozorn\u011bn\u00ed: Tento produkt je nov\u00fd, ale bez origin\u00e1ln\u00ed krabice.","_links":{"self":[{"href":"https:\/\/home-goods.cz\/wp-json\/wp\/v2\/product\/21267","targetHints":{"allow":["GET"]}}],"collection":[{"href":"https:\/\/home-goods.cz\/wp-json\/wp\/v2\/product"}],"about":[{"href":"https:\/\/home-goods.cz\/wp-json\/wp\/v2\/types\/product"}],"replies":[{"embeddable":true,"href":"https:\/\/home-goods.cz\/wp-json\/wp\/v2\/comments?post=21267"}],"wp:featuredmedia":[{"embeddable":true,"href":"https:\/\/home-goods.cz\/wp-json\/wp\/v2\/media\/21268"}],"wp:attachment":[{"href":"https:\/\/home-goods.cz\/wp-json\/wp\/v2\/media?parent=21267"}],"wp:term":[{"taxonomy":"product_brand","embeddable":true,"href":"https:\/\/home-goods.cz\/wp-json\/wp\/v2\/product_brand?post=21267"},{"taxonomy":"product_cat","embeddable":true,"href":"https:\/\/home-goods.cz\/wp-json\/wp\/v2\/product_cat?post=21267"},{"taxonomy":"product_tag","embeddable":true,"href":"https:\/\/home-goods.cz\/wp-json\/wp\/v2\/product_tag?post=21267"}],"curies":[{"name":"wp","href":"https:\/\/api.w.org\/{rel}","templated":true}]}}