{"id":20274,"date":"2025-04-15T15:22:03","date_gmt":"2025-04-15T13:22:03","guid":{"rendered":"https:\/\/home-goods.cz\/?product=parksidesada-vodovah"},"modified":"2025-06-06T21:18:21","modified_gmt":"2025-06-06T19:18:21","slug":"parksidesada-vodovah","status":"publish","type":"product","link":"https:\/\/home-goods.cz\/produkt\/parksidesada-vodovah\/","title":{"rendered":"PARKSIDE\u00ae\nSada vodov\u00e1h"},"content":{"rendered":"<div data-v-f0af759e=\"\" class=\"ods-bottom-sheet__title\">\n<h3 data-v-f0af759e=\"\" class=\"ods-bottom-sheet__title-text\" style=\"margin: 0px 1rem 0px 0px;overflow: hidden;text-align: left;font-family: LidlFontPro, sans-serif;font-size: 1.25rem;font-weight: 600;letter-spacing: 0rem;line-height: 1.75rem\">Informace<\/h3>\n<p><button data-v-f0af759e=\"\" class=\"ods-icon-button ods-icon-button--variant-positive ods-icon-button--size-small ods-bottom-sheet__close\" type=\"button\" aria-label=\"close\" style=\"font-family: unset;font-size: 0px;line-height: unset;overflow: unset;text-transform: unset;writing-mode: unset;color: unset;font-style: unset;font-weight: unset;letter-spacing: unset;align-content: unset;align-items: center;aspect-ratio: unset;background-attachment: unset;background-blend-mode: unset;background-image: unset;background-position: unset;background-repeat: unset;background-size: unset;border-collapse: unset;border: unset;box-shadow: unset;caption-side: unset;clear: unset;column-count: unset;column-fill: unset;gap: unset;column-span: unset;column-width: unset;container-type: unset;filter: unset;flex: unset;flex-flow: row;float: unset;grid-column-end: unset;grid-column-start: unset;grid-row-end: unset;grid-row-start: unset;justify-content: center;justify-items: unset;object-fit: unset;object-position: unset;opacity: unset;position: unset;text-align: unset;text-decoration: unset;text-indent: unset;vertical-align: unset;z-index: unset;border-spacing: unset;background-color: var(--ods-icon-button-background-color);cursor: pointer;--ods-icon-button-background-color-focused: #f1f2f4;--ods-icon-button-background-color-pressed: #dde0e3;--ods-icon-button-icon-color: #636d79;--ods-icon-button-icon-color-focused: #636d79;--ods-icon-button-icon-color-pressed: #636d79;margin-bottom: unset;margin-left: auto;margin-right: unset;margin-top: unset;max-height: unset;max-width: unset;min-height: unset;min-width: unset;padding: 0.25rem;width: 1.5rem;border-radius: 62.4375rem;height: 1.5rem\"><span data-v-9fe5b8c5=\"\" class=\"ods-icon ods-icon-button__icon ods-icon ods-icon-button__icon\" style=\"position: relative;height: 1rem;width: 1rem\"><\/span><\/button><\/div>\n<div data-v-f0af759e=\"\" class=\"ods-bottom-sheet__content ods-bottom-sheet__content--spacing\" role=\"document\" style=\"font-family: LidlFontPro, sans-serif;font-size: 16px;font-weight: 500;letter-spacing: normal;line-height: 1.5rem;margin-bottom: 1.5rem;overflow: hidden auto;padding-left: 1rem;padding-right: 1rem;flex-grow: 1;font-style: normal;text-align: start;text-indent: 0px;text-transform: none;text-decoration: none\">\n<div data-v-f0af759e=\"\" class=\"ods-bottom-sheet__content-container\">\n<div data-v-69fb4fdb=\"\" data-v-27c15427=\"\" class=\"tab__content info__content info__content--description\" style=\"flex-direction: column;font-family: LidlFontPro, sans-serif;font-size: 0.875rem;font-weight: 500;gap: 1.25rem;letter-spacing: 0px;line-height: 1.25rem;overflow: auto\">\n<div data-v-69fb4fdb=\"\">\n<p style=\"margin: 0px 0px 0.5rem\">Stabiln\u00ed proveden\u00ed z hlin\u00edku | 3 libelky na m\u011b\u0159en\u00ed \u00fahl\u016f 45\u00b0, 90\u00b0 a 180\u00b0 \u2013 horizont\u00e1ln\u011b a vertik\u00e1ln\u011b<\/p>\n<\/div>\n<div data-v-69fb4fdb=\"\">\n<p style=\"margin: 0px 0px 0.5rem\">3d\u00edln\u00e1 sada<\/p>\n<\/div>\n<div data-v-69fb4fdb=\"\">\n<h2 style=\"margin: 0px 0px 1rem;font-family: LidlFontPro, sans-serif;font-size: 1rem;font-weight: 600;letter-spacing: 0px;line-height: 1.25rem\">PARKSIDE\u00ae Sada vodov\u00e1h<\/h2>\n<div class=\"product-detail-container\" id=\"detailtab1\">\n<div class=\"r no-m\">\n<div class=\"c-2\">\n<div class=\"space p-r p-tb\"><b style=\"font-weight: bolder\">Popis<\/b><\/div>\n<\/div>\n<div class=\"c-8\">\n<div class=\"space p-tb\">\n<ul style=\"margin-bottom: 1rem;margin-top: 0px\">\n<li>3 libelky na m\u011b\u0159en\u00ed \u00fahl\u016f 45\u00b0, 90\u00b0 a 180\u00b0 \u2013 horizont\u00e1ln\u011b a vertik\u00e1ln\u011b<\/li>\n<li>Stabiln\u00ed proveden\u00ed z hlin\u00edku<\/li>\n<li>D\u00e9lka: cca 40 \/ 60 \/ 100 cm<\/li>\n<li>Stupnice v cm na p\u0159edn\u00ed a zadn\u00ed stran\u011b<\/li>\n<li>3d\u00edln\u00e1 sada<\/li>\n<\/ul>\n<\/div>\n<\/div>\n<hr style=\"height: 0px;overflow: visible;border-width: 0.0625rem medium medium;border-style: solid none none;margin: 1rem 0px\">\n<div class=\"c-2\">\n<div class=\"space p-r p-tb\"><b style=\"font-weight: bolder\">Rozm\u011bry<\/b><\/div>\n<\/div>\n<div class=\"c-8\">\n<div class=\"space p-tb\">\n<ul style=\"margin-bottom: 1rem;margin-top: 0px\">\n<li>cca 400 x 50 x 20 mm (D x \u0160 x V)<\/li>\n<li>cca 600 x 50 x 20 mm (D x \u0160 x V)<\/li>\n<li>cca 1000 x 50 x 20 mm (D x \u0160 x V)<\/li>\n<\/ul>\n<\/div>\n<\/div>\n<hr style=\"height: 0px;overflow: visible;border-width: 0.0625rem medium medium;border-style: solid none none;margin: 1rem 0px\">\n<div class=\"c-2\">\n<div class=\"space p-r p-tb\"><b style=\"font-weight: bolder\">Hmotnost<\/b><\/div>\n<\/div>\n<div class=\"c-8\">\n<div class=\"space p-tb\">\n<ul style=\"margin-bottom: 1rem;margin-top: 0px\">\n<li>cca 825 g<\/li>\n<\/ul>\n<\/div>\n<\/div>\n<\/div>\n<\/div>\n<\/div>\n<\/div>\n<\/div>\n<\/div>\n","protected":false},"excerpt":{"rendered":"<p>Informace Stabiln\u00ed proveden\u00ed z hlin\u00edku | 3 libelky na m\u011b\u0159en\u00ed \u00fahl\u016f 45\u00b0, 90\u00b0 a 180\u00b0 \u2013 horizont\u00e1ln\u011b a vertik\u00e1ln\u011b 3d\u00edln\u00e1 [&hellip;]<\/p>\n","protected":false},"featured_media":20273,"comment_status":"open","ping_status":"closed","template":"","meta":{"_uag_custom_page_level_css":"","site-sidebar-layout":"default","site-content-layout":"","ast-site-content-layout":"","site-content-style":"default","site-sidebar-style":"default","ast-global-header-display":"","ast-banner-title-visibility":"","ast-main-header-display":"","ast-hfb-above-header-display":"","ast-hfb-below-header-display":"","ast-hfb-mobile-header-display":"","site-post-title":"","ast-breadcrumbs-content":"","ast-featured-img":"","footer-sml-layout":"","theme-transparent-header-meta":"","adv-header-id-meta":"","stick-header-meta":"","header-above-stick-meta":"","header-main-stick-meta":"","header-below-stick-meta":"","astra-migrate-meta-layouts":"default","ast-page-background-enabled":"default","ast-page-background-meta":{"desktop":{"background-color":"var(--ast-global-color-4)","background-image":"","background-repeat":"repeat","background-position":"center center","background-size":"auto","background-attachment":"scroll","background-type":"","background-media":"","overlay-type":"","overlay-color":"","overlay-opacity":"","overlay-gradient":""},"tablet":{"background-color":"","background-image":"","background-repeat":"repeat","background-position":"center center","background-size":"auto","background-attachment":"scroll","background-type":"","background-media":"","overlay-type":"","overlay-color":"","overlay-opacity":"","overlay-gradient":""},"mobile":{"background-color":"","background-image":"","background-repeat":"repeat","background-position":"center center","background-size":"auto","background-attachment":"scroll","background-type":"","background-media":"","overlay-type":"","overlay-color":"","overlay-opacity":"","overlay-gradient":""}},"ast-content-background-meta":{"desktop":{"background-color":"var(--ast-global-color-5)","background-image":"","background-repeat":"repeat","background-position":"center center","background-size":"auto","background-attachment":"scroll","background-type":"","background-media":"","overlay-type":"","overlay-color":"","overlay-opacity":"","overlay-gradient":""},"tablet":{"background-color":"var(--ast-global-color-5)","background-image":"","background-repeat":"repeat","background-position":"center center","background-size":"auto","background-attachment":"scroll","background-type":"","background-media":"","overlay-type":"","overlay-color":"","overlay-opacity":"","overlay-gradient":""},"mobile":{"background-color":"var(--ast-global-color-5)","background-image":"","background-repeat":"repeat","background-position":"center center","background-size":"auto","background-attachment":"scroll","background-type":"","background-media":"","overlay-type":"","overlay-color":"","overlay-opacity":"","overlay-gradient":""}}},"product_brand":[99],"product_cat":[71],"product_tag":[],"class_list":{"0":"post-20274","1":"product","2":"type-product","3":"status-publish","4":"has-post-thumbnail","6":"product_brand-parkside","7":"product_cat-dilna-a-zahrada","8":"desktop-align-left","9":"tablet-align-left","10":"mobile-align-left","12":"first","13":"instock","14":"sale","15":"shipping-taxable","16":"purchasable","17":"product-type-simple"},"uagb_featured_image_src":{"full":["https:\/\/home-goods.cz\/wp-content\/uploads\/2025\/04\/img_3104.png",772,579,false],"thumbnail":["https:\/\/home-goods.cz\/wp-content\/uploads\/2025\/04\/img_3104-150x150.png",150,150,true],"medium":["https:\/\/home-goods.cz\/wp-content\/uploads\/2025\/04\/img_3104-400x300.png",400,300,true],"medium_large":["https:\/\/home-goods.cz\/wp-content\/uploads\/2025\/04\/img_3104-768x576.png",768,576,true],"large":["https:\/\/home-goods.cz\/wp-content\/uploads\/2025\/04\/img_3104.png",772,579,false],"1536x1536":["https:\/\/home-goods.cz\/wp-content\/uploads\/2025\/04\/img_3104.png",772,579,false],"2048x2048":["https:\/\/home-goods.cz\/wp-content\/uploads\/2025\/04\/img_3104.png",772,579,false],"woocommerce_thumbnail":["https:\/\/home-goods.cz\/wp-content\/uploads\/2025\/04\/img_3104-600x450.png",600,450,true],"woocommerce_single":["https:\/\/home-goods.cz\/wp-content\/uploads\/2025\/04\/img_3104-700x525.png",700,525,true],"woocommerce_gallery_thumbnail":["https:\/\/home-goods.cz\/wp-content\/uploads\/2025\/04\/img_3104-100x100.png",100,100,true]},"uagb_author_info":{"display_name":"Nahorniuk Vladyslav","author_link":"https:\/\/home-goods.cz\/author\/"},"uagb_comment_info":0,"uagb_excerpt":"Informace Stabiln\u00ed proveden\u00ed z hlin\u00edku | 3 libelky na m\u011b\u0159en\u00ed \u00fahl\u016f 45\u00b0, 90\u00b0 a 180\u00b0 \u2013 horizont\u00e1ln\u011b a vertik\u00e1ln\u011b 3d\u00edln\u00e1 [&hellip;]","_links":{"self":[{"href":"https:\/\/home-goods.cz\/wp-json\/wp\/v2\/product\/20274","targetHints":{"allow":["GET"]}}],"collection":[{"href":"https:\/\/home-goods.cz\/wp-json\/wp\/v2\/product"}],"about":[{"href":"https:\/\/home-goods.cz\/wp-json\/wp\/v2\/types\/product"}],"replies":[{"embeddable":true,"href":"https:\/\/home-goods.cz\/wp-json\/wp\/v2\/comments?post=20274"}],"wp:featuredmedia":[{"embeddable":true,"href":"https:\/\/home-goods.cz\/wp-json\/wp\/v2\/media\/20273"}],"wp:attachment":[{"href":"https:\/\/home-goods.cz\/wp-json\/wp\/v2\/media?parent=20274"}],"wp:term":[{"taxonomy":"product_brand","embeddable":true,"href":"https:\/\/home-goods.cz\/wp-json\/wp\/v2\/product_brand?post=20274"},{"taxonomy":"product_cat","embeddable":true,"href":"https:\/\/home-goods.cz\/wp-json\/wp\/v2\/product_cat?post=20274"},{"taxonomy":"product_tag","embeddable":true,"href":"https:\/\/home-goods.cz\/wp-json\/wp\/v2\/product_tag?post=20274"}],"curies":[{"name":"wp","href":"https:\/\/api.w.org\/{rel}","templated":true}]}}