{"id":20245,"date":"2025-04-13T18:17:39","date_gmt":"2025-04-13T16:17:39","guid":{"rendered":"https:\/\/home-goods.cz\/?product=parksideorganizer"},"modified":"2025-07-10T20:56:50","modified_gmt":"2025-07-10T18:56:50","slug":"parksideorganizer","status":"publish","type":"product","link":"https:\/\/home-goods.cz\/produkt\/parksideorganizer\/","title":{"rendered":"PARKSIDE\u00ae\nOrganiz\u00e9r"},"content":{"rendered":"<div data-v-f0af759e=\"\" class=\"ods-bottom-sheet__title\">\n<h3 data-v-f0af759e=\"\" class=\"ods-bottom-sheet__title-text\" style=\"margin: 0px 1rem 0px 0px;overflow: hidden;text-align: left;font-family: LidlFontPro, sans-serif;font-size: 1.25rem;font-weight: 600;letter-spacing: 0rem;line-height: 1.75rem\">Informace<\/h3>\n<\/div>\n<div data-v-f0af759e=\"\" class=\"ods-bottom-sheet__content ods-bottom-sheet__content--spacing\" role=\"document\" style=\"font-family: LidlFontPro, sans-serif;font-size: 16px;font-weight: 500;letter-spacing: normal;line-height: 1.5rem;margin-bottom: 1.5rem;overflow: hidden auto;padding-left: 1rem;padding-right: 1rem;flex-grow: 1;font-style: normal;text-align: start;text-indent: 0px;text-transform: none;text-decoration: none\">\n<div data-v-f0af759e=\"\" class=\"ods-bottom-sheet__content-container\">\n<div data-v-69fb4fdb=\"\" data-v-27c15427=\"\" class=\"tab__content info__content info__content--description\" style=\"flex-direction: column;font-family: LidlFontPro, sans-serif;font-size: 0.875rem;font-weight: 500;gap: 1.25rem;letter-spacing: 0px;line-height: 1.25rem;overflow: auto\">\n<div data-v-69fb4fdb=\"\">\n<p style=\"margin: 0px 0px 0.5rem\">6 vyj\u00edmateln\u00fdch p\u0159\u00ed\u010dek<\/p>\n<\/div>\n<div data-v-69fb4fdb=\"\">\n<p style=\"margin: 0px 0px 0.5rem\">Boxy pou\u017eiteln\u00e9 jednotliv\u011b nebo v kombinaci<\/p>\n<\/div>\n<div data-v-69fb4fdb=\"\">\n<h2 style=\"margin: 0px 0px 1rem;font-family: LidlFontPro, sans-serif;font-size: 1rem;font-weight: 600;letter-spacing: 0px;line-height: 1.25rem\">PARKSIDE\u00ae Organiz\u00e9r<\/h2>\n<div class=\"product-detail-container\" id=\"detailtab1\">\n<div class=\"r no-m\">\n<div class=\"c-2\">\n<div class=\"space p-r p-tb\"><b style=\"font-weight: bolder\">Popis<\/b><\/div>\n<\/div>\n<div class=\"c-8\">\n<div class=\"space p-tb\">\n<ul style=\"margin-bottom: 1rem;margin-top: 0px\">\n<li>Boxy pou\u017eiteln\u00e9 jednotliv\u011b nebo v kombinaci<\/li>\n<li>Na p\u0159ehledn\u00e9 skladov\u00e1n\u00ed mal\u00fdch d\u00edl\u016f<\/li>\n<li>Boxy dr\u017e\u00ed dohromady postrann\u00edmi klipy<\/li>\n<li>6 vyj\u00edmateln\u00fdch p\u0159\u00ed\u010dek v ka\u017ed\u00e9m boxu<\/li>\n<li>Flexibiln\u00ed nastaven\u00ed a\u017e pro 10 p\u0159ihr\u00e1dek<\/li>\n<li>M\u011bkk\u00e1 dr\u017eadla pro komfortn\u00ed dr\u017een\u00ed<\/li>\n<li>Z\u00e1padka pro bezpe\u010dn\u00e9 uzav\u0159en\u00ed<\/li>\n<li>3d\u00edln\u00e1 sada<\/li>\n<li>Maxim\u00e1ln\u00ed nosnost: cca 3 x 1 kg<\/li>\n<\/ul>\n<\/div>\n<\/div>\n<hr style=\"height: 0px;overflow: visible;border-width: 0.0625rem medium medium;border-style: solid none none;margin: 1rem 0px\">\n<div class=\"c-2\">\n<div class=\"space p-r p-tb\"><b style=\"font-weight: bolder\">Rozm\u011bry<\/b><\/div>\n<\/div>\n<div class=\"c-8\">\n<div class=\"space p-tb\">\n<ul style=\"margin-bottom: 1rem;margin-top: 0px\">\n<li>cca 31,5 x 22,5 x 19,8 cm (3d\u00edln\u00e1 sada)<\/li>\n<\/ul>\n<\/div>\n<\/div>\n<hr style=\"height: 0px;overflow: visible;border-width: 0.0625rem medium medium;border-style: solid none none;margin: 1rem 0px\">\n<div class=\"c-2\">\n<div class=\"space p-r p-tb\"><b style=\"font-weight: bolder\">Hmotnost<\/b><\/div>\n<\/div>\n<div class=\"c-8\">\n<div class=\"space p-tb\">\n<ul style=\"margin-bottom: 1rem;margin-top: 0px\">\n<li>cca 1,49 kg<\/li>\n<\/ul>\n<\/div>\n<\/div>\n<\/div>\n<\/div>\n<\/div>\n<\/div>\n<\/div>\n<\/div>\n","protected":false},"excerpt":{"rendered":"<p>Informace 6 vyj\u00edmateln\u00fdch p\u0159\u00ed\u010dek Boxy pou\u017eiteln\u00e9 jednotliv\u011b nebo v kombinaci PARKSIDE\u00ae Organiz\u00e9r Popis Boxy pou\u017eiteln\u00e9 jednotliv\u011b nebo v kombinaci Na [&hellip;]<\/p>\n","protected":false},"featured_media":20243,"comment_status":"open","ping_status":"closed","template":"","meta":{"_uag_custom_page_level_css":"","site-sidebar-layout":"default","site-content-layout":"","ast-site-content-layout":"","site-content-style":"default","site-sidebar-style":"default","ast-global-header-display":"","ast-banner-title-visibility":"","ast-main-header-display":"","ast-hfb-above-header-display":"","ast-hfb-below-header-display":"","ast-hfb-mobile-header-display":"","site-post-title":"","ast-breadcrumbs-content":"","ast-featured-img":"","footer-sml-layout":"","theme-transparent-header-meta":"","adv-header-id-meta":"","stick-header-meta":"","header-above-stick-meta":"","header-main-stick-meta":"","header-below-stick-meta":"","astra-migrate-meta-layouts":"default","ast-page-background-enabled":"default","ast-page-background-meta":{"desktop":{"background-color":"var(--ast-global-color-4)","background-image":"","background-repeat":"repeat","background-position":"center center","background-size":"auto","background-attachment":"scroll","background-type":"","background-media":"","overlay-type":"","overlay-color":"","overlay-opacity":"","overlay-gradient":""},"tablet":{"background-color":"","background-image":"","background-repeat":"repeat","background-position":"center center","background-size":"auto","background-attachment":"scroll","background-type":"","background-media":"","overlay-type":"","overlay-color":"","overlay-opacity":"","overlay-gradient":""},"mobile":{"background-color":"","background-image":"","background-repeat":"repeat","background-position":"center center","background-size":"auto","background-attachment":"scroll","background-type":"","background-media":"","overlay-type":"","overlay-color":"","overlay-opacity":"","overlay-gradient":""}},"ast-content-background-meta":{"desktop":{"background-color":"var(--ast-global-color-5)","background-image":"","background-repeat":"repeat","background-position":"center center","background-size":"auto","background-attachment":"scroll","background-type":"","background-media":"","overlay-type":"","overlay-color":"","overlay-opacity":"","overlay-gradient":""},"tablet":{"background-color":"var(--ast-global-color-5)","background-image":"","background-repeat":"repeat","background-position":"center center","background-size":"auto","background-attachment":"scroll","background-type":"","background-media":"","overlay-type":"","overlay-color":"","overlay-opacity":"","overlay-gradient":""},"mobile":{"background-color":"var(--ast-global-color-5)","background-image":"","background-repeat":"repeat","background-position":"center center","background-size":"auto","background-attachment":"scroll","background-type":"","background-media":"","overlay-type":"","overlay-color":"","overlay-opacity":"","overlay-gradient":""}}},"product_brand":[99],"product_cat":[71],"product_tag":[],"class_list":{"0":"post-20245","1":"product","2":"type-product","3":"status-publish","4":"has-post-thumbnail","6":"product_brand-parkside","7":"product_cat-dilna-a-zahrada","8":"desktop-align-left","9":"tablet-align-left","10":"mobile-align-left","12":"first","13":"outofstock","14":"sale","15":"shipping-taxable","16":"purchasable","17":"product-type-simple"},"uagb_featured_image_src":{"full":["https:\/\/home-goods.cz\/wp-content\/uploads\/2025\/04\/img_3077.jpeg",772,579,false],"thumbnail":["https:\/\/home-goods.cz\/wp-content\/uploads\/2025\/04\/img_3077-150x150.jpeg",150,150,true],"medium":["https:\/\/home-goods.cz\/wp-content\/uploads\/2025\/04\/img_3077-400x300.jpeg",400,300,true],"medium_large":["https:\/\/home-goods.cz\/wp-content\/uploads\/2025\/04\/img_3077-768x576.jpeg",768,576,true],"large":["https:\/\/home-goods.cz\/wp-content\/uploads\/2025\/04\/img_3077.jpeg",772,579,false],"1536x1536":["https:\/\/home-goods.cz\/wp-content\/uploads\/2025\/04\/img_3077.jpeg",772,579,false],"2048x2048":["https:\/\/home-goods.cz\/wp-content\/uploads\/2025\/04\/img_3077.jpeg",772,579,false],"woocommerce_thumbnail":["https:\/\/home-goods.cz\/wp-content\/uploads\/2025\/04\/img_3077-600x450.jpeg",600,450,true],"woocommerce_single":["https:\/\/home-goods.cz\/wp-content\/uploads\/2025\/04\/img_3077-700x525.jpeg",700,525,true],"woocommerce_gallery_thumbnail":["https:\/\/home-goods.cz\/wp-content\/uploads\/2025\/04\/img_3077-100x100.jpeg",100,100,true]},"uagb_author_info":{"display_name":"Nahorniuk Vladyslav","author_link":"https:\/\/home-goods.cz\/author\/"},"uagb_comment_info":0,"uagb_excerpt":"Informace 6 vyj\u00edmateln\u00fdch p\u0159\u00ed\u010dek Boxy pou\u017eiteln\u00e9 jednotliv\u011b nebo v kombinaci PARKSIDE\u00ae Organiz\u00e9r Popis Boxy pou\u017eiteln\u00e9 jednotliv\u011b nebo v kombinaci Na [&hellip;]","_links":{"self":[{"href":"https:\/\/home-goods.cz\/wp-json\/wp\/v2\/product\/20245","targetHints":{"allow":["GET"]}}],"collection":[{"href":"https:\/\/home-goods.cz\/wp-json\/wp\/v2\/product"}],"about":[{"href":"https:\/\/home-goods.cz\/wp-json\/wp\/v2\/types\/product"}],"replies":[{"embeddable":true,"href":"https:\/\/home-goods.cz\/wp-json\/wp\/v2\/comments?post=20245"}],"wp:featuredmedia":[{"embeddable":true,"href":"https:\/\/home-goods.cz\/wp-json\/wp\/v2\/media\/20243"}],"wp:attachment":[{"href":"https:\/\/home-goods.cz\/wp-json\/wp\/v2\/media?parent=20245"}],"wp:term":[{"taxonomy":"product_brand","embeddable":true,"href":"https:\/\/home-goods.cz\/wp-json\/wp\/v2\/product_brand?post=20245"},{"taxonomy":"product_cat","embeddable":true,"href":"https:\/\/home-goods.cz\/wp-json\/wp\/v2\/product_cat?post=20245"},{"taxonomy":"product_tag","embeddable":true,"href":"https:\/\/home-goods.cz\/wp-json\/wp\/v2\/product_tag?post=20245"}],"curies":[{"name":"wp","href":"https:\/\/api.w.org\/{rel}","templated":true}]}}