{"id":20043,"date":"2025-04-11T16:09:08","date_gmt":"2025-04-11T14:09:08","guid":{"rendered":"https:\/\/home-goods.cz\/?product=livarno-homesprchova-hlavice"},"modified":"2025-04-11T16:09:20","modified_gmt":"2025-04-11T14:09:20","slug":"livarno-homesprchova-hlavice","status":"publish","type":"product","link":"https:\/\/home-goods.cz\/produkt\/livarno-homesprchova-hlavice\/","title":{"rendered":"LIVARNO home\nSprchov\u00e1 hlavice"},"content":{"rendered":"<h2 style=\"margin: 0px 0px 1rem;font-family: LidlFontPro, sans-serif;font-size: 1rem;font-weight: 600;letter-spacing: normal;line-height: 1.25rem;font-style: normal;text-align: start;text-indent: 0px;text-transform: none;text-decoration: none\">LIVARNO home Sprchov\u00e1 hlavice<\/h2>\n<div class=\"product-detail-container\" id=\"detailtab1\" style=\"font-family: LidlFontPro, sans-serif;font-size: 14px;font-style: normal;font-weight: 500;letter-spacing: normal;text-align: start;text-indent: 0px;text-transform: none;text-decoration: none\">\n<div class=\"r no-m\">\n<div class=\"c-2\">\n<div class=\"space p-r p-tb\"><b style=\"font-weight: bolder\">Popis<\/b><\/div>\n<\/div>\n<div class=\"c-8\">\n<div class=\"space p-tb\">\n<ul style=\"margin-bottom: 1rem;margin-top: 0px\">\n<li>Regul\u00e1tor&nbsp;pr\u016ftoku \u2013&nbsp;a\u017e o 50 % ni\u017e\u0161\u00ed spot\u0159eba vody<\/li>\n<li>Pru\u017en\u00e9, m\u011bkk\u00e9 a snadno \u010distiteln\u00e9 trysky proti usazov\u00e1n\u00ed vodn\u00edho kamene<\/li>\n<li>3 varianty vodn\u00edho paprsku<span class=\"Apple-converted-space\">&nbsp;<\/span>\n<ul style=\"margin-bottom: 0px;margin-top: 0px\">\n<li>d\u00e9\u0161\u0165ov\u00fd paprsek \u2013 siln\u00fd sprchov\u00fd paprsek, ide\u00e1ln\u00ed pro vymyt\u00ed \u0161amponu<\/li>\n<li>mas\u00e1\u017en\u00ed paprsek \u2013 koncentrovan\u00fd paprsek na bodovou mas\u00e1\u017e p\u0159eta\u017een\u00e9ho svalstva<\/li>\n<li>sm\u00ed\u0161en\u00fd paprsek (d\u00e9\u0161\u0165 + mas\u00e1\u017e) \u2013 siln\u00fd kombinovan\u00fd paprsek<\/li>\n<\/ul>\n<\/li>\n<li>Jednoduch\u00e1 mont\u00e1\u017e pomoc\u00ed standardn\u00ed p\u0159\u00edpojky 21 mm (G1\/2&#8243;)<\/li>\n<li>V\u010detn\u011b n\u00e1vodu k obsluze a t\u011bsn\u011bn\u00ed<\/li>\n<\/ul>\n<\/div>\n<\/div>\n<hr style=\"height: 0px;overflow: visible;border-width: 0.0625rem medium medium;border-style: solid none none;margin: 1rem 0px\">\n<div class=\"c-2\">\n<div class=\"space p-r p-tb\"><b style=\"font-weight: bolder\">Materi\u00e1l<\/b><\/div>\n<\/div>\n<div class=\"c-8\">\n<div class=\"space p-tb\">\n<ul style=\"margin-bottom: 1rem;margin-top: 0px\">\n<li>ABS, POM, Silikon<\/li>\n<\/ul>\n<\/div>\n<\/div>\n<hr style=\"height: 0px;overflow: visible;border-width: 0.0625rem medium medium;border-style: solid none none;margin: 1rem 0px\">\n<div class=\"c-2\">\n<div class=\"space p-r p-tb\"><b style=\"font-weight: bolder\">Rozm\u011bry<\/b><\/div>\n<\/div>\n<div class=\"c-8\">\n<div class=\"space p-tb\">\n<ul style=\"margin-bottom: 1rem;margin-top: 0px\">\n<li>D\u00e9lka: cca 25,5 cm<\/li>\n<li>Sprchov\u00e9 hlavice: \u00d8 cca 12 cm<\/li>\n<li>cca 40 x 120 x 255 mm<\/li>\n<\/ul>\n<\/div>\n<\/div>\n<hr style=\"height: 0px;overflow: visible;border-width: 0.0625rem medium medium;border-style: solid none none;margin: 1rem 0px\">\n<div class=\"c-2\">\n<div class=\"space p-r p-tb\"><b style=\"font-weight: bolder\">Hmotnost<\/b><\/div>\n<\/div>\n<div class=\"c-8\">\n<div class=\"space p-tb\">\n<ul style=\"margin-bottom: 1rem;margin-top: 0px\">\n<li>cca 225 g<\/li>\n<\/ul>\n<\/div>\n<\/div>\n<\/div>\n<\/div>\n","protected":false},"excerpt":{"rendered":"<p>LIVARNO home Sprchov\u00e1 hlavice Popis Regul\u00e1tor&nbsp;pr\u016ftoku \u2013&nbsp;a\u017e o 50 % ni\u017e\u0161\u00ed spot\u0159eba vody Pru\u017en\u00e9, m\u011bkk\u00e9 a snadno \u010distiteln\u00e9 trysky proti [&hellip;]<\/p>\n","protected":false},"featured_media":20041,"comment_status":"open","ping_status":"closed","template":"","meta":{"_uag_custom_page_level_css":"","site-sidebar-layout":"default","site-content-layout":"","ast-site-content-layout":"","site-content-style":"default","site-sidebar-style":"default","ast-global-header-display":"","ast-banner-title-visibility":"","ast-main-header-display":"","ast-hfb-above-header-display":"","ast-hfb-below-header-display":"","ast-hfb-mobile-header-display":"","site-post-title":"","ast-breadcrumbs-content":"","ast-featured-img":"","footer-sml-layout":"","theme-transparent-header-meta":"","adv-header-id-meta":"","stick-header-meta":"","header-above-stick-meta":"","header-main-stick-meta":"","header-below-stick-meta":"","astra-migrate-meta-layouts":"default","ast-page-background-enabled":"default","ast-page-background-meta":{"desktop":{"background-color":"var(--ast-global-color-4)","background-image":"","background-repeat":"repeat","background-position":"center center","background-size":"auto","background-attachment":"scroll","background-type":"","background-media":"","overlay-type":"","overlay-color":"","overlay-opacity":"","overlay-gradient":""},"tablet":{"background-color":"","background-image":"","background-repeat":"repeat","background-position":"center center","background-size":"auto","background-attachment":"scroll","background-type":"","background-media":"","overlay-type":"","overlay-color":"","overlay-opacity":"","overlay-gradient":""},"mobile":{"background-color":"","background-image":"","background-repeat":"repeat","background-position":"center center","background-size":"auto","background-attachment":"scroll","background-type":"","background-media":"","overlay-type":"","overlay-color":"","overlay-opacity":"","overlay-gradient":""}},"ast-content-background-meta":{"desktop":{"background-color":"var(--ast-global-color-5)","background-image":"","background-repeat":"repeat","background-position":"center center","background-size":"auto","background-attachment":"scroll","background-type":"","background-media":"","overlay-type":"","overlay-color":"","overlay-opacity":"","overlay-gradient":""},"tablet":{"background-color":"var(--ast-global-color-5)","background-image":"","background-repeat":"repeat","background-position":"center center","background-size":"auto","background-attachment":"scroll","background-type":"","background-media":"","overlay-type":"","overlay-color":"","overlay-opacity":"","overlay-gradient":""},"mobile":{"background-color":"var(--ast-global-color-5)","background-image":"","background-repeat":"repeat","background-position":"center center","background-size":"auto","background-attachment":"scroll","background-type":"","background-media":"","overlay-type":"","overlay-color":"","overlay-opacity":"","overlay-gradient":""}}},"product_brand":[],"product_cat":[20],"product_tag":[],"class_list":{"0":"post-20043","1":"product","2":"type-product","3":"status-publish","4":"has-post-thumbnail","6":"product_cat-accessories","7":"desktop-align-left","8":"tablet-align-left","9":"mobile-align-left","11":"first","12":"instock","13":"shipping-taxable","14":"purchasable","15":"product-type-simple"},"uagb_featured_image_src":{"full":["https:\/\/home-goods.cz\/wp-content\/uploads\/2025\/04\/img_2921.png",772,579,false],"thumbnail":["https:\/\/home-goods.cz\/wp-content\/uploads\/2025\/04\/img_2921-150x150.png",150,150,true],"medium":["https:\/\/home-goods.cz\/wp-content\/uploads\/2025\/04\/img_2921-400x300.png",400,300,true],"medium_large":["https:\/\/home-goods.cz\/wp-content\/uploads\/2025\/04\/img_2921-768x576.png",768,576,true],"large":["https:\/\/home-goods.cz\/wp-content\/uploads\/2025\/04\/img_2921.png",772,579,false],"1536x1536":["https:\/\/home-goods.cz\/wp-content\/uploads\/2025\/04\/img_2921.png",772,579,false],"2048x2048":["https:\/\/home-goods.cz\/wp-content\/uploads\/2025\/04\/img_2921.png",772,579,false],"woocommerce_thumbnail":["https:\/\/home-goods.cz\/wp-content\/uploads\/2025\/04\/img_2921-600x450.png",600,450,true],"woocommerce_single":["https:\/\/home-goods.cz\/wp-content\/uploads\/2025\/04\/img_2921-700x525.png",700,525,true],"woocommerce_gallery_thumbnail":["https:\/\/home-goods.cz\/wp-content\/uploads\/2025\/04\/img_2921-100x100.png",100,100,true]},"uagb_author_info":{"display_name":"Nahorniuk Vladyslav","author_link":"https:\/\/home-goods.cz\/author\/"},"uagb_comment_info":0,"uagb_excerpt":"LIVARNO home Sprchov\u00e1 hlavice Popis Regul\u00e1tor&nbsp;pr\u016ftoku \u2013&nbsp;a\u017e o 50 % ni\u017e\u0161\u00ed spot\u0159eba vody Pru\u017en\u00e9, m\u011bkk\u00e9 a snadno \u010distiteln\u00e9 trysky proti [&hellip;]","_links":{"self":[{"href":"https:\/\/home-goods.cz\/wp-json\/wp\/v2\/product\/20043","targetHints":{"allow":["GET"]}}],"collection":[{"href":"https:\/\/home-goods.cz\/wp-json\/wp\/v2\/product"}],"about":[{"href":"https:\/\/home-goods.cz\/wp-json\/wp\/v2\/types\/product"}],"replies":[{"embeddable":true,"href":"https:\/\/home-goods.cz\/wp-json\/wp\/v2\/comments?post=20043"}],"wp:featuredmedia":[{"embeddable":true,"href":"https:\/\/home-goods.cz\/wp-json\/wp\/v2\/media\/20041"}],"wp:attachment":[{"href":"https:\/\/home-goods.cz\/wp-json\/wp\/v2\/media?parent=20043"}],"wp:term":[{"taxonomy":"product_brand","embeddable":true,"href":"https:\/\/home-goods.cz\/wp-json\/wp\/v2\/product_brand?post=20043"},{"taxonomy":"product_cat","embeddable":true,"href":"https:\/\/home-goods.cz\/wp-json\/wp\/v2\/product_cat?post=20043"},{"taxonomy":"product_tag","embeddable":true,"href":"https:\/\/home-goods.cz\/wp-json\/wp\/v2\/product_tag?post=20043"}],"curies":[{"name":"wp","href":"https:\/\/api.w.org\/{rel}","templated":true}]}}