{"id":19790,"date":"2025-04-02T21:06:41","date_gmt":"2025-04-02T19:06:41","guid":{"rendered":"https:\/\/home-goods.cz\/?product=parkside-uhlova-bruska-pws-230-d4"},"modified":"2026-01-03T14:51:24","modified_gmt":"2026-01-03T13:51:24","slug":"parkside-uhlova-bruska-pws-230-d4","status":"publish","type":"product","link":"https:\/\/home-goods.cz\/produkt\/parkside-uhlova-bruska-pws-230-d4\/","title":{"rendered":"PARKSIDE\u00ae \u00dahlov\u00e1 bruska PWS 230 D4"},"content":{"rendered":"<p style=\"background-repeat: no-repeat;margin: 0px;padding: 0px;font-family: Roboto, sans-serif;font-size: 14px;font-style: normal;font-weight: 400;letter-spacing: 0.25px;text-align: start;text-indent: 0px;text-transform: none;text-decoration: none\"><strong style=\"background-repeat: no-repeat;margin: 0px;padding: 0px;font-weight: bolder\">Popis<\/strong><\/p>\n<ul style=\"background-repeat: no-repeat;margin: 0px;padding: 0px;font-family: Roboto, sans-serif;font-size: 14px;font-style: normal;font-weight: 400;letter-spacing: 0.25px;text-align: start;text-indent: 0px;text-transform: none;text-decoration: none\">\n<li style=\"background-repeat: no-repeat;margin: 0px;padding: 0px\">Robustn\u00ed hlin\u00edkov\u00fd p\u0159edn\u00ed kryt<\/li>\n<li style=\"background-repeat: no-repeat;margin: 0px;padding: 0px\">Snadn\u00e1 v\u00fdm\u011bna kotou\u010d\u016f pomoc\u00ed aretace v\u0159etena SPINDLE LOCK<\/li>\n<li style=\"background-repeat: no-repeat;margin: 0px;padding: 0px\">Variabiln\u00ed, protiskluzov\u00e1 pogumovan\u00e1 dr\u017eadla<span class=\"Apple-converted-space\">&nbsp;<\/span>\n<ul style=\"background-repeat: no-repeat;margin: 0px;padding: 0px\">\n<li style=\"background-repeat: no-repeat;margin: 0px;padding: 0px\">3n\u00e1sobn\u011b nastaviteln\u00e9 hlavn\u00ed dr\u017eadlo<span class=\"Apple-converted-space\">&nbsp;<\/span><\/li>\n<li style=\"background-repeat: no-repeat;margin: 0px;padding: 0px\">3polohov\u00e9 p\u0159\u00eddavn\u00e9 dr\u017eadlo<\/li>\n<\/ul>\n<\/li>\n<li style=\"background-repeat: no-repeat;margin: 0px;padding: 0px\">Sp\u00edna\u010d\/vyp\u00edna\u010d s aretac\u00ed<\/li>\n<li style=\"background-repeat: no-repeat;margin: 0px;padding: 0px\">Bezn\u00e1strojov\u00e9 nastaven\u00ed ochrann\u00e9ho krytu<\/li>\n<li style=\"background-repeat: no-repeat;margin: 0px;padding: 0px\">Pro b\u011b\u017en\u00e9 kotou\u010de o \u00d8 230 mm \u2013 nap\u0159. od Parkside<\/li>\n<li style=\"background-repeat: no-repeat;margin: 0px;padding: 0px\">Dodan\u00e9 p\u0159\u00edslu\u0161enstv\u00ed: mont\u00e1\u017en\u00ed kl\u00ed\u010d<\/li>\n<li style=\"background-repeat: no-repeat;margin: 0px;padding: 0px\">Brusn\u00fd kotou\u010d nen\u00ed sou\u010d\u00e1st\u00ed dod\u00e1vky<\/li>\n<\/ul>\n<hr style=\"background-repeat: no-repeat;margin: 0px;padding: 0px;height: 0px;overflow: visible;font-family: Roboto, sans-serif;font-size: 14px;font-style: normal;font-weight: 400;letter-spacing: 0.25px;text-align: start;text-indent: 0px;text-transform: none;text-decoration: none\">\n<p style=\"background-repeat: no-repeat;margin: 0px;padding: 0px;font-family: Roboto, sans-serif;font-size: 14px;font-style: normal;font-weight: 400;letter-spacing: 0.25px;text-align: start;text-indent: 0px;text-transform: none;text-decoration: none\"><strong style=\"background-repeat: no-repeat;margin: 0px;padding: 0px;font-weight: bolder\">Technick\u00e9 \u00fadaje<\/strong><\/p>\n<ul style=\"background-repeat: no-repeat;margin: 0px;padding: 0px;font-family: Roboto, sans-serif;font-size: 14px;font-style: normal;font-weight: 400;letter-spacing: 0.25px;text-align: start;text-indent: 0px;text-transform: none;text-decoration: none\">\n<li style=\"background-repeat: no-repeat;margin: 0px;padding: 0px\">P\u0159\u00edkon: 2 000 W<\/li>\n<li style=\"background-repeat: no-repeat;margin: 0px;padding: 0px\">Jmenovit\u00e9 ot\u00e1\u010dky: 6<span style=\"background-repeat: no-repeat;margin: 0px;padding: 0px\"> <\/span>500 min\u207b\u00b9<\/li>\n<li style=\"background-repeat: no-repeat;margin: 0px;padding: 0px\">Rozm\u011br kotou\u010de: \u00d8 230 mm<\/li>\n<li style=\"background-repeat: no-repeat;margin: 0px;padding: 0px\">D\u00e9lka s\u00ed\u0165ov\u00e9ho kabelu: cca 4 m<\/li>\n<\/ul>\n<hr style=\"background-repeat: no-repeat;margin: 0px;padding: 0px;height: 0px;overflow: visible;font-family: Roboto, sans-serif;font-size: 14px;font-style: normal;font-weight: 400;letter-spacing: 0.25px;text-align: start;text-indent: 0px;text-transform: none;text-decoration: none\">\n<p style=\"background-repeat: no-repeat;margin: 0px;padding: 0px;font-family: Roboto, sans-serif;font-size: 14px;font-style: normal;font-weight: 400;letter-spacing: 0.25px;text-align: start;text-indent: 0px;text-transform: none;text-decoration: none\"><strong style=\"background-repeat: no-repeat;margin: 0px;padding: 0px;font-weight: bolder\">Materi\u00e1l<\/strong><\/p>\n<ul style=\"background-repeat: no-repeat;margin: 0px;padding: 0px;font-family: Roboto, sans-serif;font-size: 14px;font-style: normal;font-weight: 400;letter-spacing: 0.25px;text-align: start;text-indent: 0px;text-transform: none;text-decoration: none\">\n<li style=\"background-repeat: no-repeat;margin: 0px;padding: 0px\">Kryt: plast, sklolamin\u00e1t<\/li>\n<li style=\"background-repeat: no-repeat;margin: 0px;padding: 0px\">P\u0159evodovka: hlin\u00edk<\/li>\n<li style=\"background-repeat: no-repeat;margin: 0px;padding: 0px\">Ochrann\u00fd kryt: ocel<\/li>\n<\/ul>\n<hr style=\"background-repeat: no-repeat;margin: 0px;padding: 0px;height: 0px;overflow: visible;font-family: Roboto, sans-serif;font-size: 14px;font-style: normal;font-weight: 400;letter-spacing: 0.25px;text-align: start;text-indent: 0px;text-transform: none;text-decoration: none\">\n<p style=\"background-repeat: no-repeat;margin: 0px;padding: 0px;font-family: Roboto, sans-serif;font-size: 14px;font-style: normal;font-weight: 400;letter-spacing: 0.25px;text-align: start;text-indent: 0px;text-transform: none;text-decoration: none\"><strong style=\"background-repeat: no-repeat;margin: 0px;padding: 0px;font-weight: bolder\">Rozm\u011bry<\/strong><\/p>\n<ul style=\"background-repeat: no-repeat;margin: 0px;padding: 0px;font-family: Roboto, sans-serif;font-size: 14px;font-style: normal;font-weight: 400;letter-spacing: 0.25px;text-align: start;text-indent: 0px;text-transform: none;text-decoration: none\">\n<li style=\"background-repeat: no-repeat;margin: 0px;padding: 0px\">cca 475 x 106 x 139 mm<\/li>\n<\/ul>\n<hr style=\"background-repeat: no-repeat;margin: 0px;padding: 0px;height: 0px;overflow: visible;font-family: Roboto, sans-serif;font-size: 14px;font-style: normal;font-weight: 400;letter-spacing: 0.25px;text-align: start;text-indent: 0px;text-transform: none;text-decoration: none\">\n<p style=\"background-repeat: no-repeat;margin: 0px;padding: 0px;font-family: Roboto, sans-serif;font-size: 14px;font-style: normal;font-weight: 400;letter-spacing: 0.25px;text-align: start;text-indent: 0px;text-transform: none;text-decoration: none\"><strong style=\"background-repeat: no-repeat;margin: 0px;padding: 0px;font-weight: bolder\">Hmotnost<\/strong><\/p>\n<ul style=\"background-repeat: no-repeat;margin: 0px;padding: 0px;font-family: Roboto, sans-serif;font-size: 14px;font-style: normal;font-weight: 400;letter-spacing: 0.25px;text-align: start;text-indent: 0px;text-transform: none;text-decoration: none\">\n<li style=\"background-repeat: no-repeat;margin: 0px;padding: 0px\">cca 3 990 g (bez p\u0159\u00edslu\u0161enstv\u00ed)<\/li>\n<\/ul>\n","protected":false},"excerpt":{"rendered":"<p>Popis Robustn\u00ed hlin\u00edkov\u00fd p\u0159edn\u00ed kryt Snadn\u00e1 v\u00fdm\u011bna kotou\u010d\u016f pomoc\u00ed aretace v\u0159etena SPINDLE LOCK Variabiln\u00ed, protiskluzov\u00e1 pogumovan\u00e1 dr\u017eadla&nbsp; 3n\u00e1sobn\u011b nastaviteln\u00e9 hlavn\u00ed [&hellip;]<\/p>\n","protected":false},"featured_media":19786,"comment_status":"open","ping_status":"closed","template":"","meta":{"_uag_custom_page_level_css":"","site-sidebar-layout":"default","site-content-layout":"","ast-site-content-layout":"","site-content-style":"default","site-sidebar-style":"default","ast-global-header-display":"","ast-banner-title-visibility":"","ast-main-header-display":"","ast-hfb-above-header-display":"","ast-hfb-below-header-display":"","ast-hfb-mobile-header-display":"","site-post-title":"","ast-breadcrumbs-content":"","ast-featured-img":"","footer-sml-layout":"","theme-transparent-header-meta":"","adv-header-id-meta":"","stick-header-meta":"","header-above-stick-meta":"","header-main-stick-meta":"","header-below-stick-meta":"","astra-migrate-meta-layouts":"default","ast-page-background-enabled":"default","ast-page-background-meta":{"desktop":{"background-color":"var(--ast-global-color-4)","background-image":"","background-repeat":"repeat","background-position":"center center","background-size":"auto","background-attachment":"scroll","background-type":"","background-media":"","overlay-type":"","overlay-color":"","overlay-opacity":"","overlay-gradient":""},"tablet":{"background-color":"","background-image":"","background-repeat":"repeat","background-position":"center center","background-size":"auto","background-attachment":"scroll","background-type":"","background-media":"","overlay-type":"","overlay-color":"","overlay-opacity":"","overlay-gradient":""},"mobile":{"background-color":"","background-image":"","background-repeat":"repeat","background-position":"center center","background-size":"auto","background-attachment":"scroll","background-type":"","background-media":"","overlay-type":"","overlay-color":"","overlay-opacity":"","overlay-gradient":""}},"ast-content-background-meta":{"desktop":{"background-color":"var(--ast-global-color-5)","background-image":"","background-repeat":"repeat","background-position":"center center","background-size":"auto","background-attachment":"scroll","background-type":"","background-media":"","overlay-type":"","overlay-color":"","overlay-opacity":"","overlay-gradient":""},"tablet":{"background-color":"var(--ast-global-color-5)","background-image":"","background-repeat":"repeat","background-position":"center center","background-size":"auto","background-attachment":"scroll","background-type":"","background-media":"","overlay-type":"","overlay-color":"","overlay-opacity":"","overlay-gradient":""},"mobile":{"background-color":"var(--ast-global-color-5)","background-image":"","background-repeat":"repeat","background-position":"center center","background-size":"auto","background-attachment":"scroll","background-type":"","background-media":"","overlay-type":"","overlay-color":"","overlay-opacity":"","overlay-gradient":""}}},"product_brand":[],"product_cat":[71],"product_tag":[],"class_list":{"0":"post-19790","1":"product","2":"type-product","3":"status-publish","4":"has-post-thumbnail","6":"product_cat-dilna-a-zahrada","7":"desktop-align-left","8":"tablet-align-left","9":"mobile-align-left","11":"first","12":"outofstock","13":"sale","14":"shipping-taxable","15":"purchasable","16":"product-type-simple"},"uagb_featured_image_src":{"full":["https:\/\/home-goods.cz\/wp-content\/uploads\/2025\/04\/img_0748.jpeg",1500,1125,false],"thumbnail":["https:\/\/home-goods.cz\/wp-content\/uploads\/2025\/04\/img_0748-150x150.jpeg",150,150,true],"medium":["https:\/\/home-goods.cz\/wp-content\/uploads\/2025\/04\/img_0748-400x300.jpeg",400,300,true],"medium_large":["https:\/\/home-goods.cz\/wp-content\/uploads\/2025\/04\/img_0748-768x576.jpeg",768,576,true],"large":["https:\/\/home-goods.cz\/wp-content\/uploads\/2025\/04\/img_0748-1067x800.jpeg",1067,800,true],"1536x1536":["https:\/\/home-goods.cz\/wp-content\/uploads\/2025\/04\/img_0748.jpeg",1500,1125,false],"2048x2048":["https:\/\/home-goods.cz\/wp-content\/uploads\/2025\/04\/img_0748.jpeg",1500,1125,false],"woocommerce_thumbnail":["https:\/\/home-goods.cz\/wp-content\/uploads\/2025\/04\/img_0748-600x450.jpeg",600,450,true],"woocommerce_single":["https:\/\/home-goods.cz\/wp-content\/uploads\/2025\/04\/img_0748-700x525.jpeg",700,525,true],"woocommerce_gallery_thumbnail":["https:\/\/home-goods.cz\/wp-content\/uploads\/2025\/04\/img_0748-100x100.jpeg",100,100,true]},"uagb_author_info":{"display_name":"Nahorniuk Vladyslav","author_link":"https:\/\/home-goods.cz\/author\/"},"uagb_comment_info":1,"uagb_excerpt":"Popis Robustn\u00ed hlin\u00edkov\u00fd p\u0159edn\u00ed kryt Snadn\u00e1 v\u00fdm\u011bna kotou\u010d\u016f pomoc\u00ed aretace v\u0159etena SPINDLE LOCK Variabiln\u00ed, protiskluzov\u00e1 pogumovan\u00e1 dr\u017eadla&nbsp; 3n\u00e1sobn\u011b nastaviteln\u00e9 hlavn\u00ed [&hellip;]","_links":{"self":[{"href":"https:\/\/home-goods.cz\/wp-json\/wp\/v2\/product\/19790","targetHints":{"allow":["GET"]}}],"collection":[{"href":"https:\/\/home-goods.cz\/wp-json\/wp\/v2\/product"}],"about":[{"href":"https:\/\/home-goods.cz\/wp-json\/wp\/v2\/types\/product"}],"replies":[{"embeddable":true,"href":"https:\/\/home-goods.cz\/wp-json\/wp\/v2\/comments?post=19790"}],"wp:featuredmedia":[{"embeddable":true,"href":"https:\/\/home-goods.cz\/wp-json\/wp\/v2\/media\/19786"}],"wp:attachment":[{"href":"https:\/\/home-goods.cz\/wp-json\/wp\/v2\/media?parent=19790"}],"wp:term":[{"taxonomy":"product_brand","embeddable":true,"href":"https:\/\/home-goods.cz\/wp-json\/wp\/v2\/product_brand?post=19790"},{"taxonomy":"product_cat","embeddable":true,"href":"https:\/\/home-goods.cz\/wp-json\/wp\/v2\/product_cat?post=19790"},{"taxonomy":"product_tag","embeddable":true,"href":"https:\/\/home-goods.cz\/wp-json\/wp\/v2\/product_tag?post=19790"}],"curies":[{"name":"wp","href":"https:\/\/api.w.org\/{rel}","templated":true}]}}