{"id":19562,"date":"2025-03-25T17:50:24","date_gmt":"2025-03-25T16:50:24","guid":{"rendered":"https:\/\/home-goods.cz\/?product=sanitas-digitalni-teplomer-v-dudliku-sby-15"},"modified":"2025-03-25T17:50:30","modified_gmt":"2025-03-25T16:50:30","slug":"sanitas-digitalni-teplomer-v-dudliku-sby-15","status":"publish","type":"product","link":"https:\/\/home-goods.cz\/produkt\/sanitas-digitalni-teplomer-v-dudliku-sby-15\/","title":{"rendered":"Sanitas Digit\u00e1ln\u00ed teplom\u011br v dudl\u00edku SBY 15"},"content":{"rendered":"<h2 style=\"background-repeat: no-repeat;margin: 0px;padding: 0px;font-family: Roboto, sans-serif;font-style: normal;letter-spacing: 0.25px;text-align: start;text-indent: 0px;text-transform: none;text-decoration: none\">SANITAS Digit\u00e1ln\u00ed teplom\u011br v dudl\u00edku SBY 15<\/h2>\n<p style=\"background-repeat: no-repeat;margin: 0px;padding: 0px;font-family: Roboto, sans-serif;font-size: 14px;font-style: normal;font-weight: 400;letter-spacing: 0.25px;text-align: start;text-indent: 0px;text-transform: none;text-decoration: none\"><strong style=\"background-repeat: no-repeat;margin: 0px;padding: 0px;font-weight: bolder\">Popis<\/strong><\/p>\n<ul style=\"background-repeat: no-repeat;margin: 0px;padding: 0px;font-family: Roboto, sans-serif;font-size: 14px;font-style: normal;font-weight: 400;letter-spacing: 0.25px;text-align: start;text-indent: 0px;text-transform: none;text-decoration: none\">\n<li style=\"background-repeat: no-repeat;margin: 0px;padding: 0px\">Jedno pam\u011b\u0165ov\u00e9 m\u00edsto<\/li>\n<li style=\"background-repeat: no-repeat;margin: 0px;padding: 0px\">Sign\u00e1ln\u00ed t\u00f3n<\/li>\n<li style=\"background-repeat: no-repeat;margin: 0px;padding: 0px\">Automatick\u00e9 vypnut\u00ed<\/li>\n<li style=\"background-repeat: no-repeat;margin: 0px;padding: 0px\">V\u010detn\u011b 1 bat\u00e9rie 1,5 V LR41<\/li>\n<li style=\"background-repeat: no-repeat;margin: 0px;padding: 0px\">V\u010detn\u011b<span class=\"Apple-converted-space\">&nbsp;<\/span>krytky<\/li>\n<li style=\"background-repeat: no-repeat;margin: 0px;padding: 0px\">LCD displej<\/li>\n<\/ul>\n<hr style=\"background-repeat: no-repeat;margin: 0px;padding: 0px;height: 0px;overflow: visible;font-family: Roboto, sans-serif;font-size: 14px;font-style: normal;font-weight: 400;letter-spacing: 0.25px;text-align: start;text-indent: 0px;text-transform: none;text-decoration: none\">\n<p style=\"background-repeat: no-repeat;margin: 0px;padding: 0px;font-family: Roboto, sans-serif;font-size: 14px;font-style: normal;font-weight: 400;letter-spacing: 0.25px;text-align: start;text-indent: 0px;text-transform: none;text-decoration: none\"><strong style=\"background-repeat: no-repeat;margin: 0px;padding: 0px;font-weight: bolder\">Technick\u00e9 \u00fadaje<\/strong><\/p>\n<ul style=\"background-repeat: no-repeat;margin: 0px;padding: 0px;font-family: Roboto, sans-serif;font-size: 14px;font-style: normal;font-weight: 400;letter-spacing: 0.25px;text-align: start;text-indent: 0px;text-transform: none;text-decoration: none\">\n<li style=\"background-repeat: no-repeat;margin: 0px;padding: 0px\">Rozsah m\u011b\u0159en\u00ed: 32,0\u201342,9 \u00b0C<\/li>\n<li style=\"background-repeat: no-repeat;margin: 0px;padding: 0px\">P\u0159esnost m\u011b\u0159en\u00ed: \u00b10,1 \u02daC<\/li>\n<li style=\"background-repeat: no-repeat;margin: 0px;padding: 0px\">Rychost m\u011b\u0159en\u00ed: cca 2 min<\/li>\n<\/ul>\n<hr style=\"background-repeat: no-repeat;margin: 0px;padding: 0px;height: 0px;overflow: visible;font-family: Roboto, sans-serif;font-size: 14px;font-style: normal;font-weight: 400;letter-spacing: 0.25px;text-align: start;text-indent: 0px;text-transform: none;text-decoration: none\">\n<p style=\"background-repeat: no-repeat;margin: 0px;padding: 0px;font-family: Roboto, sans-serif;font-size: 14px;font-style: normal;font-weight: 400;letter-spacing: 0.25px;text-align: start;text-indent: 0px;text-transform: none;text-decoration: none\"><strong style=\"background-repeat: no-repeat;margin: 0px;padding: 0px;font-weight: bolder\">Rozm\u011bry<\/strong><\/p>\n<ul style=\"background-repeat: no-repeat;margin: 0px;padding: 0px;font-family: Roboto, sans-serif;font-size: 14px;font-style: normal;font-weight: 400;letter-spacing: 0.25px;text-align: start;text-indent: 0px;text-transform: none;text-decoration: none\">\n<li style=\"background-repeat: no-repeat;margin: 0px;padding: 0px\">cca 5,8 x 4,1 x 4,3 cm<\/li>\n<\/ul>\n<hr style=\"background-repeat: no-repeat;margin: 0px;padding: 0px;height: 0px;overflow: visible;font-family: Roboto, sans-serif;font-size: 14px;font-style: normal;font-weight: 400;letter-spacing: 0.25px;text-align: start;text-indent: 0px;text-transform: none;text-decoration: none\">\n<p style=\"background-repeat: no-repeat;margin: 0px;padding: 0px;font-family: Roboto, sans-serif;font-size: 14px;font-style: normal;font-weight: 400;letter-spacing: 0.25px;text-align: start;text-indent: 0px;text-transform: none;text-decoration: none\"><strong style=\"background-repeat: no-repeat;margin: 0px;padding: 0px;font-weight: bolder\">Hmotnost<\/strong><\/p>\n<ul style=\"background-repeat: no-repeat;margin: 0px;padding: 0px;font-family: Roboto, sans-serif;font-size: 14px;font-style: normal;font-weight: 400;letter-spacing: 0.25px;text-align: start;text-indent: 0px;text-transform: none;text-decoration: none\">\n<li style=\"background-repeat: no-repeat;margin: 0px;padding: 0px\">cca 13 g (v\u010detn\u011b baterie)<\/li>\n<\/ul>\n","protected":false},"excerpt":{"rendered":"<p>SANITAS Digit\u00e1ln\u00ed teplom\u011br v dudl\u00edku SBY 15 Popis Jedno pam\u011b\u0165ov\u00e9 m\u00edsto Sign\u00e1ln\u00ed t\u00f3n Automatick\u00e9 vypnut\u00ed V\u010detn\u011b 1 bat\u00e9rie 1,5 V [&hellip;]<\/p>\n","protected":false},"featured_media":19561,"comment_status":"open","ping_status":"closed","template":"","meta":{"_uag_custom_page_level_css":"","site-sidebar-layout":"default","site-content-layout":"","ast-site-content-layout":"","site-content-style":"default","site-sidebar-style":"default","ast-global-header-display":"","ast-banner-title-visibility":"","ast-main-header-display":"","ast-hfb-above-header-display":"","ast-hfb-below-header-display":"","ast-hfb-mobile-header-display":"","site-post-title":"","ast-breadcrumbs-content":"","ast-featured-img":"","footer-sml-layout":"","theme-transparent-header-meta":"","adv-header-id-meta":"","stick-header-meta":"","header-above-stick-meta":"","header-main-stick-meta":"","header-below-stick-meta":"","astra-migrate-meta-layouts":"default","ast-page-background-enabled":"default","ast-page-background-meta":{"desktop":{"background-color":"var(--ast-global-color-4)","background-image":"","background-repeat":"repeat","background-position":"center center","background-size":"auto","background-attachment":"scroll","background-type":"","background-media":"","overlay-type":"","overlay-color":"","overlay-opacity":"","overlay-gradient":""},"tablet":{"background-color":"","background-image":"","background-repeat":"repeat","background-position":"center center","background-size":"auto","background-attachment":"scroll","background-type":"","background-media":"","overlay-type":"","overlay-color":"","overlay-opacity":"","overlay-gradient":""},"mobile":{"background-color":"","background-image":"","background-repeat":"repeat","background-position":"center center","background-size":"auto","background-attachment":"scroll","background-type":"","background-media":"","overlay-type":"","overlay-color":"","overlay-opacity":"","overlay-gradient":""}},"ast-content-background-meta":{"desktop":{"background-color":"var(--ast-global-color-5)","background-image":"","background-repeat":"repeat","background-position":"center center","background-size":"auto","background-attachment":"scroll","background-type":"","background-media":"","overlay-type":"","overlay-color":"","overlay-opacity":"","overlay-gradient":""},"tablet":{"background-color":"var(--ast-global-color-5)","background-image":"","background-repeat":"repeat","background-position":"center center","background-size":"auto","background-attachment":"scroll","background-type":"","background-media":"","overlay-type":"","overlay-color":"","overlay-opacity":"","overlay-gradient":""},"mobile":{"background-color":"var(--ast-global-color-5)","background-image":"","background-repeat":"repeat","background-position":"center center","background-size":"auto","background-attachment":"scroll","background-type":"","background-media":"","overlay-type":"","overlay-color":"","overlay-opacity":"","overlay-gradient":""}}},"product_brand":[],"product_cat":[75],"product_tag":[],"class_list":{"0":"post-19562","1":"product","2":"type-product","3":"status-publish","4":"has-post-thumbnail","6":"product_cat-pece-o-telo-a-zdravi","7":"desktop-align-left","8":"tablet-align-left","9":"mobile-align-left","11":"first","12":"instock","13":"shipping-taxable","14":"purchasable","15":"product-type-simple"},"uagb_featured_image_src":{"full":["https:\/\/home-goods.cz\/wp-content\/uploads\/2025\/03\/img_0653.jpeg",1500,1125,false],"thumbnail":["https:\/\/home-goods.cz\/wp-content\/uploads\/2025\/03\/img_0653-150x150.jpeg",150,150,true],"medium":["https:\/\/home-goods.cz\/wp-content\/uploads\/2025\/03\/img_0653-400x300.jpeg",400,300,true],"medium_large":["https:\/\/home-goods.cz\/wp-content\/uploads\/2025\/03\/img_0653-768x576.jpeg",768,576,true],"large":["https:\/\/home-goods.cz\/wp-content\/uploads\/2025\/03\/img_0653-1067x800.jpeg",1067,800,true],"1536x1536":["https:\/\/home-goods.cz\/wp-content\/uploads\/2025\/03\/img_0653.jpeg",1500,1125,false],"2048x2048":["https:\/\/home-goods.cz\/wp-content\/uploads\/2025\/03\/img_0653.jpeg",1500,1125,false],"woocommerce_thumbnail":["https:\/\/home-goods.cz\/wp-content\/uploads\/2025\/03\/img_0653-600x450.jpeg",600,450,true],"woocommerce_single":["https:\/\/home-goods.cz\/wp-content\/uploads\/2025\/03\/img_0653-700x525.jpeg",700,525,true],"woocommerce_gallery_thumbnail":["https:\/\/home-goods.cz\/wp-content\/uploads\/2025\/03\/img_0653-100x100.jpeg",100,100,true]},"uagb_author_info":{"display_name":"Nahorniuk Vladyslav","author_link":"https:\/\/home-goods.cz\/author\/"},"uagb_comment_info":0,"uagb_excerpt":"SANITAS Digit\u00e1ln\u00ed teplom\u011br v dudl\u00edku SBY 15 Popis Jedno pam\u011b\u0165ov\u00e9 m\u00edsto Sign\u00e1ln\u00ed t\u00f3n Automatick\u00e9 vypnut\u00ed V\u010detn\u011b 1 bat\u00e9rie 1,5 V [&hellip;]","_links":{"self":[{"href":"https:\/\/home-goods.cz\/wp-json\/wp\/v2\/product\/19562","targetHints":{"allow":["GET"]}}],"collection":[{"href":"https:\/\/home-goods.cz\/wp-json\/wp\/v2\/product"}],"about":[{"href":"https:\/\/home-goods.cz\/wp-json\/wp\/v2\/types\/product"}],"replies":[{"embeddable":true,"href":"https:\/\/home-goods.cz\/wp-json\/wp\/v2\/comments?post=19562"}],"wp:featuredmedia":[{"embeddable":true,"href":"https:\/\/home-goods.cz\/wp-json\/wp\/v2\/media\/19561"}],"wp:attachment":[{"href":"https:\/\/home-goods.cz\/wp-json\/wp\/v2\/media?parent=19562"}],"wp:term":[{"taxonomy":"product_brand","embeddable":true,"href":"https:\/\/home-goods.cz\/wp-json\/wp\/v2\/product_brand?post=19562"},{"taxonomy":"product_cat","embeddable":true,"href":"https:\/\/home-goods.cz\/wp-json\/wp\/v2\/product_cat?post=19562"},{"taxonomy":"product_tag","embeddable":true,"href":"https:\/\/home-goods.cz\/wp-json\/wp\/v2\/product_tag?post=19562"}],"curies":[{"name":"wp","href":"https:\/\/api.w.org\/{rel}","templated":true}]}}