{"id":19529,"date":"2025-03-25T17:14:09","date_gmt":"2025-03-25T16:14:09","guid":{"rendered":"https:\/\/home-goods.cz\/?product=playtive-auto-na-dalkove-ovladani-junior"},"modified":"2026-01-26T22:47:32","modified_gmt":"2026-01-26T21:47:32","slug":"playtive-auto-na-dalkove-ovladani-junior","status":"publish","type":"product","link":"https:\/\/home-goods.cz\/produkt\/playtive-auto-na-dalkove-ovladani-junior\/","title":{"rendered":"Playtive Auto na d\u00e1lkov\u00e9 ovl\u00e1d\u00e1n\u00ed Junior"},"content":{"rendered":"<h2 style=\"margin: 0px 0px 1rem;font-family: LidlFontPro, sans-serif;font-size: 1rem;font-weight: 600;letter-spacing: normal;line-height: 1.25rem;font-style: normal;text-align: start;text-indent: 0px;text-transform: none;text-decoration: none\">Playtive Auto na d\u00e1lkov\u00e9 ovl\u00e1d\u00e1n\u00ed Junior<\/h2>\n<div class=\"product-detail-container\" id=\"detailtab1\" style=\"font-family: LidlFontPro, sans-serif;font-size: 14px;font-style: normal;font-weight: 500;letter-spacing: normal;text-align: start;text-indent: 0px;text-transform: none;text-decoration: none\">\n<div class=\"r no-m\">\n<div class=\"c-2\">\n<div class=\"space p-r p-tb\"><b style=\"font-weight: bolder\">Popis<\/b><\/div>\n<\/div>\n<div class=\"c-8\">\n<div class=\"space p-tb\">\n<ul style=\"margin-bottom: 1rem;margin-top: 0px\">\n<li>Podporuje motoriku a zru\u010dnost<\/li>\n<li>2 rychlostn\u00ed stupn\u011b \u2013 \u017eelva (2 km\/h) a zaj\u00edc (4 km\/h)<\/li>\n<li>4 funkce: dop\u0159edu, dozadu, vlevo a<span> <\/span>vpravo<\/li>\n<li>27MHz r\u00e1diov\u00e9 d\u00e1lkov\u00e9 ovl\u00e1d\u00e1n\u00ed vhodn\u011b tvarovan\u00e9<span class=\"Apple-converted-space\">&nbsp;<\/span>pro d\u011bti<\/li>\n<li>LED osv\u011btlen\u00ed<\/li>\n<li>Baterii \u0161et\u0159\u00edc\u00ed automatick\u00e9 vyp\u00edn\u00e1n\u00ed d\u00e1lkov\u00e9ho ovl\u00e1d\u00e1n\u00ed<\/li>\n<li>Doporu\u010den\u00fd v\u011bk: od 3 let<\/li>\n<li>V\u010detn\u011b bateri\u00ed<\/li>\n<\/ul>\n<\/div>\n<\/div>\n<hr style=\"height: 0px;overflow: visible;border-width: 0.0625rem medium medium;border-style: solid none none;margin: 1rem 0px\">\n<div class=\"c-2\">\n<div class=\"space p-r p-tb\"><b style=\"font-weight: bolder\">Rozm\u011bry<\/b><\/div>\n<\/div>\n<div class=\"c-8\">\n<div class=\"space p-tb\">\n<ul style=\"margin-bottom: 1rem;margin-top: 0px\">\n<li>Auto: cca 213 x 124 x 158 mm<\/li>\n<li>D\u00e1lkov\u00e9 ovl\u00e1d\u00e1n\u00ed: cca 225 x 105 x 32 mm<\/li>\n<\/ul>\n<\/div>\n<\/div>\n<hr style=\"height: 0px;overflow: visible;border-width: 0.0625rem medium medium;border-style: solid none none;margin: 1rem 0px\">\n<div class=\"c-2\">\n<div class=\"space p-r p-tb\"><b style=\"font-weight: bolder\">Hmotnost<\/b><\/div>\n<\/div>\n<div class=\"c-8\">\n<div class=\"space p-tb\">\n<ul style=\"margin-bottom: 1rem;margin-top: 0px\">\n<li>ca 553 g<\/li>\n<\/ul>\n<\/div>\n<\/div>\n<\/div>\n<\/div>\n","protected":false},"excerpt":{"rendered":"<p>Playtive Auto na d\u00e1lkov\u00e9 ovl\u00e1d\u00e1n\u00ed Junior Popis Podporuje motoriku a zru\u010dnost 2 rychlostn\u00ed stupn\u011b \u2013 \u017eelva (2 km\/h) a zaj\u00edc [&hellip;]<\/p>\n","protected":false},"featured_media":19528,"comment_status":"open","ping_status":"closed","template":"","meta":{"_uag_custom_page_level_css":"","site-sidebar-layout":"default","site-content-layout":"","ast-site-content-layout":"","site-content-style":"default","site-sidebar-style":"default","ast-global-header-display":"","ast-banner-title-visibility":"","ast-main-header-display":"","ast-hfb-above-header-display":"","ast-hfb-below-header-display":"","ast-hfb-mobile-header-display":"","site-post-title":"","ast-breadcrumbs-content":"","ast-featured-img":"","footer-sml-layout":"","theme-transparent-header-meta":"","adv-header-id-meta":"","stick-header-meta":"","header-above-stick-meta":"","header-main-stick-meta":"","header-below-stick-meta":"","astra-migrate-meta-layouts":"default","ast-page-background-enabled":"default","ast-page-background-meta":{"desktop":{"background-color":"var(--ast-global-color-4)","background-image":"","background-repeat":"repeat","background-position":"center center","background-size":"auto","background-attachment":"scroll","background-type":"","background-media":"","overlay-type":"","overlay-color":"","overlay-opacity":"","overlay-gradient":""},"tablet":{"background-color":"","background-image":"","background-repeat":"repeat","background-position":"center center","background-size":"auto","background-attachment":"scroll","background-type":"","background-media":"","overlay-type":"","overlay-color":"","overlay-opacity":"","overlay-gradient":""},"mobile":{"background-color":"","background-image":"","background-repeat":"repeat","background-position":"center center","background-size":"auto","background-attachment":"scroll","background-type":"","background-media":"","overlay-type":"","overlay-color":"","overlay-opacity":"","overlay-gradient":""}},"ast-content-background-meta":{"desktop":{"background-color":"var(--ast-global-color-5)","background-image":"","background-repeat":"repeat","background-position":"center center","background-size":"auto","background-attachment":"scroll","background-type":"","background-media":"","overlay-type":"","overlay-color":"","overlay-opacity":"","overlay-gradient":""},"tablet":{"background-color":"var(--ast-global-color-5)","background-image":"","background-repeat":"repeat","background-position":"center center","background-size":"auto","background-attachment":"scroll","background-type":"","background-media":"","overlay-type":"","overlay-color":"","overlay-opacity":"","overlay-gradient":""},"mobile":{"background-color":"var(--ast-global-color-5)","background-image":"","background-repeat":"repeat","background-position":"center center","background-size":"auto","background-attachment":"scroll","background-type":"","background-media":"","overlay-type":"","overlay-color":"","overlay-opacity":"","overlay-gradient":""}}},"product_brand":[],"product_cat":[81],"product_tag":[],"class_list":{"0":"post-19529","1":"product","2":"type-product","3":"status-publish","4":"has-post-thumbnail","6":"product_cat-hracky","7":"desktop-align-left","8":"tablet-align-left","9":"mobile-align-left","11":"first","12":"instock","13":"sale","14":"shipping-taxable","15":"purchasable","16":"product-type-simple"},"uagb_featured_image_src":{"full":["https:\/\/home-goods.cz\/wp-content\/uploads\/2025\/03\/img_0626.jpeg",772,579,false],"thumbnail":["https:\/\/home-goods.cz\/wp-content\/uploads\/2025\/03\/img_0626-150x150.jpeg",150,150,true],"medium":["https:\/\/home-goods.cz\/wp-content\/uploads\/2025\/03\/img_0626-400x300.jpeg",400,300,true],"medium_large":["https:\/\/home-goods.cz\/wp-content\/uploads\/2025\/03\/img_0626-768x576.jpeg",768,576,true],"large":["https:\/\/home-goods.cz\/wp-content\/uploads\/2025\/03\/img_0626.jpeg",772,579,false],"1536x1536":["https:\/\/home-goods.cz\/wp-content\/uploads\/2025\/03\/img_0626.jpeg",772,579,false],"2048x2048":["https:\/\/home-goods.cz\/wp-content\/uploads\/2025\/03\/img_0626.jpeg",772,579,false],"woocommerce_thumbnail":["https:\/\/home-goods.cz\/wp-content\/uploads\/2025\/03\/img_0626-600x450.jpeg",600,450,true],"woocommerce_single":["https:\/\/home-goods.cz\/wp-content\/uploads\/2025\/03\/img_0626-700x525.jpeg",700,525,true],"woocommerce_gallery_thumbnail":["https:\/\/home-goods.cz\/wp-content\/uploads\/2025\/03\/img_0626-100x100.jpeg",100,100,true]},"uagb_author_info":{"display_name":"Nahorniuk Vladyslav","author_link":"https:\/\/home-goods.cz\/author\/"},"uagb_comment_info":0,"uagb_excerpt":"Playtive Auto na d\u00e1lkov\u00e9 ovl\u00e1d\u00e1n\u00ed Junior Popis Podporuje motoriku a zru\u010dnost 2 rychlostn\u00ed stupn\u011b \u2013 \u017eelva (2 km\/h) a zaj\u00edc [&hellip;]","_links":{"self":[{"href":"https:\/\/home-goods.cz\/wp-json\/wp\/v2\/product\/19529","targetHints":{"allow":["GET"]}}],"collection":[{"href":"https:\/\/home-goods.cz\/wp-json\/wp\/v2\/product"}],"about":[{"href":"https:\/\/home-goods.cz\/wp-json\/wp\/v2\/types\/product"}],"replies":[{"embeddable":true,"href":"https:\/\/home-goods.cz\/wp-json\/wp\/v2\/comments?post=19529"}],"wp:featuredmedia":[{"embeddable":true,"href":"https:\/\/home-goods.cz\/wp-json\/wp\/v2\/media\/19528"}],"wp:attachment":[{"href":"https:\/\/home-goods.cz\/wp-json\/wp\/v2\/media?parent=19529"}],"wp:term":[{"taxonomy":"product_brand","embeddable":true,"href":"https:\/\/home-goods.cz\/wp-json\/wp\/v2\/product_brand?post=19529"},{"taxonomy":"product_cat","embeddable":true,"href":"https:\/\/home-goods.cz\/wp-json\/wp\/v2\/product_cat?post=19529"},{"taxonomy":"product_tag","embeddable":true,"href":"https:\/\/home-goods.cz\/wp-json\/wp\/v2\/product_tag?post=19529"}],"curies":[{"name":"wp","href":"https:\/\/api.w.org\/{rel}","templated":true}]}}