{"id":19484,"date":"2025-03-21T21:21:01","date_gmt":"2025-03-21T20:21:01","guid":{"rendered":"https:\/\/home-goods.cz\/?product=crivit-maska-na-snorchlovani"},"modified":"2025-09-02T00:59:21","modified_gmt":"2025-09-01T22:59:21","slug":"crivit-maska-na-snorchlovani","status":"publish","type":"product","link":"https:\/\/home-goods.cz\/produkt\/crivit-maska-na-snorchlovani\/","title":{"rendered":"CRIVIT Maska na \u0161norchlov\u00e1n\u00ed"},"content":{"rendered":"<p style=\"background-repeat: no-repeat;margin: 0px;padding: 0px;font-family: Roboto, sans-serif;font-size: 14px;font-style: normal;font-weight: 400;letter-spacing: 0.25px;text-align: start;text-indent: 0px;text-transform: none;text-decoration: none\"><strong style=\"background-repeat: no-repeat;margin: 0px;padding: 0px;font-weight: bolder\">Popis<\/strong><\/p>\n<ul style=\"background-repeat: no-repeat;margin: 0px;padding: 0px;font-family: Roboto, sans-serif;font-size: 14px;font-style: normal;font-weight: 400;letter-spacing: 0.25px;text-align: start;text-indent: 0px;text-transform: none;text-decoration: none\">\n<li style=\"background-repeat: no-repeat;margin: 0px;padding: 0px\">Inovativn\u00ed technika pro voln\u00e9 d\u00fdch\u00e1n\u00ed \u00fasty a nosem<\/li>\n<li style=\"background-repeat: no-repeat;margin: 0px;padding: 0px\">Extra \u0161irok\u00fd zorn\u00fd \u00fahel 180\u00b0 d\u00edky panoramatick\u00e9mu sklu Total-View<\/li>\n<li style=\"background-repeat: no-repeat;margin: 0px;padding: 0px\">Cirkulace vzduchu zabra\u0148uje zaml\u017een\u00ed skla<\/li>\n<li style=\"background-repeat: no-repeat;margin: 0px;padding: 0px\">Dry Top \u0161norchl zabra\u0148uje na hladin\u011b vniknut\u00ed vody dovnit\u0159<\/li>\n<li style=\"background-repeat: no-repeat;margin: 0px;padding: 0px\">Integrovan\u00fd dr\u017e\u00e1k na kameru<\/li>\n<li style=\"background-repeat: no-repeat;margin: 0px;padding: 0px\">M\u011bkk\u00e9 t\u011bsn\u011bn\u00ed na obli\u010deji a pru\u017en\u00fd p\u00e1sek Easy-Fit pro p\u0159\u00edjemn\u00fd komfort p\u0159i no\u0161en\u00ed<\/li>\n<li style=\"background-repeat: no-repeat;margin: 0px;padding: 0px\">100% UV ochrana<\/li>\n<li style=\"background-repeat: no-repeat;margin: 0px;padding: 0px\">Dvoud\u00edln\u00e1 konstrukce r\u00e1mu s veden\u00edm pro p\u00e1sek a odn\u00edmateln\u00fdm \u0161norchlem<\/li>\n<li style=\"background-repeat: no-repeat;margin: 0px;padding: 0px\">Flexibiln\u00ed, m\u011bkk\u00fd a snadno nastaviteln\u00fd p\u00e1sek pro pohodln\u00e9 a bezpe\u010dn\u00e9 upevn\u011bn\u00ed na hlav\u011b<\/li>\n<li style=\"background-repeat: no-repeat;margin: 0px;padding: 0px\">Ventil Easy-Cler k vypu\u0161t\u011bn\u00ed p\u0159ebyte\u010dn\u00e9 vody<\/li>\n<li style=\"background-repeat: no-repeat;margin: 0px;padding: 0px\">Pro nalezen\u00ed spr\u00e1vn\u00e9 velikosti zm\u011b\u0159te vzd\u00e1lenost od ko\u0159ene nosu po spodn\u00ed \u010d\u00e1st brady p\u0159i zav\u0159en\u00fdch \u00fastech:<\/li>\n<li style=\"background-repeat: no-repeat;margin: 0px;padding: 0px\">S\/M: 10\u201311,5 cm<\/li>\n<li style=\"background-repeat: no-repeat;margin: 0px;padding: 0px\">L\/XL: 11,5\u201313 cm<\/li>\n<\/ul>\n<hr style=\"background-repeat: no-repeat;margin: 0px;padding: 0px;height: 0px;overflow: visible;font-family: Roboto, sans-serif;font-size: 14px;font-style: normal;font-weight: 400;letter-spacing: 0.25px;text-align: start;text-indent: 0px;text-transform: none;text-decoration: none\">\n<p style=\"background-repeat: no-repeat;margin: 0px;padding: 0px;font-family: Roboto, sans-serif;font-size: 14px;font-style: normal;font-weight: 400;letter-spacing: 0.25px;text-align: start;text-indent: 0px;text-transform: none;text-decoration: none\"><strong style=\"background-repeat: no-repeat;margin: 0px;padding: 0px;font-weight: bolder\">Materi\u00e1l<\/strong><\/p>\n<ul style=\"background-repeat: no-repeat;margin: 0px;padding: 0px;font-family: Roboto, sans-serif;font-size: 14px;font-style: normal;font-weight: 400;letter-spacing: 0.25px;text-align: start;text-indent: 0px;text-transform: none;text-decoration: none\">\n<li style=\"background-repeat: no-repeat;margin: 0px;padding: 0px\">Sklo, r\u00e1m a \u0161norchl: PC<\/li>\n<li style=\"background-repeat: no-repeat;margin: 0px;padding: 0px\">Ukon\u010den\u00ed masky: silikon<\/li>\n<li style=\"background-repeat: no-repeat;margin: 0px;padding: 0px\">P\u00e1sek: polyester s elastanem<\/li>\n<\/ul>\n<hr style=\"background-repeat: no-repeat;margin: 0px;padding: 0px;height: 0px;overflow: visible;font-family: Roboto, sans-serif;font-size: 14px;font-style: normal;font-weight: 400;letter-spacing: 0.25px;text-align: start;text-indent: 0px;text-transform: none;text-decoration: none\">\n<p style=\"background-repeat: no-repeat;margin: 0px;padding: 0px;font-family: Roboto, sans-serif;font-size: 14px;font-style: normal;font-weight: 400;letter-spacing: 0.25px;text-align: start;text-indent: 0px;text-transform: none;text-decoration: none\"><strong style=\"background-repeat: no-repeat;margin: 0px;padding: 0px;font-weight: bolder\">Hmotnost<\/strong><\/p>\n<ul style=\"background-repeat: no-repeat;margin: 0px;padding: 0px;font-family: Roboto, sans-serif;font-size: 14px;font-style: normal;font-weight: 400;letter-spacing: 0.25px;text-align: start;text-indent: 0px;text-transform: none;text-decoration: none\">\n<li style=\"background-repeat: no-repeat;margin: 0px;padding: 0px\">cca 647 g<\/li>\n<\/ul>\n","protected":false},"excerpt":{"rendered":"<p>Popis Inovativn\u00ed technika pro voln\u00e9 d\u00fdch\u00e1n\u00ed \u00fasty a nosem Extra \u0161irok\u00fd zorn\u00fd \u00fahel 180\u00b0 d\u00edky panoramatick\u00e9mu sklu Total-View Cirkulace vzduchu [&hellip;]<\/p>\n","protected":false},"featured_media":19479,"comment_status":"open","ping_status":"closed","template":"","meta":{"_uag_custom_page_level_css":"","site-sidebar-layout":"default","site-content-layout":"","ast-site-content-layout":"","site-content-style":"default","site-sidebar-style":"default","ast-global-header-display":"","ast-banner-title-visibility":"","ast-main-header-display":"","ast-hfb-above-header-display":"","ast-hfb-below-header-display":"","ast-hfb-mobile-header-display":"","site-post-title":"","ast-breadcrumbs-content":"","ast-featured-img":"","footer-sml-layout":"","theme-transparent-header-meta":"","adv-header-id-meta":"","stick-header-meta":"","header-above-stick-meta":"","header-main-stick-meta":"","header-below-stick-meta":"","astra-migrate-meta-layouts":"default","ast-page-background-enabled":"default","ast-page-background-meta":{"desktop":{"background-color":"var(--ast-global-color-4)","background-image":"","background-repeat":"repeat","background-position":"center center","background-size":"auto","background-attachment":"scroll","background-type":"","background-media":"","overlay-type":"","overlay-color":"","overlay-opacity":"","overlay-gradient":""},"tablet":{"background-color":"","background-image":"","background-repeat":"repeat","background-position":"center center","background-size":"auto","background-attachment":"scroll","background-type":"","background-media":"","overlay-type":"","overlay-color":"","overlay-opacity":"","overlay-gradient":""},"mobile":{"background-color":"","background-image":"","background-repeat":"repeat","background-position":"center center","background-size":"auto","background-attachment":"scroll","background-type":"","background-media":"","overlay-type":"","overlay-color":"","overlay-opacity":"","overlay-gradient":""}},"ast-content-background-meta":{"desktop":{"background-color":"var(--ast-global-color-5)","background-image":"","background-repeat":"repeat","background-position":"center center","background-size":"auto","background-attachment":"scroll","background-type":"","background-media":"","overlay-type":"","overlay-color":"","overlay-opacity":"","overlay-gradient":""},"tablet":{"background-color":"var(--ast-global-color-5)","background-image":"","background-repeat":"repeat","background-position":"center center","background-size":"auto","background-attachment":"scroll","background-type":"","background-media":"","overlay-type":"","overlay-color":"","overlay-opacity":"","overlay-gradient":""},"mobile":{"background-color":"var(--ast-global-color-5)","background-image":"","background-repeat":"repeat","background-position":"center center","background-size":"auto","background-attachment":"scroll","background-type":"","background-media":"","overlay-type":"","overlay-color":"","overlay-opacity":"","overlay-gradient":""}}},"product_brand":[],"product_cat":[79],"product_tag":[],"class_list":{"0":"post-19484","1":"product","2":"type-product","3":"status-publish","4":"has-post-thumbnail","6":"product_cat-sport-a-hobby","7":"desktop-align-left","8":"tablet-align-left","9":"mobile-align-left","11":"first","12":"instock","13":"sale","14":"shipping-taxable","15":"purchasable","16":"product-type-simple"},"uagb_featured_image_src":{"full":["https:\/\/home-goods.cz\/wp-content\/uploads\/2025\/03\/img_0608.jpeg",1500,1125,false],"thumbnail":["https:\/\/home-goods.cz\/wp-content\/uploads\/2025\/03\/img_0608-150x150.jpeg",150,150,true],"medium":["https:\/\/home-goods.cz\/wp-content\/uploads\/2025\/03\/img_0608-400x300.jpeg",400,300,true],"medium_large":["https:\/\/home-goods.cz\/wp-content\/uploads\/2025\/03\/img_0608-768x576.jpeg",768,576,true],"large":["https:\/\/home-goods.cz\/wp-content\/uploads\/2025\/03\/img_0608-1067x800.jpeg",1067,800,true],"1536x1536":["https:\/\/home-goods.cz\/wp-content\/uploads\/2025\/03\/img_0608.jpeg",1500,1125,false],"2048x2048":["https:\/\/home-goods.cz\/wp-content\/uploads\/2025\/03\/img_0608.jpeg",1500,1125,false],"woocommerce_thumbnail":["https:\/\/home-goods.cz\/wp-content\/uploads\/2025\/03\/img_0608-600x450.jpeg",600,450,true],"woocommerce_single":["https:\/\/home-goods.cz\/wp-content\/uploads\/2025\/03\/img_0608-700x525.jpeg",700,525,true],"woocommerce_gallery_thumbnail":["https:\/\/home-goods.cz\/wp-content\/uploads\/2025\/03\/img_0608-100x100.jpeg",100,100,true]},"uagb_author_info":{"display_name":"Nahorniuk Vladyslav","author_link":"https:\/\/home-goods.cz\/author\/"},"uagb_comment_info":0,"uagb_excerpt":"Popis Inovativn\u00ed technika pro voln\u00e9 d\u00fdch\u00e1n\u00ed \u00fasty a nosem Extra \u0161irok\u00fd zorn\u00fd \u00fahel 180\u00b0 d\u00edky panoramatick\u00e9mu sklu Total-View Cirkulace vzduchu [&hellip;]","_links":{"self":[{"href":"https:\/\/home-goods.cz\/wp-json\/wp\/v2\/product\/19484","targetHints":{"allow":["GET"]}}],"collection":[{"href":"https:\/\/home-goods.cz\/wp-json\/wp\/v2\/product"}],"about":[{"href":"https:\/\/home-goods.cz\/wp-json\/wp\/v2\/types\/product"}],"replies":[{"embeddable":true,"href":"https:\/\/home-goods.cz\/wp-json\/wp\/v2\/comments?post=19484"}],"wp:featuredmedia":[{"embeddable":true,"href":"https:\/\/home-goods.cz\/wp-json\/wp\/v2\/media\/19479"}],"wp:attachment":[{"href":"https:\/\/home-goods.cz\/wp-json\/wp\/v2\/media?parent=19484"}],"wp:term":[{"taxonomy":"product_brand","embeddable":true,"href":"https:\/\/home-goods.cz\/wp-json\/wp\/v2\/product_brand?post=19484"},{"taxonomy":"product_cat","embeddable":true,"href":"https:\/\/home-goods.cz\/wp-json\/wp\/v2\/product_cat?post=19484"},{"taxonomy":"product_tag","embeddable":true,"href":"https:\/\/home-goods.cz\/wp-json\/wp\/v2\/product_tag?post=19484"}],"curies":[{"name":"wp","href":"https:\/\/api.w.org\/{rel}","templated":true}]}}