{"id":19363,"date":"2025-03-15T15:02:55","date_gmt":"2025-03-15T14:02:55","guid":{"rendered":"https:\/\/home-goods.cz\/?product=parkside-zahradni-kultivator-pgk-1500-a1"},"modified":"2026-02-25T15:00:48","modified_gmt":"2026-02-25T14:00:48","slug":"parkside-zahradni-kultivator-pgk-1500-a1","status":"publish","type":"product","link":"https:\/\/home-goods.cz\/produkt\/parkside-zahradni-kultivator-pgk-1500-a1\/","title":{"rendered":"PARKSIDE\u00ae Zahradn\u00ed kultiv\u00e1tor PGK 1500 A1"},"content":{"rendered":"<h2 style=\"background-repeat: no-repeat;margin: 0px;padding: 0px;font-family: Roboto, sans-serif;font-style: normal;letter-spacing: 0.25px;text-align: start;text-indent: 0px;text-transform: none;text-decoration: none\">PARKSIDE Zahradn\u00ed kultiv\u00e1tor PGK 1500 A1<\/h2>\n<p style=\"background-repeat: no-repeat;margin: 0px;padding: 0px;font-family: Roboto, sans-serif;font-size: 14px;font-style: normal;font-weight: 400;letter-spacing: 0.25px;text-align: start;text-indent: 0px;text-transform: none;text-decoration: none\"><strong style=\"background-repeat: no-repeat;margin: 0px;padding: 0px;font-weight: bolder\">Popis<\/strong><\/p>\n<ul style=\"background-repeat: no-repeat;margin: 0px;padding: 0px;font-family: Roboto, sans-serif;font-size: 14px;font-style: normal;font-weight: 400;letter-spacing: 0.25px;text-align: start;text-indent: 0px;text-transform: none;text-decoration: none\">\n<li style=\"background-repeat: no-repeat;margin: 0px;padding: 0px\">Pro pohodln\u00e9 provzdu\u0161\u0148ov\u00e1n\u00ed zeminy \u0161etrn\u00e9 k z\u00e1d\u016fm<\/li>\n<li style=\"background-repeat: no-repeat;margin: 0px;padding: 0px\">1 500W turbo power motor s vysokou hnac\u00ed silou<\/li>\n<li style=\"background-repeat: no-repeat;margin: 0px;padding: 0px\">6 tich\u00fdch, speci\u00e1ln\u011b tvrzen\u00fdch no\u017eov\u00fdch hv\u011bzdic<\/li>\n<li style=\"background-repeat: no-repeat;margin: 0px;padding: 0px\">Samo\u010dinn\u00e9 vniknut\u00ed do hrudovit\u00e9 p\u016fdy do hloubky 20 cm<\/li>\n<li style=\"background-repeat: no-repeat;margin: 0px;padding: 0px\">Pracovn\u00ed \u0161\u00ed\u0159ku lze p\u0159izp\u016fsobit d\u00edky odn\u00edmateln\u00fdm no\u017eov\u00fdm hv\u011bzdic\u00edm (cca 29 cm \/ 40 cm)<\/li>\n<li style=\"background-repeat: no-repeat;margin: 0px;padding: 0px\">P\u0159evodovka s dlouhou \u017eivotnost\u00ed v olejov\u00e9 koupeli s trval\u00fdm maz\u00e1n\u00edm<\/li>\n<li style=\"background-repeat: no-repeat;margin: 0px;padding: 0px\">Ergonomick\u00e9 protiskluzov\u00e9 rukojeti s integrovan\u00fdm odleh\u010den\u00edm tahu kabelu<\/li>\n<li style=\"background-repeat: no-repeat;margin: 0px;padding: 0px\">Robustn\u00ed t\u011blo z n\u00e1razuvzdorn\u00e9ho plastu se st\u0159edov\u00fdm dr\u017eadlem<\/li>\n<li style=\"background-repeat: no-repeat;margin: 0px;padding: 0px\">V\u00fd\u0161kov\u011b nastaviteln\u00e1 kole\u010dka pro pohodlnou pr\u00e1ci a snadnou p\u0159epravu<\/li>\n<li style=\"background-repeat: no-repeat;margin: 0px;padding: 0px\">Bezpe\u010dnostn\u00ed sp\u00edna\u010d a automatick\u00e1 ochrana motoru proti p\u0159et\u00ed\u017een\u00ed<\/li>\n<li style=\"background-repeat: no-repeat;margin: 0px;padding: 0px\">Mo\u017enost sklopen\u00ed pro \u00fasporu m\u00edsta<\/li>\n<\/ul>\n<hr style=\"background-repeat: no-repeat;margin: 0px;padding: 0px;height: 0px;overflow: visible;font-family: Roboto, sans-serif;font-size: 14px;font-style: normal;font-weight: 400;letter-spacing: 0.25px;text-align: start;text-indent: 0px;text-transform: none;text-decoration: none\">\n<p style=\"background-repeat: no-repeat;margin: 0px;padding: 0px;font-family: Roboto, sans-serif;font-size: 14px;font-style: normal;font-weight: 400;letter-spacing: 0.25px;text-align: start;text-indent: 0px;text-transform: none;text-decoration: none\"><strong style=\"background-repeat: no-repeat;margin: 0px;padding: 0px;font-weight: bolder\">Technick\u00e9 \u00fadaje<\/strong><\/p>\n<ul style=\"background-repeat: no-repeat;margin: 0px;padding: 0px;font-family: Roboto, sans-serif;font-size: 14px;font-style: normal;font-weight: 400;letter-spacing: 0.25px;text-align: start;text-indent: 0px;text-transform: none;text-decoration: none\">\n<li style=\"background-repeat: no-repeat;margin: 0px;padding: 0px\">P\u0159\u00edkon: 1 500 W<\/li>\n<li style=\"background-repeat: no-repeat;margin: 0px;padding: 0px\">Ot\u00e1\u010dky napr\u00e1zdno: 380 min-1<\/li>\n<li style=\"background-repeat: no-repeat;margin: 0px;padding: 0px\">Pracovn\u00ed \u0161\u00ed\u0159ky: cca 40 cm \/ 29 cm<\/li>\n<li style=\"background-repeat: no-repeat;margin: 0px;padding: 0px\">Pracovn\u00ed hloubka: max. 20 cm<\/li>\n<\/ul>\n<hr style=\"background-repeat: no-repeat;margin: 0px;padding: 0px;height: 0px;overflow: visible;font-family: Roboto, sans-serif;font-size: 14px;font-style: normal;font-weight: 400;letter-spacing: 0.25px;text-align: start;text-indent: 0px;text-transform: none;text-decoration: none\">\n<p style=\"background-repeat: no-repeat;margin: 0px;padding: 0px;font-family: Roboto, sans-serif;font-size: 14px;font-style: normal;font-weight: 400;letter-spacing: 0.25px;text-align: start;text-indent: 0px;text-transform: none;text-decoration: none\"><strong style=\"background-repeat: no-repeat;margin: 0px;padding: 0px;font-weight: bolder\">Materi\u00e1l<\/strong><\/p>\n<ul style=\"background-repeat: no-repeat;margin: 0px;padding: 0px;font-family: Roboto, sans-serif;font-size: 14px;font-style: normal;font-weight: 400;letter-spacing: 0.25px;text-align: start;text-indent: 0px;text-transform: none;text-decoration: none\">\n<li style=\"background-repeat: no-repeat;margin: 0px;padding: 0px\">Ocel, plast<\/li>\n<\/ul>\n<hr style=\"background-repeat: no-repeat;margin: 0px;padding: 0px;height: 0px;overflow: visible;font-family: Roboto, sans-serif;font-size: 14px;font-style: normal;font-weight: 400;letter-spacing: 0.25px;text-align: start;text-indent: 0px;text-transform: none;text-decoration: none\">\n<p style=\"background-repeat: no-repeat;margin: 0px;padding: 0px;font-family: Roboto, sans-serif;font-size: 14px;font-style: normal;font-weight: 400;letter-spacing: 0.25px;text-align: start;text-indent: 0px;text-transform: none;text-decoration: none\"><strong style=\"background-repeat: no-repeat;margin: 0px;padding: 0px;font-weight: bolder\">Rozm\u011bry<\/strong><\/p>\n<ul style=\"background-repeat: no-repeat;margin: 0px;padding: 0px;font-family: Roboto, sans-serif;font-size: 14px;font-style: normal;font-weight: 400;letter-spacing: 0.25px;text-align: start;text-indent: 0px;text-transform: none;text-decoration: none\">\n<li style=\"background-repeat: no-repeat;margin: 0px;padding: 0px\">Zahradn\u00ed kultiv\u00e1tor: cca 115 x 90 x 40,4 cm<\/li>\n<li style=\"background-repeat: no-repeat;margin: 0px;padding: 0px\">D\u00e9lka s\u00ed\u0165ov\u00e9ho kabelu: cca 12,5 cm<\/li>\n<\/ul>\n<hr style=\"background-repeat: no-repeat;margin: 0px;padding: 0px;height: 0px;overflow: visible;font-family: Roboto, sans-serif;font-size: 14px;font-style: normal;font-weight: 400;letter-spacing: 0.25px;text-align: start;text-indent: 0px;text-transform: none;text-decoration: none\">\n<p style=\"background-repeat: no-repeat;margin: 0px;padding: 0px;font-family: Roboto, sans-serif;font-size: 14px;font-style: normal;font-weight: 400;letter-spacing: 0.25px;text-align: start;text-indent: 0px;text-transform: none;text-decoration: none\"><strong style=\"background-repeat: no-repeat;margin: 0px;padding: 0px;font-weight: bolder\">Hmotnost<\/strong><\/p>\n<ul style=\"background-repeat: no-repeat;margin: 0px;padding: 0px;font-family: Roboto, sans-serif;font-size: 14px;font-style: normal;font-weight: 400;letter-spacing: 0.25px;text-align: start;text-indent: 0px;text-transform: none;text-decoration: none\">\n<li style=\"background-repeat: no-repeat;margin: 0px;padding: 0px\">cca 10,5 kg<\/li>\n<\/ul>\n","protected":false},"excerpt":{"rendered":"<p>PARKSIDE Zahradn\u00ed kultiv\u00e1tor PGK 1500 A1 Popis Pro pohodln\u00e9 provzdu\u0161\u0148ov\u00e1n\u00ed zeminy \u0161etrn\u00e9 k z\u00e1d\u016fm 1 500W turbo power motor s [&hellip;]<\/p>\n","protected":false},"featured_media":19357,"comment_status":"open","ping_status":"closed","template":"","meta":{"_uag_custom_page_level_css":"","site-sidebar-layout":"default","site-content-layout":"","ast-site-content-layout":"","site-content-style":"default","site-sidebar-style":"default","ast-global-header-display":"","ast-banner-title-visibility":"","ast-main-header-display":"","ast-hfb-above-header-display":"","ast-hfb-below-header-display":"","ast-hfb-mobile-header-display":"","site-post-title":"","ast-breadcrumbs-content":"","ast-featured-img":"","footer-sml-layout":"","theme-transparent-header-meta":"","adv-header-id-meta":"","stick-header-meta":"","header-above-stick-meta":"","header-main-stick-meta":"","header-below-stick-meta":"","astra-migrate-meta-layouts":"default","ast-page-background-enabled":"default","ast-page-background-meta":{"desktop":{"background-color":"var(--ast-global-color-4)","background-image":"","background-repeat":"repeat","background-position":"center center","background-size":"auto","background-attachment":"scroll","background-type":"","background-media":"","overlay-type":"","overlay-color":"","overlay-opacity":"","overlay-gradient":""},"tablet":{"background-color":"","background-image":"","background-repeat":"repeat","background-position":"center center","background-size":"auto","background-attachment":"scroll","background-type":"","background-media":"","overlay-type":"","overlay-color":"","overlay-opacity":"","overlay-gradient":""},"mobile":{"background-color":"","background-image":"","background-repeat":"repeat","background-position":"center center","background-size":"auto","background-attachment":"scroll","background-type":"","background-media":"","overlay-type":"","overlay-color":"","overlay-opacity":"","overlay-gradient":""}},"ast-content-background-meta":{"desktop":{"background-color":"var(--ast-global-color-5)","background-image":"","background-repeat":"repeat","background-position":"center center","background-size":"auto","background-attachment":"scroll","background-type":"","background-media":"","overlay-type":"","overlay-color":"","overlay-opacity":"","overlay-gradient":""},"tablet":{"background-color":"var(--ast-global-color-5)","background-image":"","background-repeat":"repeat","background-position":"center center","background-size":"auto","background-attachment":"scroll","background-type":"","background-media":"","overlay-type":"","overlay-color":"","overlay-opacity":"","overlay-gradient":""},"mobile":{"background-color":"var(--ast-global-color-5)","background-image":"","background-repeat":"repeat","background-position":"center center","background-size":"auto","background-attachment":"scroll","background-type":"","background-media":"","overlay-type":"","overlay-color":"","overlay-opacity":"","overlay-gradient":""}}},"product_brand":[],"product_cat":[71],"product_tag":[],"class_list":{"0":"post-19363","1":"product","2":"type-product","3":"status-publish","4":"has-post-thumbnail","6":"product_cat-dilna-a-zahrada","7":"desktop-align-left","8":"tablet-align-left","9":"mobile-align-left","11":"first","12":"outofstock","13":"sale","14":"shipping-taxable","15":"purchasable","16":"product-type-simple"},"uagb_featured_image_src":{"full":["https:\/\/home-goods.cz\/wp-content\/uploads\/2025\/03\/img_2211.jpeg",1500,1125,false],"thumbnail":["https:\/\/home-goods.cz\/wp-content\/uploads\/2025\/03\/img_2211-150x150.jpeg",150,150,true],"medium":["https:\/\/home-goods.cz\/wp-content\/uploads\/2025\/03\/img_2211-400x300.jpeg",400,300,true],"medium_large":["https:\/\/home-goods.cz\/wp-content\/uploads\/2025\/03\/img_2211-768x576.jpeg",768,576,true],"large":["https:\/\/home-goods.cz\/wp-content\/uploads\/2025\/03\/img_2211-1067x800.jpeg",1067,800,true],"1536x1536":["https:\/\/home-goods.cz\/wp-content\/uploads\/2025\/03\/img_2211.jpeg",1500,1125,false],"2048x2048":["https:\/\/home-goods.cz\/wp-content\/uploads\/2025\/03\/img_2211.jpeg",1500,1125,false],"woocommerce_thumbnail":["https:\/\/home-goods.cz\/wp-content\/uploads\/2025\/03\/img_2211-600x450.jpeg",600,450,true],"woocommerce_single":["https:\/\/home-goods.cz\/wp-content\/uploads\/2025\/03\/img_2211-700x525.jpeg",700,525,true],"woocommerce_gallery_thumbnail":["https:\/\/home-goods.cz\/wp-content\/uploads\/2025\/03\/img_2211-100x100.jpeg",100,100,true]},"uagb_author_info":{"display_name":"Nahorniuk Vladyslav","author_link":"https:\/\/home-goods.cz\/author\/"},"uagb_comment_info":0,"uagb_excerpt":"PARKSIDE Zahradn\u00ed kultiv\u00e1tor PGK 1500 A1 Popis Pro pohodln\u00e9 provzdu\u0161\u0148ov\u00e1n\u00ed zeminy \u0161etrn\u00e9 k z\u00e1d\u016fm 1 500W turbo power motor s [&hellip;]","_links":{"self":[{"href":"https:\/\/home-goods.cz\/wp-json\/wp\/v2\/product\/19363","targetHints":{"allow":["GET"]}}],"collection":[{"href":"https:\/\/home-goods.cz\/wp-json\/wp\/v2\/product"}],"about":[{"href":"https:\/\/home-goods.cz\/wp-json\/wp\/v2\/types\/product"}],"replies":[{"embeddable":true,"href":"https:\/\/home-goods.cz\/wp-json\/wp\/v2\/comments?post=19363"}],"wp:featuredmedia":[{"embeddable":true,"href":"https:\/\/home-goods.cz\/wp-json\/wp\/v2\/media\/19357"}],"wp:attachment":[{"href":"https:\/\/home-goods.cz\/wp-json\/wp\/v2\/media?parent=19363"}],"wp:term":[{"taxonomy":"product_brand","embeddable":true,"href":"https:\/\/home-goods.cz\/wp-json\/wp\/v2\/product_brand?post=19363"},{"taxonomy":"product_cat","embeddable":true,"href":"https:\/\/home-goods.cz\/wp-json\/wp\/v2\/product_cat?post=19363"},{"taxonomy":"product_tag","embeddable":true,"href":"https:\/\/home-goods.cz\/wp-json\/wp\/v2\/product_tag?post=19363"}],"curies":[{"name":"wp","href":"https:\/\/api.w.org\/{rel}","templated":true}]}}