{"id":19308,"date":"2025-03-13T16:41:35","date_gmt":"2025-03-13T15:41:35","guid":{"rendered":"https:\/\/home-goods.cz\/?product=parkside-horkovzdusna-pistole-a-likvidator-plevele-s-dlouhou-nasadou-plhlg-2000-c2"},"modified":"2026-02-18T18:21:22","modified_gmt":"2026-02-18T17:21:22","slug":"parkside-horkovzdusna-pistole-a-likvidator-plevele-s-dlouhou-nasadou-plhlg-2000-c2","status":"publish","type":"product","link":"https:\/\/home-goods.cz\/produkt\/parkside-horkovzdusna-pistole-a-likvidator-plevele-s-dlouhou-nasadou-plhlg-2000-c2\/","title":{"rendered":"PARKSIDE\u00ae Horkovzdu\u0161n\u00e1 pistole a likvid\u00e1tor plevele s dlouhou n\u00e1sadou PLHLG 2000 C2"},"content":{"rendered":"<h2 style=\"background-repeat: no-repeat;margin: 0px;padding: 0px;font-family: Roboto, sans-serif;font-style: normal;letter-spacing: 0.25px;text-align: start;text-indent: 0px;text-transform: none;text-decoration: none\">PARKSIDE\u00ae Horkovzdu\u0161n\u00e1 pistole a likvid\u00e1tor plevele s dlouhou n\u00e1sadou PLHLG 2000 C2<\/h2>\n<p style=\"background-repeat: no-repeat;margin: 0px;padding: 0px;font-family: Roboto, sans-serif;font-size: 14px;font-style: normal;font-weight: 400;letter-spacing: 0.25px;text-align: start;text-indent: 0px;text-transform: none;text-decoration: none\"><strong style=\"background-repeat: no-repeat;margin: 0px;padding: 0px;font-weight: bolder\">Popis<\/strong><\/p>\n<ul style=\"background-repeat: no-repeat;margin: 0px;padding: 0px;font-family: Roboto, sans-serif;font-size: 14px;font-style: normal;font-weight: 400;letter-spacing: 0.25px;text-align: start;text-indent: 0px;text-transform: none;text-decoration: none\">\n<li style=\"background-repeat: no-repeat;margin: 0px;padding: 0px\">2 v 1: Univerz\u00e1ln\u00ed pou\u017eit\u00ed d\u00edky nasaditeln\u00e9 prodlu\u017eovac\u00ed ty\u010di a maxim\u00e1ln\u00ed teplot\u011b 650 \u00b0C<\/li>\n<li style=\"background-repeat: no-repeat;margin: 0px;padding: 0px\">3 nastaviteln\u00e9 teplotn\u00ed stupn\u011b<\/li>\n<li style=\"background-repeat: no-repeat;margin: 0px;padding: 0px\">Horkovzdu\u0161n\u00e1 pistole s dlouhou n\u00e1sadou na uvol\u0148ov\u00e1n\u00ed, tvarov\u00e1n\u00ed nebo zah\u0159\u00edv\u00e1n\u00ed i pou\u017eit\u00ed jako likvid\u00e1tor plevele nebo podpalova\u010d grilu<\/li>\n<li style=\"background-repeat: no-repeat;margin: 0px;padding: 0px\">Oto\u010dn\u00e1 hlava &#8211; pou\u017eit\u00ed jako ty\u010d, nebo jako pistole<\/li>\n<li style=\"background-repeat: no-repeat;margin: 0px;padding: 0px\">D\u00edky praktick\u00e9 n\u00e1sad\u011b lze pou\u017e\u00edvat tak\u00e9 jako ekologick\u00fd likvid\u00e1tor plevele \u2013 bez \u0161kodliv\u00fdch chemik\u00e1li\u00ed<\/li>\n<li style=\"background-repeat: no-repeat;margin: 0px;padding: 0px\">Dr\u017eadla s ergonomick\u00fdm, protiskluzov\u00fdm m\u011bkk\u00fdm povrchem<\/li>\n<li style=\"background-repeat: no-repeat;margin: 0px;padding: 0px\">Mo\u017enost svisl\u00e9ho postaven\u00ed<\/li>\n<li style=\"background-repeat: no-repeat;margin: 0px;padding: 0px\">V\u010detn\u011b odleh\u010den\u00ed tahu kabelu<\/li>\n<\/ul>\n<hr style=\"background-repeat: no-repeat;margin: 0px;padding: 0px;height: 0px;overflow: visible;font-family: Roboto, sans-serif;font-size: 14px;font-style: normal;font-weight: 400;letter-spacing: 0.25px;text-align: start;text-indent: 0px;text-transform: none;text-decoration: none\">\n<p style=\"background-repeat: no-repeat;margin: 0px;padding: 0px;font-family: Roboto, sans-serif;font-size: 14px;font-style: normal;font-weight: 400;letter-spacing: 0.25px;text-align: start;text-indent: 0px;text-transform: none;text-decoration: none\"><strong style=\"background-repeat: no-repeat;margin: 0px;padding: 0px;font-weight: bolder\">Obsah balen\u00ed<\/strong><\/p>\n<ul style=\"background-repeat: no-repeat;margin: 0px;padding: 0px;font-family: Roboto, sans-serif;font-size: 14px;font-style: normal;font-weight: 400;letter-spacing: 0.25px;text-align: start;text-indent: 0px;text-transform: none;text-decoration: none\">\n<li style=\"background-repeat: no-repeat;margin: 0px;padding: 0px\">Ku\u017eelov\u00e1 tryska na likvidaci plevele<\/li>\n<li style=\"background-repeat: no-repeat;margin: 0px;padding: 0px\">\u0160krabkov\u00e1 tryska<\/li>\n<li style=\"background-repeat: no-repeat;margin: 0px;padding: 0px\">Ploch\u00e1 tryska<\/li>\n<li style=\"background-repeat: no-repeat;margin: 0px;padding: 0px\">Reduk\u010dn\u00ed tryska<\/li>\n<li style=\"background-repeat: no-repeat;margin: 0px;padding: 0px\">Grilovac\u00ed tryska<\/li>\n<li style=\"background-repeat: no-repeat;margin: 0px;padding: 0px\">N\u00e1sada s dr\u017eadlem<\/li>\n<\/ul>\n<hr style=\"background-repeat: no-repeat;margin: 0px;padding: 0px;height: 0px;overflow: visible;font-family: Roboto, sans-serif;font-size: 14px;font-style: normal;font-weight: 400;letter-spacing: 0.25px;text-align: start;text-indent: 0px;text-transform: none;text-decoration: none\">\n<p style=\"background-repeat: no-repeat;margin: 0px;padding: 0px;font-family: Roboto, sans-serif;font-size: 14px;font-style: normal;font-weight: 400;letter-spacing: 0.25px;text-align: start;text-indent: 0px;text-transform: none;text-decoration: none\"><strong style=\"background-repeat: no-repeat;margin: 0px;padding: 0px;font-weight: bolder\">Technick\u00e9 \u00fadaje<\/strong><\/p>\n<ul style=\"background-repeat: no-repeat;margin: 0px;padding: 0px;font-family: Roboto, sans-serif;font-size: 14px;font-style: normal;font-weight: 400;letter-spacing: 0.25px;text-align: start;text-indent: 0px;text-transform: none;text-decoration: none\">\n<li style=\"background-repeat: no-repeat;margin: 0px;padding: 0px\">P\u0159\u00edkon: 2000 W<\/li>\n<li style=\"background-repeat: no-repeat;margin: 0px;padding: 0px\">Teplotn\u00ed stupn\u011b: 100 \/ 350 \/ 650 \u00b0C<\/li>\n<li style=\"background-repeat: no-repeat;margin: 0px;padding: 0px\">Max. rychlost proud\u011bn\u00ed vzduchu: 500 l\/min<\/li>\n<li style=\"background-repeat: no-repeat;margin: 0px;padding: 0px\">D\u00e9lka s\u00ed\u0165ov\u00e9ho kabelu: cca 3 m<\/li>\n<\/ul>\n<hr style=\"background-repeat: no-repeat;margin: 0px;padding: 0px;height: 0px;overflow: visible;font-family: Roboto, sans-serif;font-size: 14px;font-style: normal;font-weight: 400;letter-spacing: 0.25px;text-align: start;text-indent: 0px;text-transform: none;text-decoration: none\">\n<p style=\"background-repeat: no-repeat;margin: 0px;padding: 0px;font-family: Roboto, sans-serif;font-size: 14px;font-style: normal;font-weight: 400;letter-spacing: 0.25px;text-align: start;text-indent: 0px;text-transform: none;text-decoration: none\"><strong style=\"background-repeat: no-repeat;margin: 0px;padding: 0px;font-weight: bolder\">Rozm\u011bry<\/strong><\/p>\n<ul style=\"background-repeat: no-repeat;margin: 0px;padding: 0px;font-family: Roboto, sans-serif;font-size: 14px;font-style: normal;font-weight: 400;letter-spacing: 0.25px;text-align: start;text-indent: 0px;text-transform: none;text-decoration: none\">\n<li style=\"background-repeat: no-repeat;margin: 0px;padding: 0px\">cca 107 x 14,6 x 7,7 cm<\/li>\n<\/ul>\n<hr style=\"background-repeat: no-repeat;margin: 0px;padding: 0px;height: 0px;overflow: visible;font-family: Roboto, sans-serif;font-size: 14px;font-style: normal;font-weight: 400;letter-spacing: 0.25px;text-align: start;text-indent: 0px;text-transform: none;text-decoration: none\">\n<p style=\"background-repeat: no-repeat;margin: 0px;padding: 0px;font-family: Roboto, sans-serif;font-size: 14px;font-style: normal;font-weight: 400;letter-spacing: 0.25px;text-align: start;text-indent: 0px;text-transform: none;text-decoration: none\"><strong style=\"background-repeat: no-repeat;margin: 0px;padding: 0px;font-weight: bolder\">Hmotnost<\/strong><\/p>\n<ul style=\"background-repeat: no-repeat;margin: 0px;padding: 0px;font-family: Roboto, sans-serif;font-size: 14px;font-style: normal;font-weight: 400;letter-spacing: 0.25px;text-align: start;text-indent: 0px;text-transform: none;text-decoration: none\">\n<li style=\"background-repeat: no-repeat;margin: 0px;padding: 0px\">cca 1,5 kg<\/li>\n<\/ul>\n","protected":false},"excerpt":{"rendered":"<p>PARKSIDE\u00ae Horkovzdu\u0161n\u00e1 pistole a likvid\u00e1tor plevele s dlouhou n\u00e1sadou PLHLG 2000 C2 Popis 2 v 1: Univerz\u00e1ln\u00ed pou\u017eit\u00ed d\u00edky nasaditeln\u00e9 [&hellip;]<\/p>\n","protected":false},"featured_media":19299,"comment_status":"open","ping_status":"closed","template":"","meta":{"_uag_custom_page_level_css":"","site-sidebar-layout":"default","site-content-layout":"","ast-site-content-layout":"","site-content-style":"default","site-sidebar-style":"default","ast-global-header-display":"","ast-banner-title-visibility":"","ast-main-header-display":"","ast-hfb-above-header-display":"","ast-hfb-below-header-display":"","ast-hfb-mobile-header-display":"","site-post-title":"","ast-breadcrumbs-content":"","ast-featured-img":"","footer-sml-layout":"","theme-transparent-header-meta":"","adv-header-id-meta":"","stick-header-meta":"","header-above-stick-meta":"","header-main-stick-meta":"","header-below-stick-meta":"","astra-migrate-meta-layouts":"default","ast-page-background-enabled":"default","ast-page-background-meta":{"desktop":{"background-color":"var(--ast-global-color-4)","background-image":"","background-repeat":"repeat","background-position":"center center","background-size":"auto","background-attachment":"scroll","background-type":"","background-media":"","overlay-type":"","overlay-color":"","overlay-opacity":"","overlay-gradient":""},"tablet":{"background-color":"","background-image":"","background-repeat":"repeat","background-position":"center center","background-size":"auto","background-attachment":"scroll","background-type":"","background-media":"","overlay-type":"","overlay-color":"","overlay-opacity":"","overlay-gradient":""},"mobile":{"background-color":"","background-image":"","background-repeat":"repeat","background-position":"center center","background-size":"auto","background-attachment":"scroll","background-type":"","background-media":"","overlay-type":"","overlay-color":"","overlay-opacity":"","overlay-gradient":""}},"ast-content-background-meta":{"desktop":{"background-color":"var(--ast-global-color-5)","background-image":"","background-repeat":"repeat","background-position":"center center","background-size":"auto","background-attachment":"scroll","background-type":"","background-media":"","overlay-type":"","overlay-color":"","overlay-opacity":"","overlay-gradient":""},"tablet":{"background-color":"var(--ast-global-color-5)","background-image":"","background-repeat":"repeat","background-position":"center center","background-size":"auto","background-attachment":"scroll","background-type":"","background-media":"","overlay-type":"","overlay-color":"","overlay-opacity":"","overlay-gradient":""},"mobile":{"background-color":"var(--ast-global-color-5)","background-image":"","background-repeat":"repeat","background-position":"center center","background-size":"auto","background-attachment":"scroll","background-type":"","background-media":"","overlay-type":"","overlay-color":"","overlay-opacity":"","overlay-gradient":""}}},"product_brand":[],"product_cat":[71],"product_tag":[],"class_list":{"0":"post-19308","1":"product","2":"type-product","3":"status-publish","4":"has-post-thumbnail","6":"product_cat-dilna-a-zahrada","7":"desktop-align-left","8":"tablet-align-left","9":"mobile-align-left","11":"first","12":"instock","13":"sale","14":"shipping-taxable","15":"purchasable","16":"product-type-simple"},"uagb_featured_image_src":{"full":["https:\/\/home-goods.cz\/wp-content\/uploads\/2025\/03\/img_0547.jpeg",1500,1125,false],"thumbnail":["https:\/\/home-goods.cz\/wp-content\/uploads\/2025\/03\/img_0547-150x150.jpeg",150,150,true],"medium":["https:\/\/home-goods.cz\/wp-content\/uploads\/2025\/03\/img_0547-400x300.jpeg",400,300,true],"medium_large":["https:\/\/home-goods.cz\/wp-content\/uploads\/2025\/03\/img_0547-768x576.jpeg",768,576,true],"large":["https:\/\/home-goods.cz\/wp-content\/uploads\/2025\/03\/img_0547-1067x800.jpeg",1067,800,true],"1536x1536":["https:\/\/home-goods.cz\/wp-content\/uploads\/2025\/03\/img_0547.jpeg",1500,1125,false],"2048x2048":["https:\/\/home-goods.cz\/wp-content\/uploads\/2025\/03\/img_0547.jpeg",1500,1125,false],"woocommerce_thumbnail":["https:\/\/home-goods.cz\/wp-content\/uploads\/2025\/03\/img_0547-600x450.jpeg",600,450,true],"woocommerce_single":["https:\/\/home-goods.cz\/wp-content\/uploads\/2025\/03\/img_0547-700x525.jpeg",700,525,true],"woocommerce_gallery_thumbnail":["https:\/\/home-goods.cz\/wp-content\/uploads\/2025\/03\/img_0547-100x100.jpeg",100,100,true]},"uagb_author_info":{"display_name":"Nahorniuk Vladyslav","author_link":"https:\/\/home-goods.cz\/author\/"},"uagb_comment_info":0,"uagb_excerpt":"PARKSIDE\u00ae Horkovzdu\u0161n\u00e1 pistole a likvid\u00e1tor plevele s dlouhou n\u00e1sadou PLHLG 2000 C2 Popis 2 v 1: Univerz\u00e1ln\u00ed pou\u017eit\u00ed d\u00edky nasaditeln\u00e9 [&hellip;]","_links":{"self":[{"href":"https:\/\/home-goods.cz\/wp-json\/wp\/v2\/product\/19308","targetHints":{"allow":["GET"]}}],"collection":[{"href":"https:\/\/home-goods.cz\/wp-json\/wp\/v2\/product"}],"about":[{"href":"https:\/\/home-goods.cz\/wp-json\/wp\/v2\/types\/product"}],"replies":[{"embeddable":true,"href":"https:\/\/home-goods.cz\/wp-json\/wp\/v2\/comments?post=19308"}],"wp:featuredmedia":[{"embeddable":true,"href":"https:\/\/home-goods.cz\/wp-json\/wp\/v2\/media\/19299"}],"wp:attachment":[{"href":"https:\/\/home-goods.cz\/wp-json\/wp\/v2\/media?parent=19308"}],"wp:term":[{"taxonomy":"product_brand","embeddable":true,"href":"https:\/\/home-goods.cz\/wp-json\/wp\/v2\/product_brand?post=19308"},{"taxonomy":"product_cat","embeddable":true,"href":"https:\/\/home-goods.cz\/wp-json\/wp\/v2\/product_cat?post=19308"},{"taxonomy":"product_tag","embeddable":true,"href":"https:\/\/home-goods.cz\/wp-json\/wp\/v2\/product_tag?post=19308"}],"curies":[{"name":"wp","href":"https:\/\/api.w.org\/{rel}","templated":true}]}}