{"id":19125,"date":"2025-03-06T17:43:36","date_gmt":"2025-03-06T16:43:36","guid":{"rendered":"https:\/\/home-goods.cz\/?product=crivit-nozni-pumpa-s-manometrem"},"modified":"2026-03-02T13:22:31","modified_gmt":"2026-03-02T12:22:31","slug":"crivit-nozni-pumpa-s-manometrem","status":"publish","type":"product","link":"https:\/\/home-goods.cz\/produkt\/crivit-nozni-pumpa-s-manometrem\/","title":{"rendered":"CRIVIT No\u017en\u00ed pumpa s manometrem"},"content":{"rendered":"<p style=\"background-repeat: no-repeat;margin: 0px;padding: 0px;font-family: Roboto, sans-serif;font-size: 14px;font-style: normal;font-weight: 400;letter-spacing: 0.25px;text-align: start;text-indent: 0px;text-transform: none;text-decoration: none\"><strong style=\"background-repeat: no-repeat;margin: 0px;padding: 0px;font-weight: bolder\">Popis<\/strong><\/p>\n<ul style=\"background-repeat: no-repeat;margin: 0px;padding: 0px;font-family: Roboto, sans-serif;font-size: 14px;font-style: normal;font-weight: 400;letter-spacing: 0.25px;text-align: start;text-indent: 0px;text-transform: none;text-decoration: none\">\n<li style=\"background-repeat: no-repeat;margin: 0px;padding: 0px\">Kvalitn\u00ed n\u00e1stroj pro rychl\u00e9 a p\u0159esn\u00e9 nahu\u0161t\u011bn\u00ed<\/li>\n<li style=\"background-repeat: no-repeat;margin: 0px;padding: 0px\">Ergonomicky tvarovan\u00e1 rukoje\u0165 s m\u011bkk\u00fdm povrchem<\/li>\n<li style=\"background-repeat: no-repeat;margin: 0px;padding: 0px\">Hlava pumpy s reverzibiln\u00edm hlin\u00edkov\u00fdm ventilov\u00fdm n\u00e1stavcem pro v\u0161echny b\u011b\u017en\u00e9 druhy ventil\u016f<\/li>\n<li style=\"background-repeat: no-repeat;margin: 0px;padding: 0px\">Stabiln\u00ed no\u017en\u00ed pumpa s neklouzavou n\u00e1\u0161lapnou plochou a dob\u0159e \u010diteln\u00fdm manometrem<\/li>\n<li style=\"background-repeat: no-repeat;margin: 0px;padding: 0px\">P\u00edst a v\u00e1lec z precizn\u00ed oceli<\/li>\n<li style=\"background-repeat: no-repeat;margin: 0px;padding: 0px\">Vysokotlak\u00e1 hadice<\/li>\n<li style=\"background-repeat: no-repeat;margin: 0px;padding: 0px\">Snadn\u00e9 nafukov\u00e1n\u00ed pneumatik, m\u00ed\u010d\u016f a matrac\u00ed<\/li>\n<li style=\"background-repeat: no-repeat;margin: 0px;padding: 0px\">Vhodn\u00e1 pro v\u0161echna b\u011b\u017en\u00e1 BMX kola, horsk\u00e1, z\u00e1vodn\u00ed a cestovn\u00ed kola<\/li>\n<li style=\"background-repeat: no-repeat;margin: 0px;padding: 0px\">V\u010detn\u011b sady adapt\u00e9r\u016f na nafukovac\u00ed matrace, hra\u010dky nebo m\u00ed\u010de<\/li>\n<\/ul>\n<hr style=\"background-repeat: no-repeat;margin: 0px;padding: 0px;height: 0px;overflow: visible;font-family: Roboto, sans-serif;font-size: 14px;font-style: normal;font-weight: 400;letter-spacing: 0.25px;text-align: start;text-indent: 0px;text-transform: none;text-decoration: none\">\n<p style=\"background-repeat: no-repeat;margin: 0px;padding: 0px;font-family: Roboto, sans-serif;font-size: 14px;font-style: normal;font-weight: 400;letter-spacing: 0.25px;text-align: start;text-indent: 0px;text-transform: none;text-decoration: none\"><strong style=\"background-repeat: no-repeat;margin: 0px;padding: 0px;font-weight: bolder\">Technick\u00e9 \u00fadaje<\/strong><\/p>\n<ul style=\"background-repeat: no-repeat;margin: 0px;padding: 0px;font-family: Roboto, sans-serif;font-size: 14px;font-style: normal;font-weight: 400;letter-spacing: 0.25px;text-align: start;text-indent: 0px;text-transform: none;text-decoration: none\">\n<li style=\"background-repeat: no-repeat;margin: 0px;padding: 0px\">Max. p\u0159\u00edpustn\u00fd tlak: 8 bar<\/li>\n<li style=\"background-repeat: no-repeat;margin: 0px;padding: 0px\">Jmenovit\u00fd tlak: 7 bar<\/li>\n<li style=\"background-repeat: no-repeat;margin: 0px;padding: 0px\">Manometr: do 11 bar<\/li>\n<li style=\"background-repeat: no-repeat;margin: 0px;padding: 0px\">Objem pumpy: cca 370 ccm<\/li>\n<\/ul>\n<hr style=\"background-repeat: no-repeat;margin: 0px;padding: 0px;height: 0px;overflow: visible;font-family: Roboto, sans-serif;font-size: 14px;font-style: normal;font-weight: 400;letter-spacing: 0.25px;text-align: start;text-indent: 0px;text-transform: none;text-decoration: none\">\n<p style=\"background-repeat: no-repeat;margin: 0px;padding: 0px;font-family: Roboto, sans-serif;font-size: 14px;font-style: normal;font-weight: 400;letter-spacing: 0.25px;text-align: start;text-indent: 0px;text-transform: none;text-decoration: none\"><strong style=\"background-repeat: no-repeat;margin: 0px;padding: 0px;font-weight: bolder\">Obsah balen\u00ed<\/strong><\/p>\n<ul style=\"background-repeat: no-repeat;margin: 0px;padding: 0px;font-family: Roboto, sans-serif;font-size: 14px;font-style: normal;font-weight: 400;letter-spacing: 0.25px;text-align: start;text-indent: 0px;text-transform: none;text-decoration: none\">\n<li style=\"background-repeat: no-repeat;margin: 0px;padding: 0px\">V\u00e1lec a noha: ocel Q195<\/li>\n<li style=\"background-repeat: no-repeat;margin: 0px;padding: 0px\">No\u017en\u00ed ped\u00e1l: termoplastick\u00fd elastomer<\/li>\n<li style=\"background-repeat: no-repeat;margin: 0px;padding: 0px\">Rukoje\u0165 a manometr: polypropylen<\/li>\n<li style=\"background-repeat: no-repeat;margin: 0px;padding: 0px\">Vysokotlak\u00e1 hadice: guma<\/li>\n<li style=\"background-repeat: no-repeat;margin: 0px;padding: 0px\">Areta\u010dn\u00ed p\u00e1\u010dka: polyamid<\/li>\n<\/ul>\n<hr style=\"background-repeat: no-repeat;margin: 0px;padding: 0px;height: 0px;overflow: visible;font-family: Roboto, sans-serif;font-size: 14px;font-style: normal;font-weight: 400;letter-spacing: 0.25px;text-align: start;text-indent: 0px;text-transform: none;text-decoration: none\">\n<p style=\"background-repeat: no-repeat;margin: 0px;padding: 0px;font-family: Roboto, sans-serif;font-size: 14px;font-style: normal;font-weight: 400;letter-spacing: 0.25px;text-align: start;text-indent: 0px;text-transform: none;text-decoration: none\"><strong style=\"background-repeat: no-repeat;margin: 0px;padding: 0px;font-weight: bolder\">Rozm\u011bry<\/strong><\/p>\n<ul style=\"background-repeat: no-repeat;margin: 0px;padding: 0px;font-family: Roboto, sans-serif;font-size: 14px;font-style: normal;font-weight: 400;letter-spacing: 0.25px;text-align: start;text-indent: 0px;text-transform: none;text-decoration: none\">\n<li style=\"background-repeat: no-repeat;margin: 0px;padding: 0px\">Celkov\u00fd rozm\u011br: cca 25 (d\u00e9lka rukojeti) x 24,8 (d\u00e9lka nohy) x 72,5 cm (v\u00fd\u0161ka pumpy)<\/li>\n<li style=\"background-repeat: no-repeat;margin: 0px;padding: 0px\">D\u00e9lka vysokotlak\u00e9 hadice: cca 100 cm<\/li>\n<\/ul>\n<hr style=\"background-repeat: no-repeat;margin: 0px;padding: 0px;height: 0px;overflow: visible;font-family: Roboto, sans-serif;font-size: 14px;font-style: normal;font-weight: 400;letter-spacing: 0.25px;text-align: start;text-indent: 0px;text-transform: none;text-decoration: none\">\n<p style=\"background-repeat: no-repeat;margin: 0px;padding: 0px;font-family: Roboto, sans-serif;font-size: 14px;font-style: normal;font-weight: 400;letter-spacing: 0.25px;text-align: start;text-indent: 0px;text-transform: none;text-decoration: none\"><strong style=\"background-repeat: no-repeat;margin: 0px;padding: 0px;font-weight: bolder\">Hmotnost<\/strong><\/p>\n<ul style=\"background-repeat: no-repeat;margin: 0px;padding: 0px;font-family: Roboto, sans-serif;font-size: 14px;font-style: normal;font-weight: 400;letter-spacing: 0.25px;text-align: start;text-indent: 0px;text-transform: none;text-decoration: none\">\n<li style=\"background-repeat: no-repeat;margin: 0px;padding: 0px\">cca 1,1 kg<\/li>\n<\/ul>\n","protected":false},"excerpt":{"rendered":"<p>Popis Kvalitn\u00ed n\u00e1stroj pro rychl\u00e9 a p\u0159esn\u00e9 nahu\u0161t\u011bn\u00ed Ergonomicky tvarovan\u00e1 rukoje\u0165 s m\u011bkk\u00fdm povrchem Hlava pumpy s reverzibiln\u00edm hlin\u00edkov\u00fdm ventilov\u00fdm [&hellip;]<\/p>\n","protected":false},"featured_media":19119,"comment_status":"open","ping_status":"closed","template":"","meta":{"_uag_custom_page_level_css":"","site-sidebar-layout":"default","site-content-layout":"","ast-site-content-layout":"default","site-content-style":"default","site-sidebar-style":"default","ast-global-header-display":"","ast-banner-title-visibility":"","ast-main-header-display":"","ast-hfb-above-header-display":"","ast-hfb-below-header-display":"","ast-hfb-mobile-header-display":"","site-post-title":"","ast-breadcrumbs-content":"","ast-featured-img":"","footer-sml-layout":"","ast-disable-related-posts":"","theme-transparent-header-meta":"","adv-header-id-meta":"","stick-header-meta":"","header-above-stick-meta":"","header-main-stick-meta":"","header-below-stick-meta":"","astra-migrate-meta-layouts":"default","ast-page-background-enabled":"default","ast-page-background-meta":{"desktop":{"background-color":"var(--ast-global-color-4)","background-image":"","background-repeat":"repeat","background-position":"center center","background-size":"auto","background-attachment":"scroll","background-type":"","background-media":"","overlay-type":"","overlay-color":"","overlay-opacity":"","overlay-gradient":""},"tablet":{"background-color":"","background-image":"","background-repeat":"repeat","background-position":"center center","background-size":"auto","background-attachment":"scroll","background-type":"","background-media":"","overlay-type":"","overlay-color":"","overlay-opacity":"","overlay-gradient":""},"mobile":{"background-color":"","background-image":"","background-repeat":"repeat","background-position":"center center","background-size":"auto","background-attachment":"scroll","background-type":"","background-media":"","overlay-type":"","overlay-color":"","overlay-opacity":"","overlay-gradient":""}},"ast-content-background-meta":{"desktop":{"background-color":"var(--ast-global-color-5)","background-image":"","background-repeat":"repeat","background-position":"center center","background-size":"auto","background-attachment":"scroll","background-type":"","background-media":"","overlay-type":"","overlay-color":"","overlay-opacity":"","overlay-gradient":""},"tablet":{"background-color":"var(--ast-global-color-5)","background-image":"","background-repeat":"repeat","background-position":"center center","background-size":"auto","background-attachment":"scroll","background-type":"","background-media":"","overlay-type":"","overlay-color":"","overlay-opacity":"","overlay-gradient":""},"mobile":{"background-color":"var(--ast-global-color-5)","background-image":"","background-repeat":"repeat","background-position":"center center","background-size":"auto","background-attachment":"scroll","background-type":"","background-media":"","overlay-type":"","overlay-color":"","overlay-opacity":"","overlay-gradient":""}}},"product_brand":[],"product_cat":[79],"product_tag":[],"class_list":{"0":"post-19125","1":"product","2":"type-product","3":"status-publish","4":"has-post-thumbnail","6":"product_cat-sport-a-hobby","7":"desktop-align-left","8":"tablet-align-left","9":"mobile-align-left","11":"first","12":"outofstock","13":"sale","14":"shipping-taxable","15":"purchasable","16":"product-type-simple"},"uagb_featured_image_src":{"full":["https:\/\/home-goods.cz\/wp-content\/uploads\/2025\/03\/img_0452.jpeg",1500,1125,false],"thumbnail":["https:\/\/home-goods.cz\/wp-content\/uploads\/2025\/03\/img_0452-150x150.jpeg",150,150,true],"medium":["https:\/\/home-goods.cz\/wp-content\/uploads\/2025\/03\/img_0452-400x300.jpeg",400,300,true],"medium_large":["https:\/\/home-goods.cz\/wp-content\/uploads\/2025\/03\/img_0452-768x576.jpeg",768,576,true],"large":["https:\/\/home-goods.cz\/wp-content\/uploads\/2025\/03\/img_0452-1067x800.jpeg",1067,800,true],"1536x1536":["https:\/\/home-goods.cz\/wp-content\/uploads\/2025\/03\/img_0452.jpeg",1500,1125,false],"2048x2048":["https:\/\/home-goods.cz\/wp-content\/uploads\/2025\/03\/img_0452.jpeg",1500,1125,false],"woocommerce_thumbnail":["https:\/\/home-goods.cz\/wp-content\/uploads\/2025\/03\/img_0452-600x450.jpeg",600,450,true],"woocommerce_single":["https:\/\/home-goods.cz\/wp-content\/uploads\/2025\/03\/img_0452-700x525.jpeg",700,525,true],"woocommerce_gallery_thumbnail":["https:\/\/home-goods.cz\/wp-content\/uploads\/2025\/03\/img_0452-100x100.jpeg",100,100,true]},"uagb_author_info":{"display_name":"Nahorniuk Vladyslav","author_link":"https:\/\/home-goods.cz\/author\/"},"uagb_comment_info":0,"uagb_excerpt":"Popis Kvalitn\u00ed n\u00e1stroj pro rychl\u00e9 a p\u0159esn\u00e9 nahu\u0161t\u011bn\u00ed Ergonomicky tvarovan\u00e1 rukoje\u0165 s m\u011bkk\u00fdm povrchem Hlava pumpy s reverzibiln\u00edm hlin\u00edkov\u00fdm ventilov\u00fdm [&hellip;]","_links":{"self":[{"href":"https:\/\/home-goods.cz\/wp-json\/wp\/v2\/product\/19125","targetHints":{"allow":["GET"]}}],"collection":[{"href":"https:\/\/home-goods.cz\/wp-json\/wp\/v2\/product"}],"about":[{"href":"https:\/\/home-goods.cz\/wp-json\/wp\/v2\/types\/product"}],"replies":[{"embeddable":true,"href":"https:\/\/home-goods.cz\/wp-json\/wp\/v2\/comments?post=19125"}],"wp:featuredmedia":[{"embeddable":true,"href":"https:\/\/home-goods.cz\/wp-json\/wp\/v2\/media\/19119"}],"wp:attachment":[{"href":"https:\/\/home-goods.cz\/wp-json\/wp\/v2\/media?parent=19125"}],"wp:term":[{"taxonomy":"product_brand","embeddable":true,"href":"https:\/\/home-goods.cz\/wp-json\/wp\/v2\/product_brand?post=19125"},{"taxonomy":"product_cat","embeddable":true,"href":"https:\/\/home-goods.cz\/wp-json\/wp\/v2\/product_cat?post=19125"},{"taxonomy":"product_tag","embeddable":true,"href":"https:\/\/home-goods.cz\/wp-json\/wp\/v2\/product_tag?post=19125"}],"curies":[{"name":"wp","href":"https:\/\/api.w.org\/{rel}","templated":true}]}}