{"id":18586,"date":"2025-02-09T12:27:51","date_gmt":"2025-02-09T11:27:51","guid":{"rendered":"https:\/\/home-goods.cz\/?post_type=product&#038;p=18586"},"modified":"2025-06-06T21:59:17","modified_gmt":"2025-06-06T19:59:17","slug":"silvercrest-personal-care-vysousec-vlasu-s-ionizacni-technologii-shtd-2200-e4-2","status":"publish","type":"product","link":"https:\/\/home-goods.cz\/produkt\/silvercrest-personal-care-vysousec-vlasu-s-ionizacni-technologii-shtd-2200-e4-2\/","title":{"rendered":"SILVERCREST\u00ae PERSONAL CARE Vysou\u0161e\u010d vlas\u016f s ioniza\u010dn\u00ed technologi\u00ed SHTD 2200 E4 modry"},"content":{"rendered":"<h2 style=\"background-repeat: no-repeat; margin: 0px; padding: 0px; font-family: Roboto, sans-serif; font-style: normal; letter-spacing: 0.25px; text-align: start; text-indent: 0px; text-transform: none; text-decoration: none;\">SILVERCREST\u00ae PERSONAL CARE Vysou\u0161e\u010d vlas\u016f s ioniza\u010dn\u00ed technologi\u00ed SHTD 2200 E4<\/h2>\n<p style=\"background-repeat: no-repeat; margin: 0px; padding: 0px; font-family: Roboto, sans-serif; font-size: 14px; font-style: normal; font-weight: 400; letter-spacing: 0.25px; text-align: start; text-indent: 0px; text-transform: none; text-decoration: none;\"><strong style=\"background-repeat: no-repeat; margin: 0px; padding: 0px; font-weight: bolder;\">Popis<\/strong><\/p>\n<ul style=\"background-repeat: no-repeat; margin: 0px; padding: 0px; font-family: Roboto, sans-serif; font-size: 14px; font-style: normal; font-weight: 400; letter-spacing: 0.25px; text-align: start; text-indent: 0px; text-transform: none; text-decoration: none;\">\n<li style=\"background-repeat: no-repeat; margin: 0px; padding: 0px;\">Ioniza\u010dn\u00ed funkce s LED kontrolkou<\/li>\n<li style=\"background-repeat: no-repeat; margin: 0px; padding: 0px;\">Ioniza\u010dn\u00ed technologie<span class=\"Apple-converted-space\">\u00a0<\/span>\n<ul style=\"background-repeat: no-repeat; margin: 0px; padding: 0px;\">\n<li style=\"background-repeat: no-repeat; margin: 0px; padding: 0px;\">Antistatick\u00e9 su\u0161en\u00ed<span class=\"Apple-converted-space\">\u00a0<\/span><\/li>\n<li style=\"background-repeat: no-repeat; margin: 0px; padding: 0px;\">Hebk\u00e9 vlasy<span class=\"Apple-converted-space\">\u00a0<\/span><\/li>\n<li style=\"background-repeat: no-repeat; margin: 0px; padding: 0px;\">Kr\u00e1tk\u00e1 doba su\u0161en\u00ed, \u0161et\u0159\u00ed vlasy<span class=\"Apple-converted-space\">\u00a0<\/span><\/li>\n<li style=\"background-repeat: no-repeat; margin: 0px; padding: 0px;\">P\u0159irozen\u00fd lesk<\/li>\n<\/ul>\n<\/li>\n<li style=\"background-repeat: no-repeat; margin: 0px; padding: 0px;\">Tich\u00fd motor (DC)<\/li>\n<li style=\"background-repeat: no-repeat; margin: 0px; padding: 0px;\">2 stupn\u011b intenzity fouk\u00e1n\u00ed a 3 teplotn\u00ed stupn\u011b s p\u0159\u00eddavnou funkc\u00ed &#8222;Cool Shot&#8220;<\/li>\n<li style=\"background-repeat: no-repeat; margin: 0px; padding: 0px;\">Funkce &#8222;Cool Shot&#8220;: fixov\u00e1n\u00ed \u00fa\u010desu<\/li>\n<li style=\"background-repeat: no-repeat; margin: 0px; padding: 0px;\">\u00dazk\u00e1 hubice na \u00fapravu vlas\u016f pro p\u0159esn\u00e9 nasm\u011brov\u00e1n\u00ed proudu vzduchu<\/li>\n<li style=\"background-repeat: no-repeat; margin: 0px; padding: 0px;\">Jednoduch\u00e9 \u010di\u0161t\u011bn\u00ed d\u00edky vyj\u00edmateln\u00e9mu filtru<\/li>\n<li style=\"background-repeat: no-repeat; margin: 0px; padding: 0px;\">Z\u00e1v\u011bsn\u00fd krou\u017eek<\/li>\n<\/ul>\n<hr style=\"background-repeat: no-repeat; margin: 0px; padding: 0px; height: 0px; overflow: visible; font-family: Roboto, sans-serif; font-size: 14px; font-style: normal; font-weight: 400; letter-spacing: 0.25px; text-align: start; text-indent: 0px; text-transform: none; text-decoration: none;\" \/>\n<p style=\"background-repeat: no-repeat; margin: 0px; padding: 0px; font-family: Roboto, sans-serif; font-size: 14px; font-style: normal; font-weight: 400; letter-spacing: 0.25px; text-align: start; text-indent: 0px; text-transform: none; text-decoration: none;\"><strong style=\"background-repeat: no-repeat; margin: 0px; padding: 0px; font-weight: bolder;\">Technick\u00e9 \u00fadaje<\/strong><\/p>\n<ul style=\"background-repeat: no-repeat; margin: 0px; padding: 0px; font-family: Roboto, sans-serif; font-size: 14px; font-style: normal; font-weight: 400; letter-spacing: 0.25px; text-align: start; text-indent: 0px; text-transform: none; text-decoration: none;\">\n<li style=\"background-repeat: no-repeat; margin: 0px; padding: 0px;\">P\u0159\u00edkon: 2200 W<\/li>\n<li style=\"background-repeat: no-repeat; margin: 0px; padding: 0px;\">D\u00e9lka s\u00ed\u0165ov\u00e9ho kabelu: cca 1,8 m<\/li>\n<li style=\"background-repeat: no-repeat; margin: 0px; padding: 0px;\">Nap\u011bn\u00ed: 220 &#8211; 240 V, 50 &#8211; 60 Hz<\/li>\n<\/ul>\n<hr style=\"background-repeat: no-repeat; margin: 0px; padding: 0px; height: 0px; overflow: visible; font-family: Roboto, sans-serif; font-size: 14px; font-style: normal; font-weight: 400; letter-spacing: 0.25px; text-align: start; text-indent: 0px; text-transform: none; text-decoration: none;\" \/>\n<p style=\"background-repeat: no-repeat; margin: 0px; padding: 0px; font-family: Roboto, sans-serif; font-size: 14px; font-style: normal; font-weight: 400; letter-spacing: 0.25px; text-align: start; text-indent: 0px; text-transform: none; text-decoration: none;\"><strong style=\"background-repeat: no-repeat; margin: 0px; padding: 0px; font-weight: bolder;\">Materi\u00e1l<\/strong><\/p>\n<ul style=\"background-repeat: no-repeat; margin: 0px; padding: 0px; font-family: Roboto, sans-serif; font-size: 14px; font-style: normal; font-weight: 400; letter-spacing: 0.25px; text-align: start; text-indent: 0px; text-transform: none; text-decoration: none;\">\n<li style=\"background-repeat: no-repeat; margin: 0px; padding: 0px;\">ABS, PC, kov<\/li>\n<\/ul>\n<hr style=\"background-repeat: no-repeat; margin: 0px; padding: 0px; height: 0px; overflow: visible; font-family: Roboto, sans-serif; font-size: 14px; font-style: normal; font-weight: 400; letter-spacing: 0.25px; text-align: start; text-indent: 0px; text-transform: none; text-decoration: none;\" \/>\n<p style=\"background-repeat: no-repeat; margin: 0px; padding: 0px; font-family: Roboto, sans-serif; font-size: 14px; font-style: normal; font-weight: 400; letter-spacing: 0.25px; text-align: start; text-indent: 0px; text-transform: none; text-decoration: none;\"><strong style=\"background-repeat: no-repeat; margin: 0px; padding: 0px; font-weight: bolder;\">Rozm\u011bry<\/strong><\/p>\n<ul style=\"background-repeat: no-repeat; margin: 0px; padding: 0px; font-family: Roboto, sans-serif; font-size: 14px; font-style: normal; font-weight: 400; letter-spacing: 0.25px; text-align: start; text-indent: 0px; text-transform: none; text-decoration: none;\">\n<li style=\"background-repeat: no-repeat; margin: 0px; padding: 0px;\">cca 26 x 9,5 x 29 cm (D x \u0160 x V)<\/li>\n<\/ul>\n<hr style=\"background-repeat: no-repeat; margin: 0px; padding: 0px; height: 0px; overflow: visible; font-family: Roboto, sans-serif; font-size: 14px; font-style: normal; font-weight: 400; letter-spacing: 0.25px; text-align: start; text-indent: 0px; text-transform: none; text-decoration: none;\" \/>\n<p style=\"background-repeat: no-repeat; margin: 0px; padding: 0px; font-family: Roboto, sans-serif; font-size: 14px; font-style: normal; font-weight: 400; letter-spacing: 0.25px; text-align: start; text-indent: 0px; text-transform: none; text-decoration: none;\"><strong style=\"background-repeat: no-repeat; margin: 0px; padding: 0px; font-weight: bolder;\">Hmotnost<\/strong><\/p>\n<ul style=\"background-repeat: no-repeat; margin: 0px; padding: 0px; font-family: Roboto, sans-serif; font-size: 14px; font-style: normal; font-weight: 400; letter-spacing: 0.25px; text-align: start; text-indent: 0px; text-transform: none; text-decoration: none;\">\n<li style=\"background-repeat: no-repeat; margin: 0px; padding: 0px;\">cca 600 g<\/li>\n<\/ul>\n","protected":false},"excerpt":{"rendered":"<p>SILVERCREST\u00ae PERSONAL CARE Vysou\u0161e\u010d vlas\u016f s ioniza\u010dn\u00ed technologi\u00ed SHTD 2200 E4 Popis Ioniza\u010dn\u00ed funkce s LED kontrolkou Ioniza\u010dn\u00ed technologie\u00a0 Antistatick\u00e9 [&hellip;]<\/p>\n","protected":false},"featured_media":18577,"comment_status":"open","ping_status":"closed","template":"","meta":{"_uag_custom_page_level_css":"","site-sidebar-layout":"default","site-content-layout":"","ast-site-content-layout":"","site-content-style":"default","site-sidebar-style":"default","ast-global-header-display":"","ast-banner-title-visibility":"","ast-main-header-display":"","ast-hfb-above-header-display":"","ast-hfb-below-header-display":"","ast-hfb-mobile-header-display":"","site-post-title":"","ast-breadcrumbs-content":"","ast-featured-img":"","footer-sml-layout":"","theme-transparent-header-meta":"","adv-header-id-meta":"","stick-header-meta":"","header-above-stick-meta":"","header-main-stick-meta":"","header-below-stick-meta":"","astra-migrate-meta-layouts":"default","ast-page-background-enabled":"default","ast-page-background-meta":{"desktop":{"background-color":"var(--ast-global-color-4)","background-image":"","background-repeat":"repeat","background-position":"center center","background-size":"auto","background-attachment":"scroll","background-type":"","background-media":"","overlay-type":"","overlay-color":"","overlay-opacity":"","overlay-gradient":""},"tablet":{"background-color":"","background-image":"","background-repeat":"repeat","background-position":"center center","background-size":"auto","background-attachment":"scroll","background-type":"","background-media":"","overlay-type":"","overlay-color":"","overlay-opacity":"","overlay-gradient":""},"mobile":{"background-color":"","background-image":"","background-repeat":"repeat","background-position":"center center","background-size":"auto","background-attachment":"scroll","background-type":"","background-media":"","overlay-type":"","overlay-color":"","overlay-opacity":"","overlay-gradient":""}},"ast-content-background-meta":{"desktop":{"background-color":"var(--ast-global-color-5)","background-image":"","background-repeat":"repeat","background-position":"center center","background-size":"auto","background-attachment":"scroll","background-type":"","background-media":"","overlay-type":"","overlay-color":"","overlay-opacity":"","overlay-gradient":""},"tablet":{"background-color":"var(--ast-global-color-5)","background-image":"","background-repeat":"repeat","background-position":"center center","background-size":"auto","background-attachment":"scroll","background-type":"","background-media":"","overlay-type":"","overlay-color":"","overlay-opacity":"","overlay-gradient":""},"mobile":{"background-color":"var(--ast-global-color-5)","background-image":"","background-repeat":"repeat","background-position":"center center","background-size":"auto","background-attachment":"scroll","background-type":"","background-media":"","overlay-type":"","overlay-color":"","overlay-opacity":"","overlay-gradient":""}}},"product_brand":[98],"product_cat":[75],"product_tag":[],"class_list":{"0":"post-18586","1":"product","2":"type-product","3":"status-publish","4":"has-post-thumbnail","6":"product_brand-silvercrest","7":"product_cat-pece-o-telo-a-zdravi","8":"desktop-align-left","9":"tablet-align-left","10":"mobile-align-left","12":"first","13":"instock","14":"sale","15":"shipping-taxable","16":"purchasable","17":"product-type-simple"},"uagb_featured_image_src":{"full":["https:\/\/home-goods.cz\/wp-content\/uploads\/2025\/02\/img_1641.jpeg",1500,1125,false],"thumbnail":["https:\/\/home-goods.cz\/wp-content\/uploads\/2025\/02\/img_1641.jpeg",150,113,false],"medium":["https:\/\/home-goods.cz\/wp-content\/uploads\/2025\/02\/img_1641.jpeg",400,300,false],"medium_large":["https:\/\/home-goods.cz\/wp-content\/uploads\/2025\/02\/img_1641.jpeg",768,576,false],"large":["https:\/\/home-goods.cz\/wp-content\/uploads\/2025\/02\/img_1641.jpeg",1067,800,false],"1536x1536":["https:\/\/home-goods.cz\/wp-content\/uploads\/2025\/02\/img_1641.jpeg",1500,1125,false],"2048x2048":["https:\/\/home-goods.cz\/wp-content\/uploads\/2025\/02\/img_1641.jpeg",1500,1125,false],"woocommerce_thumbnail":["https:\/\/home-goods.cz\/wp-content\/uploads\/2025\/02\/img_1641-600x450.jpeg",600,450,true],"woocommerce_single":["https:\/\/home-goods.cz\/wp-content\/uploads\/2025\/02\/img_1641-700x525.jpeg",700,525,true],"woocommerce_gallery_thumbnail":["https:\/\/home-goods.cz\/wp-content\/uploads\/2025\/02\/img_1641-100x100.jpeg",100,100,true]},"uagb_author_info":{"display_name":"Nahorniuk Vladyslav","author_link":"https:\/\/home-goods.cz\/author\/"},"uagb_comment_info":0,"uagb_excerpt":"SILVERCREST\u00ae PERSONAL CARE Vysou\u0161e\u010d vlas\u016f s ioniza\u010dn\u00ed technologi\u00ed SHTD 2200 E4 Popis Ioniza\u010dn\u00ed funkce s LED kontrolkou Ioniza\u010dn\u00ed technologie\u00a0 Antistatick\u00e9 [&hellip;]","_links":{"self":[{"href":"https:\/\/home-goods.cz\/wp-json\/wp\/v2\/product\/18586","targetHints":{"allow":["GET"]}}],"collection":[{"href":"https:\/\/home-goods.cz\/wp-json\/wp\/v2\/product"}],"about":[{"href":"https:\/\/home-goods.cz\/wp-json\/wp\/v2\/types\/product"}],"replies":[{"embeddable":true,"href":"https:\/\/home-goods.cz\/wp-json\/wp\/v2\/comments?post=18586"}],"wp:featuredmedia":[{"embeddable":true,"href":"https:\/\/home-goods.cz\/wp-json\/wp\/v2\/media\/18577"}],"wp:attachment":[{"href":"https:\/\/home-goods.cz\/wp-json\/wp\/v2\/media?parent=18586"}],"wp:term":[{"taxonomy":"product_brand","embeddable":true,"href":"https:\/\/home-goods.cz\/wp-json\/wp\/v2\/product_brand?post=18586"},{"taxonomy":"product_cat","embeddable":true,"href":"https:\/\/home-goods.cz\/wp-json\/wp\/v2\/product_cat?post=18586"},{"taxonomy":"product_tag","embeddable":true,"href":"https:\/\/home-goods.cz\/wp-json\/wp\/v2\/product_tag?post=18586"}],"curies":[{"name":"wp","href":"https:\/\/api.w.org\/{rel}","templated":true}]}}