{"id":18572,"date":"2025-02-09T12:20:40","date_gmt":"2025-02-09T11:20:40","guid":{"rendered":"https:\/\/home-goods.cz\/?product=remington-zastrihovac-vousu-edge-all-in-one-pg6032"},"modified":"2025-02-09T12:20:49","modified_gmt":"2025-02-09T11:20:49","slug":"remington-zastrihovac-vousu-edge-all-in-one-pg6032","status":"publish","type":"product","link":"https:\/\/home-goods.cz\/produkt\/remington-zastrihovac-vousu-edge-all-in-one-pg6032\/","title":{"rendered":"REMINGTON Zast\u0159ihova\u010d vous\u016f Edge all in one PG6032"},"content":{"rendered":"<p style=\"background-repeat: no-repeat;margin: 0px;padding: 0px;font-family: Roboto, sans-serif;font-size: 14px;font-style: normal;font-weight: 400;letter-spacing: 0.25px;text-align: start;text-indent: 0px;text-transform: none;text-decoration: none\"><strong style=\"background-repeat: no-repeat;margin: 0px;padding: 0px;font-weight: bolder\">Popis<\/strong><\/p>\n<ul style=\"background-repeat: no-repeat;margin: 0px;padding: 0px;font-family: Roboto, sans-serif;font-size: 14px;font-style: normal;font-weight: 400;letter-spacing: 0.25px;text-align: start;text-indent: 0px;text-transform: none;text-decoration: none\">\n<li style=\"background-repeat: no-repeat;margin: 0px;padding: 0px\">Vysoce kvalitn\u00ed, samoost\u0159ic\u00ed \u010depele z nerezov\u00e9 oceli<\/li>\n<li style=\"background-repeat: no-repeat;margin: 0px;padding: 0px\">4 vym\u011bniteln\u00e9 omyvateln\u00e9 hlavice<\/li>\n<li style=\"background-repeat: no-repeat;margin: 0px;padding: 0px\">\u0160irok\u00e1 hlavice pro ostr\u00e9 linie<\/li>\n<li style=\"background-repeat: no-repeat;margin: 0px;padding: 0px\">Hlavice na precizn\u00ed styling (0,2 mm)<\/li>\n<li style=\"background-repeat: no-repeat;margin: 0px;padding: 0px\">Mini-holic\u00ed hlavice<\/li>\n<li style=\"background-repeat: no-repeat;margin: 0px;padding: 0px\">Hlavice na odstran\u011bn\u00ed nosn\u00edch a u\u0161n\u00edch chloupk\u016f a \u00fapravu obo\u010d\u00ed<\/li>\n<li style=\"background-repeat: no-repeat;margin: 0px;padding: 0px\">5 h\u0159ebenov\u00fdch n\u00e1stavc\u016f na sest\u0159ih vous\u016f (1,5; 3; 6; 9; 12 mm)<\/li>\n<li style=\"background-repeat: no-repeat;margin: 0px;padding: 0px\">1 nastaviteln\u00fd h\u0159ebenov\u00fd n\u00e1stavec (2\u201316 mm)<\/li>\n<li style=\"background-repeat: no-repeat;margin: 0px;padding: 0px\">Doba provozu: cca 40 minut (p\u0159i pln\u00e9m nabit\u00ed)<\/li>\n<li style=\"background-repeat: no-repeat;margin: 0px;padding: 0px\">Indik\u00e1tor nab\u00edjen\u00ed<\/li>\n<li style=\"background-repeat: no-repeat;margin: 0px;padding: 0px\">Ergonomick\u00fd tvar<\/li>\n<li style=\"background-repeat: no-repeat;margin: 0px;padding: 0px\">Nab\u00edje\u010dka<\/li>\n<\/ul>\n<hr style=\"background-repeat: no-repeat;margin: 0px;padding: 0px;height: 0px;overflow: visible;font-family: Roboto, sans-serif;font-size: 14px;font-style: normal;font-weight: 400;letter-spacing: 0.25px;text-align: start;text-indent: 0px;text-transform: none;text-decoration: none\">\n<p style=\"background-repeat: no-repeat;margin: 0px;padding: 0px;font-family: Roboto, sans-serif;font-size: 14px;font-style: normal;font-weight: 400;letter-spacing: 0.25px;text-align: start;text-indent: 0px;text-transform: none;text-decoration: none\"><strong style=\"background-repeat: no-repeat;margin: 0px;padding: 0px;font-weight: bolder\">Technick\u00e9 \u00fadaje<\/strong><\/p>\n<ul style=\"background-repeat: no-repeat;margin: 0px;padding: 0px;font-family: Roboto, sans-serif;font-size: 14px;font-style: normal;font-weight: 400;letter-spacing: 0.25px;text-align: start;text-indent: 0px;text-transform: none;text-decoration: none\">\n<li style=\"background-repeat: no-repeat;margin: 0px;padding: 0px\">S\u00ed\u0165ov\u00e9 nap\u011bt\u00ed: cca 220\u2013240 V, 50\/60 Hz<\/li>\n<li style=\"background-repeat: no-repeat;margin: 0px;padding: 0px\">Vstupn\u00ed v\u00fdkon: cca 0,36 W<\/li>\n<li style=\"background-repeat: no-repeat;margin: 0px;padding: 0px\">Akumul\u00e1tor: 730 mAh, 1 x Ni-Mh AAA 1,2 V<\/li>\n<li style=\"background-repeat: no-repeat;margin: 0px;padding: 0px\">Doba nab\u00edjen\u00ed: cca 14\u201316 hod.<\/li>\n<li style=\"background-repeat: no-repeat;margin: 0px;padding: 0px\">D\u00e9lka s\u00ed\u0165ov\u00e9ho kabelu: cca 183 cm<\/li>\n<li style=\"background-repeat: no-repeat;margin: 0px;padding: 0px\">P\u0159\u00edkon: 2 W<\/li>\n<li style=\"background-repeat: no-repeat;margin: 0px;padding: 0px\">Ot\u00e1\u010dky motoru: 6 500 +\/- 900 ot\/min<\/li>\n<li style=\"background-repeat: no-repeat;margin: 0px;padding: 0px\">Hlasitost p\u0159i provozu: &lt;= 78 dB<\/li>\n<\/ul>\n<hr style=\"background-repeat: no-repeat;margin: 0px;padding: 0px;height: 0px;overflow: visible;font-family: Roboto, sans-serif;font-size: 14px;font-style: normal;font-weight: 400;letter-spacing: 0.25px;text-align: start;text-indent: 0px;text-transform: none;text-decoration: none\">\n<p style=\"background-repeat: no-repeat;margin: 0px;padding: 0px;font-family: Roboto, sans-serif;font-size: 14px;font-style: normal;font-weight: 400;letter-spacing: 0.25px;text-align: start;text-indent: 0px;text-transform: none;text-decoration: none\"><strong style=\"background-repeat: no-repeat;margin: 0px;padding: 0px;font-weight: bolder\">Rozm\u011bry<\/strong><\/p>\n<ul style=\"background-repeat: no-repeat;margin: 0px;padding: 0px;font-family: Roboto, sans-serif;font-size: 14px;font-style: normal;font-weight: 400;letter-spacing: 0.25px;text-align: start;text-indent: 0px;text-transform: none;text-decoration: none\">\n<li style=\"background-repeat: no-repeat;margin: 0px;padding: 0px\">cca 3,8 x 3 x 16 cm (\u0160 x V x D)<\/li>\n<\/ul>\n<hr style=\"background-repeat: no-repeat;margin: 0px;padding: 0px;height: 0px;overflow: visible;font-family: Roboto, sans-serif;font-size: 14px;font-style: normal;font-weight: 400;letter-spacing: 0.25px;text-align: start;text-indent: 0px;text-transform: none;text-decoration: none\">\n<p style=\"background-repeat: no-repeat;margin: 0px;padding: 0px;font-family: Roboto, sans-serif;font-size: 14px;font-style: normal;font-weight: 400;letter-spacing: 0.25px;text-align: start;text-indent: 0px;text-transform: none;text-decoration: none\"><strong style=\"background-repeat: no-repeat;margin: 0px;padding: 0px;font-weight: bolder\">Hmotnost<\/strong><\/p>\n<ul style=\"background-repeat: no-repeat;margin: 0px;padding: 0px;font-family: Roboto, sans-serif;font-size: 14px;font-style: normal;font-weight: 400;letter-spacing: 0.25px;text-align: start;text-indent: 0px;text-transform: none;text-decoration: none\">\n<li style=\"background-repeat: no-repeat;margin: 0px;padding: 0px\">Zast\u0159ihova\u010d: cca 80 g<\/li>\n<li style=\"background-repeat: no-repeat;margin: 0px;padding: 0px\">H\u0159ebenov\u00e9 n\u00e1stavce: cca 18 g<\/li>\n<li style=\"background-repeat: no-repeat;margin: 0px;padding: 0px\">Hlavice: cca 54 g<\/li>\n<li style=\"background-repeat: no-repeat;margin: 0px;padding: 0px\">Stoj\u00e1nek: cca 44 g<\/li>\n<\/ul>\n","protected":false},"excerpt":{"rendered":"<p>Popis Vysoce kvalitn\u00ed, samoost\u0159ic\u00ed \u010depele z nerezov\u00e9 oceli 4 vym\u011bniteln\u00e9 omyvateln\u00e9 hlavice \u0160irok\u00e1 hlavice pro ostr\u00e9 linie Hlavice na precizn\u00ed [&hellip;]<\/p>\n","protected":false},"featured_media":18571,"comment_status":"open","ping_status":"closed","template":"","meta":{"_uag_custom_page_level_css":"","site-sidebar-layout":"default","site-content-layout":"","ast-site-content-layout":"","site-content-style":"default","site-sidebar-style":"default","ast-global-header-display":"","ast-banner-title-visibility":"","ast-main-header-display":"","ast-hfb-above-header-display":"","ast-hfb-below-header-display":"","ast-hfb-mobile-header-display":"","site-post-title":"","ast-breadcrumbs-content":"","ast-featured-img":"","footer-sml-layout":"","theme-transparent-header-meta":"","adv-header-id-meta":"","stick-header-meta":"","header-above-stick-meta":"","header-main-stick-meta":"","header-below-stick-meta":"","astra-migrate-meta-layouts":"default","ast-page-background-enabled":"default","ast-page-background-meta":{"desktop":{"background-color":"var(--ast-global-color-4)","background-image":"","background-repeat":"repeat","background-position":"center center","background-size":"auto","background-attachment":"scroll","background-type":"","background-media":"","overlay-type":"","overlay-color":"","overlay-opacity":"","overlay-gradient":""},"tablet":{"background-color":"","background-image":"","background-repeat":"repeat","background-position":"center center","background-size":"auto","background-attachment":"scroll","background-type":"","background-media":"","overlay-type":"","overlay-color":"","overlay-opacity":"","overlay-gradient":""},"mobile":{"background-color":"","background-image":"","background-repeat":"repeat","background-position":"center center","background-size":"auto","background-attachment":"scroll","background-type":"","background-media":"","overlay-type":"","overlay-color":"","overlay-opacity":"","overlay-gradient":""}},"ast-content-background-meta":{"desktop":{"background-color":"var(--ast-global-color-5)","background-image":"","background-repeat":"repeat","background-position":"center center","background-size":"auto","background-attachment":"scroll","background-type":"","background-media":"","overlay-type":"","overlay-color":"","overlay-opacity":"","overlay-gradient":""},"tablet":{"background-color":"var(--ast-global-color-5)","background-image":"","background-repeat":"repeat","background-position":"center center","background-size":"auto","background-attachment":"scroll","background-type":"","background-media":"","overlay-type":"","overlay-color":"","overlay-opacity":"","overlay-gradient":""},"mobile":{"background-color":"var(--ast-global-color-5)","background-image":"","background-repeat":"repeat","background-position":"center center","background-size":"auto","background-attachment":"scroll","background-type":"","background-media":"","overlay-type":"","overlay-color":"","overlay-opacity":"","overlay-gradient":""}}},"product_brand":[],"product_cat":[75],"product_tag":[],"class_list":{"0":"post-18572","1":"product","2":"type-product","3":"status-publish","4":"has-post-thumbnail","6":"product_cat-pece-o-telo-a-zdravi","7":"desktop-align-left","8":"tablet-align-left","9":"mobile-align-left","11":"first","12":"instock","13":"sale","14":"shipping-taxable","15":"purchasable","16":"product-type-simple"},"uagb_featured_image_src":{"full":["https:\/\/home-goods.cz\/wp-content\/uploads\/2025\/02\/img_1631.jpeg",1200,1200,false],"thumbnail":["https:\/\/home-goods.cz\/wp-content\/uploads\/2025\/02\/img_1631-150x150.jpeg",150,150,true],"medium":["https:\/\/home-goods.cz\/wp-content\/uploads\/2025\/02\/img_1631-300x300.jpeg",300,300,true],"medium_large":["https:\/\/home-goods.cz\/wp-content\/uploads\/2025\/02\/img_1631-768x768.jpeg",768,768,true],"large":["https:\/\/home-goods.cz\/wp-content\/uploads\/2025\/02\/img_1631-800x800.jpeg",800,800,true],"1536x1536":["https:\/\/home-goods.cz\/wp-content\/uploads\/2025\/02\/img_1631.jpeg",1200,1200,false],"2048x2048":["https:\/\/home-goods.cz\/wp-content\/uploads\/2025\/02\/img_1631.jpeg",1200,1200,false],"woocommerce_thumbnail":["https:\/\/home-goods.cz\/wp-content\/uploads\/2025\/02\/img_1631-600x600.jpeg",600,600,true],"woocommerce_single":["https:\/\/home-goods.cz\/wp-content\/uploads\/2025\/02\/img_1631-700x700.jpeg",700,700,true],"woocommerce_gallery_thumbnail":["https:\/\/home-goods.cz\/wp-content\/uploads\/2025\/02\/img_1631-100x100.jpeg",100,100,true]},"uagb_author_info":{"display_name":"Nahorniuk Vladyslav","author_link":"https:\/\/home-goods.cz\/author\/"},"uagb_comment_info":0,"uagb_excerpt":"Popis Vysoce kvalitn\u00ed, samoost\u0159ic\u00ed \u010depele z nerezov\u00e9 oceli 4 vym\u011bniteln\u00e9 omyvateln\u00e9 hlavice \u0160irok\u00e1 hlavice pro ostr\u00e9 linie Hlavice na precizn\u00ed [&hellip;]","_links":{"self":[{"href":"https:\/\/home-goods.cz\/wp-json\/wp\/v2\/product\/18572","targetHints":{"allow":["GET"]}}],"collection":[{"href":"https:\/\/home-goods.cz\/wp-json\/wp\/v2\/product"}],"about":[{"href":"https:\/\/home-goods.cz\/wp-json\/wp\/v2\/types\/product"}],"replies":[{"embeddable":true,"href":"https:\/\/home-goods.cz\/wp-json\/wp\/v2\/comments?post=18572"}],"wp:featuredmedia":[{"embeddable":true,"href":"https:\/\/home-goods.cz\/wp-json\/wp\/v2\/media\/18571"}],"wp:attachment":[{"href":"https:\/\/home-goods.cz\/wp-json\/wp\/v2\/media?parent=18572"}],"wp:term":[{"taxonomy":"product_brand","embeddable":true,"href":"https:\/\/home-goods.cz\/wp-json\/wp\/v2\/product_brand?post=18572"},{"taxonomy":"product_cat","embeddable":true,"href":"https:\/\/home-goods.cz\/wp-json\/wp\/v2\/product_cat?post=18572"},{"taxonomy":"product_tag","embeddable":true,"href":"https:\/\/home-goods.cz\/wp-json\/wp\/v2\/product_tag?post=18572"}],"curies":[{"name":"wp","href":"https:\/\/api.w.org\/{rel}","templated":true}]}}