{"id":18265,"date":"2025-01-27T19:41:58","date_gmt":"2025-01-27T18:41:58","guid":{"rendered":"https:\/\/home-goods.cz\/?post_type=product&#038;p=18265"},"modified":"2025-06-06T21:19:41","modified_gmt":"2025-06-06T19:19:41","slug":"parkside-aku-pasova-pila-pmba-20-li-b2-bez-akumulatoru-a-nabijecky","status":"publish","type":"product","link":"https:\/\/home-goods.cz\/produkt\/parkside-aku-pasova-pila-pmba-20-li-b2-bez-akumulatoru-a-nabijecky\/","title":{"rendered":"PARKSIDE\u00ae Aku p\u00e1sov\u00e1 pila PMBA 20-Li B2 \u2013 bez akumul\u00e1toru a nab\u00edje\u010dky"},"content":{"rendered":"<div class=\"c-2\">\n<div class=\"space p-r p-tb\"><b>Popis<\/b><\/div>\n<\/div>\n<div class=\"c-8\">\n<div class=\"space p-tb\">\n<ul>\n<li>Snadno ovladateln\u00e1, v\u00fdkonn\u00e1, kompaktn\u00ed \u2013 s p\u0159esn\u00fdmi v\u00fdsledky p\u0159i \u0159ez\u00e1n\u00ed<\/li>\n<li>Ide\u00e1ln\u00ed k \u0159ez\u00e1n\u00ed kovu, plastov\u00fdch trubek a hlin\u00edkov\u00fdch profil\u016f<\/li>\n<li>Vhodn\u00e1 tak\u00e9 pro li\u0161ty a ten\u010d\u00ed hranoly<\/li>\n<li>Regul\u00e1tor ot\u00e1\u010dek se 6 stupni<\/li>\n<li>Ergonomick\u00e9 dr\u017eadlo s m\u011bkk\u00fdm povrchem, jako\u017e i p\u0159\u00eddavn\u00e9 dr\u017eadlo<\/li>\n<li>Integrovan\u00e9 pracovn\u00ed LED sv\u011btlo<\/li>\n<li>Chod pilov\u00e9ho p\u00e1su s n\u00edzk\u00fdmi vibracemi zaji\u0161\u0165uje p\u0159esn\u00e9 v\u00fdsledky<\/li>\n<li>Funkce m\u011bkk\u00e9ho startu a ochranou proti p\u0159et\u00ed\u017een\u00ed<\/li>\n<li>Praktick\u00fd kuf\u0159\u00edk na ulo\u017een\u00ed<\/li>\n<li>Dodan\u00e9 p\u0159\u00edslu\u0161enstv\u00ed:\n<ul>\n<li>1x pilov\u00fd p\u00e1s (p\u0159edmontov\u00e1n)<\/li>\n<li>1x kl\u00ed\u010d s vnit\u0159n\u00edm \u0161estihranem (ulo\u017een na v\u00fdrobku)<\/li>\n<li>1x p\u0159\u00eddavn\u00e9 dr\u017eadlo<\/li>\n<\/ul>\n<\/li>\n<li>Akumul\u00e1tor a nab\u00edje\u010dka nejsou sou\u010d\u00e1st\u00ed balen\u00ed<\/li>\n<li>Doporu\u010den\u00fd akumul\u00e1tor: 20 V (4 Ah)<\/li>\n<li>Kompatibiln\u00ed se v\u0161emi akumul\u00e1tory s\u00e9rie \u201eX 20V Team\u201c<\/li>\n<\/ul>\n<\/div>\n<\/div>\n<hr \/>\n<div class=\"c-2\">\n<div class=\"space p-r p-tb\"><b>Technick\u00e9 \u00fadaje<\/b><\/div>\n<\/div>\n<div class=\"c-8\">\n<div class=\"space p-tb\">\n<ul>\n<li>Ot\u00e1\u010dky napr\u00e1zdno: 370\u2013670 min<sup>-1<\/sup>\u00a0(6 stup\u0148\u016f)<\/li>\n<li>\u0158ezn\u00e1 rychlost: 1,5\u20132,7 m\/s<\/li>\n<li>Hloubka \u0159ezu: cca 63,5 mm<\/li>\n<\/ul>\n<\/div>\n<\/div>\n<hr \/>\n<div class=\"c-2\">\n<div class=\"space p-r p-tb\"><b>Rozm\u011bry<\/b><\/div>\n<\/div>\n<div class=\"c-8\">\n<div class=\"space p-tb\">\n<ul>\n<li>P\u0159\u00edstroj: 34,5 x 18 x 24,5 cm<\/li>\n<li>Pilov\u00fd p\u00e1s: cca 733 x 12,7 x 0,4 mm<\/li>\n<li>Kuf\u0159\u00edk: cca 49 x 19,5 x 29,5 cm<\/li>\n<\/ul>\n<\/div>\n<\/div>\n<hr \/>\n<div class=\"c-2\">\n<div class=\"space p-r p-tb\"><b>Hmotnost<\/b><\/div>\n<\/div>\n<div class=\"c-8\">\n<div class=\"space p-tb\">\n<ul>\n<li>P\u0159\u00edstroj: cca 3,01 kg<\/li>\n<li>Kuf\u0159\u00edk: cca 1,95 kg<\/li>\n<\/ul>\n<\/div>\n<\/div>\n","protected":false},"excerpt":{"rendered":"<p>Popis Snadno ovladateln\u00e1, v\u00fdkonn\u00e1, kompaktn\u00ed \u2013 s p\u0159esn\u00fdmi v\u00fdsledky p\u0159i \u0159ez\u00e1n\u00ed Ide\u00e1ln\u00ed k \u0159ez\u00e1n\u00ed kovu, plastov\u00fdch trubek a hlin\u00edkov\u00fdch profil\u016f [&hellip;]<\/p>\n","protected":false},"featured_media":18266,"comment_status":"open","ping_status":"closed","template":"","meta":{"_uag_custom_page_level_css":"","site-sidebar-layout":"default","site-content-layout":"","ast-site-content-layout":"","site-content-style":"default","site-sidebar-style":"default","ast-global-header-display":"","ast-banner-title-visibility":"","ast-main-header-display":"","ast-hfb-above-header-display":"","ast-hfb-below-header-display":"","ast-hfb-mobile-header-display":"","site-post-title":"","ast-breadcrumbs-content":"","ast-featured-img":"","footer-sml-layout":"","theme-transparent-header-meta":"","adv-header-id-meta":"","stick-header-meta":"","header-above-stick-meta":"","header-main-stick-meta":"","header-below-stick-meta":"","astra-migrate-meta-layouts":"default","ast-page-background-enabled":"default","ast-page-background-meta":{"desktop":{"background-color":"var(--ast-global-color-4)","background-image":"","background-repeat":"repeat","background-position":"center center","background-size":"auto","background-attachment":"scroll","background-type":"","background-media":"","overlay-type":"","overlay-color":"","overlay-opacity":"","overlay-gradient":""},"tablet":{"background-color":"","background-image":"","background-repeat":"repeat","background-position":"center center","background-size":"auto","background-attachment":"scroll","background-type":"","background-media":"","overlay-type":"","overlay-color":"","overlay-opacity":"","overlay-gradient":""},"mobile":{"background-color":"","background-image":"","background-repeat":"repeat","background-position":"center center","background-size":"auto","background-attachment":"scroll","background-type":"","background-media":"","overlay-type":"","overlay-color":"","overlay-opacity":"","overlay-gradient":""}},"ast-content-background-meta":{"desktop":{"background-color":"var(--ast-global-color-5)","background-image":"","background-repeat":"repeat","background-position":"center center","background-size":"auto","background-attachment":"scroll","background-type":"","background-media":"","overlay-type":"","overlay-color":"","overlay-opacity":"","overlay-gradient":""},"tablet":{"background-color":"var(--ast-global-color-5)","background-image":"","background-repeat":"repeat","background-position":"center center","background-size":"auto","background-attachment":"scroll","background-type":"","background-media":"","overlay-type":"","overlay-color":"","overlay-opacity":"","overlay-gradient":""},"mobile":{"background-color":"var(--ast-global-color-5)","background-image":"","background-repeat":"repeat","background-position":"center center","background-size":"auto","background-attachment":"scroll","background-type":"","background-media":"","overlay-type":"","overlay-color":"","overlay-opacity":"","overlay-gradient":""}}},"product_brand":[99],"product_cat":[71],"product_tag":[],"class_list":{"0":"post-18265","1":"product","2":"type-product","3":"status-publish","4":"has-post-thumbnail","6":"product_brand-parkside","7":"product_cat-dilna-a-zahrada","8":"desktop-align-left","9":"tablet-align-left","10":"mobile-align-left","12":"first","13":"instock","14":"sale","15":"shipping-taxable","16":"purchasable","17":"product-type-simple"},"uagb_featured_image_src":{"full":["https:\/\/home-goods.cz\/wp-content\/uploads\/2025\/01\/gcpa6546b69cd654576b8bd33574d1fd.jpg",1500,1125,false],"thumbnail":["https:\/\/home-goods.cz\/wp-content\/uploads\/2025\/01\/gcpa6546b69cd654576b8bd33574d1fd-150x150.jpg",150,150,true],"medium":["https:\/\/home-goods.cz\/wp-content\/uploads\/2025\/01\/gcpa6546b69cd654576b8bd33574d1fd-400x300.jpg",400,300,true],"medium_large":["https:\/\/home-goods.cz\/wp-content\/uploads\/2025\/01\/gcpa6546b69cd654576b8bd33574d1fd-768x576.jpg",768,576,true],"large":["https:\/\/home-goods.cz\/wp-content\/uploads\/2025\/01\/gcpa6546b69cd654576b8bd33574d1fd-1067x800.jpg",1067,800,true],"1536x1536":["https:\/\/home-goods.cz\/wp-content\/uploads\/2025\/01\/gcpa6546b69cd654576b8bd33574d1fd.jpg",1500,1125,false],"2048x2048":["https:\/\/home-goods.cz\/wp-content\/uploads\/2025\/01\/gcpa6546b69cd654576b8bd33574d1fd.jpg",1500,1125,false],"woocommerce_thumbnail":["https:\/\/home-goods.cz\/wp-content\/uploads\/2025\/01\/gcpa6546b69cd654576b8bd33574d1fd-600x450.jpg",600,450,true],"woocommerce_single":["https:\/\/home-goods.cz\/wp-content\/uploads\/2025\/01\/gcpa6546b69cd654576b8bd33574d1fd-700x525.jpg",700,525,true],"woocommerce_gallery_thumbnail":["https:\/\/home-goods.cz\/wp-content\/uploads\/2025\/01\/gcpa6546b69cd654576b8bd33574d1fd-100x100.jpg",100,100,true]},"uagb_author_info":{"display_name":"Nahorniuk Vladyslav","author_link":"https:\/\/home-goods.cz\/author\/"},"uagb_comment_info":0,"uagb_excerpt":"Popis Snadno ovladateln\u00e1, v\u00fdkonn\u00e1, kompaktn\u00ed \u2013 s p\u0159esn\u00fdmi v\u00fdsledky p\u0159i \u0159ez\u00e1n\u00ed Ide\u00e1ln\u00ed k \u0159ez\u00e1n\u00ed kovu, plastov\u00fdch trubek a hlin\u00edkov\u00fdch profil\u016f [&hellip;]","_links":{"self":[{"href":"https:\/\/home-goods.cz\/wp-json\/wp\/v2\/product\/18265","targetHints":{"allow":["GET"]}}],"collection":[{"href":"https:\/\/home-goods.cz\/wp-json\/wp\/v2\/product"}],"about":[{"href":"https:\/\/home-goods.cz\/wp-json\/wp\/v2\/types\/product"}],"replies":[{"embeddable":true,"href":"https:\/\/home-goods.cz\/wp-json\/wp\/v2\/comments?post=18265"}],"wp:featuredmedia":[{"embeddable":true,"href":"https:\/\/home-goods.cz\/wp-json\/wp\/v2\/media\/18266"}],"wp:attachment":[{"href":"https:\/\/home-goods.cz\/wp-json\/wp\/v2\/media?parent=18265"}],"wp:term":[{"taxonomy":"product_brand","embeddable":true,"href":"https:\/\/home-goods.cz\/wp-json\/wp\/v2\/product_brand?post=18265"},{"taxonomy":"product_cat","embeddable":true,"href":"https:\/\/home-goods.cz\/wp-json\/wp\/v2\/product_cat?post=18265"},{"taxonomy":"product_tag","embeddable":true,"href":"https:\/\/home-goods.cz\/wp-json\/wp\/v2\/product_tag?post=18265"}],"curies":[{"name":"wp","href":"https:\/\/api.w.org\/{rel}","templated":true}]}}