{"id":17758,"date":"2025-01-18T16:32:06","date_gmt":"2025-01-18T15:32:06","guid":{"rendered":"https:\/\/home-goods.cz\/?post_type=product&#038;p=17758"},"modified":"2026-03-03T01:03:46","modified_gmt":"2026-03-03T00:03:46","slug":"crivit-ochranna-plachta-na-kolo","status":"publish","type":"product","link":"https:\/\/home-goods.cz\/produkt\/crivit-ochranna-plachta-na-kolo\/","title":{"rendered":"CRIVIT Ochrann\u00e1 plachta na kolo"},"content":{"rendered":"<p><strong>Popis<\/strong><\/p>\n<ul>\n<li>Ide\u00e1ln\u00ed ochrana proti ne\u010distot\u00e1m a zimn\u00edm pov\u011btrnostn\u00edm podm\u00ednk\u00e1m<\/li>\n<li>Nepromokav\u00e1, rychleschnouc\u00ed a odoln\u00e1 proti UV z\u00e1\u0159en\u00ed<\/li>\n<li>Vhodn\u00e1 nejen na j\u00edzdn\u00ed kolo, ale i na moped nebo sk\u00fatr<\/li>\n<li>Jednoduch\u00e9 p\u0159ipevn\u011bn\u00ed pomoc\u00ed \u0161\u0148\u016frky na sta\u017een\u00ed kolem dokola<\/li>\n<li>Zacvak\u00e1vac\u00ed uz\u00e1v\u011br<\/li>\n<\/ul>\n<hr \/>\n<p><strong>Rozm\u011bry<\/strong><\/p>\n<ul>\n<li>cca 210 x 80 x 110 cm (D x \u0160 x V)<\/li>\n<\/ul>\n<hr \/>\n<p><strong>Hmotnost<\/strong><\/p>\n<ul>\n<li>cca 400 g<\/li>\n<\/ul>\n","protected":false},"excerpt":{"rendered":"<p>Popis Ide\u00e1ln\u00ed ochrana proti ne\u010distot\u00e1m a zimn\u00edm pov\u011btrnostn\u00edm podm\u00ednk\u00e1m Nepromokav\u00e1, rychleschnouc\u00ed a odoln\u00e1 proti UV z\u00e1\u0159en\u00ed Vhodn\u00e1 nejen na j\u00edzdn\u00ed [&hellip;]<\/p>\n","protected":false},"featured_media":17759,"comment_status":"open","ping_status":"closed","template":"","meta":{"_uag_custom_page_level_css":"","site-sidebar-layout":"default","site-content-layout":"","ast-site-content-layout":"","site-content-style":"default","site-sidebar-style":"default","ast-global-header-display":"","ast-banner-title-visibility":"","ast-main-header-display":"","ast-hfb-above-header-display":"","ast-hfb-below-header-display":"","ast-hfb-mobile-header-display":"","site-post-title":"","ast-breadcrumbs-content":"","ast-featured-img":"","footer-sml-layout":"","theme-transparent-header-meta":"","adv-header-id-meta":"","stick-header-meta":"","header-above-stick-meta":"","header-main-stick-meta":"","header-below-stick-meta":"","astra-migrate-meta-layouts":"default","ast-page-background-enabled":"default","ast-page-background-meta":{"desktop":{"background-color":"var(--ast-global-color-4)","background-image":"","background-repeat":"repeat","background-position":"center center","background-size":"auto","background-attachment":"scroll","background-type":"","background-media":"","overlay-type":"","overlay-color":"","overlay-opacity":"","overlay-gradient":""},"tablet":{"background-color":"","background-image":"","background-repeat":"repeat","background-position":"center center","background-size":"auto","background-attachment":"scroll","background-type":"","background-media":"","overlay-type":"","overlay-color":"","overlay-opacity":"","overlay-gradient":""},"mobile":{"background-color":"","background-image":"","background-repeat":"repeat","background-position":"center center","background-size":"auto","background-attachment":"scroll","background-type":"","background-media":"","overlay-type":"","overlay-color":"","overlay-opacity":"","overlay-gradient":""}},"ast-content-background-meta":{"desktop":{"background-color":"var(--ast-global-color-5)","background-image":"","background-repeat":"repeat","background-position":"center center","background-size":"auto","background-attachment":"scroll","background-type":"","background-media":"","overlay-type":"","overlay-color":"","overlay-opacity":"","overlay-gradient":""},"tablet":{"background-color":"var(--ast-global-color-5)","background-image":"","background-repeat":"repeat","background-position":"center center","background-size":"auto","background-attachment":"scroll","background-type":"","background-media":"","overlay-type":"","overlay-color":"","overlay-opacity":"","overlay-gradient":""},"mobile":{"background-color":"var(--ast-global-color-5)","background-image":"","background-repeat":"repeat","background-position":"center center","background-size":"auto","background-attachment":"scroll","background-type":"","background-media":"","overlay-type":"","overlay-color":"","overlay-opacity":"","overlay-gradient":""}}},"product_brand":[],"product_cat":[20],"product_tag":[],"class_list":{"0":"post-17758","1":"product","2":"type-product","3":"status-publish","4":"has-post-thumbnail","6":"product_cat-accessories","7":"desktop-align-left","8":"tablet-align-left","9":"mobile-align-left","11":"first","12":"instock","13":"shipping-taxable","14":"purchasable","15":"product-type-simple"},"uagb_featured_image_src":{"full":["https:\/\/home-goods.cz\/wp-content\/uploads\/2025\/01\/1f3f0c9790973a7b22e34948218f1344.jpg",1500,1125,false],"thumbnail":["https:\/\/home-goods.cz\/wp-content\/uploads\/2025\/01\/1f3f0c9790973a7b22e34948218f1344-150x150.jpg",150,150,true],"medium":["https:\/\/home-goods.cz\/wp-content\/uploads\/2025\/01\/1f3f0c9790973a7b22e34948218f1344-400x300.jpg",400,300,true],"medium_large":["https:\/\/home-goods.cz\/wp-content\/uploads\/2025\/01\/1f3f0c9790973a7b22e34948218f1344-768x576.jpg",768,576,true],"large":["https:\/\/home-goods.cz\/wp-content\/uploads\/2025\/01\/1f3f0c9790973a7b22e34948218f1344-1067x800.jpg",1067,800,true],"1536x1536":["https:\/\/home-goods.cz\/wp-content\/uploads\/2025\/01\/1f3f0c9790973a7b22e34948218f1344.jpg",1500,1125,false],"2048x2048":["https:\/\/home-goods.cz\/wp-content\/uploads\/2025\/01\/1f3f0c9790973a7b22e34948218f1344.jpg",1500,1125,false],"woocommerce_thumbnail":["https:\/\/home-goods.cz\/wp-content\/uploads\/2025\/01\/1f3f0c9790973a7b22e34948218f1344-600x450.jpg",600,450,true],"woocommerce_single":["https:\/\/home-goods.cz\/wp-content\/uploads\/2025\/01\/1f3f0c9790973a7b22e34948218f1344-700x525.jpg",700,525,true],"woocommerce_gallery_thumbnail":["https:\/\/home-goods.cz\/wp-content\/uploads\/2025\/01\/1f3f0c9790973a7b22e34948218f1344-100x100.jpg",100,100,true]},"uagb_author_info":{"display_name":"Nahorniuk Vladyslav","author_link":"https:\/\/home-goods.cz\/author\/"},"uagb_comment_info":0,"uagb_excerpt":"Popis Ide\u00e1ln\u00ed ochrana proti ne\u010distot\u00e1m a zimn\u00edm pov\u011btrnostn\u00edm podm\u00ednk\u00e1m Nepromokav\u00e1, rychleschnouc\u00ed a odoln\u00e1 proti UV z\u00e1\u0159en\u00ed Vhodn\u00e1 nejen na j\u00edzdn\u00ed [&hellip;]","_links":{"self":[{"href":"https:\/\/home-goods.cz\/wp-json\/wp\/v2\/product\/17758","targetHints":{"allow":["GET"]}}],"collection":[{"href":"https:\/\/home-goods.cz\/wp-json\/wp\/v2\/product"}],"about":[{"href":"https:\/\/home-goods.cz\/wp-json\/wp\/v2\/types\/product"}],"replies":[{"embeddable":true,"href":"https:\/\/home-goods.cz\/wp-json\/wp\/v2\/comments?post=17758"}],"wp:featuredmedia":[{"embeddable":true,"href":"https:\/\/home-goods.cz\/wp-json\/wp\/v2\/media\/17759"}],"wp:attachment":[{"href":"https:\/\/home-goods.cz\/wp-json\/wp\/v2\/media?parent=17758"}],"wp:term":[{"taxonomy":"product_brand","embeddable":true,"href":"https:\/\/home-goods.cz\/wp-json\/wp\/v2\/product_brand?post=17758"},{"taxonomy":"product_cat","embeddable":true,"href":"https:\/\/home-goods.cz\/wp-json\/wp\/v2\/product_cat?post=17758"},{"taxonomy":"product_tag","embeddable":true,"href":"https:\/\/home-goods.cz\/wp-json\/wp\/v2\/product_tag?post=17758"}],"curies":[{"name":"wp","href":"https:\/\/api.w.org\/{rel}","templated":true}]}}