{"id":17507,"date":"2025-01-12T15:04:15","date_gmt":"2025-01-12T14:04:15","guid":{"rendered":"https:\/\/home-goods.cz\/?product=auriol-bezdratova-meteostanice-s-podsvicenym-displejem"},"modified":"2026-03-03T01:04:23","modified_gmt":"2026-03-03T00:04:23","slug":"auriol-bezdratova-meteostanice-s-podsvicenym-displejem","status":"publish","type":"product","link":"https:\/\/home-goods.cz\/produkt\/auriol-bezdratova-meteostanice-s-podsvicenym-displejem\/","title":{"rendered":"AURIOL\u00ae Bezdr\u00e1tov\u00e1 meteostanice s podsv\u00edcen\u00fdm displejem"},"content":{"rendered":"<h2><strong>AURIOL\u00ae Bezdr\u00e1tov\u00e1 meteostanice s podsv\u00edcen\u00fdm displejem<\/strong><\/h2>\n<div class=\"product-detail-container\" id=\"detailtab1\">\n<div class=\"r no-m\">\n<div class=\"c-2\" style=\"padding-right: 0.5rem\">\n<div class=\"space p-r p-tb\" style=\"padding-bottom: 0.5rem;padding-top: 0.5rem\"><b style=\"font-weight: 700;font-size: 1rem\">Popis<\/b><\/div>\n<\/div>\n<div class=\"c-8\">\n<div class=\"space p-tb\" style=\"padding-bottom: 0.5rem;padding-top: 0.5rem\">\n<ul style=\"margin-bottom: 0px;margin-top: 0px;padding-left: 1.5rem\">\n<li>P\u0159edpov\u011b\u010f po\u010das\u00ed pomoc\u00ed snadno srozumiteln\u00fdch symbol\u016f<\/li>\n<li>Vnit\u0159n\u00ed a venkovn\u00ed teplota<\/li>\n<li>Vlhkost vzduchu v interi\u00e9ru a exteri\u00e9ru<\/li>\n<li>Zobrazen\u00ed hodnot tlaku vzduchu za posledn\u00edch 12 hodin<\/li>\n<li>\u010casy v\u00fdchodu a z\u00e1padu Slunce<\/li>\n<li>Ukazatel f\u00e1ze M\u011bs\u00edce<\/li>\n<li>Automatick\u00e9 nastaven\u00ed \u010dasu, v\u010detn\u011b p\u0159estaven\u00ed letn\u00edho\/zimn\u00edho \u010dasu<\/li>\n<li>Praktick\u00e9 kr\u00e1tkodob\u00e9 podsv\u00edcen\u00ed<\/li>\n<li>Zobrazen\u00ed data, 2 bud\u00edky s funkc\u00ed odlo\u017een\u00e9ho buzen\u00ed<\/li>\n<li>Ukazatel kalend\u00e1\u0159e nastaviteln\u00fd v 7 jazyc\u00edch<\/li>\n<li>Upozorn\u011bn\u00ed na teplotu a mr\u00e1z<\/li>\n<li>Nastaviteln\u00e9 \u010dasov\u00e9 p\u00e1smo<\/li>\n<li>Venkovn\u00ed senzor s dosahem cca 100 m (na voln\u00e9m prostranstv\u00ed)<\/li>\n<li>Jednoduch\u00e9 p\u0159i\u0159azen\u00ed dat d\u00edky pojmenov\u00e1n\u00ed senzor\u016f na z\u00e1kladn\u011b (max. 5 znak\u016f na senzor)<\/li>\n<li>Lze p\u0159ipojit a\u017e 3 senzory<\/li>\n<li>Mo\u017enost postaven\u00ed nebo mont\u00e1\u017ee na st\u011bnu<\/li>\n<li>V\u010detn\u011b 1 vn\u011bj\u0161\u00edho senzoru, alkalick\u00fdch bateri\u00ed s dlouhou \u017eivotnost\u00ed (2x 1,5 V \u2393\/AA, 2x 1,5 V \u2393\/AAA) a n\u00e1vodu<\/li>\n<li>Meteorologick\u00e1 stanice vhodn\u00e1 jen pro vnit\u0159n\u00ed pou\u017eit\u00ed<\/li>\n<li>Venkovn\u00ed senzor chr\u00e1n\u011bn\u00fd proti st\u0159\u00edkaj\u00edc\u00ed vod\u011b vhodn\u00fd pro pou\u017eit\u00ed v interi\u00e9ru i exteri\u00e9ru (IPX4)<\/li>\n<li>P\u0159edpov\u011b\u010f po\u010das\u00ed na z\u00e1klad\u011b zm\u011bn tlaku vzduchu<\/li>\n<\/ul>\n<\/div>\n<\/div>\n<hr style=\"height: 0px;overflow: visible;border-width: 0.0625rem medium medium;border-style: solid none none;margin: 1rem 0px\">\n<div class=\"c-2\" style=\"padding-right: 0.5rem\">\n<div class=\"space p-r p-tb\" style=\"padding-bottom: 0.5rem;padding-top: 0.5rem\"><b style=\"font-weight: 700;font-size: 1rem\">Materi\u00e1l<\/b><\/div>\n<\/div>\n<div class=\"c-8\">\n<div class=\"space p-tb\" style=\"padding-bottom: 0.5rem;padding-top: 0.5rem\">\n<ul style=\"margin-bottom: 0px;margin-top: 0px;padding-left: 1.5rem\">\n<li>ABS, plast<\/li>\n<\/ul>\n<\/div>\n<\/div>\n<hr style=\"height: 0px;overflow: visible;border-width: 0.0625rem medium medium;border-style: solid none none;margin: 1rem 0px\">\n<div class=\"c-2\" style=\"padding-right: 0.5rem\">\n<div class=\"space p-r p-tb\" style=\"padding-bottom: 0.5rem;padding-top: 0.5rem\"><b style=\"font-weight: 700;font-size: 1rem\">Rozm\u011bry<\/b><\/div>\n<\/div>\n<div class=\"c-8\">\n<div class=\"space p-tb\" style=\"padding-bottom: 0.5rem;padding-top: 0.5rem\">\n<ul style=\"margin-bottom: 0px;margin-top: 0px;padding-left: 1.5rem\">\n<li>Stanice: cca 15,6 x11,4 x 3,1 cm<\/li>\n<li>Displej: cca 12,8 x 8,1 cm<\/li>\n<li>Senzor: cca 10,2 x 4,2 x 2,6 cm<\/li>\n<\/ul>\n<\/div>\n<\/div>\n<hr style=\"height: 0px;overflow: visible;border-width: 0.0625rem medium medium;border-style: solid none none;margin: 1rem 0px\">\n<div class=\"c-2\" style=\"padding-right: 0.5rem\">\n<div class=\"space p-r p-tb\" style=\"padding-bottom: 0.5rem;padding-top: 0.5rem\"><b style=\"font-weight: 700;font-size: 1rem\">Hmotnost<\/b><\/div>\n<\/div>\n<div class=\"c-8\">\n<div class=\"space p-tb\" style=\"padding-bottom: 0.5rem;padding-top: 0.5rem\">\n<ul style=\"margin-bottom: 0px;margin-top: 0px;padding-left: 1.5rem\">\n<li>cca 302 g<\/li>\n<\/ul>\n<\/div>\n<\/div>\n<\/div>\n<\/div>\n","protected":false},"excerpt":{"rendered":"<p>AURIOL\u00ae Bezdr\u00e1tov\u00e1 meteostanice s podsv\u00edcen\u00fdm displejem Popis P\u0159edpov\u011b\u010f po\u010das\u00ed pomoc\u00ed snadno srozumiteln\u00fdch symbol\u016f Vnit\u0159n\u00ed a venkovn\u00ed teplota Vlhkost vzduchu v [&hellip;]<\/p>\n","protected":false},"featured_media":17506,"comment_status":"open","ping_status":"closed","template":"","meta":{"_uag_custom_page_level_css":"","site-sidebar-layout":"default","site-content-layout":"","ast-site-content-layout":"","site-content-style":"default","site-sidebar-style":"default","ast-global-header-display":"","ast-banner-title-visibility":"","ast-main-header-display":"","ast-hfb-above-header-display":"","ast-hfb-below-header-display":"","ast-hfb-mobile-header-display":"","site-post-title":"","ast-breadcrumbs-content":"","ast-featured-img":"","footer-sml-layout":"","theme-transparent-header-meta":"","adv-header-id-meta":"","stick-header-meta":"","header-above-stick-meta":"","header-main-stick-meta":"","header-below-stick-meta":"","astra-migrate-meta-layouts":"default","ast-page-background-enabled":"default","ast-page-background-meta":{"desktop":{"background-color":"var(--ast-global-color-4)","background-image":"","background-repeat":"repeat","background-position":"center center","background-size":"auto","background-attachment":"scroll","background-type":"","background-media":"","overlay-type":"","overlay-color":"","overlay-opacity":"","overlay-gradient":""},"tablet":{"background-color":"","background-image":"","background-repeat":"repeat","background-position":"center center","background-size":"auto","background-attachment":"scroll","background-type":"","background-media":"","overlay-type":"","overlay-color":"","overlay-opacity":"","overlay-gradient":""},"mobile":{"background-color":"","background-image":"","background-repeat":"repeat","background-position":"center center","background-size":"auto","background-attachment":"scroll","background-type":"","background-media":"","overlay-type":"","overlay-color":"","overlay-opacity":"","overlay-gradient":""}},"ast-content-background-meta":{"desktop":{"background-color":"var(--ast-global-color-5)","background-image":"","background-repeat":"repeat","background-position":"center center","background-size":"auto","background-attachment":"scroll","background-type":"","background-media":"","overlay-type":"","overlay-color":"","overlay-opacity":"","overlay-gradient":""},"tablet":{"background-color":"var(--ast-global-color-5)","background-image":"","background-repeat":"repeat","background-position":"center center","background-size":"auto","background-attachment":"scroll","background-type":"","background-media":"","overlay-type":"","overlay-color":"","overlay-opacity":"","overlay-gradient":""},"mobile":{"background-color":"var(--ast-global-color-5)","background-image":"","background-repeat":"repeat","background-position":"center center","background-size":"auto","background-attachment":"scroll","background-type":"","background-media":"","overlay-type":"","overlay-color":"","overlay-opacity":"","overlay-gradient":""}}},"product_brand":[],"product_cat":[77],"product_tag":[],"class_list":{"0":"post-17507","1":"product","2":"type-product","3":"status-publish","4":"has-post-thumbnail","6":"product_cat-elektronika","7":"desktop-align-left","8":"tablet-align-left","9":"mobile-align-left","11":"first","12":"outofstock","13":"shipping-taxable","14":"purchasable","15":"product-type-simple"},"uagb_featured_image_src":{"full":["https:\/\/home-goods.cz\/wp-content\/uploads\/2025\/01\/img_0630.jpeg",772,579,false],"thumbnail":["https:\/\/home-goods.cz\/wp-content\/uploads\/2025\/01\/img_0630-150x150.jpeg",150,150,true],"medium":["https:\/\/home-goods.cz\/wp-content\/uploads\/2025\/01\/img_0630-400x300.jpeg",400,300,true],"medium_large":["https:\/\/home-goods.cz\/wp-content\/uploads\/2025\/01\/img_0630-768x576.jpeg",768,576,true],"large":["https:\/\/home-goods.cz\/wp-content\/uploads\/2025\/01\/img_0630.jpeg",772,579,false],"1536x1536":["https:\/\/home-goods.cz\/wp-content\/uploads\/2025\/01\/img_0630.jpeg",772,579,false],"2048x2048":["https:\/\/home-goods.cz\/wp-content\/uploads\/2025\/01\/img_0630.jpeg",772,579,false],"woocommerce_thumbnail":["https:\/\/home-goods.cz\/wp-content\/uploads\/2025\/01\/img_0630-600x450.jpeg",600,450,true],"woocommerce_single":["https:\/\/home-goods.cz\/wp-content\/uploads\/2025\/01\/img_0630-700x525.jpeg",700,525,true],"woocommerce_gallery_thumbnail":["https:\/\/home-goods.cz\/wp-content\/uploads\/2025\/01\/img_0630-100x100.jpeg",100,100,true]},"uagb_author_info":{"display_name":"Nahorniuk Vladyslav","author_link":"https:\/\/home-goods.cz\/author\/"},"uagb_comment_info":0,"uagb_excerpt":"AURIOL\u00ae Bezdr\u00e1tov\u00e1 meteostanice s podsv\u00edcen\u00fdm displejem Popis P\u0159edpov\u011b\u010f po\u010das\u00ed pomoc\u00ed snadno srozumiteln\u00fdch symbol\u016f Vnit\u0159n\u00ed a venkovn\u00ed teplota Vlhkost vzduchu v [&hellip;]","_links":{"self":[{"href":"https:\/\/home-goods.cz\/wp-json\/wp\/v2\/product\/17507","targetHints":{"allow":["GET"]}}],"collection":[{"href":"https:\/\/home-goods.cz\/wp-json\/wp\/v2\/product"}],"about":[{"href":"https:\/\/home-goods.cz\/wp-json\/wp\/v2\/types\/product"}],"replies":[{"embeddable":true,"href":"https:\/\/home-goods.cz\/wp-json\/wp\/v2\/comments?post=17507"}],"wp:featuredmedia":[{"embeddable":true,"href":"https:\/\/home-goods.cz\/wp-json\/wp\/v2\/media\/17506"}],"wp:attachment":[{"href":"https:\/\/home-goods.cz\/wp-json\/wp\/v2\/media?parent=17507"}],"wp:term":[{"taxonomy":"product_brand","embeddable":true,"href":"https:\/\/home-goods.cz\/wp-json\/wp\/v2\/product_brand?post=17507"},{"taxonomy":"product_cat","embeddable":true,"href":"https:\/\/home-goods.cz\/wp-json\/wp\/v2\/product_cat?post=17507"},{"taxonomy":"product_tag","embeddable":true,"href":"https:\/\/home-goods.cz\/wp-json\/wp\/v2\/product_tag?post=17507"}],"curies":[{"name":"wp","href":"https:\/\/api.w.org\/{rel}","templated":true}]}}