{"id":17336,"date":"2025-01-04T22:46:22","date_gmt":"2025-01-04T21:46:22","guid":{"rendered":"https:\/\/home-goods.cz\/?post_type=product&#038;p=17336"},"modified":"2026-03-04T11:13:35","modified_gmt":"2026-03-04T10:13:35","slug":"parkside-multibruska-pms-160-b2","status":"publish","type":"product","link":"https:\/\/home-goods.cz\/produkt\/parkside-multibruska-pms-160-b2\/","title":{"rendered":"PARKSIDE\u00ae Multibruska PMS 160 B2"},"content":{"rendered":"<h2>PARKSIDE\u00ae Multibruska PMS 160 B2<\/h2>\n<p><strong>Popis<\/strong><\/p>\n<ul>\n<li>Ide\u00e1ln\u00ed k brou\u0161en\u00ed d\u0159eva, plastu nebo kovu<\/li>\n<li>Ergonomicky tvarovan\u00e1 rukoje\u0165 pro prav\u00e1ky i lev\u00e1ky<\/li>\n<li>Snadn\u00e1 v\u00fdm\u011bna brusn\u00fdch list\u016f d\u00edky uchycen\u00ed na such\u00fd zip<\/li>\n<li>Integrovan\u00e1 funkce ods\u00e1v\u00e1n\u00ed se z\u00e1chytnou n\u00e1dobou na prach<\/li>\n<li>P\u0159ipojen\u00ed k extern\u00edmu ods\u00e1v\u00e1n\u00ed prachu<\/li>\n<li>Dodan\u00e9 p\u0159\u00edslu\u0161enstv\u00ed: 1 z\u00e1chytn\u00e1 n\u00e1dobka na prach, 1 adapt\u00e9r pro extern\u00ed ods\u00e1v\u00e1n\u00ed prachu, 3 brusn\u00e9 listy (zrnitost: 80 \/ 120 \/ 180)<\/li>\n<\/ul>\n<hr \/>\n<p><strong>Technick\u00e9 \u00fadaje<\/strong><\/p>\n<ul>\n<li>Jmenovit\u00fd v\u00fdkon: 160 W<\/li>\n<li>Po\u010det kmit\u016f: 26 000 min-1<\/li>\n<li>Ot\u00e1\u010dky: 13 000 min-1<\/li>\n<\/ul>\n<hr \/>\n<p><strong>Rozm\u011bry<\/strong><\/p>\n<ul>\n<li>cca 167 x 102 x 136 mm<\/li>\n<li>D\u00e9lka s\u00ed\u0165ov\u00e9ho kabelu: cca 3 m<\/li>\n<\/ul>\n<hr \/>\n<p><strong>Hmotnost<\/strong><\/p>\n<ul>\n<li>cca 1,06 kg<\/li>\n<\/ul>\n","protected":false},"excerpt":{"rendered":"<p>PARKSIDE\u00ae Multibruska PMS 160 B2 Popis Ide\u00e1ln\u00ed k brou\u0161en\u00ed d\u0159eva, plastu nebo kovu Ergonomicky tvarovan\u00e1 rukoje\u0165 pro prav\u00e1ky i lev\u00e1ky [&hellip;]<\/p>\n","protected":false},"featured_media":17337,"comment_status":"open","ping_status":"closed","template":"","meta":{"_uag_custom_page_level_css":"","site-sidebar-layout":"default","site-content-layout":"","ast-site-content-layout":"","site-content-style":"default","site-sidebar-style":"default","ast-global-header-display":"","ast-banner-title-visibility":"","ast-main-header-display":"","ast-hfb-above-header-display":"","ast-hfb-below-header-display":"","ast-hfb-mobile-header-display":"","site-post-title":"","ast-breadcrumbs-content":"","ast-featured-img":"","footer-sml-layout":"","theme-transparent-header-meta":"","adv-header-id-meta":"","stick-header-meta":"","header-above-stick-meta":"","header-main-stick-meta":"","header-below-stick-meta":"","astra-migrate-meta-layouts":"default","ast-page-background-enabled":"default","ast-page-background-meta":{"desktop":{"background-color":"var(--ast-global-color-4)","background-image":"","background-repeat":"repeat","background-position":"center center","background-size":"auto","background-attachment":"scroll","background-type":"","background-media":"","overlay-type":"","overlay-color":"","overlay-opacity":"","overlay-gradient":""},"tablet":{"background-color":"","background-image":"","background-repeat":"repeat","background-position":"center center","background-size":"auto","background-attachment":"scroll","background-type":"","background-media":"","overlay-type":"","overlay-color":"","overlay-opacity":"","overlay-gradient":""},"mobile":{"background-color":"","background-image":"","background-repeat":"repeat","background-position":"center center","background-size":"auto","background-attachment":"scroll","background-type":"","background-media":"","overlay-type":"","overlay-color":"","overlay-opacity":"","overlay-gradient":""}},"ast-content-background-meta":{"desktop":{"background-color":"var(--ast-global-color-5)","background-image":"","background-repeat":"repeat","background-position":"center center","background-size":"auto","background-attachment":"scroll","background-type":"","background-media":"","overlay-type":"","overlay-color":"","overlay-opacity":"","overlay-gradient":""},"tablet":{"background-color":"var(--ast-global-color-5)","background-image":"","background-repeat":"repeat","background-position":"center center","background-size":"auto","background-attachment":"scroll","background-type":"","background-media":"","overlay-type":"","overlay-color":"","overlay-opacity":"","overlay-gradient":""},"mobile":{"background-color":"var(--ast-global-color-5)","background-image":"","background-repeat":"repeat","background-position":"center center","background-size":"auto","background-attachment":"scroll","background-type":"","background-media":"","overlay-type":"","overlay-color":"","overlay-opacity":"","overlay-gradient":""}}},"product_brand":[99],"product_cat":[71],"product_tag":[],"class_list":{"0":"post-17336","1":"product","2":"type-product","3":"status-publish","4":"has-post-thumbnail","6":"product_brand-parkside","7":"product_cat-dilna-a-zahrada","8":"desktop-align-left","9":"tablet-align-left","10":"mobile-align-left","12":"first","13":"outofstock","14":"shipping-taxable","15":"purchasable","16":"product-type-simple"},"uagb_featured_image_src":{"full":["https:\/\/home-goods.cz\/wp-content\/uploads\/2025\/01\/gcp5b17f33d9b4546d0a4e633d75d906.jpg",1500,1125,false],"thumbnail":["https:\/\/home-goods.cz\/wp-content\/uploads\/2025\/01\/gcp5b17f33d9b4546d0a4e633d75d906-150x150.jpg",150,150,true],"medium":["https:\/\/home-goods.cz\/wp-content\/uploads\/2025\/01\/gcp5b17f33d9b4546d0a4e633d75d906-400x300.jpg",400,300,true],"medium_large":["https:\/\/home-goods.cz\/wp-content\/uploads\/2025\/01\/gcp5b17f33d9b4546d0a4e633d75d906-768x576.jpg",768,576,true],"large":["https:\/\/home-goods.cz\/wp-content\/uploads\/2025\/01\/gcp5b17f33d9b4546d0a4e633d75d906-1067x800.jpg",1067,800,true],"1536x1536":["https:\/\/home-goods.cz\/wp-content\/uploads\/2025\/01\/gcp5b17f33d9b4546d0a4e633d75d906.jpg",1500,1125,false],"2048x2048":["https:\/\/home-goods.cz\/wp-content\/uploads\/2025\/01\/gcp5b17f33d9b4546d0a4e633d75d906.jpg",1500,1125,false],"woocommerce_thumbnail":["https:\/\/home-goods.cz\/wp-content\/uploads\/2025\/01\/gcp5b17f33d9b4546d0a4e633d75d906-600x450.jpg",600,450,true],"woocommerce_single":["https:\/\/home-goods.cz\/wp-content\/uploads\/2025\/01\/gcp5b17f33d9b4546d0a4e633d75d906-700x525.jpg",700,525,true],"woocommerce_gallery_thumbnail":["https:\/\/home-goods.cz\/wp-content\/uploads\/2025\/01\/gcp5b17f33d9b4546d0a4e633d75d906-100x100.jpg",100,100,true]},"uagb_author_info":{"display_name":"Nahorniuk Vladyslav","author_link":"https:\/\/home-goods.cz\/author\/"},"uagb_comment_info":0,"uagb_excerpt":"PARKSIDE\u00ae Multibruska PMS 160 B2 Popis Ide\u00e1ln\u00ed k brou\u0161en\u00ed d\u0159eva, plastu nebo kovu Ergonomicky tvarovan\u00e1 rukoje\u0165 pro prav\u00e1ky i lev\u00e1ky [&hellip;]","_links":{"self":[{"href":"https:\/\/home-goods.cz\/wp-json\/wp\/v2\/product\/17336","targetHints":{"allow":["GET"]}}],"collection":[{"href":"https:\/\/home-goods.cz\/wp-json\/wp\/v2\/product"}],"about":[{"href":"https:\/\/home-goods.cz\/wp-json\/wp\/v2\/types\/product"}],"replies":[{"embeddable":true,"href":"https:\/\/home-goods.cz\/wp-json\/wp\/v2\/comments?post=17336"}],"wp:featuredmedia":[{"embeddable":true,"href":"https:\/\/home-goods.cz\/wp-json\/wp\/v2\/media\/17337"}],"wp:attachment":[{"href":"https:\/\/home-goods.cz\/wp-json\/wp\/v2\/media?parent=17336"}],"wp:term":[{"taxonomy":"product_brand","embeddable":true,"href":"https:\/\/home-goods.cz\/wp-json\/wp\/v2\/product_brand?post=17336"},{"taxonomy":"product_cat","embeddable":true,"href":"https:\/\/home-goods.cz\/wp-json\/wp\/v2\/product_cat?post=17336"},{"taxonomy":"product_tag","embeddable":true,"href":"https:\/\/home-goods.cz\/wp-json\/wp\/v2\/product_tag?post=17336"}],"curies":[{"name":"wp","href":"https:\/\/api.w.org\/{rel}","templated":true}]}}