{"id":17151,"date":"2025-01-04T17:44:54","date_gmt":"2025-01-04T16:44:54","guid":{"rendered":"https:\/\/home-goods.cz\/?product=parkside-performance-aku-primocara-pila-psspa-20-li-b2-bez-akumulatoru-a-nabijecky"},"modified":"2026-03-03T01:48:02","modified_gmt":"2026-03-03T00:48:02","slug":"parkside-performance-aku-primocara-pila-psspa-20-li-b2-bez-akumulatoru-a-nabijecky","status":"publish","type":"product","link":"https:\/\/home-goods.cz\/produkt\/parkside-performance-aku-primocara-pila-psspa-20-li-b2-bez-akumulatoru-a-nabijecky\/","title":{"rendered":"PARKSIDE PERFORMANCE\u00ae Aku p\u0159\u00edmo\u010dar\u00e1 pila PSSPA 20-Li C3 \u2013 bez akumul\u00e1toru a nab\u00edje\u010dky"},"content":{"rendered":"<h2 style=\"background-repeat: no-repeat;margin: 0px;padding: 0px;font-family: Roboto, sans-serif;font-style: normal;letter-spacing: 0.25px;text-align: start;text-indent: 0px;text-transform: none;text-decoration: none\">PARKSIDE PERFORMANCE Aku p\u0159\u00edmo\u010dar\u00e1 pila PSSPA 20-Li B2 \u2013 bez akumul\u00e1toru a nab\u00edje\u010dky<\/h2>\n<p style=\"background-repeat: no-repeat;margin: 0px;padding: 0px;font-family: Roboto, sans-serif;font-size: 14px;font-style: normal;font-weight: 400;letter-spacing: 0.25px;text-align: start;text-indent: 0px;text-transform: none;text-decoration: none\"><strong style=\"background-repeat: no-repeat;margin: 0px;padding: 0px;font-weight: bolder\">Popis<\/strong><\/p>\n<ul style=\"background-repeat: no-repeat;margin: 0px;padding: 0px;font-family: Roboto, sans-serif;font-size: 14px;font-style: normal;font-weight: 400;letter-spacing: 0.25px;text-align: start;text-indent: 0px;text-transform: none;text-decoration: none\">\n<li style=\"background-repeat: no-repeat;margin: 0px;padding: 0px\">Bezkart\u00e1\u010dov\u00fd motor (brushless motor) \u2013 mimo\u0159\u00e1dn\u011b vysok\u00e1 \u017eivotnost d\u00edky n\u00edzk\u00e9mu opot\u0159eben\u00ed<\/li>\n<li style=\"background-repeat: no-repeat;margin: 0px;padding: 0px\">Rychl\u00e9 \u0159ez\u00e1n\u00ed d\u00edky 3n\u00e1sobn\u011b nastaviteln\u00e9mu kyvadlov\u00e9mu zdvihu<\/li>\n<li style=\"background-repeat: no-repeat;margin: 0px;padding: 0px\">Bezkyvadlov\u00e9 nastaven\u00ed jemn\u00e9ho \u0159ezu, funkce fouk\u00e1n\u00ed pro linii \u0159ezu bez t\u0159\u00edsek<\/li>\n<li style=\"background-repeat: no-repeat;margin: 0px;padding: 0px\">Po\u010det zdvih\u016f nastaviteln\u00fd v 7 stupn\u00edch (automatika + 6 voliteln\u00fdch stup\u0148\u016f)<\/li>\n<li style=\"background-repeat: no-repeat;margin: 0px;padding: 0px\">Voliteln\u00e9 \u00fahly \u0159ezu (5 \u00fahl\u016f)<\/li>\n<li style=\"background-repeat: no-repeat;margin: 0px;padding: 0px\">Integrovan\u00e9 LED pracovn\u00ed sv\u00edtidlo se 2 roz\u0161\u00ed\u0159iteln\u00fdmi funkcemi (osv\u011btlen\u00ed p\u0159ed spu\u0161t\u011bn\u00edm n\u00e1\u0159ad\u00ed \/ sv\u00edcen\u00ed po vypnut\u00ed n\u00e1\u0159ad\u00ed)<\/li>\n<li style=\"background-repeat: no-repeat;margin: 0px;padding: 0px\">Rychloup\u00ednac\u00ed skl\u00ed\u010didlo SAW LOCK pro snadnou v\u00fdm\u011bnu pilov\u00e9ho listu<\/li>\n<li style=\"background-repeat: no-repeat;margin: 0px;padding: 0px\">Ochrana proti tvorb\u011b t\u0159\u00edsek a adapt\u00e9r pro veden\u00ed<span style=\"background-repeat: no-repeat;margin: 0px;padding: 0px\"> <\/span>\u010d\u00e1ry<\/li>\n<li style=\"background-repeat: no-repeat;margin: 0px;padding: 0px\">Mo\u017enost p\u0159ipojen\u00ed k extern\u00edmu ods\u00e1v\u00e1n\u00ed prachu &#8211; v\u010detn\u011b<span class=\"Apple-converted-space\">&nbsp;<\/span>adapt\u00e9ru<\/li>\n<li style=\"background-repeat: no-repeat;margin: 0px;padding: 0px\">V\u00fdklopn\u00fd a odn\u00edmateln\u00fd pr\u016fhledn\u00fd kryt pilov\u00e9ho listu<\/li>\n<li style=\"background-repeat: no-repeat;margin: 0px;padding: 0px\">Ergonomick\u00e9 dr\u017eadlo s m\u011bkk\u00fdm povrchem<\/li>\n<li style=\"background-repeat: no-repeat;margin: 0px;padding: 0px\">Plastov\u00fd n\u00e1stavec na kluznou patku<\/li>\n<li style=\"background-repeat: no-repeat;margin: 0px;padding: 0px\">V\u010detn\u011b 3 kvalitn\u00edch pilov\u00fdch list\u016f<\/li>\n<li style=\"background-repeat: no-repeat;margin: 0px;padding: 0px\">P\u0159\u00edslu\u0161enstv\u00ed: 2 pilov\u00e9 listy na d\u0159evo, 1 pilov\u00fd list na kov, 1 paraleln\u00ed doraz, 1 adapt\u00e9r pro veden\u00ed \u0159ezu, 1 adapt\u00e9r pro extern\u00ed ods\u00e1v\u00e1n\u00ed prachu, 1 kufr<\/li>\n<li style=\"background-repeat: no-repeat;margin: 0px;padding: 0px\">Kompatibiln\u00ed se v\u0161emi akumul\u00e1tory s\u00e9rie \u201ePARKSIDE X 20 V Team\u201c<\/li>\n<li style=\"background-repeat: no-repeat;margin: 0px;padding: 0px\">Akumul\u00e1tor a nab\u00edje\u010dka nejsou sou\u010d\u00e1st\u00ed balen\u00ed<\/li>\n<\/ul>\n<hr style=\"background-repeat: no-repeat;margin: 0px;padding: 0px;height: 0px;overflow: visible;font-family: Roboto, sans-serif;font-size: 14px;font-style: normal;font-weight: 400;letter-spacing: 0.25px;text-align: start;text-indent: 0px;text-transform: none;text-decoration: none\">\n<p style=\"background-repeat: no-repeat;margin: 0px;padding: 0px;font-family: Roboto, sans-serif;font-size: 14px;font-style: normal;font-weight: 400;letter-spacing: 0.25px;text-align: start;text-indent: 0px;text-transform: none;text-decoration: none\"><strong style=\"background-repeat: no-repeat;margin: 0px;padding: 0px;font-weight: bolder\">Technick\u00e9 \u00fadaje<\/strong><\/p>\n<ul style=\"background-repeat: no-repeat;margin: 0px;padding: 0px;font-family: Roboto, sans-serif;font-size: 14px;font-style: normal;font-weight: 400;letter-spacing: 0.25px;text-align: start;text-indent: 0px;text-transform: none;text-decoration: none\">\n<li style=\"background-repeat: no-repeat;margin: 0px;padding: 0px\">Doporu\u010den\u00fd akumul\u00e1tor: 20 V (2 Ah \/ 4 Ah)<\/li>\n<li style=\"background-repeat: no-repeat;margin: 0px;padding: 0px\">Po\u010det zdvih\u016f: 800\u20133 800 min-1<\/li>\n<li style=\"background-repeat: no-repeat;margin: 0px;padding: 0px\">V\u00fd\u0161ka zdvihu: cca 26 mm<\/li>\n<li style=\"background-repeat: no-repeat;margin: 0px;padding: 0px\">Volnob\u011b\u017en\u00fd po\u010det zdvih\u016f: 1\u20133 a nastaven\u00ed<span style=\"background-repeat: no-repeat;margin: 0px;padding: 0px\"> <\/span>jemn\u00e9ho \u0159ezu 0<\/li>\n<li style=\"background-repeat: no-repeat;margin: 0px;padding: 0px\">\u00dahel \u0159ezu<span class=\"Apple-converted-space\">&nbsp;<\/span>vpravo\/vlevo: 0\u00b0 \/ 22,5\u00b0 \/ 45\u00b0<\/li>\n<li style=\"background-repeat: no-repeat;margin: 0px;padding: 0px\">Max. hloubka \u0159ezu: 135 mm do d\u0159eva \/ 20 mm do barevn\u00fdch kov\u016f \/ ocel (m\u011bkk\u00e1) 10 mm<\/li>\n<\/ul>\n<hr style=\"background-repeat: no-repeat;margin: 0px;padding: 0px;height: 0px;overflow: visible;font-family: Roboto, sans-serif;font-size: 14px;font-style: normal;font-weight: 400;letter-spacing: 0.25px;text-align: start;text-indent: 0px;text-transform: none;text-decoration: none\">\n<p style=\"background-repeat: no-repeat;margin: 0px;padding: 0px;font-family: Roboto, sans-serif;font-size: 14px;font-style: normal;font-weight: 400;letter-spacing: 0.25px;text-align: start;text-indent: 0px;text-transform: none;text-decoration: none\"><strong style=\"background-repeat: no-repeat;margin: 0px;padding: 0px;font-weight: bolder\">Rozm\u011bry<\/strong><\/p>\n<ul style=\"background-repeat: no-repeat;margin: 0px;padding: 0px;font-family: Roboto, sans-serif;font-size: 14px;font-style: normal;font-weight: 400;letter-spacing: 0.25px;text-align: start;text-indent: 0px;text-transform: none;text-decoration: none\">\n<li style=\"background-repeat: no-repeat;margin: 0px;padding: 0px\">cca 25,6 x 7,7 x 19,5 cm (bez pilov\u00e9ho listu, bez akumul\u00e1toru)<\/li>\n<\/ul>\n<hr style=\"background-repeat: no-repeat;margin: 0px;padding: 0px;height: 0px;overflow: visible;font-family: Roboto, sans-serif;font-size: 14px;font-style: normal;font-weight: 400;letter-spacing: 0.25px;text-align: start;text-indent: 0px;text-transform: none;text-decoration: none\">\n<p style=\"background-repeat: no-repeat;margin: 0px;padding: 0px;font-family: Roboto, sans-serif;font-size: 14px;font-style: normal;font-weight: 400;letter-spacing: 0.25px;text-align: start;text-indent: 0px;text-transform: none;text-decoration: none\"><strong style=\"background-repeat: no-repeat;margin: 0px;padding: 0px;font-weight: bolder\">Hmotnost<\/strong><\/p>\n<ul style=\"background-repeat: no-repeat;margin: 0px;padding: 0px;font-family: Roboto, sans-serif;font-size: 14px;font-style: normal;font-weight: 400;letter-spacing: 0.25px;text-align: start;text-indent: 0px;text-transform: none;text-decoration: none\">\n<li style=\"background-repeat: no-repeat;margin: 0px;padding: 0px\">cca 1,54 kg (bez pilov\u00e9ho listu, bez akumul\u00e1toru)<\/li>\n<\/ul>\n","protected":false},"excerpt":{"rendered":"<p>PARKSIDE PERFORMANCE Aku p\u0159\u00edmo\u010dar\u00e1 pila PSSPA 20-Li B2 \u2013 bez akumul\u00e1toru a nab\u00edje\u010dky Popis Bezkart\u00e1\u010dov\u00fd motor (brushless motor) \u2013 mimo\u0159\u00e1dn\u011b [&hellip;]<\/p>\n","protected":false},"featured_media":17145,"comment_status":"open","ping_status":"closed","template":"","meta":{"_uag_custom_page_level_css":"","site-sidebar-layout":"default","site-content-layout":"","ast-site-content-layout":"","site-content-style":"default","site-sidebar-style":"default","ast-global-header-display":"","ast-banner-title-visibility":"","ast-main-header-display":"","ast-hfb-above-header-display":"","ast-hfb-below-header-display":"","ast-hfb-mobile-header-display":"","site-post-title":"","ast-breadcrumbs-content":"","ast-featured-img":"","footer-sml-layout":"","theme-transparent-header-meta":"","adv-header-id-meta":"","stick-header-meta":"","header-above-stick-meta":"","header-main-stick-meta":"","header-below-stick-meta":"","astra-migrate-meta-layouts":"default","ast-page-background-enabled":"default","ast-page-background-meta":{"desktop":{"background-color":"var(--ast-global-color-4)","background-image":"","background-repeat":"repeat","background-position":"center center","background-size":"auto","background-attachment":"scroll","background-type":"","background-media":"","overlay-type":"","overlay-color":"","overlay-opacity":"","overlay-gradient":""},"tablet":{"background-color":"","background-image":"","background-repeat":"repeat","background-position":"center center","background-size":"auto","background-attachment":"scroll","background-type":"","background-media":"","overlay-type":"","overlay-color":"","overlay-opacity":"","overlay-gradient":""},"mobile":{"background-color":"","background-image":"","background-repeat":"repeat","background-position":"center center","background-size":"auto","background-attachment":"scroll","background-type":"","background-media":"","overlay-type":"","overlay-color":"","overlay-opacity":"","overlay-gradient":""}},"ast-content-background-meta":{"desktop":{"background-color":"var(--ast-global-color-5)","background-image":"","background-repeat":"repeat","background-position":"center center","background-size":"auto","background-attachment":"scroll","background-type":"","background-media":"","overlay-type":"","overlay-color":"","overlay-opacity":"","overlay-gradient":""},"tablet":{"background-color":"var(--ast-global-color-5)","background-image":"","background-repeat":"repeat","background-position":"center center","background-size":"auto","background-attachment":"scroll","background-type":"","background-media":"","overlay-type":"","overlay-color":"","overlay-opacity":"","overlay-gradient":""},"mobile":{"background-color":"var(--ast-global-color-5)","background-image":"","background-repeat":"repeat","background-position":"center center","background-size":"auto","background-attachment":"scroll","background-type":"","background-media":"","overlay-type":"","overlay-color":"","overlay-opacity":"","overlay-gradient":""}}},"product_brand":[99],"product_cat":[71],"product_tag":[],"class_list":{"0":"post-17151","1":"product","2":"type-product","3":"status-publish","4":"has-post-thumbnail","6":"product_brand-parkside","7":"product_cat-dilna-a-zahrada","8":"desktop-align-left","9":"tablet-align-left","10":"mobile-align-left","12":"first","13":"instock","14":"sale","15":"shipping-taxable","16":"purchasable","17":"product-type-simple"},"uagb_featured_image_src":{"full":["https:\/\/home-goods.cz\/wp-content\/uploads\/2025\/01\/img_0451-1.jpeg",1500,1125,false],"thumbnail":["https:\/\/home-goods.cz\/wp-content\/uploads\/2025\/01\/img_0451-1-150x150.jpeg",150,150,true],"medium":["https:\/\/home-goods.cz\/wp-content\/uploads\/2025\/01\/img_0451-1-400x300.jpeg",400,300,true],"medium_large":["https:\/\/home-goods.cz\/wp-content\/uploads\/2025\/01\/img_0451-1-768x576.jpeg",768,576,true],"large":["https:\/\/home-goods.cz\/wp-content\/uploads\/2025\/01\/img_0451-1-1067x800.jpeg",1067,800,true],"1536x1536":["https:\/\/home-goods.cz\/wp-content\/uploads\/2025\/01\/img_0451-1.jpeg",1500,1125,false],"2048x2048":["https:\/\/home-goods.cz\/wp-content\/uploads\/2025\/01\/img_0451-1.jpeg",1500,1125,false],"woocommerce_thumbnail":["https:\/\/home-goods.cz\/wp-content\/uploads\/2025\/01\/img_0451-1-600x450.jpeg",600,450,true],"woocommerce_single":["https:\/\/home-goods.cz\/wp-content\/uploads\/2025\/01\/img_0451-1-700x525.jpeg",700,525,true],"woocommerce_gallery_thumbnail":["https:\/\/home-goods.cz\/wp-content\/uploads\/2025\/01\/img_0451-1-100x100.jpeg",100,100,true]},"uagb_author_info":{"display_name":"Nahorniuk Vladyslav","author_link":"https:\/\/home-goods.cz\/author\/"},"uagb_comment_info":0,"uagb_excerpt":"PARKSIDE PERFORMANCE Aku p\u0159\u00edmo\u010dar\u00e1 pila PSSPA 20-Li B2 \u2013 bez akumul\u00e1toru a nab\u00edje\u010dky Popis Bezkart\u00e1\u010dov\u00fd motor (brushless motor) \u2013 mimo\u0159\u00e1dn\u011b [&hellip;]","_links":{"self":[{"href":"https:\/\/home-goods.cz\/wp-json\/wp\/v2\/product\/17151","targetHints":{"allow":["GET"]}}],"collection":[{"href":"https:\/\/home-goods.cz\/wp-json\/wp\/v2\/product"}],"about":[{"href":"https:\/\/home-goods.cz\/wp-json\/wp\/v2\/types\/product"}],"replies":[{"embeddable":true,"href":"https:\/\/home-goods.cz\/wp-json\/wp\/v2\/comments?post=17151"}],"wp:featuredmedia":[{"embeddable":true,"href":"https:\/\/home-goods.cz\/wp-json\/wp\/v2\/media\/17145"}],"wp:attachment":[{"href":"https:\/\/home-goods.cz\/wp-json\/wp\/v2\/media?parent=17151"}],"wp:term":[{"taxonomy":"product_brand","embeddable":true,"href":"https:\/\/home-goods.cz\/wp-json\/wp\/v2\/product_brand?post=17151"},{"taxonomy":"product_cat","embeddable":true,"href":"https:\/\/home-goods.cz\/wp-json\/wp\/v2\/product_cat?post=17151"},{"taxonomy":"product_tag","embeddable":true,"href":"https:\/\/home-goods.cz\/wp-json\/wp\/v2\/product_tag?post=17151"}],"curies":[{"name":"wp","href":"https:\/\/api.w.org\/{rel}","templated":true}]}}