{"id":16917,"date":"2024-12-16T15:52:27","date_gmt":"2024-12-16T14:52:27","guid":{"rendered":"https:\/\/home-goods.cz\/?product=zastrihovac-chloupku-v-nose-a-usich-philips-nt1000"},"modified":"2024-12-16T15:52:29","modified_gmt":"2024-12-16T14:52:29","slug":"zastrihovac-chloupku-v-nose-a-usich-philips-nt1000","status":"publish","type":"product","link":"https:\/\/home-goods.cz\/produkt\/zastrihovac-chloupku-v-nose-a-usich-philips-nt1000\/","title":{"rendered":"Zast\u0159ihova\u010d chloupk\u016f v nose a u\u0161\u00edch Philips NT1000"},"content":{"rendered":"<div class=\"card-description-content\">\n<h2 class=\"card-porec-title\" style=\"margin-top: 0px;margin-bottom: 24px;font-size: 24px;font-weight: 700;padding-top: 24px\"><strong>Popis a parametry<\/strong><\/h2>\n<div id=\"popis\" class=\"product-description description card-spy\">\n<div class=\"product-description-content\">\n<div class=\"wsw\" style=\"margin-top: 15px;margin-bottom: 15px;line-height: 1.6;font-size: 14px\">\n<div class=\"web-description\">\n<p class=\"perex\" style=\"margin: 0px 0px 1em;padding: 0px;line-height: 24px;font-weight: 700\"><strong>zast\u0159ihova\u010d chloupk\u016f v u\u0161\u00edch a nose \u2022 Protective Guard \u2022 pln\u011b omyvateln\u00fd \u2022 bateriov\u00fd chod \u2022 nap\u00e1jen\u00ed AA baterie (sou\u010d\u00e1st\u00ed balen\u00ed) \u2022 texturovan\u00e1 rukoje\u0165<\/strong><\/p>\n<div id=\"amp-review-banner\" class=\"amp-wrap\" data-amp-resource-datart_products=\"1658447\" data-amp-banner=\"product_detail.article_banner\" data-amp-attached=\"\" style=\"clear: both;padding: 0px;font-style: italic;text-align: center;font-size: 14px;margin-bottom: 20px;max-width: 900px\"><em><\/em><\/div>\n<h2 style=\"margin: 24px 0px 0px;font-size: 24px;font-weight: 700;text-transform: none;padding: 0px;line-height: 1.4\">\n<div class=\"item-desc\" data-src=\"https:\/\/www.datart.cz\/foto\/ilustrace\/1000\/3\/3\/6\/product_5209633.jpg\" data-sub-html=\"\" style=\"max-width: 100%;height: 350px;float: right;width: 350px\"><strong><u><a href=\"https:\/\/www.datart.cz\/zastrihovac-chloupku-philips-series-1000-nt1650-16.html?gQT=2\" style=\"text-decoration: underline\"><img decoding=\"async\" data-src=\"https:\/\/www.datart.cz\/foto\/ilustrace\/1000\/3\/3\/6\/product_5209633.jpg\" alt=\"\" width=\"350\" height=\"350\" style=\"--smush-placeholder-width: 350px; --smush-placeholder-aspect-ratio: 350\/350;vertical-align: middle;border-style: none;max-width: 100%;height: auto !important;width: auto !important\" src=\"data:image\/svg+xml;base64,PHN2ZyB3aWR0aD0iMSIgaGVpZ2h0PSIxIiB4bWxucz0iaHR0cDovL3d3dy53My5vcmcvMjAwMC9zdmciPjwvc3ZnPg==\" class=\"lazyload\"><\/a><\/u><\/strong><\/div>\n<p><strong>Philips Series 1000 NT1650\/16<\/strong><\/h2>\n<p style=\"margin: 0px 0px 1em;padding: 0px;line-height: 24px\"><strong style=\"font-weight: bolder\">Rychle, \u0161etrn\u011b a bezbolestn\u011b<span class=\"Apple-converted-space\">&nbsp;<\/span><\/strong>\u2013 tak v\u00e1s zbav\u00ed<span class=\"Apple-converted-space\">&nbsp;<\/span><strong style=\"font-weight: bolder\">ne\u017e\u00e1douc\u00edch chloupk\u016f&nbsp;v&nbsp;nose a u\u0161\u00edch<\/strong>zast\u0159ihova\u010d<span class=\"Apple-converted-space\">&nbsp;<\/span><strong style=\"font-weight: bolder\">Philips Series 1000 NT1650\/16<\/strong>. Je<span class=\"Apple-converted-space\">&nbsp;<\/span><strong style=\"font-weight: bolder\">p\u0159esn\u00fd<\/strong>, p\u0159esto velmi<span class=\"Apple-converted-space\">&nbsp;<\/span><strong style=\"font-weight: bolder\">\u0161etrn\u00fd<\/strong>, na \u010dem\u017e se pozitivn\u011b podepisuje i technologie<span class=\"Apple-converted-space\">&nbsp;<\/span><strong style=\"font-weight: bolder\">Protective Guard<\/strong>.<\/p>\n<p style=\"margin: 0px 0px 1em;padding: 0px;line-height: 24px\">V\u00fdhodou je tak\u00e9<span class=\"Apple-converted-space\">&nbsp;<\/span><strong style=\"font-weight: bolder\">bezdr\u00e1tov\u00fd provoz<\/strong>, kdy nap\u00e1jen\u00ed obstar\u00e1v\u00e1<span class=\"Apple-converted-space\">&nbsp;<\/span><strong style=\"font-weight: bolder\">p\u0159ilo\u017een\u00e1 AA baterie<\/strong>. Ocen\u00edte ale i<span class=\"Apple-converted-space\">&nbsp;<\/span><strong style=\"font-weight: bolder\">texturovanou rukoje\u0165<\/strong><span class=\"Apple-converted-space\">&nbsp;<\/span>pro snadn\u011bj\u0161\u00ed manipulaci nebo \u010di\u0161t\u011bn\u00ed, kdy lze zast\u0159ihova\u010d<span class=\"Apple-converted-space\">&nbsp;<\/span><strong style=\"font-weight: bolder\">opl\u00e1chnout pod tekouc\u00ed vodou<\/strong>.<\/p>\n<p style=\"margin: 0px 0px 1em;padding: 0px;line-height: 24px\">&nbsp;<\/p>\n<h3 style=\"margin: 24px 0px 0px;font-size: 20px;font-weight: 700;text-transform: none;padding: 0px;clear: both\"><strong>Kl\u00ed\u010dov\u00e9 vlastnosti:<\/strong><\/h3>\n<ul style=\"margin: 15px 0px;padding: 0px\">\n<li style=\"padding: 0px 0px 0px 19px;margin-bottom: 5px;position: relative\"><strong style=\"font-weight: bolder\">P\u0159esn\u00e9, rychl\u00e9 a snadn\u00e9 zast\u0159i\u017een\u00ed chloupk\u016f v&nbsp;nose i u\u0161\u00edch<\/strong><\/li>\n<li style=\"padding: 0px 0px 0px 19px;margin-bottom: 5px;position: relative\">Technologie<span class=\"Apple-converted-space\">&nbsp;<\/span><strong style=\"font-weight: bolder\">Protective Guard<\/strong><span class=\"Apple-converted-space\">&nbsp;<\/span>pro maxim\u00e1ln\u011b komfortn\u00ed a bezpe\u010dn\u00e9 pou\u017eit\u00ed<\/li>\n<li style=\"padding: 0px 0px 0px 19px;margin-bottom: 5px;position: relative\"><strong style=\"font-weight: bolder\">Texturovan\u00e1 rukoje\u0165<\/strong><span class=\"Apple-converted-space\">&nbsp;<\/span>usnad\u0148uj\u00edc\u00ed dr\u017een\u00ed<\/li>\n<li style=\"padding: 0px 0px 0px 19px;margin-bottom: 5px;position: relative\">Provoz na<span class=\"Apple-converted-space\">&nbsp;<\/span><strong style=\"font-weight: bolder\">AA baterii<\/strong><span class=\"Apple-converted-space\">&nbsp;<\/span>(je v&nbsp;balen\u00ed)<\/li>\n<li style=\"padding: 0px 0px 0px 19px;margin-bottom: 5px;position: relative\"><strong style=\"font-weight: bolder\">Omyvateln\u00e9 t\u011blo<\/strong><span class=\"Apple-converted-space\">&nbsp;<\/span>pro snadnou \u00fadr\u017ebu<\/li>\n<\/ul>\n<div style=\"clear: both;padding: 15px;font-style: italic;text-align: center;font-size: 14px\"><em>Rychle, snadno a bezbolestn\u011b v\u00e1s zbav\u00ed ne\u017e\u00e1douc\u00edch chloupk\u016f v&nbsp;nose a u\u0161\u00edch!<\/em><\/div>\n<p style=\"margin: 0px 0px 1em;padding: 0px;line-height: 24px\">&nbsp;<\/p>\n<h3 style=\"margin: 24px 0px 0px;font-size: 20px;font-weight: 700;text-transform: none;padding: 0px;clear: both;text-align: center\"><strong>Zast\u0159ihne chloupky v nose i u\u0161\u00edch<\/strong><\/h3>\n<p style=\"margin: 0px 0px 1em;padding: 0px;line-height: 24px;text-align: center\">Philips Series 1000 NT1650\/16 je perfektn\u00edm n\u00e1strojem pro<span class=\"Apple-converted-space\">&nbsp;<\/span><strong style=\"font-weight: bolder\">rychl\u00e9, snadn\u00e9 a p\u0159itom \u0161etrn\u00e9 odstran\u011bn\u00ed ne\u017e\u00e1douc\u00edch chloupk\u016f v&nbsp;nose a u\u0161\u00edch<\/strong>.<\/p>\n<p style=\"margin: 0px 0px 1em;padding: 0px;line-height: 24px;text-align: center\">\n<div class=\"item-desc\" data-src=\"https:\/\/www.datart.cz\/foto\/ilustrace\/1000\/4\/3\/6\/product_5209634.jpg\" data-sub-html=\"\" style=\"max-width: 100%;height: 450px;width: 800px\"><u><a href=\"https:\/\/www.datart.cz\/zastrihovac-chloupku-philips-series-1000-nt1650-16.html?gQT=2\" style=\"text-decoration: underline\"><img decoding=\"async\" data-src=\"https:\/\/www.datart.cz\/foto\/ilustrace\/1000\/4\/3\/6\/product_5209634.jpg\" alt=\"\" width=\"800\" height=\"450\" style=\"--smush-placeholder-width: 800px; --smush-placeholder-aspect-ratio: 800\/450;vertical-align: middle;border-style: none;max-width: 100%;height: auto !important;width: auto !important\" src=\"data:image\/svg+xml;base64,PHN2ZyB3aWR0aD0iMSIgaGVpZ2h0PSIxIiB4bWxucz0iaHR0cDovL3d3dy53My5vcmcvMjAwMC9zdmciPjwvc3ZnPg==\" class=\"lazyload\"><\/a><\/u><\/div>\n<hr style=\"height: 0px;overflow: visible;border-width: 1px 0px 0px;border-style: solid none none\">\n<p style=\"margin: 0px 0px 1em;padding: 0px;line-height: 24px;text-align: center\">&nbsp;<\/p>\n<h3 style=\"margin: 24px 0px 0px;font-size: 20px;font-weight: 700;text-transform: none;padding: 0px;clear: both;text-align: center\"><strong>Technologie Protective Guard<\/strong><\/h3>\n<p style=\"margin: 0px 0px 1em;padding: 0px;line-height: 24px;text-align: center\">Philips dbal na pohodl\u00ed i bezpe\u010d\u00ed. Proto nasadil syst\u00e9m<span class=\"Apple-converted-space\">&nbsp;<\/span><strong style=\"font-weight: bolder\">Protective Guard<\/strong><span class=\"Apple-converted-space\">&nbsp;<\/span>zakr\u00fdvaj\u00edc\u00ed \u010depele pro<span class=\"Apple-converted-space\">&nbsp;<\/span><strong style=\"font-weight: bolder\">zamezen\u00ed p\u0159\u00edm\u00e9mu kontaktu s&nbsp;k\u016f\u017e\u00ed<\/strong>. Tak\u00e9 se nemus\u00edte ob\u00e1vat toho, \u017ee by n\u011bkter\u00e9 chloupky vynechal nebo nep\u0159\u00edjemn\u011b tahal.<\/p>\n<p style=\"margin: 0px 0px 1em;padding: 0px;line-height: 24px;text-align: center\">\n<div class=\"item-desc\" data-src=\"https:\/\/www.datart.cz\/foto\/ilustrace\/1000\/5\/3\/6\/product_5209635.jpg\" data-sub-html=\"\" style=\"max-width: 100%;height: 450px;width: 800px\"><u><a href=\"https:\/\/www.datart.cz\/zastrihovac-chloupku-philips-series-1000-nt1650-16.html?gQT=2\" style=\"text-decoration: underline\"><img decoding=\"async\" data-src=\"https:\/\/www.datart.cz\/foto\/ilustrace\/1000\/5\/3\/6\/product_5209635.jpg\" alt=\"\" width=\"800\" height=\"450\" style=\"--smush-placeholder-width: 800px; --smush-placeholder-aspect-ratio: 800\/450;vertical-align: middle;border-style: none;max-width: 100%;height: auto !important;width: auto !important\" src=\"data:image\/svg+xml;base64,PHN2ZyB3aWR0aD0iMSIgaGVpZ2h0PSIxIiB4bWxucz0iaHR0cDovL3d3dy53My5vcmcvMjAwMC9zdmciPjwvc3ZnPg==\" class=\"lazyload\"><\/a><\/u><\/div>\n<hr style=\"height: 0px;overflow: visible;border-width: 1px 0px 0px;border-style: solid none none\">\n<p style=\"margin: 0px 0px 1em;padding: 0px;line-height: 24px;text-align: center\">&nbsp;<\/p>\n<h3 style=\"margin: 24px 0px 0px;font-size: 20px;font-weight: 700;text-transform: none;padding: 0px;clear: both;text-align: center\"><strong>P\u0159esn\u00e9 zast\u0159ihov\u00e1n\u00ed<\/strong><\/h3>\n<p style=\"margin: 0px 0px 1em;padding: 0px;line-height: 24px;text-align: center\">Zast\u0159ihova\u010d je mimo\u0159\u00e1dn\u011b<span class=\"Apple-converted-space\">&nbsp;<\/span><strong style=\"font-weight: bolder\">p\u0159esn\u00fd<\/strong><span class=\"Apple-converted-space\">&nbsp;<\/span>\u2013<span class=\"Apple-converted-space\">&nbsp;<\/span><strong style=\"font-weight: bolder\">rychle a \u0161etrn\u011b si porad\u00ed s&nbsp;chloupky v&nbsp;nose i u\u0161\u00edch<\/strong><span class=\"Apple-converted-space\">&nbsp;<\/span>s&nbsp;p\u0159\u00edstupem<strong style=\"font-weight: bolder\"><span class=\"Apple-converted-space\">&nbsp;<\/span>v&nbsp;jak\u00e9mkoli \u00fahlu<\/strong>.<\/p>\n<p style=\"margin: 0px 0px 1em;padding: 0px;line-height: 24px;text-align: center\">\n<div class=\"item-desc\" data-src=\"https:\/\/www.datart.cz\/foto\/ilustrace\/1000\/6\/3\/6\/product_5209636.jpg\" data-sub-html=\"\" style=\"max-width: 100%;height: 450px;width: 800px\"><u><a href=\"https:\/\/www.datart.cz\/zastrihovac-chloupku-philips-series-1000-nt1650-16.html?gQT=2\" style=\"text-decoration: underline\"><img decoding=\"async\" data-src=\"https:\/\/www.datart.cz\/foto\/ilustrace\/1000\/6\/3\/6\/product_5209636.jpg\" alt=\"\" width=\"800\" height=\"450\" style=\"--smush-placeholder-width: 800px; --smush-placeholder-aspect-ratio: 800\/450;vertical-align: middle;border-style: none;max-width: 100%;height: auto !important;width: auto !important\" src=\"data:image\/svg+xml;base64,PHN2ZyB3aWR0aD0iMSIgaGVpZ2h0PSIxIiB4bWxucz0iaHR0cDovL3d3dy53My5vcmcvMjAwMC9zdmciPjwvc3ZnPg==\" class=\"lazyload\"><\/a><\/u><\/div>\n<hr style=\"height: 0px;overflow: visible;border-width: 1px 0px 0px;border-style: solid none none\">\n<p style=\"margin: 0px 0px 1em;padding: 0px;line-height: 24px;text-align: center\">&nbsp;<\/p>\n<h3 style=\"margin: 24px 0px 0px;font-size: 20px;font-weight: 700;text-transform: none;padding: 0px;clear: both;text-align: center\"><strong>Texturovan\u00e1 rukoje\u0165<\/strong><\/h3>\n<p style=\"margin: 0px 0px 1em;padding: 0px;line-height: 24px;text-align: center\">Prost\u0159ednictv\u00edm<span class=\"Apple-converted-space\">&nbsp;<\/span><strong style=\"font-weight: bolder\">texturovan\u00e9 rukojeti<\/strong><span class=\"Apple-converted-space\">&nbsp;<\/span>je dosa\u017eeno jist\u011bj\u0161\u00edho \u00fachopu.<\/p>\n<p style=\"margin: 0px 0px 1em;padding: 0px;line-height: 24px;text-align: center\">\n<div class=\"item-desc\" data-src=\"https:\/\/www.datart.cz\/foto\/ilustrace\/1000\/7\/3\/6\/product_5209637.jpg\" data-sub-html=\"\" style=\"max-width: 100%;height: 450px;width: 800px\"><u><a href=\"https:\/\/www.datart.cz\/zastrihovac-chloupku-philips-series-1000-nt1650-16.html?gQT=2\" style=\"text-decoration: underline\"><img decoding=\"async\" data-src=\"https:\/\/www.datart.cz\/foto\/ilustrace\/1000\/7\/3\/6\/product_5209637.jpg\" alt=\"\" width=\"800\" height=\"450\" style=\"--smush-placeholder-width: 800px; --smush-placeholder-aspect-ratio: 800\/450;vertical-align: middle;border-style: none;max-width: 100%;height: auto !important;width: auto !important\" src=\"data:image\/svg+xml;base64,PHN2ZyB3aWR0aD0iMSIgaGVpZ2h0PSIxIiB4bWxucz0iaHR0cDovL3d3dy53My5vcmcvMjAwMC9zdmciPjwvc3ZnPg==\" class=\"lazyload\"><\/a><\/u><\/div>\n<hr style=\"height: 0px;overflow: visible;border-width: 1px 0px 0px;border-style: solid none none\">\n<p style=\"margin: 0px 0px 1em;padding: 0px;line-height: 24px;text-align: center\">&nbsp;<\/p>\n<h3 style=\"margin: 24px 0px 0px;font-size: 20px;font-weight: 700;text-transform: none;padding: 0px;clear: both;text-align: center\"><strong>Omyvateln\u00e9 t\u011blo<\/strong><\/h3>\n<p style=\"margin: 0px 0px 1em;padding: 0px;line-height: 24px;text-align: center\">D\u00edky<span class=\"Apple-converted-space\">&nbsp;<\/span><strong style=\"font-weight: bolder\">pln\u011b omyvateln\u00e9mu t\u011blu<\/strong><span class=\"Apple-converted-space\">&nbsp;<\/span>je usnadn\u011bna \u00fadr\u017eba na maximum \u2013 sta\u010d\u00ed jej<span class=\"Apple-converted-space\">&nbsp;<\/span><strong style=\"font-weight: bolder\">opl\u00e1chnout pod tekouc\u00ed vodou<\/strong>.<\/p>\n<p style=\"margin: 0px 0px 1em;padding: 0px;line-height: 24px;text-align: center\">\n<div class=\"item-desc\" data-src=\"https:\/\/www.datart.cz\/foto\/ilustrace\/1000\/8\/3\/6\/product_5209638.jpg\" data-sub-html=\"\" style=\"max-width: 100%;height: 450px;width: 800px\"><u><a href=\"https:\/\/www.datart.cz\/zastrihovac-chloupku-philips-series-1000-nt1650-16.html?gQT=2\" style=\"text-decoration: underline\"><img decoding=\"async\" data-src=\"https:\/\/www.datart.cz\/foto\/ilustrace\/1000\/8\/3\/6\/product_5209638.jpg\" alt=\"\" width=\"800\" height=\"450\" style=\"--smush-placeholder-width: 800px; --smush-placeholder-aspect-ratio: 800\/450;vertical-align: middle;border-style: none;max-width: 100%;height: auto !important;width: auto !important\" src=\"data:image\/svg+xml;base64,PHN2ZyB3aWR0aD0iMSIgaGVpZ2h0PSIxIiB4bWxucz0iaHR0cDovL3d3dy53My5vcmcvMjAwMC9zdmciPjwvc3ZnPg==\" class=\"lazyload\"><\/a><\/u><\/div>\n<hr style=\"height: 0px;overflow: visible;border-width: 1px 0px 0px;border-style: solid none none\">\n<p style=\"margin: 0px 0px 1em;padding: 0px;line-height: 24px;text-align: center\">&nbsp;<\/p>\n<h3 style=\"margin: 24px 0px 0px;font-size: 20px;font-weight: 700;text-transform: none;padding: 0px;clear: both;text-align: center\"><strong>AA baterie<\/strong><\/h3>\n<p style=\"margin: 0px 0px 1em;padding: 0px;line-height: 24px;text-align: center\">K&nbsp;provozu vyu\u017e\u00edv\u00e1 zast\u0159ihova\u010d<span class=\"Apple-converted-space\">&nbsp;<\/span><strong style=\"font-weight: bolder\">AA baterii<\/strong>, kter\u00e1 je ji\u017e<span class=\"Apple-converted-space\">&nbsp;<\/span><strong style=\"font-weight: bolder\">sou\u010d\u00e1st\u00ed balen\u00ed<\/strong>.<\/p>\n<p style=\"margin: 0px 0px 1em;padding: 0px;line-height: 24px\">\n<div class=\"item-desc\" data-src=\"https:\/\/www.datart.cz\/foto\/ilustrace\/1000\/9\/3\/6\/product_5209639.jpg\" data-sub-html=\"\" style=\"max-width: 100%;height: 450px;margin-left: auto;margin-right: auto;width: 450px\"><u><a href=\"https:\/\/www.datart.cz\/zastrihovac-chloupku-philips-series-1000-nt1650-16.html?gQT=2\" style=\"text-decoration: underline\"><img decoding=\"async\" data-src=\"https:\/\/www.datart.cz\/foto\/ilustrace\/1000\/9\/3\/6\/product_5209639.jpg\" alt=\"\" width=\"450\" height=\"450\" style=\"--smush-placeholder-width: 450px; --smush-placeholder-aspect-ratio: 450\/450;vertical-align: middle;border-style: none;max-width: 100%;height: auto !important;width: auto !important\" src=\"data:image\/svg+xml;base64,PHN2ZyB3aWR0aD0iMSIgaGVpZ2h0PSIxIiB4bWxucz0iaHR0cDovL3d3dy53My5vcmcvMjAwMC9zdmciPjwvc3ZnPg==\" class=\"lazyload\"><\/a><\/u><\/div>\n<\/div>\n<div class=\"web-description-wrap\">Obr\u00e1zky produkt\u016f jsou pouze informativn\u00edho charakteru.<\/div>\n<\/div>\n<\/div>\n<\/div>\n<\/div>\n<div class=\"card-description-parameters\">\n<\/div>\n","protected":false},"excerpt":{"rendered":"<p>Popis a parametry zast\u0159ihova\u010d chloupk\u016f v u\u0161\u00edch a nose \u2022 Protective Guard \u2022 pln\u011b omyvateln\u00fd \u2022 bateriov\u00fd chod \u2022 nap\u00e1jen\u00ed [&hellip;]<\/p>\n","protected":false},"featured_media":16913,"comment_status":"open","ping_status":"closed","template":"","meta":{"_uag_custom_page_level_css":"","site-sidebar-layout":"default","site-content-layout":"","ast-site-content-layout":"","site-content-style":"default","site-sidebar-style":"default","ast-global-header-display":"","ast-banner-title-visibility":"","ast-main-header-display":"","ast-hfb-above-header-display":"","ast-hfb-below-header-display":"","ast-hfb-mobile-header-display":"","site-post-title":"","ast-breadcrumbs-content":"","ast-featured-img":"","footer-sml-layout":"","theme-transparent-header-meta":"","adv-header-id-meta":"","stick-header-meta":"","header-above-stick-meta":"","header-main-stick-meta":"","header-below-stick-meta":"","astra-migrate-meta-layouts":"default","ast-page-background-enabled":"default","ast-page-background-meta":{"desktop":{"background-color":"var(--ast-global-color-4)","background-image":"","background-repeat":"repeat","background-position":"center center","background-size":"auto","background-attachment":"scroll","background-type":"","background-media":"","overlay-type":"","overlay-color":"","overlay-opacity":"","overlay-gradient":""},"tablet":{"background-color":"","background-image":"","background-repeat":"repeat","background-position":"center center","background-size":"auto","background-attachment":"scroll","background-type":"","background-media":"","overlay-type":"","overlay-color":"","overlay-opacity":"","overlay-gradient":""},"mobile":{"background-color":"","background-image":"","background-repeat":"repeat","background-position":"center center","background-size":"auto","background-attachment":"scroll","background-type":"","background-media":"","overlay-type":"","overlay-color":"","overlay-opacity":"","overlay-gradient":""}},"ast-content-background-meta":{"desktop":{"background-color":"var(--ast-global-color-5)","background-image":"","background-repeat":"repeat","background-position":"center center","background-size":"auto","background-attachment":"scroll","background-type":"","background-media":"","overlay-type":"","overlay-color":"","overlay-opacity":"","overlay-gradient":""},"tablet":{"background-color":"var(--ast-global-color-5)","background-image":"","background-repeat":"repeat","background-position":"center center","background-size":"auto","background-attachment":"scroll","background-type":"","background-media":"","overlay-type":"","overlay-color":"","overlay-opacity":"","overlay-gradient":""},"mobile":{"background-color":"var(--ast-global-color-5)","background-image":"","background-repeat":"repeat","background-position":"center center","background-size":"auto","background-attachment":"scroll","background-type":"","background-media":"","overlay-type":"","overlay-color":"","overlay-opacity":"","overlay-gradient":""}}},"product_brand":[],"product_cat":[75],"product_tag":[],"class_list":{"0":"post-16917","1":"product","2":"type-product","3":"status-publish","4":"has-post-thumbnail","6":"product_cat-pece-o-telo-a-zdravi","7":"desktop-align-left","8":"tablet-align-left","9":"mobile-align-left","11":"first","12":"instock","13":"shipping-taxable","14":"purchasable","15":"product-type-simple"},"uagb_featured_image_src":{"full":["https:\/\/home-goods.cz\/wp-content\/uploads\/2024\/12\/img_0347.jpeg",1400,1400,false],"thumbnail":["https:\/\/home-goods.cz\/wp-content\/uploads\/2024\/12\/img_0347-150x150.jpeg",150,150,true],"medium":["https:\/\/home-goods.cz\/wp-content\/uploads\/2024\/12\/img_0347-300x300.jpeg",300,300,true],"medium_large":["https:\/\/home-goods.cz\/wp-content\/uploads\/2024\/12\/img_0347-768x768.jpeg",768,768,true],"large":["https:\/\/home-goods.cz\/wp-content\/uploads\/2024\/12\/img_0347-800x800.jpeg",800,800,true],"1536x1536":["https:\/\/home-goods.cz\/wp-content\/uploads\/2024\/12\/img_0347.jpeg",1400,1400,false],"2048x2048":["https:\/\/home-goods.cz\/wp-content\/uploads\/2024\/12\/img_0347.jpeg",1400,1400,false],"woocommerce_thumbnail":["https:\/\/home-goods.cz\/wp-content\/uploads\/2024\/12\/img_0347-600x600.jpeg",600,600,true],"woocommerce_single":["https:\/\/home-goods.cz\/wp-content\/uploads\/2024\/12\/img_0347-700x700.jpeg",700,700,true],"woocommerce_gallery_thumbnail":["https:\/\/home-goods.cz\/wp-content\/uploads\/2024\/12\/img_0347-100x100.jpeg",100,100,true]},"uagb_author_info":{"display_name":"Nahorniuk Vladyslav","author_link":"https:\/\/home-goods.cz\/author\/"},"uagb_comment_info":0,"uagb_excerpt":"Popis a parametry zast\u0159ihova\u010d chloupk\u016f v u\u0161\u00edch a nose \u2022 Protective Guard \u2022 pln\u011b omyvateln\u00fd \u2022 bateriov\u00fd chod \u2022 nap\u00e1jen\u00ed [&hellip;]","_links":{"self":[{"href":"https:\/\/home-goods.cz\/wp-json\/wp\/v2\/product\/16917","targetHints":{"allow":["GET"]}}],"collection":[{"href":"https:\/\/home-goods.cz\/wp-json\/wp\/v2\/product"}],"about":[{"href":"https:\/\/home-goods.cz\/wp-json\/wp\/v2\/types\/product"}],"replies":[{"embeddable":true,"href":"https:\/\/home-goods.cz\/wp-json\/wp\/v2\/comments?post=16917"}],"wp:featuredmedia":[{"embeddable":true,"href":"https:\/\/home-goods.cz\/wp-json\/wp\/v2\/media\/16913"}],"wp:attachment":[{"href":"https:\/\/home-goods.cz\/wp-json\/wp\/v2\/media?parent=16917"}],"wp:term":[{"taxonomy":"product_brand","embeddable":true,"href":"https:\/\/home-goods.cz\/wp-json\/wp\/v2\/product_brand?post=16917"},{"taxonomy":"product_cat","embeddable":true,"href":"https:\/\/home-goods.cz\/wp-json\/wp\/v2\/product_cat?post=16917"},{"taxonomy":"product_tag","embeddable":true,"href":"https:\/\/home-goods.cz\/wp-json\/wp\/v2\/product_tag?post=16917"}],"curies":[{"name":"wp","href":"https:\/\/api.w.org\/{rel}","templated":true}]}}