{"id":16761,"date":"2024-12-16T14:36:40","date_gmt":"2024-12-16T13:36:40","guid":{"rendered":"https:\/\/home-goods.cz\/?product=parkside-aku-vysavac-foukac-listi-plsa-40-li-d2-bez-akumulatoru-a-nabijecky"},"modified":"2025-03-28T17:08:05","modified_gmt":"2025-03-28T16:08:05","slug":"parkside-aku-vysavac-foukac-listi-plsa-40-li-d2-bez-akumulatoru-a-nabijecky","status":"publish","type":"product","link":"https:\/\/home-goods.cz\/produkt\/parkside-aku-vysavac-foukac-listi-plsa-40-li-d2-bez-akumulatoru-a-nabijecky\/","title":{"rendered":"PARKSIDE\u00ae Aku vysava\u010d \/ fouka\u010d list\u00ed PLSA 40-Li D2 \u2013 bez akumul\u00e1toru a nab\u00edje\u010dky"},"content":{"rendered":"<h2><strong>PARKSIDE\u00ae Aku vysava\u010d \/ fouka\u010d list\u00ed PLSA 40-Li D2 \u2013 bez akumul\u00e1toru a nab\u00edje\u010dky<\/strong><\/h2>\n<div class=\"product-detail-container\" id=\"detailtab1\">\n<div class=\"r no-m\">\n<div class=\"c-2\" style=\"padding-right: 0.5rem\">\n<div class=\"space p-r p-tb\" style=\"padding-bottom: 0.5rem;padding-top: 0.5rem\"><b style=\"font-weight: 700;font-size: 1rem\">Popis<\/b><\/div>\n<\/div>\n<div class=\"c-8\">\n<div class=\"space p-tb\" style=\"padding-bottom: 0.5rem;padding-top: 0.5rem\">\n<ul style=\"margin-bottom: 0px;margin-top: 0px;padding-left: 1.5rem\">\n<li>V\u00fdkonn\u00fd fouka\u010d, \u00fa\u010dinn\u00fd vysava\u010d a integrovan\u00e1 funkce drcen\u00ed 3 v 1<\/li>\n<li>Bezkart\u00e1\u010dov\u00fd motor \u2013 mimo\u0159\u00e1dn\u011b vysok\u00e1 \u017eivotnost d\u00edky bez\u00fadr\u017ebov\u00e9 technice motoru a n\u00edzk\u00e9mu opot\u0159eben\u00ed<\/li>\n<li>Snadn\u00e1 zm\u011bna funkce d\u00edky nasazen\u00ed sac\u00ed nebo foukac\u00ed trubky pomoc\u00ed rychlouz\u00e1v\u011bru<\/li>\n<li>Regulace ot\u00e1\u010dek nastaviteln\u00e1 na 5 stup\u0148\u016f s tla\u010d\u00edtkem turbo pro maxim\u00e1ln\u00ed v\u00fdkon<\/li>\n<li>Integrovan\u00e9 sekac\u00ed \u00fastroj\u00ed pro zmen\u0161en\u00ed objemu list\u00ed (a\u017e do 8:1)<\/li>\n<li>Jednostrann\u011b vrstven\u00fd 45l z\u00e1chytn\u00fd vak na zip<\/li>\n<li>Ergonomick\u00e9 hlavn\u00ed dr\u017eadlo s protiskluzov\u00fdm m\u011bkk\u00fdm povrchem<\/li>\n<li>D\u00e9lkov\u011b nastaviteln\u00fd ramenn\u00ed popruh s karabinkou<\/li>\n<li>Nastaviteln\u00e9 druh\u00e9 dr\u017eadlo p\u0159i konfiguraci jako vysava\u010d list\u00ed<\/li>\n<li>Ukazatel kapacity obou akumul\u00e1tor\u016f na v\u00fdrobku<\/li>\n<li>V\u00fdrobek kompatibiln\u00ed se v\u0161emi akumul\u00e1tory s\u00e9rie \u201eX 20 V Team\u201c<\/li>\n<li>Akumul\u00e1tor a nab\u00edje\u010dka nejsou sou\u010d\u00e1st\u00ed balen\u00ed (dostupn\u00e9 samostatn\u011b)<\/li>\n<li>Doporu\u010den\u00e9 akumul\u00e1tory: 2x 20 V (4 Ah)<\/li>\n<li>Pro provoz jsou pot\u0159ebn\u00e9 2 akumul\u00e1tory<\/li>\n<li>Nen\u00ed vhodn\u00fd na vys\u00e1v\u00e1n\u00ed mokr\u00e9ho list\u00ed, zeminy, p\u00edsku, kamen\u016f, v\u011btv\u00ed, vody nebo na travnat\u00fdch ploch\u00e1ch a louk\u00e1ch<\/li>\n<li>Dodan\u00e9 p\u0159\u00edslu\u0161enstv\u00ed: 1x ramenn\u00ed popruh<\/li>\n<\/ul>\n<\/div>\n<\/div>\n<hr style=\"height: 0px;overflow: visible;border-width: 0.0625rem medium medium;border-style: solid none none;margin: 1rem 0px\">\n<div class=\"c-2\" style=\"padding-right: 0.5rem\">\n<div class=\"space p-r p-tb\" style=\"padding-bottom: 0.5rem;padding-top: 0.5rem\"><b style=\"font-weight: 700;font-size: 1rem\">Technick\u00e9 \u00fadaje<\/b><\/div>\n<\/div>\n<div class=\"c-8\">\n<div class=\"space p-tb\" style=\"padding-bottom: 0.5rem;padding-top: 0.5rem\">\n<ul style=\"margin-bottom: 0px;margin-top: 0px;padding-left: 1.5rem\">\n<li>Jmenovit\u00e9 ot\u00e1\u010dky:<span> <\/span>6 000\u201319 000<span class=\"Apple-converted-space\">&nbsp;<\/span>min-1<\/li>\n<li>Rychlost fouk\u00e1n\u00ed: 320 km\/h<\/li>\n<li>Sac\u00ed v\u00fdkon: max. 576 m\u00b3\/h<\/li>\n<li>Max. sac\u00ed pr\u016ftok: 160 l\/s<\/li>\n<li>Objem z\u00e1chytn\u00e9ho vaku: cca 45 l<\/li>\n<li>Max. zmen\u0161en\u00ed objemu list\u00ed: 8:1<\/li>\n<li>Doba provozu:<span class=\"Apple-converted-space\">&nbsp;<\/span>\n<ul style=\"margin-bottom: 0px;margin-top: 0px;padding-left: 1.5rem\">\n<li>2x 2Ah akumul\u00e1tory: cca 10 min. \/ cca 15 min. (funkce vys\u00e1v\u00e1n\u00ed \/ fouk\u00e1n\u00ed)<\/li>\n<li>2x 4Ah akumul\u00e1tory: cca 20 min. \/ cca 30 min. (funkce vys\u00e1v\u00e1n\u00ed \/ fouk\u00e1n\u00ed)<\/li>\n<\/ul>\n<\/li>\n<\/ul>\n<\/div>\n<\/div>\n<hr style=\"height: 0px;overflow: visible;border-width: 0.0625rem medium medium;border-style: solid none none;margin: 1rem 0px\">\n<div class=\"c-2\" style=\"padding-right: 0.5rem\">\n<div class=\"space p-r p-tb\" style=\"padding-bottom: 0.5rem;padding-top: 0.5rem\"><b style=\"font-weight: 700;font-size: 1rem\">Rozm\u011bry<\/b><\/div>\n<\/div>\n<div class=\"c-8\">\n<div class=\"space p-tb\" style=\"padding-bottom: 0.5rem;padding-top: 0.5rem\">\n<ul style=\"margin-bottom: 0px;margin-top: 0px;padding-left: 1.5rem\">\n<li>Fouka\u010d: cca 106,3 x 17,3 x 33 cm<\/li>\n<li>Vysava\u010d: cca 120 x 24,3 x 46,5 cm<\/li>\n<\/ul>\n<\/div>\n<\/div>\n<hr style=\"height: 0px;overflow: visible;border-width: 0.0625rem medium medium;border-style: solid none none;margin: 1rem 0px\">\n<div class=\"c-2\" style=\"padding-right: 0.5rem\">\n<div class=\"space p-r p-tb\" style=\"padding-bottom: 0.5rem;padding-top: 0.5rem\"><b style=\"font-weight: 700;font-size: 1rem\">Hmotnost<\/b><\/div>\n<\/div>\n<div class=\"c-8\">\n<div class=\"space p-tb\" style=\"padding-bottom: 0.5rem;padding-top: 0.5rem\">\n<ul style=\"margin-bottom: 0px;margin-top: 0px;padding-left: 1.5rem\">\n<li>Fouka\u010d: cca 2,78 kg<\/li>\n<li>Vysava\u010d: cca 3,63 kg<\/li>\n<\/ul>\n<\/div>\n<\/div>\n<\/div>\n<\/div>\n","protected":false},"excerpt":{"rendered":"<p>PARKSIDE\u00ae Aku vysava\u010d \/ fouka\u010d list\u00ed PLSA 40-Li D2 \u2013 bez akumul\u00e1toru a nab\u00edje\u010dky Popis V\u00fdkonn\u00fd fouka\u010d, \u00fa\u010dinn\u00fd vysava\u010d a [&hellip;]<\/p>\n","protected":false},"featured_media":16754,"comment_status":"open","ping_status":"closed","template":"","meta":{"_uag_custom_page_level_css":"","site-sidebar-layout":"default","site-content-layout":"","ast-site-content-layout":"","site-content-style":"default","site-sidebar-style":"default","ast-global-header-display":"","ast-banner-title-visibility":"","ast-main-header-display":"","ast-hfb-above-header-display":"","ast-hfb-below-header-display":"","ast-hfb-mobile-header-display":"","site-post-title":"","ast-breadcrumbs-content":"","ast-featured-img":"","footer-sml-layout":"","theme-transparent-header-meta":"","adv-header-id-meta":"","stick-header-meta":"","header-above-stick-meta":"","header-main-stick-meta":"","header-below-stick-meta":"","astra-migrate-meta-layouts":"default","ast-page-background-enabled":"default","ast-page-background-meta":{"desktop":{"background-color":"var(--ast-global-color-4)","background-image":"","background-repeat":"repeat","background-position":"center center","background-size":"auto","background-attachment":"scroll","background-type":"","background-media":"","overlay-type":"","overlay-color":"","overlay-opacity":"","overlay-gradient":""},"tablet":{"background-color":"","background-image":"","background-repeat":"repeat","background-position":"center center","background-size":"auto","background-attachment":"scroll","background-type":"","background-media":"","overlay-type":"","overlay-color":"","overlay-opacity":"","overlay-gradient":""},"mobile":{"background-color":"","background-image":"","background-repeat":"repeat","background-position":"center center","background-size":"auto","background-attachment":"scroll","background-type":"","background-media":"","overlay-type":"","overlay-color":"","overlay-opacity":"","overlay-gradient":""}},"ast-content-background-meta":{"desktop":{"background-color":"var(--ast-global-color-5)","background-image":"","background-repeat":"repeat","background-position":"center center","background-size":"auto","background-attachment":"scroll","background-type":"","background-media":"","overlay-type":"","overlay-color":"","overlay-opacity":"","overlay-gradient":""},"tablet":{"background-color":"var(--ast-global-color-5)","background-image":"","background-repeat":"repeat","background-position":"center center","background-size":"auto","background-attachment":"scroll","background-type":"","background-media":"","overlay-type":"","overlay-color":"","overlay-opacity":"","overlay-gradient":""},"mobile":{"background-color":"var(--ast-global-color-5)","background-image":"","background-repeat":"repeat","background-position":"center center","background-size":"auto","background-attachment":"scroll","background-type":"","background-media":"","overlay-type":"","overlay-color":"","overlay-opacity":"","overlay-gradient":""}}},"product_brand":[99],"product_cat":[71],"product_tag":[],"class_list":{"0":"post-16761","1":"product","2":"type-product","3":"status-publish","4":"has-post-thumbnail","6":"product_brand-parkside","7":"product_cat-dilna-a-zahrada","8":"desktop-align-left","9":"tablet-align-left","10":"mobile-align-left","12":"first","13":"outofstock","14":"shipping-taxable","15":"purchasable","16":"product-type-simple"},"uagb_featured_image_src":{"full":["https:\/\/home-goods.cz\/wp-content\/uploads\/2024\/12\/img_0210.jpeg",772,579,false],"thumbnail":["https:\/\/home-goods.cz\/wp-content\/uploads\/2024\/12\/img_0210-150x150.jpeg",150,150,true],"medium":["https:\/\/home-goods.cz\/wp-content\/uploads\/2024\/12\/img_0210-400x300.jpeg",400,300,true],"medium_large":["https:\/\/home-goods.cz\/wp-content\/uploads\/2024\/12\/img_0210-768x576.jpeg",768,576,true],"large":["https:\/\/home-goods.cz\/wp-content\/uploads\/2024\/12\/img_0210.jpeg",772,579,false],"1536x1536":["https:\/\/home-goods.cz\/wp-content\/uploads\/2024\/12\/img_0210.jpeg",772,579,false],"2048x2048":["https:\/\/home-goods.cz\/wp-content\/uploads\/2024\/12\/img_0210.jpeg",772,579,false],"woocommerce_thumbnail":["https:\/\/home-goods.cz\/wp-content\/uploads\/2024\/12\/img_0210-600x450.jpeg",600,450,true],"woocommerce_single":["https:\/\/home-goods.cz\/wp-content\/uploads\/2024\/12\/img_0210-700x525.jpeg",700,525,true],"woocommerce_gallery_thumbnail":["https:\/\/home-goods.cz\/wp-content\/uploads\/2024\/12\/img_0210-100x100.jpeg",100,100,true]},"uagb_author_info":{"display_name":"Nahorniuk Vladyslav","author_link":"https:\/\/home-goods.cz\/author\/"},"uagb_comment_info":0,"uagb_excerpt":"PARKSIDE\u00ae Aku vysava\u010d \/ fouka\u010d list\u00ed PLSA 40-Li D2 \u2013 bez akumul\u00e1toru a nab\u00edje\u010dky Popis V\u00fdkonn\u00fd fouka\u010d, \u00fa\u010dinn\u00fd vysava\u010d a [&hellip;]","_links":{"self":[{"href":"https:\/\/home-goods.cz\/wp-json\/wp\/v2\/product\/16761","targetHints":{"allow":["GET"]}}],"collection":[{"href":"https:\/\/home-goods.cz\/wp-json\/wp\/v2\/product"}],"about":[{"href":"https:\/\/home-goods.cz\/wp-json\/wp\/v2\/types\/product"}],"replies":[{"embeddable":true,"href":"https:\/\/home-goods.cz\/wp-json\/wp\/v2\/comments?post=16761"}],"wp:featuredmedia":[{"embeddable":true,"href":"https:\/\/home-goods.cz\/wp-json\/wp\/v2\/media\/16754"}],"wp:attachment":[{"href":"https:\/\/home-goods.cz\/wp-json\/wp\/v2\/media?parent=16761"}],"wp:term":[{"taxonomy":"product_brand","embeddable":true,"href":"https:\/\/home-goods.cz\/wp-json\/wp\/v2\/product_brand?post=16761"},{"taxonomy":"product_cat","embeddable":true,"href":"https:\/\/home-goods.cz\/wp-json\/wp\/v2\/product_cat?post=16761"},{"taxonomy":"product_tag","embeddable":true,"href":"https:\/\/home-goods.cz\/wp-json\/wp\/v2\/product_tag?post=16761"}],"curies":[{"name":"wp","href":"https:\/\/api.w.org\/{rel}","templated":true}]}}