{"id":15933,"date":"2024-10-11T14:34:46","date_gmt":"2024-10-11T12:34:46","guid":{"rendered":"https:\/\/home-goods.cz\/?product=sanitas-usni-teplomer-sft-53"},"modified":"2026-03-03T01:06:19","modified_gmt":"2026-03-03T00:06:19","slug":"sanitas-usni-teplomer-sft-53","status":"publish","type":"product","link":"https:\/\/home-goods.cz\/produkt\/sanitas-usni-teplomer-sft-53\/","title":{"rendered":"SANITAS U\u0161n\u00ed teplom\u011br SFT 53"},"content":{"rendered":"<p>SANITAS\u00ae U\u0161n\u00ed teplom\u011br SFT 53<br \/>\nPopis<\/p>\n<p>U\u0161n\u00ed teplom\u011br s vym\u011bnitelnou ochrannou krytkou<br \/>\nInfra\u010derven\u00e1 m\u011b\u0159ic\u00ed technologie<br \/>\nHygienick\u00e9 a bezpe\u010dn\u00e9 m\u011b\u0159en\u00ed teploty<br \/>\nV\u00fdsledek v \u0159\u00e1du sekund<br \/>\nZobrazen\u00ed teploty v jednotk\u00e1ch \u00b0C a \u00b0F<br \/>\nM\u011b\u0159en\u00ed teploty p\u0159edm\u011bt\u016f a ukazatel teploty v m\u00edstnosti<br \/>\nSm\u011bj\u00edc\u00ed se smajl\u00edk \u2013 v\u0161e v po\u0159\u00e1dku, smutn\u00fd smajl\u00edk \u2013 teplota nad 38 \u00b0C<br \/>\nVarovn\u00fd t\u00f3n p\u0159i nam\u011b\u0159en\u00e9 teplot\u011b a na konci m\u011b\u0159en\u00ed<br \/>\n10 pam\u011b\u0165ov\u00fdch m\u00edst<br \/>\nUkazatel v\u00fdm\u011bny bateri\u00ed<br \/>\nProvoz na baterie 2x AAA (LR03)<br \/>\nAutomatick\u00e9 vyp\u00edn\u00e1n\u00ed<br \/>\nV\u010detn\u011b 10 ochrann\u00fdch krytek, pouzdra na uschov\u00e1n\u00ed a bateri\u00ed<br \/>\nRozm\u011bry<\/p>\n<p>cca 15,5 x 3,8 x 4,7 cm<br \/>\nHmotnost<\/p>\n<p>cca 85 g (v\u010detn\u011b baterie)<br \/>\ncca 63 g (bez baterie)<\/p>\n","protected":false},"excerpt":{"rendered":"<p>Hygienick\u00e9 a bezpe\u010dn\u00e9 m\u011b\u0159en\u00ed teploty<\/p>\n","protected":false},"featured_media":15932,"comment_status":"open","ping_status":"closed","template":"","meta":{"_uag_custom_page_level_css":"","site-sidebar-layout":"default","site-content-layout":"","ast-site-content-layout":"","site-content-style":"default","site-sidebar-style":"default","ast-global-header-display":"","ast-banner-title-visibility":"","ast-main-header-display":"","ast-hfb-above-header-display":"","ast-hfb-below-header-display":"","ast-hfb-mobile-header-display":"","site-post-title":"","ast-breadcrumbs-content":"","ast-featured-img":"","footer-sml-layout":"","theme-transparent-header-meta":"","adv-header-id-meta":"","stick-header-meta":"","header-above-stick-meta":"","header-main-stick-meta":"","header-below-stick-meta":"","astra-migrate-meta-layouts":"default","ast-page-background-enabled":"default","ast-page-background-meta":{"desktop":{"background-color":"var(--ast-global-color-4)","background-image":"","background-repeat":"repeat","background-position":"center center","background-size":"auto","background-attachment":"scroll","background-type":"","background-media":"","overlay-type":"","overlay-color":"","overlay-opacity":"","overlay-gradient":""},"tablet":{"background-color":"","background-image":"","background-repeat":"repeat","background-position":"center center","background-size":"auto","background-attachment":"scroll","background-type":"","background-media":"","overlay-type":"","overlay-color":"","overlay-opacity":"","overlay-gradient":""},"mobile":{"background-color":"","background-image":"","background-repeat":"repeat","background-position":"center center","background-size":"auto","background-attachment":"scroll","background-type":"","background-media":"","overlay-type":"","overlay-color":"","overlay-opacity":"","overlay-gradient":""}},"ast-content-background-meta":{"desktop":{"background-color":"var(--ast-global-color-5)","background-image":"","background-repeat":"repeat","background-position":"center center","background-size":"auto","background-attachment":"scroll","background-type":"","background-media":"","overlay-type":"","overlay-color":"","overlay-opacity":"","overlay-gradient":""},"tablet":{"background-color":"var(--ast-global-color-5)","background-image":"","background-repeat":"repeat","background-position":"center center","background-size":"auto","background-attachment":"scroll","background-type":"","background-media":"","overlay-type":"","overlay-color":"","overlay-opacity":"","overlay-gradient":""},"mobile":{"background-color":"var(--ast-global-color-5)","background-image":"","background-repeat":"repeat","background-position":"center center","background-size":"auto","background-attachment":"scroll","background-type":"","background-media":"","overlay-type":"","overlay-color":"","overlay-opacity":"","overlay-gradient":""}}},"product_brand":[],"product_cat":[75],"product_tag":[],"class_list":{"0":"post-15933","1":"product","2":"type-product","3":"status-publish","4":"has-post-thumbnail","6":"product_cat-pece-o-telo-a-zdravi","7":"desktop-align-left","8":"tablet-align-left","9":"mobile-align-left","11":"first","12":"instock","13":"shipping-taxable","14":"purchasable","15":"product-type-simple"},"uagb_featured_image_src":{"full":["https:\/\/home-goods.cz\/wp-content\/uploads\/2024\/10\/gcp45e52a7e9632494b99a3ebe871a63fe8.jpeg",1500,1125,false],"thumbnail":["https:\/\/home-goods.cz\/wp-content\/uploads\/2024\/10\/gcp45e52a7e9632494b99a3ebe871a63fe8-150x150.jpeg",150,150,true],"medium":["https:\/\/home-goods.cz\/wp-content\/uploads\/2024\/10\/gcp45e52a7e9632494b99a3ebe871a63fe8-400x300.jpeg",400,300,true],"medium_large":["https:\/\/home-goods.cz\/wp-content\/uploads\/2024\/10\/gcp45e52a7e9632494b99a3ebe871a63fe8-768x576.jpeg",768,576,true],"large":["https:\/\/home-goods.cz\/wp-content\/uploads\/2024\/10\/gcp45e52a7e9632494b99a3ebe871a63fe8-1067x800.jpeg",1067,800,true],"1536x1536":["https:\/\/home-goods.cz\/wp-content\/uploads\/2024\/10\/gcp45e52a7e9632494b99a3ebe871a63fe8.jpeg",1500,1125,false],"2048x2048":["https:\/\/home-goods.cz\/wp-content\/uploads\/2024\/10\/gcp45e52a7e9632494b99a3ebe871a63fe8.jpeg",1500,1125,false],"woocommerce_thumbnail":["https:\/\/home-goods.cz\/wp-content\/uploads\/2024\/10\/gcp45e52a7e9632494b99a3ebe871a63fe8-600x450.jpeg",600,450,true],"woocommerce_single":["https:\/\/home-goods.cz\/wp-content\/uploads\/2024\/10\/gcp45e52a7e9632494b99a3ebe871a63fe8-700x525.jpeg",700,525,true],"woocommerce_gallery_thumbnail":["https:\/\/home-goods.cz\/wp-content\/uploads\/2024\/10\/gcp45e52a7e9632494b99a3ebe871a63fe8-100x100.jpeg",100,100,true]},"uagb_author_info":{"display_name":"Nahorniuk Vladyslav","author_link":"https:\/\/home-goods.cz\/author\/"},"uagb_comment_info":0,"uagb_excerpt":"Hygienick\u00e9 a bezpe\u010dn\u00e9 m\u011b\u0159en\u00ed teploty","_links":{"self":[{"href":"https:\/\/home-goods.cz\/wp-json\/wp\/v2\/product\/15933","targetHints":{"allow":["GET"]}}],"collection":[{"href":"https:\/\/home-goods.cz\/wp-json\/wp\/v2\/product"}],"about":[{"href":"https:\/\/home-goods.cz\/wp-json\/wp\/v2\/types\/product"}],"replies":[{"embeddable":true,"href":"https:\/\/home-goods.cz\/wp-json\/wp\/v2\/comments?post=15933"}],"wp:featuredmedia":[{"embeddable":true,"href":"https:\/\/home-goods.cz\/wp-json\/wp\/v2\/media\/15932"}],"wp:attachment":[{"href":"https:\/\/home-goods.cz\/wp-json\/wp\/v2\/media?parent=15933"}],"wp:term":[{"taxonomy":"product_brand","embeddable":true,"href":"https:\/\/home-goods.cz\/wp-json\/wp\/v2\/product_brand?post=15933"},{"taxonomy":"product_cat","embeddable":true,"href":"https:\/\/home-goods.cz\/wp-json\/wp\/v2\/product_cat?post=15933"},{"taxonomy":"product_tag","embeddable":true,"href":"https:\/\/home-goods.cz\/wp-json\/wp\/v2\/product_tag?post=15933"}],"curies":[{"name":"wp","href":"https:\/\/api.w.org\/{rel}","templated":true}]}}