{"id":15844,"date":"2024-10-11T14:31:32","date_gmt":"2024-10-11T12:31:32","guid":{"rendered":"https:\/\/home-goods.cz\/?product=silvercrest-nutricni-kuchynska-vaha"},"modified":"2025-05-17T19:20:15","modified_gmt":"2025-05-17T17:20:15","slug":"silvercrest-nutricni-kuchynska-vaha","status":"publish","type":"product","link":"https:\/\/home-goods.cz\/produkt\/silvercrest-nutricni-kuchynska-vaha\/","title":{"rendered":"SILVERCREST\u00ae Nutri\u010dn\u00ed kuchy\u0148sk\u00e1 v\u00e1ha"},"content":{"rendered":"<p>Popis<\/p>\n<p>Precizn\u00ed senzor a p\u0159ehledn\u00e9 ovl\u00e1d\u00e1n\u00ed<\/p>\n<p>Plocha na v\u00e1\u017een\u00ed z bezpe\u010dnostn\u00edho skla<\/p>\n<p>V\u00e1\u017e\u00ed a analyzuje dokonce tekutiny<\/p>\n<p>Automatick\u00e9 vyp\u00edn\u00e1n\u00ed, dova\u017eovac\u00ed funkce (TARA), ukazatel p\u0159et\u00ed\u017een\u00ed a v\u00fdm\u011bna baterie<\/p>\n<p>Ulo\u017een\u00edm do pam\u011bti dokumentuje p\u0159\u00edjem v\u00fd\u017eivy, nap\u0159. za jeden den<\/p>\n<p>P\u0159esn\u00e9 v\u00e1\u017een\u00ed na gram a\u017e do 5 kg<\/p>\n<p>Velk\u00fd LCD displej<\/p>\n<p>V\u010detn\u011b baterie<\/p>\n<p>Energetick\u00e9 a v\u00fd\u017eivov\u00e9 hodnoty 800 potravin a 200 pam\u011b\u0165ov\u00fdch m\u00edst pro dopl\u0148ov\u00e1n\u00ed vlastn\u00edch hodnot<\/p>\n<p>V\u00fdpo\u010det chlebov\u00fdch jednotek, tuku, b\u00edlkovin, sacharid\u016f, kilokalori\u00ed, kilojoul\u016f a cholesterolu<\/p>\n<p>Rozm\u011bry<\/p>\n<p>cca 15,9 x 2,8 x 24,6 cm (\u0160 x V x H)<\/p>\n","protected":false},"excerpt":{"rendered":"<p>Ulo\u017een\u00edm do pam\u011bti dokumentuje p\u0159\u00edjem v\u00fd\u017eivy, nap\u0159. za jeden den<\/p>\n","protected":false},"featured_media":15843,"comment_status":"open","ping_status":"closed","template":"","meta":{"_uag_custom_page_level_css":"","site-sidebar-layout":"default","site-content-layout":"","ast-site-content-layout":"","site-content-style":"default","site-sidebar-style":"default","ast-global-header-display":"","ast-banner-title-visibility":"","ast-main-header-display":"","ast-hfb-above-header-display":"","ast-hfb-below-header-display":"","ast-hfb-mobile-header-display":"","site-post-title":"","ast-breadcrumbs-content":"","ast-featured-img":"","footer-sml-layout":"","theme-transparent-header-meta":"","adv-header-id-meta":"","stick-header-meta":"","header-above-stick-meta":"","header-main-stick-meta":"","header-below-stick-meta":"","astra-migrate-meta-layouts":"default","ast-page-background-enabled":"default","ast-page-background-meta":{"desktop":{"background-color":"var(--ast-global-color-4)","background-image":"","background-repeat":"repeat","background-position":"center center","background-size":"auto","background-attachment":"scroll","background-type":"","background-media":"","overlay-type":"","overlay-color":"","overlay-opacity":"","overlay-gradient":""},"tablet":{"background-color":"","background-image":"","background-repeat":"repeat","background-position":"center center","background-size":"auto","background-attachment":"scroll","background-type":"","background-media":"","overlay-type":"","overlay-color":"","overlay-opacity":"","overlay-gradient":""},"mobile":{"background-color":"","background-image":"","background-repeat":"repeat","background-position":"center center","background-size":"auto","background-attachment":"scroll","background-type":"","background-media":"","overlay-type":"","overlay-color":"","overlay-opacity":"","overlay-gradient":""}},"ast-content-background-meta":{"desktop":{"background-color":"var(--ast-global-color-5)","background-image":"","background-repeat":"repeat","background-position":"center center","background-size":"auto","background-attachment":"scroll","background-type":"","background-media":"","overlay-type":"","overlay-color":"","overlay-opacity":"","overlay-gradient":""},"tablet":{"background-color":"var(--ast-global-color-5)","background-image":"","background-repeat":"repeat","background-position":"center center","background-size":"auto","background-attachment":"scroll","background-type":"","background-media":"","overlay-type":"","overlay-color":"","overlay-opacity":"","overlay-gradient":""},"mobile":{"background-color":"var(--ast-global-color-5)","background-image":"","background-repeat":"repeat","background-position":"center center","background-size":"auto","background-attachment":"scroll","background-type":"","background-media":"","overlay-type":"","overlay-color":"","overlay-opacity":"","overlay-gradient":""}}},"product_brand":[98],"product_cat":[73],"product_tag":[],"class_list":{"0":"post-15844","1":"product","2":"type-product","3":"status-publish","4":"has-post-thumbnail","6":"product_brand-silvercrest","7":"product_cat-kuchyne","8":"desktop-align-left","9":"tablet-align-left","10":"mobile-align-left","12":"first","13":"outofstock","14":"shipping-taxable","15":"purchasable","16":"product-type-simple"},"uagb_featured_image_src":{"full":["https:\/\/home-goods.cz\/wp-content\/uploads\/2024\/10\/9c67e65a72bd5ab809ba92abb7ee8008.jpeg",1500,1125,false],"thumbnail":["https:\/\/home-goods.cz\/wp-content\/uploads\/2024\/10\/9c67e65a72bd5ab809ba92abb7ee8008.jpeg",150,113,false],"medium":["https:\/\/home-goods.cz\/wp-content\/uploads\/2024\/10\/9c67e65a72bd5ab809ba92abb7ee8008.jpeg",400,300,false],"medium_large":["https:\/\/home-goods.cz\/wp-content\/uploads\/2024\/10\/9c67e65a72bd5ab809ba92abb7ee8008.jpeg",768,576,false],"large":["https:\/\/home-goods.cz\/wp-content\/uploads\/2024\/10\/9c67e65a72bd5ab809ba92abb7ee8008.jpeg",1067,800,false],"1536x1536":["https:\/\/home-goods.cz\/wp-content\/uploads\/2024\/10\/9c67e65a72bd5ab809ba92abb7ee8008.jpeg",1500,1125,false],"2048x2048":["https:\/\/home-goods.cz\/wp-content\/uploads\/2024\/10\/9c67e65a72bd5ab809ba92abb7ee8008.jpeg",1500,1125,false],"woocommerce_thumbnail":["https:\/\/home-goods.cz\/wp-content\/uploads\/2024\/10\/9c67e65a72bd5ab809ba92abb7ee8008-600x450.jpeg",600,450,true],"woocommerce_single":["https:\/\/home-goods.cz\/wp-content\/uploads\/2024\/10\/9c67e65a72bd5ab809ba92abb7ee8008-700x525.jpeg",700,525,true],"woocommerce_gallery_thumbnail":["https:\/\/home-goods.cz\/wp-content\/uploads\/2024\/10\/9c67e65a72bd5ab809ba92abb7ee8008-100x100.jpeg",100,100,true]},"uagb_author_info":{"display_name":"Nahorniuk Vladyslav","author_link":"https:\/\/home-goods.cz\/author\/"},"uagb_comment_info":0,"uagb_excerpt":"Ulo\u017een\u00edm do pam\u011bti dokumentuje p\u0159\u00edjem v\u00fd\u017eivy, nap\u0159. za jeden den","_links":{"self":[{"href":"https:\/\/home-goods.cz\/wp-json\/wp\/v2\/product\/15844","targetHints":{"allow":["GET"]}}],"collection":[{"href":"https:\/\/home-goods.cz\/wp-json\/wp\/v2\/product"}],"about":[{"href":"https:\/\/home-goods.cz\/wp-json\/wp\/v2\/types\/product"}],"replies":[{"embeddable":true,"href":"https:\/\/home-goods.cz\/wp-json\/wp\/v2\/comments?post=15844"}],"wp:featuredmedia":[{"embeddable":true,"href":"https:\/\/home-goods.cz\/wp-json\/wp\/v2\/media\/15843"}],"wp:attachment":[{"href":"https:\/\/home-goods.cz\/wp-json\/wp\/v2\/media?parent=15844"}],"wp:term":[{"taxonomy":"product_brand","embeddable":true,"href":"https:\/\/home-goods.cz\/wp-json\/wp\/v2\/product_brand?post=15844"},{"taxonomy":"product_cat","embeddable":true,"href":"https:\/\/home-goods.cz\/wp-json\/wp\/v2\/product_cat?post=15844"},{"taxonomy":"product_tag","embeddable":true,"href":"https:\/\/home-goods.cz\/wp-json\/wp\/v2\/product_tag?post=15844"}],"curies":[{"name":"wp","href":"https:\/\/api.w.org\/{rel}","templated":true}]}}