{"id":15838,"date":"2024-10-11T14:31:26","date_gmt":"2024-10-11T12:31:26","guid":{"rendered":"https:\/\/home-goods.cz\/?product=parkside-sada-brusnych-papiru-pro-brusku-3"},"modified":"2025-03-03T13:05:59","modified_gmt":"2025-03-03T12:05:59","slug":"parkside-sada-brusnych-papiru-pro-brusku-3","status":"publish","type":"product","link":"https:\/\/home-goods.cz\/produkt\/parkside-sada-brusnych-papiru-pro-brusku-3\/","title":{"rendered":"PARKSIDE\u00ae Sada brusn\u00fdch pap\u00edr\u016f pro brusku"},"content":{"rendered":"<p>Popis<br \/>\nJedoduch\u00e1 v\u00fdm\u011bna d\u00edky upevn\u011bn\u00ed na such\u00fd zip<br \/>\nD\u011brov\u00e1n\u00ed \u2013 vhodn\u00e1 i pro n\u00e1\u0159ad\u00ed s ods\u00e1v\u00e1n\u00edm prachu<\/p>\n<p>Sada brusn\u00fdch pap\u00edr\u016f pro penta brusku PPSZ 34 A1<\/p>\n<p>Vysok\u00fd \u00fab\u011brov\u00fd v\u00fdkon pro v\u00fdkonn\u00e9 opracov\u00e1n\u00ed d\u0159eva, laku a kamene<br \/>\nJednoduch\u00e1 v\u00fdm\u011bna d\u00edky uchycen\u00ed na such\u00fd zip<br \/>\nD\u011brov\u00e1n\u00ed \u2013 vhodn\u00e1 tak\u00e9 pro n\u00e1\u0159ad\u00ed s ods\u00e1v\u00e1n\u00edm prachu<br \/>\nVhodn\u00e1 k penta brusce PARKSIDE PPS 200 C2 a pro b\u011b\u017en\u00e9 penta brusky na such\u00fd zip form\u00e1tu 112 x 112 mm (\u010dtverec) \/ 93 x 80 mm (troj\u00faheln\u00edk)<br \/>\nCelkov\u00e9 mno\u017estv\u00ed: 34 list\u016f<br \/>\n20 troj\u00faheln\u00edkov\u00fdch brusn\u00fdch pap\u00edr\u016f: 93 x 80 mm<br \/>\n14 \u010dtvercov\u00fdch brusn\u00fdch pap\u00edr\u016f: 112 x 112 mm<br \/>\nZrnitosti pro d\u0159evo (hn\u011bd\u00e1): 60\/120\/180\/240<br \/>\nZrnitosti pro lak (b\u00edl\u00e1): 60\/120\/240<br \/>\nZrnitosti pro k\u00e1men (\u010dern\u00e1): 80\/180\/400<br \/>\nTroj\u00faheln\u00edkov\u00fd brusn\u00fd pap\u00edr: 8x d\u0159evo, 6x lak, 6x k\u00e1men<br \/>\n\u010ctvercov\u00fd brusn\u00fd pap\u00edr: 8x d\u0159evo, 3x lak, 3x k\u00e1men<\/p>\n<p>Sada delta brusn\u00fdch pap\u00edr\u016f pro multibrusku PHSZ 18 D4<\/p>\n<p>S vysok\u00fdm \u00fab\u011brov\u00fdm v\u00fdkonem pro v\u00fdkonn\u00e9 opracov\u00e1n\u00ed d\u0159eva<br \/>\nJednoduch\u00e1 v\u00fdm\u011bna d\u00edky uchycen\u00ed na such\u00fd zip<br \/>\nS d\u011brov\u00e1n\u00edm \u2013 vhodn\u00e1 tak\u00e9 pro n\u00e1\u0159ad\u00ed s ods\u00e1v\u00e1n\u00edm prachu<br \/>\nVhodn\u00e9 pro delta brusku PARKSIDE PMDSA 4 a b\u011b\u017en\u00e9 delta brusky na such\u00fd zip form\u00e1tu 98 x 143 mm<br \/>\nMno\u017estv\u00ed: 18 list\u016f<br \/>\nZrnitost (po 8 listech): 60\/120\/240<br \/>\nRozm\u011bry: 98 x 143 mm<\/p>\n<p>Sada brusn\u00fdch pap\u00edr\u016f pro delta brusku PDSZ 24 B2<\/p>\n<p>Jednoduch\u00e1 v\u00fdm\u011bna d\u00edky uchycen\u00ed na such\u00fd zip<br \/>\nS d\u011brov\u00e1n\u00edm \u2013 vhodn\u00e9 tak\u00e9 pro n\u00e1\u0159ad\u00ed s ods\u00e1v\u00e1n\u00edm prachu<br \/>\nVhodn\u00e9 pro delta brusku PARKSIDE PMDSA 4 a b\u011b\u017en\u00e9 delta brusky na such\u00fd zip form\u00e1tu 93 x 93 x 93 mm<br \/>\nMno\u017estv\u00ed: 24 list\u016f<br \/>\nRozm\u011bry: 93 x 93 x 93 mm<br \/>\nZrnitost (po 8 listech): 60\/120\/240<\/p>\n<p>Sada brusn\u00fdch pap\u00edr\u016f pro excentrickou brusku PEXSZ 18 B2<\/p>\n<p>Jednoduch\u00e1 v\u00fdm\u011bna d\u00edky uchycen\u00ed na such\u00fd zip<br \/>\nS d\u011brov\u00e1n\u00edm \u2013 vhodn\u00e9 tak\u00e9 pro n\u00e1\u0159ad\u00ed s ods\u00e1v\u00e1n\u00edm prachu<br \/>\nKompatibiln\u00ed s excentrickou bruskou PARKSIDE PEXS 270<br \/>\nMno\u017estv\u00ed: 18 list\u016f<br \/>\nPr\u016fm\u011br: 125 mm<br \/>\nZrnitost (po 6 listech): 60\/120\/240<br \/>\nOblast pou\u017eit\u00ed: d\u0159evo<\/p>\n","protected":false},"excerpt":{"rendered":"<p>Jednoduch\u00e1 v\u00fdm\u011bna d\u00edky uchycen\u00ed na such\u00fd zip<\/p>\n","protected":false},"featured_media":15837,"comment_status":"open","ping_status":"closed","template":"","meta":{"_uag_custom_page_level_css":"","site-sidebar-layout":"default","site-content-layout":"","ast-site-content-layout":"","site-content-style":"default","site-sidebar-style":"default","ast-global-header-display":"","ast-banner-title-visibility":"","ast-main-header-display":"","ast-hfb-above-header-display":"","ast-hfb-below-header-display":"","ast-hfb-mobile-header-display":"","site-post-title":"","ast-breadcrumbs-content":"","ast-featured-img":"","footer-sml-layout":"","theme-transparent-header-meta":"","adv-header-id-meta":"","stick-header-meta":"","header-above-stick-meta":"","header-main-stick-meta":"","header-below-stick-meta":"","astra-migrate-meta-layouts":"default","ast-page-background-enabled":"default","ast-page-background-meta":{"desktop":{"background-color":"var(--ast-global-color-4)","background-image":"","background-repeat":"repeat","background-position":"center center","background-size":"auto","background-attachment":"scroll","background-type":"","background-media":"","overlay-type":"","overlay-color":"","overlay-opacity":"","overlay-gradient":""},"tablet":{"background-color":"","background-image":"","background-repeat":"repeat","background-position":"center center","background-size":"auto","background-attachment":"scroll","background-type":"","background-media":"","overlay-type":"","overlay-color":"","overlay-opacity":"","overlay-gradient":""},"mobile":{"background-color":"","background-image":"","background-repeat":"repeat","background-position":"center center","background-size":"auto","background-attachment":"scroll","background-type":"","background-media":"","overlay-type":"","overlay-color":"","overlay-opacity":"","overlay-gradient":""}},"ast-content-background-meta":{"desktop":{"background-color":"var(--ast-global-color-5)","background-image":"","background-repeat":"repeat","background-position":"center center","background-size":"auto","background-attachment":"scroll","background-type":"","background-media":"","overlay-type":"","overlay-color":"","overlay-opacity":"","overlay-gradient":""},"tablet":{"background-color":"var(--ast-global-color-5)","background-image":"","background-repeat":"repeat","background-position":"center center","background-size":"auto","background-attachment":"scroll","background-type":"","background-media":"","overlay-type":"","overlay-color":"","overlay-opacity":"","overlay-gradient":""},"mobile":{"background-color":"var(--ast-global-color-5)","background-image":"","background-repeat":"repeat","background-position":"center center","background-size":"auto","background-attachment":"scroll","background-type":"","background-media":"","overlay-type":"","overlay-color":"","overlay-opacity":"","overlay-gradient":""}}},"product_brand":[99],"product_cat":[71],"product_tag":[],"class_list":{"0":"post-15838","1":"product","2":"type-product","3":"status-publish","4":"has-post-thumbnail","6":"product_brand-parkside","7":"product_cat-dilna-a-zahrada","8":"desktop-align-left","9":"tablet-align-left","10":"mobile-align-left","12":"first","13":"outofstock","14":"shipping-taxable","15":"purchasable","16":"product-type-simple"},"uagb_featured_image_src":{"full":["https:\/\/home-goods.cz\/wp-content\/uploads\/2024\/10\/gcp7fa108473eb74bbab65e0aee666bd415.jpeg",1500,1125,false],"thumbnail":["https:\/\/home-goods.cz\/wp-content\/uploads\/2024\/10\/gcp7fa108473eb74bbab65e0aee666bd415.jpeg",150,113,false],"medium":["https:\/\/home-goods.cz\/wp-content\/uploads\/2024\/10\/gcp7fa108473eb74bbab65e0aee666bd415.jpeg",400,300,false],"medium_large":["https:\/\/home-goods.cz\/wp-content\/uploads\/2024\/10\/gcp7fa108473eb74bbab65e0aee666bd415.jpeg",768,576,false],"large":["https:\/\/home-goods.cz\/wp-content\/uploads\/2024\/10\/gcp7fa108473eb74bbab65e0aee666bd415.jpeg",1067,800,false],"1536x1536":["https:\/\/home-goods.cz\/wp-content\/uploads\/2024\/10\/gcp7fa108473eb74bbab65e0aee666bd415.jpeg",1500,1125,false],"2048x2048":["https:\/\/home-goods.cz\/wp-content\/uploads\/2024\/10\/gcp7fa108473eb74bbab65e0aee666bd415.jpeg",1500,1125,false],"woocommerce_thumbnail":["https:\/\/home-goods.cz\/wp-content\/uploads\/2024\/10\/gcp7fa108473eb74bbab65e0aee666bd415-600x450.jpeg",600,450,true],"woocommerce_single":["https:\/\/home-goods.cz\/wp-content\/uploads\/2024\/10\/gcp7fa108473eb74bbab65e0aee666bd415-700x525.jpeg",700,525,true],"woocommerce_gallery_thumbnail":["https:\/\/home-goods.cz\/wp-content\/uploads\/2024\/10\/gcp7fa108473eb74bbab65e0aee666bd415-100x100.jpeg",100,100,true]},"uagb_author_info":{"display_name":"Nahorniuk Vladyslav","author_link":"https:\/\/home-goods.cz\/author\/"},"uagb_comment_info":0,"uagb_excerpt":"Jednoduch\u00e1 v\u00fdm\u011bna d\u00edky uchycen\u00ed na such\u00fd zip","_links":{"self":[{"href":"https:\/\/home-goods.cz\/wp-json\/wp\/v2\/product\/15838","targetHints":{"allow":["GET"]}}],"collection":[{"href":"https:\/\/home-goods.cz\/wp-json\/wp\/v2\/product"}],"about":[{"href":"https:\/\/home-goods.cz\/wp-json\/wp\/v2\/types\/product"}],"replies":[{"embeddable":true,"href":"https:\/\/home-goods.cz\/wp-json\/wp\/v2\/comments?post=15838"}],"wp:featuredmedia":[{"embeddable":true,"href":"https:\/\/home-goods.cz\/wp-json\/wp\/v2\/media\/15837"}],"wp:attachment":[{"href":"https:\/\/home-goods.cz\/wp-json\/wp\/v2\/media?parent=15838"}],"wp:term":[{"taxonomy":"product_brand","embeddable":true,"href":"https:\/\/home-goods.cz\/wp-json\/wp\/v2\/product_brand?post=15838"},{"taxonomy":"product_cat","embeddable":true,"href":"https:\/\/home-goods.cz\/wp-json\/wp\/v2\/product_cat?post=15838"},{"taxonomy":"product_tag","embeddable":true,"href":"https:\/\/home-goods.cz\/wp-json\/wp\/v2\/product_tag?post=15838"}],"curies":[{"name":"wp","href":"https:\/\/api.w.org\/{rel}","templated":true}]}}