{"id":15704,"date":"2024-10-11T14:26:54","date_gmt":"2024-10-11T12:26:54","guid":{"rendered":"https:\/\/home-goods.cz\/?product=zehlicka-na-vlasy-rhc-80"},"modified":"2024-10-11T14:27:07","modified_gmt":"2024-10-11T12:27:07","slug":"zehlicka-na-vlasy-rhc-80","status":"publish","type":"product","link":"https:\/\/home-goods.cz\/produkt\/zehlicka-na-vlasy-rhc-80\/","title":{"rendered":"\u017dehli\u010dka na vlasy RHC 80"},"content":{"rendered":"<p>\u017dehli\u010dka na vlasy RHC 80<br \/>\nPopis<br \/>\nFunkce trojit\u00e9 ionizace<br \/>\nVariabiln\u00ed nastaven\u00ed teploty (100\u2013200 \u00b0C)<br \/>\nPru\u017einov\u00e9, mimo\u0159\u00e1dn\u011b dlouh\u00e9 topn\u00e9 desky<br \/>\nAutomatick\u00e9 vyp\u00edn\u00e1n\u00ed<br \/>\nZ\u00e1mek desek<br \/>\nIndik\u00e1tor provozn\u00edho stavu<br \/>\nOto\u010dn\u00fd kloub o 360\u00b0<br \/>\nRychl\u00e9 zah\u0159\u00e1t\u00ed<br \/>\nZ\u00e1v\u011bsn\u00e9 poutko<br \/>\nMateri\u00e1l<br \/>\nKeramicko-turmal\u00ednov\u00e1 povrchov\u00e1 \u00faprava<br \/>\nTechnick\u00e9 \u00fadaje<br \/>\nP\u0159\u00edkon: 39 W<br \/>\nD\u00e9lka s\u00ed\u0165ov\u00e9ho kabelu: cca 180 cm<br \/>\nRozm\u011bry<br \/>\ncca 31 x 3,5 x 3,2 cm<br \/>\nHmotnost<br \/>\ncca 392 g<\/p>\n","protected":false},"excerpt":{"rendered":"<p>Automatick\u00e9 vyp\u00edn\u00e1n\u00ed | z\u00e1mek desek | indik\u00e1tor provozn\u00edho stavu    <\/p>\n","protected":false},"featured_media":15703,"comment_status":"open","ping_status":"closed","template":"","meta":{"_uag_custom_page_level_css":"","site-sidebar-layout":"default","site-content-layout":"","ast-site-content-layout":"","site-content-style":"default","site-sidebar-style":"default","ast-global-header-display":"","ast-banner-title-visibility":"","ast-main-header-display":"","ast-hfb-above-header-display":"","ast-hfb-below-header-display":"","ast-hfb-mobile-header-display":"","site-post-title":"","ast-breadcrumbs-content":"","ast-featured-img":"","footer-sml-layout":"","theme-transparent-header-meta":"","adv-header-id-meta":"","stick-header-meta":"","header-above-stick-meta":"","header-main-stick-meta":"","header-below-stick-meta":"","astra-migrate-meta-layouts":"default","ast-page-background-enabled":"default","ast-page-background-meta":{"desktop":{"background-color":"var(--ast-global-color-4)","background-image":"","background-repeat":"repeat","background-position":"center center","background-size":"auto","background-attachment":"scroll","background-type":"","background-media":"","overlay-type":"","overlay-color":"","overlay-opacity":"","overlay-gradient":""},"tablet":{"background-color":"","background-image":"","background-repeat":"repeat","background-position":"center center","background-size":"auto","background-attachment":"scroll","background-type":"","background-media":"","overlay-type":"","overlay-color":"","overlay-opacity":"","overlay-gradient":""},"mobile":{"background-color":"","background-image":"","background-repeat":"repeat","background-position":"center center","background-size":"auto","background-attachment":"scroll","background-type":"","background-media":"","overlay-type":"","overlay-color":"","overlay-opacity":"","overlay-gradient":""}},"ast-content-background-meta":{"desktop":{"background-color":"var(--ast-global-color-5)","background-image":"","background-repeat":"repeat","background-position":"center center","background-size":"auto","background-attachment":"scroll","background-type":"","background-media":"","overlay-type":"","overlay-color":"","overlay-opacity":"","overlay-gradient":""},"tablet":{"background-color":"var(--ast-global-color-5)","background-image":"","background-repeat":"repeat","background-position":"center center","background-size":"auto","background-attachment":"scroll","background-type":"","background-media":"","overlay-type":"","overlay-color":"","overlay-opacity":"","overlay-gradient":""},"mobile":{"background-color":"var(--ast-global-color-5)","background-image":"","background-repeat":"repeat","background-position":"center center","background-size":"auto","background-attachment":"scroll","background-type":"","background-media":"","overlay-type":"","overlay-color":"","overlay-opacity":"","overlay-gradient":""}}},"product_brand":[],"product_cat":[75],"product_tag":[],"class_list":{"0":"post-15704","1":"product","2":"type-product","3":"status-publish","4":"has-post-thumbnail","6":"product_cat-pece-o-telo-a-zdravi","7":"desktop-align-left","8":"tablet-align-left","9":"mobile-align-left","11":"first","12":"instock","13":"sale","14":"shipping-taxable","15":"purchasable","16":"product-type-simple"},"uagb_featured_image_src":{"full":["https:\/\/home-goods.cz\/wp-content\/uploads\/2024\/10\/gcpdca0ddab95444edcb45b8d87c8f07470.jpeg",1500,1125,false],"thumbnail":["https:\/\/home-goods.cz\/wp-content\/uploads\/2024\/10\/gcpdca0ddab95444edcb45b8d87c8f07470.jpeg",150,113,false],"medium":["https:\/\/home-goods.cz\/wp-content\/uploads\/2024\/10\/gcpdca0ddab95444edcb45b8d87c8f07470.jpeg",400,300,false],"medium_large":["https:\/\/home-goods.cz\/wp-content\/uploads\/2024\/10\/gcpdca0ddab95444edcb45b8d87c8f07470.jpeg",768,576,false],"large":["https:\/\/home-goods.cz\/wp-content\/uploads\/2024\/10\/gcpdca0ddab95444edcb45b8d87c8f07470.jpeg",1067,800,false],"1536x1536":["https:\/\/home-goods.cz\/wp-content\/uploads\/2024\/10\/gcpdca0ddab95444edcb45b8d87c8f07470.jpeg",1500,1125,false],"2048x2048":["https:\/\/home-goods.cz\/wp-content\/uploads\/2024\/10\/gcpdca0ddab95444edcb45b8d87c8f07470.jpeg",1500,1125,false],"woocommerce_thumbnail":["https:\/\/home-goods.cz\/wp-content\/uploads\/2024\/10\/gcpdca0ddab95444edcb45b8d87c8f07470-600x450.jpeg",600,450,true],"woocommerce_single":["https:\/\/home-goods.cz\/wp-content\/uploads\/2024\/10\/gcpdca0ddab95444edcb45b8d87c8f07470-700x525.jpeg",700,525,true],"woocommerce_gallery_thumbnail":["https:\/\/home-goods.cz\/wp-content\/uploads\/2024\/10\/gcpdca0ddab95444edcb45b8d87c8f07470-100x100.jpeg",100,100,true]},"uagb_author_info":{"display_name":"Nahorniuk Vladyslav","author_link":"https:\/\/home-goods.cz\/author\/"},"uagb_comment_info":0,"uagb_excerpt":"Automatick\u00e9 vyp\u00edn\u00e1n\u00ed | z\u00e1mek desek | indik\u00e1tor provozn\u00edho stavu","_links":{"self":[{"href":"https:\/\/home-goods.cz\/wp-json\/wp\/v2\/product\/15704","targetHints":{"allow":["GET"]}}],"collection":[{"href":"https:\/\/home-goods.cz\/wp-json\/wp\/v2\/product"}],"about":[{"href":"https:\/\/home-goods.cz\/wp-json\/wp\/v2\/types\/product"}],"replies":[{"embeddable":true,"href":"https:\/\/home-goods.cz\/wp-json\/wp\/v2\/comments?post=15704"}],"wp:featuredmedia":[{"embeddable":true,"href":"https:\/\/home-goods.cz\/wp-json\/wp\/v2\/media\/15703"}],"wp:attachment":[{"href":"https:\/\/home-goods.cz\/wp-json\/wp\/v2\/media?parent=15704"}],"wp:term":[{"taxonomy":"product_brand","embeddable":true,"href":"https:\/\/home-goods.cz\/wp-json\/wp\/v2\/product_brand?post=15704"},{"taxonomy":"product_cat","embeddable":true,"href":"https:\/\/home-goods.cz\/wp-json\/wp\/v2\/product_cat?post=15704"},{"taxonomy":"product_tag","embeddable":true,"href":"https:\/\/home-goods.cz\/wp-json\/wp\/v2\/product_tag?post=15704"}],"curies":[{"name":"wp","href":"https:\/\/api.w.org\/{rel}","templated":true}]}}